{"id":8275,"date":"2020-06-18T17:39:40","date_gmt":"2020-06-18T22:39:40","guid":{"rendered":"https:\/\/www.ask-a-muslim.com\/jesus-friede-sei-auf-ihm-im-islam\/"},"modified":"2020-06-18T17:39:40","modified_gmt":"2020-06-18T22:39:40","slug":"jesus-friede-sei-auf-ihm-im-islam","status":"publish","type":"page","link":"https:\/\/www.ask-a-muslim.com\/de\/jesus-friede-sei-auf-ihm-im-islam\/","title":{"rendered":"JESUS, FRIEDE SEI AUF IHM, IM ISLAM"},"content":{"rendered":"<p>[et_pb_section bb_built=&#8220;1&#8243; admin_label=&#8220;section&#8220;][et_pb_row admin_label=&#8220;Row&#8220;][et_pb_column type=&#8220;4_4&#8243;][et_pb_text admin_label=&#8220;Text&#8220; background_layout=&#8220;light&#8220; text_orientation=&#8220;center&#8220; use_border_color=&#8220;off&#8220; border_color=&#8220;#ffffff&#8220; border_style=&#8220;solid&#8220;]<\/p>\n<h1 style=\"text-align: center;\"><strong>JESUS, FRIEDE SEI AUF IHM, IM ISLAM<\/strong><\/h1>\n<p>[\/et_pb_text][\/et_pb_column][\/et_pb_row][et_pb_row admin_label=&#8220;row&#8220;][et_pb_column type=&#8220;4_4&#8243;][et_pb_blog admin_label=&#8220;Blog&#8220; fullwidth=&#8220;off&#8220; show_thumbnail=&#8220;on&#8220; show_content=&#8220;off&#8220; show_more=&#8220;on&#8220; show_author=&#8220;off&#8220; show_date=&#8220;off&#8220; show_categories=&#8220;off&#8220; show_comments=&#8220;off&#8220; show_pagination=&#8220;on&#8220; offset_number=&#8220;0&#8243; use_overlay=&#8220;on&#8220; background_layout=&#8220;light&#8220; use_dropshadow=&#8220;off&#8220; use_border_color=&#8220;off&#8220; border_color=&#8220;#ffffff&#8220; border_style=&#8220;solid&#8220; overlay_icon_color=&#8220;#eaeaea&#8220; hover_overlay_color=&#8220;rgba(51,191,32,0.69)&#8220; hover_icon=&#8220;%%254%%&#8220; posts_number=&#8220;12&#8243; body_font_size_last_edited=&#8220;off|desktop&#8220; body_font_size=&#8220;12&#8243; meta_font_size=&#8220;12&#8243; include_categories=&#8220;109&#8243;]<br \/>\n[\/et_pb_blog][\/et_pb_column][\/et_pb_row][\/et_pb_section]<\/p>\n","protected":false},"excerpt":{"rendered":"<p>[et_pb_section bb_built=&#8220;1&#8243; admin_label=&#8220;section&#8220;][et_pb_row admin_label=&#8220;Row&#8220;][et_pb_column type=&#8220;4_4&#8243;][et_pb_text admin_label=&#8220;Text&#8220; background_layout=&#8220;light&#8220; text_orientation=&#8220;center&#8220; use_border_color=&#8220;off&#8220; border_color=&#8220;#ffffff&#8220; border_style=&#8220;solid&#8220;] JESUS, FRIEDE SEI AUF IHM, IM ISLAM [\/et_pb_text][\/et_pb_column][\/et_pb_row][et_pb_row admin_label=&#8220;row&#8220;][et_pb_column type=&#8220;4_4&#8243;][et_pb_blog admin_label=&#8220;Blog&#8220; fullwidth=&#8220;off&#8220; show_thumbnail=&#8220;on&#8220; show_content=&#8220;off&#8220; show_more=&#8220;on&#8220; show_author=&#8220;off&#8220; show_date=&#8220;off&#8220; show_categories=&#8220;off&#8220; show_comments=&#8220;off&#8220; show_pagination=&#8220;on&#8220; offset_number=&#8220;0&#8243; use_overlay=&#8220;on&#8220; background_layout=&#8220;light&#8220; use_dropshadow=&#8220;off&#8220; use_border_color=&#8220;off&#8220; border_color=&#8220;#ffffff&#8220; border_style=&#8220;solid&#8220; overlay_icon_color=&#8220;#eaeaea&#8220; hover_overlay_color=&#8220;rgba(51,191,32,0.69)&#8220; hover_icon=&#8220;%%254%%&#8220; posts_number=&#8220;12&#8243; body_font_size_last_edited=&#8220;off|desktop&#8220; body_font_size=&#8220;12&#8243; meta_font_size=&#8220;12&#8243; include_categories=&#8220;109&#8243;] [\/et_pb_blog][\/et_pb_column][\/et_pb_row][\/et_pb_section]<\/p>\n","protected":false},"author":7,"featured_media":0,"parent":0,"menu_order":0,"comment_status":"closed","ping_status":"closed","template":"","meta":{"_uag_custom_page_level_css":"","_monsterinsights_skip_tracking":false,"_monsterinsights_sitenote_active":false,"_monsterinsights_sitenote_note":"","_monsterinsights_sitenote_category":0,"jetpack_post_was_ever_published":false,"footnotes":""},"class_list":["post-8275","page","type-page","status-publish"],"uagb_featured_image_src":{"full":false,"thumbnail":false,"medium":false,"medium_large":false,"large":false,"1536x1536":false,"2048x2048":false,"gform-image-choice-sm":false,"gform-image-choice-md":false,"gform-image-choice-lg":false},"uagb_author_info":{"display_name":"Site Admin","author_link":"https:\/\/www.ask-a-muslim.com\/de\/author\/admin2\/"},"uagb_comment_info":0,"uagb_excerpt":"[et_pb_section bb_built=&#8220;1&#8243; admin_label=&#8220;section&#8220;][et_pb_row admin_label=&#8220;Row&#8220;][et_pb_column type=&#8220;4_4&#8243;][et_pb_text admin_label=&#8220;Text&#8220; background_layout=&#8220;light&#8220; text_orientation=&#8220;center&#8220; use_border_color=&#8220;off&#8220; border_color=&#8220;#ffffff&#8220; border_style=&#8220;solid&#8220;] JESUS, FRIEDE SEI AUF IHM, IM ISLAM [\/et_pb_text][\/et_pb_column][\/et_pb_row][et_pb_row admin_label=&#8220;row&#8220;][et_pb_column type=&#8220;4_4&#8243;][et_pb_blog admin_label=&#8220;Blog&#8220; fullwidth=&#8220;off&#8220; show_thumbnail=&#8220;on&#8220; show_content=&#8220;off&#8220; show_more=&#8220;on&#8220; show_author=&#8220;off&#8220; show_date=&#8220;off&#8220; show_categories=&#8220;off&#8220; show_comments=&#8220;off&#8220; show_pagination=&#8220;on&#8220; offset_number=&#8220;0&#8243; use_overlay=&#8220;on&#8220; background_layout=&#8220;light&#8220; use_dropshadow=&#8220;off&#8220; use_border_color=&#8220;off&#8220; border_color=&#8220;#ffffff&#8220; border_style=&#8220;solid&#8220; overlay_icon_color=&#8220;#eaeaea&#8220; hover_overlay_color=&#8220;rgba(51,191,32,0.69)&#8220; hover_icon=&#8220;%%254%%&#8220; posts_number=&#8220;12&#8243; body_font_size_last_edited=&#8220;off|desktop&#8220; body_font_size=&#8220;12&#8243; meta_font_size=&#8220;12&#8243; include_categories=&#8220;109&#8243;] [\/et_pb_blog][\/et_pb_column][\/et_pb_row][\/et_pb_section]","jetpack_sharing_enabled":true,"jetpack_shortlink":"https:\/\/wp.me\/PcT0IL-29t","jetpack-related-posts":[{"id":8285,"url":"https:\/\/www.ask-a-muslim.com\/de\/einfuhrung-in-den-islam\/muhammad-friede-sei-auf-ihm\/","url_meta":{"origin":8275,"position":0},"title":"MUHAMMAD, FRIEDE SEI AUF IHM","author":"Site Admin","date":"18. Juni 2020","format":false,"excerpt":"[et_pb_section bb_built=\"1\" admin_label=\"section\"][et_pb_row admin_label=\"Row\"][et_pb_column type=\"4_4\"][et_pb_text admin_label=\"Text\" background_layout=\"light\" text_orientation=\"center\" use_border_color=\"off\" border_color=\"#ffffff\" border_style=\"solid\"]MUHAMMAD, FRIEDE SEI AUF IHM[\/et_pb_text][\/et_pb_column][\/et_pb_row][et_pb_row admin_label=\"row\"][et_pb_column type=\"4_4\"][et_pb_blog admin_label=\"Blog\" fullwidth=\"off\" show_thumbnail=\"on\" show_content=\"off\" show_more=\"on\" show_author=\"off\" show_date=\"off\" show_categories=\"off\" show_comments=\"off\" show_pagination=\"on\" offset_number=\"0\" use_overlay=\"on\" background_layout=\"light\" use_dropshadow=\"off\" use_border_color=\"off\" border_color=\"#ffffff\" border_style=\"solid\" overlay_icon_color=\"#eaeaea\" hover_overlay_color=\"rgba(51,191,32,0.69)\" hover_icon=\"%%254%%\" posts_number=\"12\" body_font_size_last_edited=\"off|desktop\" body_font_size=\"12\" meta_font_size=\"12\" include_categories=\"108\"] [\/et_pb_blog][\/et_pb_column][\/et_pb_row][\/et_pb_section]","rel":"","context":"\u00c4hnlicher Beitrag","block_context":{"text":"\u00c4hnlicher Beitrag","link":""},"img":{"alt_text":"","src":"","width":0,"height":0},"classes":[]},{"id":2600,"url":"https:\/\/www.ask-a-muslim.com\/en\/new-blog-post\/","url_meta":{"origin":8275,"position":1},"title":"New Blog Post","author":"Site Admin","date":"19. M\u00e4rz 2018","format":false,"excerpt":"[et_pb_section bb_built=\"1\" admin_label=\"section\"][et_pb_row admin_label=\"row\"][et_pb_column type=\"2_3\"][et_pb_blog admin_label=\"Blog\" fullwidth=\"off\" posts_number=\"12\" show_thumbnail=\"on\" show_content=\"off\" show_more=\"on\" show_author=\"on\" show_date=\"on\" show_categories=\"on\" show_comments=\"on\" show_pagination=\"on\" offset_number=\"3\" use_overlay=\"off\" background_layout=\"light\" use_dropshadow=\"on\" use_border_color=\"off\" border_color=\"#ffffff\" border_style=\"solid\" header_font=\"|on|||\" meta_font=\"||on||\" meta_font_size=\"10\" meta_line_height=\"1.5em\" body_font_size=\"12\" body_line_height=\"1.5em\"] [\/et_pb_blog][\/et_pb_column][et_pb_column type=\"1_3\"][et_pb_sidebar admin_label=\"Sidebar\" orientation=\"left\" area=\"sidebar-1\" background_layout=\"light\" remove_border=\"off\" \/][\/et_pb_column][\/et_pb_row][\/et_pb_section]","rel":"","context":"\u00c4hnlicher Beitrag","block_context":{"text":"\u00c4hnlicher Beitrag","link":""},"img":{"alt_text":"","src":"","width":0,"height":0},"classes":[]},{"id":1075,"url":"https:\/\/www.ask-a-muslim.com\/en\/what-muslim-believe-es\/","url_meta":{"origin":8275,"position":2},"title":"What Do Muslims Believe? ES","author":"ASKM","date":"6. Oktober 2015","format":false,"excerpt":"Testimonio de fe para los Musulmanes El mensaje fundamental del Islam es simple: Adorar solamente a Alah (palabra \u00e1rabe que significa Dios). El Cor\u00e1n (la escritura revelada del Islam) declara: \u201cDI: \u201c\u00c9l es el \u00danico Dios: \u201cDios, el Eterno, la Causa Primera de Todo Cuanto Existe. No engendra, ni ha\u2026","rel":"","context":"\u00c4hnlicher Beitrag","block_context":{"text":"\u00c4hnlicher Beitrag","link":""},"img":{"alt_text":"","src":"","width":0,"height":0},"classes":[]},{"id":1052,"url":"https:\/\/www.ask-a-muslim.com\/en\/muhammad-que-la-paz-sea-sobre-el-el-ultimo-profeta-de-dios\/","url_meta":{"origin":8275,"position":3},"title":"Muhammad (que la paz sea sobre \u00e9l): El \u00daltimo Profeta De Dios","author":"ASKM","date":"6. Oktober 2015","format":false,"excerpt":"Muhammad, el \u00faltimo Profeta del Islam, es ampliamente considerado como uno de los hombre m\u00e1s influyentes de la historia. Hoy d\u00eda, casi un cuarto de la poblaci\u00f3n mundial sigue el mensaje que \u00e9l comparti\u00f3. A pesar de la influencia duradera de Muhammad, muchos conceptos err\u00f3neos contin\u00faan a alrededor de su\u2026","rel":"","context":"\u00c4hnlicher Beitrag","block_context":{"text":"\u00c4hnlicher Beitrag","link":""},"img":{"alt_text":"","src":"","width":0,"height":0},"classes":[]}],"_links":{"self":[{"href":"https:\/\/www.ask-a-muslim.com\/de\/wp-json\/wp\/v2\/pages\/8275","targetHints":{"allow":["GET"]}}],"collection":[{"href":"https:\/\/www.ask-a-muslim.com\/de\/wp-json\/wp\/v2\/pages"}],"about":[{"href":"https:\/\/www.ask-a-muslim.com\/de\/wp-json\/wp\/v2\/types\/page"}],"author":[{"embeddable":true,"href":"https:\/\/www.ask-a-muslim.com\/de\/wp-json\/wp\/v2\/users\/7"}],"replies":[{"embeddable":true,"href":"https:\/\/www.ask-a-muslim.com\/de\/wp-json\/wp\/v2\/comments?post=8275"}],"version-history":[{"count":1,"href":"https:\/\/www.ask-a-muslim.com\/de\/wp-json\/wp\/v2\/pages\/8275\/revisions"}],"predecessor-version":[{"id":8276,"href":"https:\/\/www.ask-a-muslim.com\/de\/wp-json\/wp\/v2\/pages\/8275\/revisions\/8276"}],"wp:attachment":[{"href":"https:\/\/www.ask-a-muslim.com\/de\/wp-json\/wp\/v2\/media?parent=8275"}],"curies":[{"name":"wp","href":"https:\/\/api.w.org\/{rel}","templated":true}]}}