{"id":8287,"date":"2020-06-18T17:43:19","date_gmt":"2020-06-18T22:43:19","guid":{"rendered":"https:\/\/www.ask-a-muslim.com\/der-sinn-des-lebens\/"},"modified":"2020-06-18T17:43:19","modified_gmt":"2020-06-18T22:43:19","slug":"der-sinn-des-lebens","status":"publish","type":"page","link":"https:\/\/www.ask-a-muslim.com\/de\/der-sinn-des-lebens\/","title":{"rendered":"DER SINN DES LEBENS"},"content":{"rendered":"<p>[et_pb_section bb_built=&#8220;1&#8243; admin_label=&#8220;section&#8220;][et_pb_row admin_label=&#8220;Row&#8220;][et_pb_column type=&#8220;4_4&#8243;][et_pb_text admin_label=&#8220;Text&#8220; background_layout=&#8220;light&#8220; text_orientation=&#8220;center&#8220; use_border_color=&#8220;off&#8220; border_color=&#8220;#ffffff&#8220; border_style=&#8220;solid&#8220;]<\/p>\n<h1 style=\"text-align: center;\"><strong>DER SINN DES LEBENS<\/strong><\/h1>\n<p>[\/et_pb_text][\/et_pb_column][\/et_pb_row][et_pb_row admin_label=&#8220;row&#8220;][et_pb_column type=&#8220;4_4&#8243;][et_pb_blog admin_label=&#8220;Blog&#8220; fullwidth=&#8220;off&#8220; show_thumbnail=&#8220;on&#8220; show_content=&#8220;off&#8220; show_more=&#8220;on&#8220; show_author=&#8220;off&#8220; show_date=&#8220;off&#8220; show_categories=&#8220;off&#8220; show_comments=&#8220;off&#8220; show_pagination=&#8220;on&#8220; offset_number=&#8220;0&#8243; use_overlay=&#8220;on&#8220; background_layout=&#8220;light&#8220; use_dropshadow=&#8220;off&#8220; use_border_color=&#8220;off&#8220; border_color=&#8220;#ffffff&#8220; border_style=&#8220;solid&#8220; overlay_icon_color=&#8220;#eaeaea&#8220; hover_overlay_color=&#8220;rgba(51,191,32,0.69)&#8220; hover_icon=&#8220;%%254%%&#8220; posts_number=&#8220;12&#8243; body_font_size_last_edited=&#8220;off|desktop&#8220; body_font_size=&#8220;12&#8243; meta_font_size=&#8220;12&#8243; include_categories=&#8220;116&#8243;]<br \/>\n[\/et_pb_blog][\/et_pb_column][\/et_pb_row][\/et_pb_section]<\/p>\n","protected":false},"excerpt":{"rendered":"<p>[et_pb_section bb_built=&#8220;1&#8243; admin_label=&#8220;section&#8220;][et_pb_row admin_label=&#8220;Row&#8220;][et_pb_column type=&#8220;4_4&#8243;][et_pb_text admin_label=&#8220;Text&#8220; background_layout=&#8220;light&#8220; text_orientation=&#8220;center&#8220; use_border_color=&#8220;off&#8220; border_color=&#8220;#ffffff&#8220; border_style=&#8220;solid&#8220;] DER SINN DES LEBENS [\/et_pb_text][\/et_pb_column][\/et_pb_row][et_pb_row admin_label=&#8220;row&#8220;][et_pb_column type=&#8220;4_4&#8243;][et_pb_blog admin_label=&#8220;Blog&#8220; fullwidth=&#8220;off&#8220; show_thumbnail=&#8220;on&#8220; show_content=&#8220;off&#8220; show_more=&#8220;on&#8220; show_author=&#8220;off&#8220; show_date=&#8220;off&#8220; show_categories=&#8220;off&#8220; show_comments=&#8220;off&#8220; show_pagination=&#8220;on&#8220; offset_number=&#8220;0&#8243; use_overlay=&#8220;on&#8220; background_layout=&#8220;light&#8220; use_dropshadow=&#8220;off&#8220; use_border_color=&#8220;off&#8220; border_color=&#8220;#ffffff&#8220; border_style=&#8220;solid&#8220; overlay_icon_color=&#8220;#eaeaea&#8220; hover_overlay_color=&#8220;rgba(51,191,32,0.69)&#8220; hover_icon=&#8220;%%254%%&#8220; posts_number=&#8220;12&#8243; body_font_size_last_edited=&#8220;off|desktop&#8220; body_font_size=&#8220;12&#8243; meta_font_size=&#8220;12&#8243; include_categories=&#8220;116&#8243;] [\/et_pb_blog][\/et_pb_column][\/et_pb_row][\/et_pb_section]<\/p>\n","protected":false},"author":7,"featured_media":0,"parent":0,"menu_order":0,"comment_status":"closed","ping_status":"closed","template":"","meta":{"_uag_custom_page_level_css":"","_monsterinsights_skip_tracking":false,"_monsterinsights_sitenote_active":false,"_monsterinsights_sitenote_note":"","_monsterinsights_sitenote_category":0,"jetpack_post_was_ever_published":false,"footnotes":""},"class_list":["post-8287","page","type-page","status-publish"],"uagb_featured_image_src":{"full":false,"thumbnail":false,"medium":false,"medium_large":false,"large":false,"1536x1536":false,"2048x2048":false,"gform-image-choice-sm":false,"gform-image-choice-md":false,"gform-image-choice-lg":false},"uagb_author_info":{"display_name":"Site Admin","author_link":"https:\/\/www.ask-a-muslim.com\/de\/author\/admin2\/"},"uagb_comment_info":0,"uagb_excerpt":"[et_pb_section bb_built=&#8220;1&#8243; admin_label=&#8220;section&#8220;][et_pb_row admin_label=&#8220;Row&#8220;][et_pb_column type=&#8220;4_4&#8243;][et_pb_text admin_label=&#8220;Text&#8220; background_layout=&#8220;light&#8220; text_orientation=&#8220;center&#8220; use_border_color=&#8220;off&#8220; border_color=&#8220;#ffffff&#8220; border_style=&#8220;solid&#8220;] DER SINN DES LEBENS [\/et_pb_text][\/et_pb_column][\/et_pb_row][et_pb_row admin_label=&#8220;row&#8220;][et_pb_column type=&#8220;4_4&#8243;][et_pb_blog admin_label=&#8220;Blog&#8220; fullwidth=&#8220;off&#8220; show_thumbnail=&#8220;on&#8220; show_content=&#8220;off&#8220; show_more=&#8220;on&#8220; show_author=&#8220;off&#8220; show_date=&#8220;off&#8220; show_categories=&#8220;off&#8220; show_comments=&#8220;off&#8220; show_pagination=&#8220;on&#8220; offset_number=&#8220;0&#8243; use_overlay=&#8220;on&#8220; background_layout=&#8220;light&#8220; use_dropshadow=&#8220;off&#8220; use_border_color=&#8220;off&#8220; border_color=&#8220;#ffffff&#8220; border_style=&#8220;solid&#8220; overlay_icon_color=&#8220;#eaeaea&#8220; hover_overlay_color=&#8220;rgba(51,191,32,0.69)&#8220; hover_icon=&#8220;%%254%%&#8220; posts_number=&#8220;12&#8243; body_font_size_last_edited=&#8220;off|desktop&#8220; body_font_size=&#8220;12&#8243; meta_font_size=&#8220;12&#8243; include_categories=&#8220;116&#8243;] [\/et_pb_blog][\/et_pb_column][\/et_pb_row][\/et_pb_section]","jetpack_sharing_enabled":true,"jetpack_shortlink":"https:\/\/wp.me\/PcT0IL-29F","jetpack-related-posts":[{"id":2600,"url":"https:\/\/www.ask-a-muslim.com\/en\/new-blog-post\/","url_meta":{"origin":8287,"position":0},"title":"New Blog Post","author":"Site Admin","date":"19. M\u00e4rz 2018","format":false,"excerpt":"[et_pb_section bb_built=\"1\" admin_label=\"section\"][et_pb_row admin_label=\"row\"][et_pb_column type=\"2_3\"][et_pb_blog admin_label=\"Blog\" fullwidth=\"off\" posts_number=\"12\" show_thumbnail=\"on\" show_content=\"off\" show_more=\"on\" show_author=\"on\" show_date=\"on\" show_categories=\"on\" show_comments=\"on\" show_pagination=\"on\" offset_number=\"3\" use_overlay=\"off\" background_layout=\"light\" use_dropshadow=\"on\" use_border_color=\"off\" border_color=\"#ffffff\" border_style=\"solid\" header_font=\"|on|||\" meta_font=\"||on||\" meta_font_size=\"10\" meta_line_height=\"1.5em\" body_font_size=\"12\" body_line_height=\"1.5em\"] [\/et_pb_blog][\/et_pb_column][et_pb_column type=\"1_3\"][et_pb_sidebar admin_label=\"Sidebar\" orientation=\"left\" area=\"sidebar-1\" background_layout=\"light\" remove_border=\"off\" \/][\/et_pb_column][\/et_pb_row][\/et_pb_section]","rel":"","context":"\u00c4hnlicher Beitrag","block_context":{"text":"\u00c4hnlicher Beitrag","link":""},"img":{"alt_text":"","src":"","width":0,"height":0},"classes":[]},{"id":5553,"url":"https:\/\/www.ask-a-muslim.com\/fr\/page-daccueil-1\/","url_meta":{"origin":8287,"position":1},"title":"Page d\u2019accueil 1","author":"Site Admin","date":"31. Oktober 2019","format":false,"excerpt":"[et_pb_section bb_built=\"1\" admin_label=\"Section\" background_image=\"https:\/\/ask-a-muslim.com\/wp-content\/uploads\/2017\/05\/bg-slider.jpg\" inner_shadow=\"on\" fullwidth=\"on\"][et_pb_fullwidth_slider admin_label=\"Fullwidth Slider\" auto=\"on\" auto_speed=\"5000\" header_font=\"Comfortaa|||on|\" header_font_size=\"31px\" header_text_color=\"#ffffff\" header_line_height=\"1.1em\" body_font=\"Comfortaa||||\"] [et_pb_slide heading=\"\u00bfQU\u00c9 ES EL ISLAM?\" button_text=\"LEARN MORE\" button_link=\"https:\/\/ask-a-muslim.com\/what-is-islam\/\" background_image=\"https:\/\/ask-a-muslim.com\/wp-content\/uploads\/2017\/05\/bg-slider.jpg\" background_position=\"top_center\" background_size=\"cover\" image=\"https:\/\/ask-a-muslim.com\/wp-content\/uploads\/2017\/06\/five-pillars-of-Islam.jpg\" use_bg_overlay=\"on\" bg_overlay_color=\"rgba(0,81,17,0.82)\" use_text_overlay=\"off\" header_font=\"||||\" body_font=\"||||\" custom_button=\"on\" button_bg_color=\"#e09900\" button_font=\"||||\" button_use_icon=\"default\" button_icon_placement=\"right\" button_on_hover=\"on\" custom_css_slide_title=\"text-align:left;\" custom_css_slide_container=\"text-align:left;\" custom_css_slide_description=\"text-align:left;\" custom_css_slide_button=\"text-align:left;\"]Aprenda m\u00e1s sobre la religi\u00f3n de m\u00e1s r\u00e1pido crecimiento\u2026","rel":"","context":"\u00c4hnlicher Beitrag","block_context":{"text":"\u00c4hnlicher Beitrag","link":""},"img":{"alt_text":"","src":"","width":0,"height":0},"classes":[]},{"id":7182,"url":"https:\/\/www.ask-a-muslim.com\/de\/","url_meta":{"origin":8287,"position":2},"title":"Zuhause","author":"Site Admin","date":"11. Juni 2020","format":false,"excerpt":"LERNEN SIE DEN ISLAM DIREKT VON EINEM MUSLIM EMPFOHLENER ARTIKEL BEREIT, MUSLIM ZU WERDEN?Muslim zu werden ist ein einfacher und einfacher Prozess. Alles, was eine Person tun muss, ist einen Satz zu sagen, der als Zeugnis des Glaubens (Shahada) bezeichnet wird. Sobald eine Person das Zeugnis des Glaubens (Shahada) mit\u2026","rel":"","context":"\u00c4hnlicher Beitrag","block_context":{"text":"\u00c4hnlicher Beitrag","link":""},"img":{"alt_text":"","src":"","width":0,"height":0},"classes":[]},{"id":1146,"url":"https:\/\/www.ask-a-muslim.com\/en\/inicio\/","url_meta":{"origin":8287,"position":3},"title":"INICIO","author":"ASKM","date":"6. Oktober 2015","format":false,"excerpt":"[vc_row no_margin=\"true\" padding_top=\"0\" padding_bottom=\"0\" border=\"none\"][vc_column width=\"1\/1\"][gap size=\"1.313em\"][\/vc_column][\/vc_row][vc_row][vc_column width=\"1\/1\"][rev_slider_vc alias=\"hp-slider-es\"][\/vc_column][\/vc_row][vc_row no_margin=\"true\" inner_container=\"true\" bg_color=\"#fff\" border=\"vertical\"][vc_column width=\"1\/1\"][custom_headline class=\"resp-h mvn\" type=\"center\" level=\"h2\" accent=\"true\" looks_like=\"h1\"]Art\u00edculos Destacados[\/custom_headline][gap size=\"1.5em\"][recent_posts type=\"post\" count=\"4\" orientation=\"horizontal\" category=\"featured-2\"][\/vc_column][\/vc_row][vc_row no_margin=\"true\" inner_container=\"true\" border=\"none\" parallax=\"true\" padding_top=\"0px\" padding_bottom=\"0px\" bg_color=\"#272727\"][vc_column width=\"1\/2\"][gap size=\"1.313em\"][image type=\"none\" float=\"none\" info=\"none\" info_place=\"top\" info_trigger=\"hover\" src=\"367\"][\/vc_column][vc_column width=\"1\/2\"][gap size=\"1.313em\"][text_output] leido y memorizado por millones. Vealo por\u2026","rel":"","context":"\u00c4hnlicher Beitrag","block_context":{"text":"\u00c4hnlicher Beitrag","link":""},"img":{"alt_text":"","src":"","width":0,"height":0},"classes":[]}],"_links":{"self":[{"href":"https:\/\/www.ask-a-muslim.com\/de\/wp-json\/wp\/v2\/pages\/8287","targetHints":{"allow":["GET"]}}],"collection":[{"href":"https:\/\/www.ask-a-muslim.com\/de\/wp-json\/wp\/v2\/pages"}],"about":[{"href":"https:\/\/www.ask-a-muslim.com\/de\/wp-json\/wp\/v2\/types\/page"}],"author":[{"embeddable":true,"href":"https:\/\/www.ask-a-muslim.com\/de\/wp-json\/wp\/v2\/users\/7"}],"replies":[{"embeddable":true,"href":"https:\/\/www.ask-a-muslim.com\/de\/wp-json\/wp\/v2\/comments?post=8287"}],"version-history":[{"count":1,"href":"https:\/\/www.ask-a-muslim.com\/de\/wp-json\/wp\/v2\/pages\/8287\/revisions"}],"predecessor-version":[{"id":8288,"href":"https:\/\/www.ask-a-muslim.com\/de\/wp-json\/wp\/v2\/pages\/8287\/revisions\/8288"}],"wp:attachment":[{"href":"https:\/\/www.ask-a-muslim.com\/de\/wp-json\/wp\/v2\/media?parent=8287"}],"curies":[{"name":"wp","href":"https:\/\/api.w.org\/{rel}","templated":true}]}}