{"id":1055,"date":"2015-10-06T06:25:10","date_gmt":"2015-10-06T06:25:10","guid":{"rendered":"http:\/\/www.ask-a-muslim.com\/?page_id=1055"},"modified":"2021-02-24T20:05:59","modified_gmt":"2021-02-25T01:05:59","slug":"muhammad-en-la-biblia","status":"publish","type":"page","link":"https:\/\/www.ask-a-muslim.com\/en\/muhammad-en-la-biblia\/","title":{"rendered":"\u00ad\u00adMuhammad en la Biblia"},"content":{"rendered":"<p><span style=\"font-weight: 400;\">En este art\u00edculo, descubrir\u00e1s c\u00f3mo el Antiguo y Nuevo Testamento contienen numerosos vers\u00edculos que describen la llegada de un nuevo Profeta. Adem\u00e1s, vers\u00edculos de la Biblia misma que claramente nos mostrar\u00e1 que Muhammad (la paz sea con \u00e9l) es ese profeta.<\/span><\/p>\n<p><span style=\"font-weight: 400;\">JUAN EL BAUTISTA Y LOS SACERDOTES<\/span><\/p>\n<p><span style=\"font-weight: 400;\">Seg\u00fan el Nuevo Testamento los jud\u00edos no eran de los que se tragaban las palabras de cualquier supuesto Mes\u00edas. En sus investigaciones pasaron por intensas dificultades para encontrar su verdadero Mes\u00edas. Y esto es lo que el Evangelio de Juan confirma: \u201cY \u00c9STE ES EL TESTIMONIO DE JUAN\u201d (el Bautista) \u201cCUANDO LOS JUD\u00cdOS ENVIARON DE JERUSAL\u00c9N SACERDOTES Y LEVITAS, A PREGUNTARLE: \u00bfT\u00da, QUI\u00c9N ERES? Y CONFES\u00d3, Y NO NEG\u00d3; SINO CONFES\u00d3: YO NO SOY EL CRISTO\u201d. (Esto era inherente porque no puede haber dos Mes\u00edas a la vez. \u00a1Si Jes\u00fas era el Cristo entonces Juan no pod\u00eda ser el Cristo!) \u201cY LE PREGUNTARON: \u00bfQU\u00c9, PUES? \u00bfERES T\u00da EL\u00cdAS? Y DIJO: NO SOY\u201d. (\u00a1Aqu\u00ed Juan el Bautista contradice a Jes\u00fas! Jes\u00fas dice que Juan es \u201cEl\u00edas\u201d y Juan niega lo que Jes\u00fas le atribuye ser. \u00a1Uno de los DOS (Jes\u00fas o Juan), Dios no lo permita, no est\u00e1 diciendo la VERDAD!<\/span><\/p>\n<p><span style=\"font-weight: 400;\">Los jud\u00edos estaban esperando el cumplimiento de TRES distintas profec\u00edas: UNA, la llegada de CRISTO. DOS, la llegada de EL\u00cdAS. TRES, la llegada del PROFETA.<\/span><\/p>\n<p><span style=\"font-weight: 400;\">\u00bfQui\u00e9n es &#8216;el Profeta&#8217; al que se est\u00e1n refiriendo aqu\u00ed? Esto no puede ser una referencia a Jes\u00fas pues \u00e9l es el Cristo.<\/span><\/p>\n<p><span style=\"font-weight: 400;\">Si miramos bien en cualquier Biblia que tenga concordancias o referencias cruzadas,<\/span><\/p>\n<p><span style=\"font-weight: 400;\">entonces encontraremos en la nota al margen que las palabras \u201cel Profeta\u201d dadas en<\/span><\/p>\n<p><span style=\"font-weight: 400;\">Juan 1:25, se refieren a la profec\u00eda de Deuteronomio 18:15 y 18. Y que \u201cel Profeta\u201d, \u201cel<\/span><\/p>\n<p><span style=\"font-weight: 400;\">Profeta como Mois\u00e9s\u201d, \u201c&#8230;COMO T\u00da\u201d, tal como hemos comprobado con evidencia<\/span><\/p>\n<p><span style=\"font-weight: 400;\">contundente es MUHAMMAD y no Jes\u00fas! (Ahmed Deedat: Qu\u00e9 dice la Biblia acerca de Muhammad)<\/span><\/p>\n<p>&nbsp;<\/p>\n<p><span style=\"font-weight: 400;\">Seg\u00fan Deuteronomio 18:18 Dios habla el Profeta Mois\u00e9s y le dice que \u00e9l levantar\u00e1 un nuevo Profeta que tiene ciertas caracter\u00edsticas claramente identificables:\u201cVoy a hacer que de entre sus hermanos surja un profeta como t\u00fa. Pondr\u00e9 mis palabras en sus labios, y \u00e9l les comunicar\u00e1 todo lo que yo le ordene decir. Pero yo le pedir\u00e9 cuentas a todo el que no atienda las palabras que ese profeta proclame en mi nombre.\u201d [Deuteronomio 18:18-19]<\/span><\/p>\n<p><span style=\"font-weight: 400;\">En esta profec\u00eda Dios est\u00e1 diciendo a Mois\u00e9s que \u00e9l levantar\u00e1 un profeta como \u00e9l, que ser\u00e1 de &#8216;entre sus hermanos&#8217;. Puesto que estos vers\u00edculos est\u00e1n dirigidos a Mois\u00e9s y el pueblo jud\u00edo, los &#8216;hermanos&#8217; mencionados aqu\u00ed son los hermanos del pueblo jud\u00edo.<\/span><\/p>\n<p><span style=\"font-weight: 400;\">Ahora, Abraham, el antepasado de la naci\u00f3n jud\u00eda ten\u00eda dos hijos, Ismael e Isaac (G\u00e9nesis 17 y 21). Los hijos de Isaac son los primos de los hijos de Ismael. Los hijos de Isaac son los jud\u00edos y los hijos de Ismael son los \u00e1rabes.<\/span><\/p>\n<p><span style=\"font-weight: 400;\">&#8216;Hermanos&#8217; en la lengua del Antiguo Testamento pueden referirse a los jud\u00edos mismos (n\u00famero 32:6), o a los primos ancestrales de los jud\u00edos como los \u00e1rabes, edomitas y otros (v\u00e9ase Deuteronomio 2:4, 8 para el uso de la palabra &#8216;hermanos&#8217;). Por lo que los \u00e1rabes son considerados hermanos de los jud\u00edos.<\/span><\/p>\n<p><span style=\"font-weight: 400;\">Muhammad y Mois\u00e9s<\/span><\/p>\n<p><span style=\"font-weight: 400;\">Algunas personas pueden afirmar que Jes\u00fas es el nuevo Profeta que se menciona en Deuteronomio 18:18. Sin embargo, &#8216;el Profeta&#8217; mencionado en Juan 1:25 no puede ser Jes\u00fas porque \u00e9l es descrito como una persona independiente a &#8216;el Cristo&#8217;. Adem\u00e1s de esto, el vers\u00edculo nos informa que el Profeta tendr\u00e1 la caracter\u00edstica de ser alguien que es &#8216;como&#8217; Mois\u00e9s. Jes\u00fas era muy diferente a Mois\u00e9s, pero \u00bfqu\u00e9 hay acerca de Muhammad (la paz sea con \u00e9l)?<\/span><\/p>\n<p><b>La siguiente tabla compara las vidas de los tres hombres (la paz sea con todos ellos):<\/b><\/p>\n<table>\n<tbody>\n<tr>\n<td><b>Descripci\u00f3n<\/b><\/td>\n<td><span style=\"font-weight: 400;\">Mois\u00e9s<\/span><\/td>\n<td><span style=\"font-weight: 400;\">Muhammad<\/span><\/td>\n<td><span style=\"font-weight: 400;\">Jes\u00fas<\/span><\/td>\n<\/tr>\n<tr>\n<td><span style=\"font-weight: 400;\">Parto natural<\/span><\/td>\n<td><span style=\"font-weight: 400;\">\u2713<\/span><\/td>\n<td><span style=\"font-weight: 400;\">\u2713<\/span><\/td>\n<td><span style=\"font-weight: 400;\">X<\/span><\/td>\n<\/tr>\n<tr>\n<td><span style=\"font-weight: 400;\">Se cas\u00f3 con<\/span><\/td>\n<td><span style=\"font-weight: 400;\">\u2713<\/span><\/td>\n<td><span style=\"font-weight: 400;\">\u2713<\/span><\/td>\n<td><span style=\"font-weight: 400;\">X<\/span><\/td>\n<\/tr>\n<tr>\n<td><span style=\"font-weight: 400;\">Ni\u00f1os<\/span><\/td>\n<td><span style=\"font-weight: 400;\">\u2713<\/span><\/td>\n<td><span style=\"font-weight: 400;\">\u2713<\/span><\/td>\n<td><span style=\"font-weight: 400;\">X<\/span><\/td>\n<\/tr>\n<tr>\n<td><span style=\"font-weight: 400;\">Profec\u00eda dada a la edad de 40<\/span><\/td>\n<td><span style=\"font-weight: 400;\">\u2713<\/span><\/td>\n<td><span style=\"font-weight: 400;\">\u2713<\/span><\/td>\n<td><span style=\"font-weight: 400;\">X<\/span><\/td>\n<\/tr>\n<tr>\n<td><span style=\"font-weight: 400;\">Migraci\u00f3n forzada por los enemigos<\/span><\/td>\n<td><span style=\"font-weight: 400;\">\u2713<\/span><\/td>\n<td><span style=\"font-weight: 400;\">\u2713<\/span><\/td>\n<td><span style=\"font-weight: 400;\">X<\/span><\/td>\n<\/tr>\n<tr>\n<td><span style=\"font-weight: 400;\">Inicialmente rechazado por su pueblo (jud\u00edos o \u00e1rabes), pero luego aceptado<\/span><\/td>\n<td><span style=\"font-weight: 400;\">\u2713<\/span><\/td>\n<td><span style=\"font-weight: 400;\">\u2713<\/span><\/td>\n<td><span style=\"font-weight: 400;\">X<\/span><\/td>\n<\/tr>\n<tr>\n<td><span style=\"font-weight: 400;\">Estadista<\/span><\/td>\n<td><span style=\"font-weight: 400;\">\u2713<\/span><\/td>\n<td><span style=\"font-weight: 400;\">\u2713<\/span><\/td>\n<td><span style=\"font-weight: 400;\">X<\/span><\/td>\n<\/tr>\n<tr>\n<td><span style=\"font-weight: 400;\">Trajo nuevas leyes legales<\/span><\/td>\n<td><span style=\"font-weight: 400;\">\u2713<\/span><\/td>\n<td><span style=\"font-weight: 400;\">\u2713<\/span><\/td>\n<td><span style=\"font-weight: 400;\">X<\/span><\/td>\n<\/tr>\n<tr>\n<td><span style=\"font-weight: 400;\">L\u00edder militar<\/span><\/td>\n<td><span style=\"font-weight: 400;\">\u2713<\/span><\/td>\n<td><span style=\"font-weight: 400;\">\u2713<\/span><\/td>\n<td><span style=\"font-weight: 400;\">X<\/span><\/td>\n<\/tr>\n<tr>\n<td><span style=\"font-weight: 400;\">Varias tribus bajo una causa<\/span><\/td>\n<td><span style=\"font-weight: 400;\">\u2713<\/span><\/td>\n<td><span style=\"font-weight: 400;\">\u2713<\/span><\/td>\n<td><span style=\"font-weight: 400;\">X<\/span><\/td>\n<\/tr>\n<tr>\n<td><span style=\"font-weight: 400;\">Victoria sobre enemigos<\/span><\/td>\n<td><span style=\"font-weight: 400;\">\u2713<\/span><\/td>\n<td><span style=\"font-weight: 400;\">\u2713<\/span><\/td>\n<td><span style=\"font-weight: 400;\">X<\/span><\/td>\n<\/tr>\n<tr>\n<td><span style=\"font-weight: 400;\">Muerte de causa natural<\/span><\/td>\n<td><span style=\"font-weight: 400;\">\u2713<\/span><\/td>\n<td><span style=\"font-weight: 400;\">\u2713<\/span><\/td>\n<td><span style=\"font-weight: 400;\">X<\/span><\/td>\n<\/tr>\n<tr>\n<td><span style=\"font-weight: 400;\">Adorado como Dios\/Hijo de Dios (despu\u00e9s de su partida)<\/span><\/td>\n<td><span style=\"font-weight: 400;\">X<\/span><\/td>\n<td><span style=\"font-weight: 400;\">X<\/span><\/td>\n<td><span style=\"font-weight: 400;\">\u2713<\/span><\/td>\n<\/tr>\n<tr>\n<td><span style=\"font-weight: 400;\">De raza jud\u00eda<\/span><\/td>\n<td><span style=\"font-weight: 400;\">X<\/span><\/td>\n<td><span style=\"font-weight: 400;\">X<\/span><\/td>\n<td><span style=\"font-weight: 400;\">\u2713<\/span><\/td>\n<\/tr>\n<tr>\n<td><span style=\"font-weight: 400;\">Llamar a la gente a adorar s\u00f3lo a Dios<\/span><\/td>\n<td><span style=\"font-weight: 400;\">\u2713<\/span><\/td>\n<td><span style=\"font-weight: 400;\">\u2713<\/span><\/td>\n<td><span style=\"font-weight: 400;\">\u2713<\/span><\/td>\n<\/tr>\n<\/tbody>\n<\/table>\n<p><span style=\"font-weight: 400;\">No cabe duda de que Mois\u00e9s y Muhammad (la paz sea con \u00e9l) son muy similares. Muchos historiadores que han estudiado la vida de Mois\u00e9s y Muhammad (la paz sea con \u00e9l) han se\u00f1alado las muchas similitudes entre ellos. El fallecido Reverendo James L. Dow (1908-1977) quien fue el autor del Diccionario Collins Gem de la Biblia escribi\u00f3 bajo la entrada de &#8216;Mois\u00e9s&#8217;:<\/span><\/p>\n<p><span style=\"font-weight: 400;\">\u201cEl \u00fanico hombre en la historia que puede ser comparado remotamente con \u00e9l es Muhammad\u201d.<\/span><\/p>\n<p><span style=\"font-weight: 400;\">Toda la evidencia hasta ahora demuestra concluyentemente que Muhammad (la paz sea con \u00e9l) es el Profeta mencionado en Juan 1:25.<\/span><\/p>\n<p><span style=\"font-weight: 400;\">Todav\u00eda hay muchas personas que rechazan a Muhammad (la paz sea con \u00e9l) solamente porque \u00e9l no era jud\u00edo (es decir, no de los hijos de Isaac). Pero sabemos que profetas como No\u00e9, que tambi\u00e9n se mencionan en la Biblia, no eran jud\u00edos tampoco.<\/span><\/p>\n<p><span style=\"font-weight: 400;\">Los hijos de Abraham<\/span><\/p>\n<p><span style=\"font-weight: 400;\">Seg\u00fan la Biblia, Dios hizo una promesa a Abraham sobre su descendencia: \u201cEstablecer\u00e9 mi pacto contigo y con tus descendientes. Ser\u00e1 un pacto perpetuo, y yo ser\u00e9 tu Dios y el de tu descendencia.\u201d [G\u00e9nesis 17:7]<\/span><\/p>\n<p><span style=\"font-weight: 400;\">En este vers\u00edculo vemos que Dios promete a Abraham que va a tener un pacto con sus descendientes. Este Pacto fue cumplido por Dios mediante el env\u00edo de profetas a los jud\u00edos (por ejemplo Daniel, Jacobo, Jes\u00fas etc&#8230;) de los descendientes de Isaac. Pero la promesa que fue hecha a Abraham por Dios era para todos sus descendientes, as\u00ed que tiene sentido que tambi\u00e9n se enviar\u00eda profetas de los descendientes de otro hijo Abraham, Ismael.<\/span><\/p>\n<p><span style=\"font-weight: 400;\">En el Antiguo Testamento, Dios se\u00f1al\u00f3 a los descendientes de Ismael (los \u00e1rabes) por una bendici\u00f3n particular: \u201cEn cuanto a Ismael, tambi\u00e9n te he o\u00eddo, y yo lo bendecir\u00e9 y har\u00e9 que se reproduzca y se multiplique en gran manera. \u00c9l ser\u00e1 padre de doce pr\u00edncipes, y yo lo convertir\u00e9 en una gran naci\u00f3n.\u201d [G\u00e9nesis 17:20]<\/span><\/p>\n<p><span style=\"font-weight: 400;\">Seg\u00fan el vers\u00edculo de arriba, Dios le dice a Abraham acerca de una gran naci\u00f3n que vendr\u00e1 de Ismael. Esta es otra raz\u00f3n por qu\u00e9 Dios enviar\u00eda profetas entre los \u00e1rabes, \u00bfc\u00f3mo puede Dios llamar una naci\u00f3n grande si fueran a ser de los incr\u00e9dulos? Su grandeza se define por su creencia y obediencia a Dios. Vemos que Muhammad (la paz sea con \u00e9l) se ajusta a la descripci\u00f3n de un profeta de los descendientes de Ismael, que llam\u00f3 a la gente a la religi\u00f3n de Abraham.<\/span><\/p>\n<p><span style=\"font-weight: 400;\">Muhammad (la paz sea con \u00e9l) en efecto provino de esa naci\u00f3n de los gobernantes mencionados en G\u00e9nesis 17:20. El libro de G\u00e9nesis nos dice que Abraham dej\u00f3 a su esposa (Hagar) e Ismael en &#8216;Paran&#8217; (G\u00e9nesis 21:21), que seg\u00fan los historiadores es en Arabia. Ismael creci\u00f3 y se instal\u00f3 en Arabia y tuvo doce hijos, uno de los cuales fue llamado &#8216;Kedar&#8217; (G\u00e9nesis 25:13). Isa\u00edas 21:13-17 confirma que eran los descendientes de Kedar en Arabia. Es bien sabido que Muhammad (la paz sea con \u00e9l) era un descendiente directo de Kedar.<\/span><\/p>\n<p><span style=\"font-weight: 400;\">En el Diccionario Davis de la Biblia se afirma que es Kedar &#8216;&#8230; Una tribu descendiente de Ismael&#8230; La gente de Kedar era Cedro de Plinio, y desde su tribu Muhammad finalmente surgi\u00f3. Hab\u00edan tribus jud\u00edas de Medina (la ciudad a la que Muhammad (la paz sea con \u00e9l) emigr\u00f3) que se hab\u00edan asentado all\u00ed porque ellos estaban esperando la llegada de un profeta. De hecho, Ben Shalom el rabino principal de Medina abrazo a Muhammad (la paz sea con \u00e9l) como el Profeta cuya llegada fue anunciada en las escrituras.<\/span><\/p>\n<p><span style=\"font-weight: 400;\">Ahora veamos algunos versos interesantes de Isa\u00edas 42 sobre un Mensajero de Arabia.<\/span><\/p>\n<p><span style=\"font-weight: 400;\">El Mensajero de Arabia<\/span><\/p>\n<p><span style=\"font-weight: 400;\">El Antiguo Testamento profetiza la venida de un profeta de Arabia, que ser\u00eda de los descendientes de Kedar. Los vers\u00edculos de Isa\u00edas 42 describen la venida de un profeta que Dios se refiere como &#8216;mi mensajero&#8217; (Isa\u00edas 42:19). Este mensajero ser\u00eda de &#8216;los pueblos que habitan Kedar&#8217; (Isa\u00edas 42: 11), esto significa que el Mensajero surgir\u00eda de Arabia ya que es donde viv\u00edan los pueblos de los descendientes de Kedar seg\u00fan Isa\u00edas 21:13-17. Este mensajero dar\u00eda &#8216;juicio&#8217;, &#8216;luz&#8217; y &#8216;Derecho&#8217; a los &#8216;Gentiles&#8217; (Isa\u00edas 42:1-4). Gentiles es un t\u00e9rmino que se refiere a los no jud\u00edos. Este mensajero ser\u00eda un &#8216;hombre de guerra&#8217; que primero ser\u00eda perseguido y luego luch\u00f3 y derrot\u00f3 a adoradores del \u00eddolo (Isa\u00edas 42:13-17).<\/span><\/p>\n<p><span style=\"font-weight: 400;\">Esta descripci\u00f3n encaja exactamente Muhammad (la paz sea con \u00e9l). Muhammad (la paz sea con \u00e9l) surgido de Arabia y era un descendiente directo de Kedar, fue perseguido y luego luch\u00f3 y derrot\u00f3 a los adoradores de \u00eddolos [3]. El trajo &#8216;juicio&#8217; y &#8216;derecho&#8217; a un pueblo \u00e1rabe sin ley (\u00e1rabes ser\u00eda clasificados como &#8216;Gentiles&#8217;) cuando se convirti\u00f3 en el gobernante de la Pen\u00ednsula Ar\u00e1biga.<\/span><\/p>\n<p><span style=\"font-weight: 400;\">Conclusi\u00f3n<\/span><\/p>\n<p><span style=\"font-weight: 400;\">Este folleto describe brevemente algunos de los muchos vers\u00edculos en la Biblia que tratan de la venida de Muhammad (la paz sea con \u00e9l). Muchos cristianos y jud\u00edos han aceptado El Islam (Islam significa literalmente &#8216;sumisi\u00f3n a Dios&#8217;) mediante el reconocimiento de Muhammad (la paz sea con \u00e9l) en la Biblia. Uno de ellos es el difunto reverendo David Benjam\u00edn Keldani el autor de &#8220;Muhammad en la Biblia&#8221;.<\/span><\/p>\n<p><span style=\"font-weight: 400;\">&#8220;Debo recordarle a los cristianos que si no creen en la unidad absoluta de Dios y renuncian a la creencia en la Trinidad, que son sin duda no creyentes en el Dios verdadero&#8230; El Antiguo Testamento y el Cor\u00e1n condenan la doctrina de la Trinidad; el Nuevo Testamento expresamente no la defiende ni la mantiene, pero incluso si contiene pistas y rastros sobre la Trinidad, no es ninguna autoridad en absoluto, porque no fue visto ni escrito por el mismo Cristo, ni en el idioma en que hablaba, ni en el idioma que existe en su forma actual y el en contenido de, al menos, los dos primeros siglos despu\u00e9s de \u00e9l.&#8221; Reverendo David Benjam\u00edn Keldani, B.D. (1867-1940)<\/span><\/p>\n<p><span style=\"font-weight: 400;\">En el Cor\u00e1n, Dios dice a los cristianos y los jud\u00edos que sigan al Profeta que se menciona en sus libros:<\/span><\/p>\n<p><span style=\"font-weight: 400;\">\u201cMi misericordia abarca todas las cosas: y la decretar\u00e9 para aquellos que sean conscientes de M\u00ed, que gasten en limosnas y que crean en Nuestros mensajes &#8212; para aquellos que han de seguir al [\u00faltimo] Enviado, el Profeta iletrado a quien encontrar\u00e1n descrito en la Tor\u00e1 que ya tienen, y [m\u00e1s tarde] en el Evangelio\u201d [7:156-157]<\/span><\/p>\n<p><span style=\"font-weight: 400;\">Puesto que se ha demostrado claramente que Muhammad (la paz sea con \u00e9l) se menciona en la Biblia, como siguiente paso, te invitamos a mirar en El Islam. Muchas personas se unen a su identidad y nose quieren convertir o siquiera mirar a otra religi\u00f3n. Pero el Islam no es s\u00f3lo otra religi\u00f3n, es el mismo mensaje predicado por Mois\u00e9s, Jes\u00fas y Abraham. Se trata de la \u00faltima entrega de los mensajes enviados por Dios durante siglos. El Islam nos ense\u00f1a a tener una relaci\u00f3n directa con Dios, y que nadie debe ser adorado excepto Dios. Tambi\u00e9n ense\u00f1a que Dios no es como un ser humano o como cualquier cosa que podamos imaginar.<\/span><\/p>\n<p><span style=\"font-weight: 400;\">El concepto de Dios es resumido en el Cor\u00e1n como: <\/span><\/p>\n<p><b>Di: \u201c\u00c9l es el \u00danico Dios: \u201cDios, el Eterno, la Causa Primera de Todo Cuanto Existe. No engendra, ni ha sido engendrado y nada hay que pueda ser comparado con \u00c9l\u201d. [Cor\u00e1n 112]<\/b><\/p>\n<p>&nbsp;<\/p>\n<p><span style=\"font-weight: 400;\">La guia en \u00faltima instancia proviene de Dios. Le pedimos a Dios que nos gu\u00ede a nosotros y a ti. Que la paz y las bendiciones de Dios est\u00e9n contigo por el resto de tus d\u00edas.<\/span><\/p>\n<p><span style=\"font-weight: 400;\">* Dios no es hombre o mujer, la palabra &#8216;EL&#8217; en las lenguas sem\u00edticas se usa cuando el sustantivo no conlleva g\u00e9nero como es el caso con Dios.<\/span><\/p>\n","protected":false},"excerpt":{"rendered":"<p>En este art\u00edculo, descubrir\u00e1s c\u00f3mo el Antiguo y Nuevo Testamento contienen numerosos vers\u00edculos que describen la llegada de un nuevo Profeta. Adem\u00e1s, vers\u00edculos de la Biblia misma que claramente nos mostrar\u00e1 que Muhammad (la paz sea con \u00e9l) es ese profeta. JUAN EL BAUTISTA Y LOS SACERDOTES Seg\u00fan el Nuevo Testamento los jud\u00edos no eran &#8230; <a title=\"\u00ad\u00adMuhammad en la Biblia\" class=\"read-more\" href=\"https:\/\/www.ask-a-muslim.com\/en\/muhammad-en-la-biblia\/\" aria-label=\"Read more about \u00ad\u00adMuhammad en la Biblia\">Read more<\/a><\/p>\n","protected":false},"author":1,"featured_media":405,"parent":0,"menu_order":0,"comment_status":"closed","ping_status":"open","template":"","meta":{"_uag_custom_page_level_css":"","_monsterinsights_skip_tracking":false,"_monsterinsights_sitenote_active":false,"_monsterinsights_sitenote_note":"","_monsterinsights_sitenote_category":0,"jetpack_post_was_ever_published":false,"footnotes":""},"class_list":["post-1055","page","type-page","status-publish","has-post-thumbnail"],"uagb_featured_image_src":{"full":false,"thumbnail":false,"medium":false,"medium_large":false,"large":false,"1536x1536":false,"2048x2048":false,"gform-image-choice-sm":false,"gform-image-choice-md":false,"gform-image-choice-lg":false},"uagb_author_info":{"display_name":"ASKM","author_link":"https:\/\/www.ask-a-muslim.com\/en\/author\/askm\/"},"uagb_comment_info":0,"uagb_excerpt":"En este art\u00edculo, descubrir\u00e1s c\u00f3mo el Antiguo y Nuevo Testamento contienen numerosos vers\u00edculos que describen la llegada de un nuevo Profeta. Adem\u00e1s, vers\u00edculos de la Biblia misma que claramente nos mostrar\u00e1 que Muhammad (la paz sea con \u00e9l) es ese profeta. JUAN EL BAUTISTA Y LOS SACERDOTES Seg\u00fan el Nuevo Testamento los jud\u00edos no eran&hellip;","jetpack_sharing_enabled":true,"jetpack_shortlink":"https:\/\/wp.me\/PcT0IL-h1","jetpack-related-posts":[],"_links":{"self":[{"href":"https:\/\/www.ask-a-muslim.com\/en\/wp-json\/wp\/v2\/pages\/1055","targetHints":{"allow":["GET"]}}],"collection":[{"href":"https:\/\/www.ask-a-muslim.com\/en\/wp-json\/wp\/v2\/pages"}],"about":[{"href":"https:\/\/www.ask-a-muslim.com\/en\/wp-json\/wp\/v2\/types\/page"}],"author":[{"embeddable":true,"href":"https:\/\/www.ask-a-muslim.com\/en\/wp-json\/wp\/v2\/users\/1"}],"replies":[{"embeddable":true,"href":"https:\/\/www.ask-a-muslim.com\/en\/wp-json\/wp\/v2\/comments?post=1055"}],"version-history":[{"count":1,"href":"https:\/\/www.ask-a-muslim.com\/en\/wp-json\/wp\/v2\/pages\/1055\/revisions"}],"predecessor-version":[{"id":12386,"href":"https:\/\/www.ask-a-muslim.com\/en\/wp-json\/wp\/v2\/pages\/1055\/revisions\/12386"}],"wp:featuredmedia":[{"embeddable":true,"href":"https:\/\/www.ask-a-muslim.com\/en\/wp-json\/"}],"wp:attachment":[{"href":"https:\/\/www.ask-a-muslim.com\/en\/wp-json\/wp\/v2\/media?parent=1055"}],"curies":[{"name":"wp","href":"https:\/\/api.w.org\/{rel}","templated":true}]}}