{"id":1061,"date":"2015-10-06T06:27:17","date_gmt":"2015-10-06T06:27:17","guid":{"rendered":"http:\/\/www.ask-a-muslim.com\/?page_id=1061"},"modified":"2021-02-24T20:06:24","modified_gmt":"2021-02-25T01:06:24","slug":"maria-la-madre-de-jesus","status":"publish","type":"page","link":"https:\/\/www.ask-a-muslim.com\/en\/maria-la-madre-de-jesus\/","title":{"rendered":"Mar\u00eda la madre de Jes\u00fas"},"content":{"rendered":"<p><span style=\"font-weight: 400;\">Puede sorprender a mucha gente descubrir que Mar\u00eda es una de las mujeres m\u00e1s estimadas y respetadas en el Islam y que el Cor\u00e1n le da una gran importancia. Mar\u00eda es el nombre del cap\u00edtulo 19 del Cor\u00e1n, y el Cap\u00edtulo 3 es <\/span><i><span style=\"font-weight: 400;\">Aali Imr\u00e1n<\/span><\/i><span style=\"font-weight: 400;\">, en honor a su familia. El Islam mantiene a toda la familia de Imr\u00e1n en la m\u00e1s alta estima. El Cor\u00e1n nos dice que:<\/span><\/p>\n<p><span style=\"font-weight: 400;\">\u201cDios prefiri\u00f3 a Ad\u00e1n, a No\u00e9, a la familia de Abraham y a la de Imr\u00e1n sobre toda la humanidad\u201d. (Cor\u00e1n 3:33)<\/span><\/p>\n<p><span style=\"font-weight: 400;\">Dios eligi\u00f3 a Ad\u00e1n y a No\u00e9 individualmente, pero \u00c9l escogi\u00f3 a la familia de Abraham y a la familia de Imr\u00e1n. <\/span><\/p>\n<p><span style=\"font-weight: 400;\">\u201cFamilias descendientes unas de otras\u201d. (Cor\u00e1n 3:34) <\/span><\/p>\n<p><span style=\"font-weight: 400;\">La familia de Imr\u00e1n es de los descendientes de Abraham, la familia de Abraham es de los descendientes de No\u00e9, y No\u00e9 es de los descendientes de Ad\u00e1n. La familia de Imr\u00e1n tambi\u00e9n incluye a mucha gente conocida y respetada en las tradiciones cristianas \u2014los Profetas Zacar\u00edas y Juan (conocido como el Bautista), el Profeta y Mensajero Jes\u00fas y su madre Mar\u00eda.<\/span><\/p>\n<p><span style=\"font-weight: 400;\">Dios escogi\u00f3 a Mar\u00eda por sobre todas las mujeres del mundo. \u00c9l dijo:<\/span><\/p>\n<p><span style=\"font-weight: 400;\">\u201cY cuando los \u00c1ngeles dijeron: \u00a1Oh, Mar\u00eda! Dios te ha elegido y purificado. Te ha elegido entre todas las mujeres del universo\u201d. (Cor\u00e1n 3:42)<\/span><\/p>\n<p><span style=\"font-weight: 400;\">Ali ibn Abu Talib dijo:<\/span><\/p>\n<p><span style=\"font-weight: 400;\">\u201cEscuch\u00e9 al Profeta de Dios decir que Mar\u00eda, la hija de Imr\u00e1n, fue la mejor entre las mujeres\u201d. <\/span><i><span style=\"font-weight: 400;\">(Sahih Al-Bujari)<\/span><\/i><\/p>\n<p><span style=\"font-weight: 400;\"> En \u00e1rabe el nombre, Mar\u00eda significa \u201cla sierva de Dios\u201d, y como veremos m\u00e1s adelante, Mar\u00eda, la madre de Jes\u00fas, fue dedicada a Dios incluso desde antes de nacer.<\/span><\/p>\n<h2><b>El nacimiento de Mar\u00eda<\/b><\/h2>\n<p><span style=\"font-weight: 400;\">La Biblia es incapaz de darnos cualquier detalle sobre el nacimiento de Mar\u00eda. Sin embargo, el Cor\u00e1n nos informa que la esposa de Imr\u00e1n dedic\u00f3 su hijo a\u00fan no nacido al servicio de Dios. La madre de Mar\u00eda, la esposa de Imr\u00e1n, era Ana[1]. Ella fue la hermana de la esposa del profeta Zacar\u00edas. Ana y su esposo Imr\u00e1n cre\u00edan que nunca tendr\u00edan hijos, pero un d\u00eda Ana hizo una s\u00faplica sincera y de todo coraz\u00f3n rog\u00e1ndole a Dios por un hijo, y prometi\u00f3 que su descendencia servir\u00eda en la Casa de Dios en Jerusal\u00e9n. Dios escuch\u00f3 la s\u00faplica de Ana y ella qued\u00f3 embarazada. Cuando Ana se dio cuenta de la noticia gloriosa, se volvi\u00f3 hacia Dios y dijo:<\/span><\/p>\n<p><span style=\"font-weight: 400;\"> \u201c\u00a1Se\u00f1or m\u00edo! He realizado el voto de entregar a Tu exclusivo servicio lo que hay en mi vientre. \u00a1Ac\u00e9ptamelo! T\u00fa eres Omnioyente, Omnisciente\u201d. (Cor\u00e1n 3:35)<\/span><\/p>\n<p><span style=\"font-weight: 400;\">Hay lecciones para aprender del voto de Ana hacia Dios, una de las cuales es el cuidado de la educaci\u00f3n religiosa de nuestros hijos. Ana no estaba pensando en t\u00e9rminos de este mundo en lo absoluto, estaba tratando de asegurar que su hijo estuviera cercano a Dios y a Su servicio. Estos amigos elegidos de Dios, como la familia de Imr\u00e1n, son los parientes que debemos tomar como nuestros modelos de conducta. Dios dice muchas veces en el Cor\u00e1n que \u00c9l es el \u00danico que provee para nosotros, y nos advierte que nos salvemos a nosotros y a nuestras familias del fuego del Infierno.<\/span><\/p>\n<p><span style=\"font-weight: 400;\">En su s\u00faplica, Ana pide que su hijo est\u00e9 libre de todo trabajo mundano. Al prometer que su hijo estar\u00e1 al servicio de Dios, Ana estaba asegurando la libertad de su hijo. La libertad es una cualidad de la vida que cada ser humano se esfuerza por alcanzar, pero Ana entendi\u00f3 que la verdadera libertad viene de la completa sumisi\u00f3n a Dios. Esto es lo que ella aspiraba para su hijo a\u00fan sin nacer. Ana quer\u00eda que su hijo fuera una persona libre, que no fuera esclavo de ning\u00fan hombre ni de ning\u00fan deseo, sino un esclavo s\u00f3lo de Dios. A su debido tiempo, Ana dio a luz una ni\u00f1a, y de nuevo se volvi\u00f3 hacia Dios en oraci\u00f3n y dijo:<\/span><\/p>\n<p><span style=\"font-weight: 400;\">\u201c\u00a1Se\u00f1or m\u00edo! Me ha nacido una hija. Dios bien sab\u00eda lo que hab\u00eda concebido. [Agreg\u00f3 la esposa de Imr\u00e1n:] No es lo mismo una mujer que un var\u00f3n [para que se consagre a Tu servicio]. La he llamado Mar\u00eda, y Te imploro que la protejas a ella y a su descendencia del maldito Satan\u00e1s\u201d. (Cor\u00e1n 3:36)<\/span><\/p>\n<p><span style=\"font-weight: 400;\">Ana llam\u00f3 Mar\u00eda a su hija. Referente a su promesa a Dios, Ana ahora se encontraba frente a un dilema. No era aceptable que una mujer sirviera en la Casa de Oraci\u00f3n. El padre de Mar\u00eda, Imr\u00e1n, hab\u00eda muerto antes que ella naciera, de modo que Ana acudi\u00f3 a su cu\u00f1ado Zacar\u00edas. \u00c9l la consol\u00f3 y le ayud\u00f3 a entender que Dios sab\u00eda que ella hab\u00eda entregado a una ni\u00f1a. Esta ni\u00f1a, Mar\u00eda, era de lo mejor de la creaci\u00f3n. El Profeta Muhammad mencion\u00f3[2] que cuando un ni\u00f1o nace, Satan\u00e1s le pincha y por ello el ni\u00f1o llora con fuerza. Esta es una se\u00f1al de la gran enemistad entre la humanidad y Satan\u00e1s. Sin embargo, hubo dos excepciones a esta regla. Satan\u00e1s no pinch\u00f3 a Mar\u00eda ni a su hijo Jes\u00fas[3], debido a la s\u00faplica de la madre de Mar\u00eda.<\/span><\/p>\n<p><span style=\"font-weight: 400;\">Cuando lleg\u00f3 el momento de que Mar\u00eda entrara a la Casa de Oraci\u00f3n, todos quer\u00edan hacerse cargo de esta hija piadosa de Imr\u00e1n. Como era costumbre en la \u00e9poca, los hombres se sortearon tal privilegio, y Dios se asegur\u00f3 de que su tutor fuera el Profeta Zacar\u00edas.<\/span><\/p>\n<p><span style=\"font-weight: 400;\">\u201cSu Se\u00f1or la acept\u00f3 complacido, e hizo que se educase correctamente y la confi\u00f3 a Zacar\u00edas\u201d. (Cor\u00e1n 3:37)<\/span><\/p>\n<p><span style=\"font-weight: 400;\">El Profeta Zacar\u00edas sirvi\u00f3 en la Casa de Dios y fue un hombre sabio y conocedor dedicado a la ense\u00f1anza. Ten\u00eda una habitaci\u00f3n privada construida para Mar\u00eda, para que ella pudiera adorar a Dios y dedicarse a sus tareas diarias en privado. Como su tutor, el Profeta Zacar\u00edas visitaba todos los d\u00edas a Mar\u00eda, y un d\u00eda se sorprendi\u00f3 de ver fruta fresca en su habitaci\u00f3n. Se dice que en invierno ella ten\u00eda frutas frescas de verano, y en verano ten\u00eda frutas frescas de invierno[4]. El Profeta Zacar\u00edas le pregunt\u00f3 sobre c\u00f3mo la fruta hab\u00eda llegado all\u00ed, a lo que Mar\u00eda respondi\u00f3 que se trataba de Dios mismo, Quien le prove\u00eda su sustento. Ella dijo:<\/span><\/p>\n<p><span style=\"font-weight: 400;\">\u201cDe Dios; porque Dios sustenta sin medida a quien Le place\u201d. (Cor\u00e1n 3:37)<\/span><\/p>\n<p><span style=\"font-weight: 400;\">La devoci\u00f3n de Mar\u00eda por Dios no tuvo precedentes en su \u00e9poca, pero su fe estaba a punto de ser probada.<\/span><\/p>\n<p>&nbsp;<\/p>\n<p><span style=\"font-weight: 400;\">Footnotes:<\/span><\/p>\n<p><span style=\"font-weight: 400;\">[1] Tomado del Tafsir de Ibn Kazir.<\/span><\/p>\n<p><span style=\"font-weight: 400;\">[2] <\/span><i><span style=\"font-weight: 400;\">Sahih Al-Bujari<\/span><\/i><span style=\"font-weight: 400;\">.<\/span><\/p>\n<p><span style=\"font-weight: 400;\">[3] <\/span><i><span style=\"font-weight: 400;\">Sahih Muslim<\/span><\/i><span style=\"font-weight: 400;\">.<\/span><\/p>\n<p><span style=\"font-weight: 400;\">[4] Basado en el libro del Imam Ibn Kazir: <\/span><i><span style=\"font-weight: 400;\">Las Historias de los Profetas<\/span><\/i><span style=\"font-weight: 400;\">.<\/span><\/p>\n<p>&nbsp;<\/p>\n<p><span style=\"font-weight: 400;\">Mar\u00eda elegida por sobre todas las mujeres<\/span><span style=\"font-weight: 400;\">.<\/span><\/p>\n<p><span style=\"font-weight: 400;\">Estimada y amada por todos los musulmanes, y conocida como mujer piadosa y devota, Mar\u00eda, la madre de Jes\u00fas, fue escogida por sobre todas las mujeres. El Islam rechaza la noci\u00f3n cristiana de que Jes\u00fas es parte de una trinidad que es Dios, y niega enf\u00e1ticamente que Jes\u00fas o su madre, Mar\u00eda, sean dignos de adoraci\u00f3n. El Cor\u00e1n declara categ\u00f3ricamente que no hay divinidad sino s\u00f3lo Dios.<\/span><\/p>\n<p><span style=\"font-weight: 400;\"> \u201c\u00a1\u00c9se es Dios, vuestro Se\u00f1or! No hay m\u00e1s divinidad que \u00c9l, Creador de todas las cosas. Adoradle, pues. \u00c9l es el Protector de todas las cosas\u201d. (Cor\u00e1n 6:102)<\/span><\/p>\n<p><span style=\"font-weight: 400;\">A los musulmanes se les exige, sin embargo, creer en y amar a todos los Profetas, incluyendo al Profeta Jes\u00fas, que ocupa un lugar especial en el credo isl\u00e1mico. Su madre, Mar\u00eda, ocupa un lugar de honor. Cuando era joven, Mar\u00eda ingres\u00f3 a la Casa de Oraci\u00f3n en Jerusal\u00e9n, dedicando su vida entera a la adoraci\u00f3n y al servicio de Dios.<\/span><\/p>\n<h2><b>Mar\u00eda escucha las noticias de Jes\u00fas<\/b><\/h2>\n<p><span style=\"font-weight: 400;\">Mientras estaba aislada de todo el mundo, un hombre se apareci\u00f3 frente a Mar\u00eda. Dios dice:<\/span><\/p>\n<p><span style=\"font-weight: 400;\">\u201cY puso un velo para apartarse de la vista [mientras adoraba a Dios] de los hombres de su pueblo. Entonces le enviamos Nuestro esp\u00edritu [el \u00c1ngel Gabriel], quien se le present\u00f3 con forma humana\u201d. (Cor\u00e1n 19:17)<\/span><\/p>\n<p><span style=\"font-weight: 400;\">Mar\u00eda sinti\u00f3 temor y trat\u00f3 de huir. Acudi\u00f3 a Dios diciendo:<\/span><\/p>\n<p><span style=\"font-weight: 400;\">\u201cMe refugio de ti en el Clemente, si es que temes a Dios. Le dijo: Soy el enviado de tu Se\u00f1or para agraciarte con un hijo puro\u201d. (Cor\u00e1n 19:18-19)<\/span><\/p>\n<p><span style=\"font-weight: 400;\">Mar\u00eda se sorprendi\u00f3 y qued\u00f3 desconcertada con estas palabras. Ella no estaba casada, por el contrario, era una virgen que se hab\u00eda mantenido casta. Pregunt\u00f3 incr\u00e9dula:<\/span><\/p>\n<p><span style=\"font-weight: 400;\">\u201c\u00a1Oh, Se\u00f1or m\u00edo! \u00bfC\u00f3mo podr\u00e9 tener un hijo si no me ha tocado ning\u00fan hombre? Le respondi\u00f3: \u00a1As\u00ed ser\u00e1! Dios crea lo que Le place. Cuando decide algo, s\u00f3lo dice: \u00a1S\u00e9!, y es\u201d. (Cor\u00e1n 3:47)<\/span><\/p>\n<p><span style=\"font-weight: 400;\">Dios cre\u00f3 a Ad\u00e1n del polvo de la Tierra, sin padre ni madre. Cre\u00f3 a Eva a partir de una costilla de Ad\u00e1n. Y a Jes\u00fas lo cre\u00f3 sin padre, pero con una madre, la piadosa y virgen Mar\u00eda. Dios, que s\u00f3lo tiene que decir \u201cS\u00e9\u201d a una cosa para traerla a la existencia, insufl\u00f3 el esp\u00edritu de Jes\u00fas en Mar\u00eda a trav\u00e9s del \u00e1ngel Gabriel.<\/span><\/p>\n<p><span style=\"font-weight: 400;\">\u201c\u2026infundimos en ella[1] [a trav\u00e9s del \u00c1ngel Gabriel] Nuestro Esp\u00edritu. Ella crey\u00f3 en la veracidad de las Palabras [de Dios] y en Su Libro, y se cont\u00f3 entre las devotas\u201d. (Cor\u00e1n 66:12)<\/span><\/p>\n<p><span style=\"font-weight: 400;\">Aunque las historias de Mar\u00eda en el Cor\u00e1n y en la Biblia tienen muchos aspectos en com\u00fan, la visi\u00f3n de que Mar\u00eda estaba desposada o casada es totalmente rechazada por el Islam. El tiempo pas\u00f3, y Mar\u00eda tuvo temor de lo que dir\u00eda la gente a su alrededor. Se pregunt\u00f3 c\u00f3mo podr\u00edan ellos creer que ning\u00fan hombre la hab\u00eda tocado. La mayor\u00eda de los eruditos del Islam est\u00e1n de acuerdo en que la duraci\u00f3n del embarazo de Mar\u00eda fue normal[2]. Luego, cuando lleg\u00f3 el momento del parto, Mar\u00eda decidi\u00f3 dejar Jerusal\u00e9n y viajar hacia la ciudad de Bel\u00e9n. A pesar de que Mar\u00eda debi\u00f3 haber recordado las palabras de Dios, pues su fe era fuerte e inquebrantable, esta joven mujer estaba ansiosa e inquieta. Pero el \u00e1ngel Gabriel le asegur\u00f3:<\/span><\/p>\n<p><span style=\"font-weight: 400;\">\u201c\u00a1Oh, Mar\u00eda! Dios te albricia con Su Palabra [\u00a1S\u00e9!] Su nombre ser\u00e1 el Mes\u00edas Jes\u00fas, hijo de Mar\u00eda. Ser\u00e1 distinguido en esta vida y en la otra, y se contar\u00e1 entre los m\u00e1s pr\u00f3ximos a Dios\u201d. (Cor\u00e1n 3:45)<\/span><\/p>\n<h2><b>Nace Jes\u00fas<\/b><\/h2>\n<p><span style=\"font-weight: 400;\">Los dolores de parto la empujaron a aferrarse al tronco de una palmera datilera y grit\u00f3 con angustia:<\/span><\/p>\n<p><span style=\"font-weight: 400;\">\u201cPreferir\u00eda haber muerto antes de esto, y as\u00ed se me hubiera olvidado completamente\u201d. (Cor\u00e1n 19:23)<\/span><\/p>\n<p><span style=\"font-weight: 400;\">Mar\u00eda tuvo all\u00ed a su hijo, al pie de la palmera datilera. Estaba exhausta despu\u00e9s del parto, y llena de angustia y miedo, pero a pesar de ello escuch\u00f3 una voz que la llamaba.<\/span><\/p>\n<p><span style=\"font-weight: 400;\">\u201cNo te apenes, tu Se\u00f1or ha hecho fluir debajo de ti un arroyo. Sacude el tronco de la palmera y caer\u00e1n sobre ti d\u00e1tiles maduros y frescos. Come, bebe y cont\u00e9ntate\u201d. (Cor\u00e1n 19:24-26)<\/span><\/p>\n<p><span style=\"font-weight: 400;\">Dios provey\u00f3 a Mar\u00eda con agua, que apareci\u00f3 como una corriente repentina bajo el lugar donde estaba sentada. Tambi\u00e9n la provey\u00f3 con comida, todo lo que ten\u00eda que hacer era agitar el tronco de la palmera datilera. Mar\u00eda estaba asustada y alarmada, se sent\u00eda muy d\u00e9bil, acabando de dar a luz, as\u00ed que, \u00bfc\u00f3mo pod\u00eda ella de alguna forma sacudir el tronco inmenso de un \u00e1rbol de d\u00e1tiles? Pero Dios continu\u00f3 proveyendo a Mar\u00eda con sustento.<\/span><\/p>\n<p><span style=\"font-weight: 400;\">El siguiente evento fue otro milagro, y como seres humanos aprendemos una gran lecci\u00f3n de ello. Mar\u00eda no necesit\u00f3 sacudir la palmera datilera, lo que habr\u00eda sido imposible, ella s\u00f3lo tuvo que hacer un esfuerzo. En cuanto intent\u00f3 seguir el mandato de Dios, d\u00e1tiles frescos y maduros cayeron del \u00e1rbol y Dios dijo a Mar\u00eda: <\/span><b>\u201c\u2026Come, bebe y cont\u00e9ntate\u201d.<\/b> <b>(Cor\u00e1n 19:26)<\/b><\/p>\n<p><span style=\"font-weight: 400;\">Mar\u00eda ahora ten\u00eda que llevar a su hijo reci\u00e9n nacido y regresar para enfrentar a su familia. Por supuesto que ten\u00eda miedo, y Dios lo sab\u00eda bien. Por lo tanto, \u00c9l la instruy\u00f3 para que no hablara. No le habr\u00eda sido posible a Mar\u00eda explicar c\u00f3mo se hab\u00eda convertido de repente en la madre de un ni\u00f1o reci\u00e9n nacido. Ya que era soltera, su pueblo no creer\u00eda sus explicaciones. Dios dijo:<\/span><\/p>\n<p><span style=\"font-weight: 400;\">\u201cY cuando veas a alg\u00fan hombre, dile: Por cierto que he realizado un voto de silencio por el Clemente, y no hablar\u00e9 con nadie hoy\u201d. (Cor\u00e1n 19:26)<\/span><\/p>\n<p><span style=\"font-weight: 400;\">Mar\u00eda se dirigi\u00f3 a su gente llevando al ni\u00f1o, y ellos de inmediato comenzaron a acusarla, exclamando: \u201c\u00bfQu\u00e9 has hecho? Eres de buena familia, y tus padres fueron piadosos\u201d.<\/span><\/p>\n<p><span style=\"font-weight: 400;\">Tal como Dios le dijo, Mar\u00eda no habl\u00f3, s\u00f3lo se\u00f1al\u00f3 al beb\u00e9 en sus brazos. Entonces, Jes\u00fas, hijo de Mar\u00eda, habl\u00f3. Siendo un beb\u00e9 reci\u00e9n nacido, Jes\u00fas, el Profeta de Dios, realiz\u00f3 su primer milagro. Con el permiso de Dios, dijo:<\/span><\/p>\n<p><span style=\"font-weight: 400;\">\u201cPor cierto que soy el siervo de Dios. \u00c9l me revelar\u00e1 el Libro y har\u00e1 de m\u00ed un Profeta. Ser\u00e9 bendecido dondequiera me encuentre, y me ordenar\u00e1 hacer la oraci\u00f3n y pagar el Zakat mientras viva. Y me har\u00e1 benevolente con mi madre. No dejar\u00e1 que sea soberbio ni rebelde. La paz fue conmigo el d\u00eda que nac\u00ed, ser\u00e1 conmigo el d\u00eda que muera y el d\u00eda que sea resucitado. \u00c9ste es Jes\u00fas, hijo de Mar\u00eda, es la verdad sobre la que ellos dudan\u201d. (Cor\u00e1n 19:30-34)<\/span><\/p>\n<p><span style=\"font-weight: 400;\">Mar\u00eda es mencionada en el Cor\u00e1n (5:75) como una <\/span><i><span style=\"font-weight: 400;\">siddqa<\/span><\/i><span style=\"font-weight: 400;\"> (veraz), pero la palabra \u00e1rabe <\/span><i><span style=\"font-weight: 400;\">siddiqa<\/span><\/i><span style=\"font-weight: 400;\"> implica m\u00e1s que s\u00f3lo hablar con la verdad. Significa que uno ha alcanzado un nivel muy alto de rectitud. Significa que uno es veraz, no s\u00f3lo consigo mismo y con quienes lo rodean, sino tambi\u00e9n con Dios. Mar\u00eda fue una mujer que cumpli\u00f3 su pacto con Dios, a Quien ella ador\u00f3 con total sumisi\u00f3n. Fue piadosa, casta y devota. La mujer elegida por encima de todas las dem\u00e1s mujeres para ser la madre de Jes\u00fas fue Mar\u00eda, la hija de Imr\u00e1n.<\/span><\/p>\n<p>&nbsp;<\/p>\n<p><span style=\"font-weight: 400;\">Pie de p\u00e1gina:<\/span><\/p>\n<p><span style=\"font-weight: 400;\">[1] Esto se explica en los comentarios como una apertura en su ropa, aunque el mismo vers\u00edculo habla de \u201csu castidad\u201d (es decir, cuid\u00e1ndose a s\u00ed misma de la apertura a los hombres para contraer matrimonio). As\u00ed, Dios insufl\u00f3 en lo que ella hab\u00eda protegido, por medio del \u00e1ngel Gabriel.<\/span><\/p>\n<p><span style=\"font-weight: 400;\">[2] Sheij Ash-Shanqiti en <\/span><i><span style=\"font-weight: 400;\">Adwaa\u2019 al-Bayaan<\/span><\/i><span style=\"font-weight: 400;\">, 4\/264.<\/span><\/p>\n","protected":false},"excerpt":{"rendered":"<p>Puede sorprender a mucha gente descubrir que Mar\u00eda es una de las mujeres m\u00e1s estimadas y respetadas en el Islam y que el Cor\u00e1n le da una gran importancia. Mar\u00eda es el nombre del cap\u00edtulo 19 del Cor\u00e1n, y el Cap\u00edtulo 3 es Aali Imr\u00e1n, en honor a su familia. El Islam mantiene a toda &#8230; <a title=\"Mar\u00eda la madre de Jes\u00fas\" class=\"read-more\" href=\"https:\/\/www.ask-a-muslim.com\/en\/maria-la-madre-de-jesus\/\" aria-label=\"Read more about Mar\u00eda la madre de Jes\u00fas\">Read more<\/a><\/p>\n","protected":false},"author":1,"featured_media":0,"parent":0,"menu_order":0,"comment_status":"closed","ping_status":"open","template":"","meta":{"_uag_custom_page_level_css":"","_monsterinsights_skip_tracking":false,"_monsterinsights_sitenote_active":false,"_monsterinsights_sitenote_note":"","_monsterinsights_sitenote_category":0,"jetpack_post_was_ever_published":false,"footnotes":""},"class_list":["post-1061","page","type-page","status-publish"],"uagb_featured_image_src":{"full":false,"thumbnail":false,"medium":false,"medium_large":false,"large":false,"1536x1536":false,"2048x2048":false,"gform-image-choice-sm":false,"gform-image-choice-md":false,"gform-image-choice-lg":false},"uagb_author_info":{"display_name":"ASKM","author_link":"https:\/\/www.ask-a-muslim.com\/en\/author\/askm\/"},"uagb_comment_info":0,"uagb_excerpt":"Puede sorprender a mucha gente descubrir que Mar\u00eda es una de las mujeres m\u00e1s estimadas y respetadas en el Islam y que el Cor\u00e1n le da una gran importancia. Mar\u00eda es el nombre del cap\u00edtulo 19 del Cor\u00e1n, y el Cap\u00edtulo 3 es Aali Imr\u00e1n, en honor a su familia. El Islam mantiene a toda&hellip;","jetpack_sharing_enabled":true,"jetpack_shortlink":"https:\/\/wp.me\/PcT0IL-h7","jetpack-related-posts":[{"id":1055,"url":"https:\/\/www.ask-a-muslim.com\/en\/muhammad-en-la-biblia\/","url_meta":{"origin":1061,"position":0},"title":"\u00ad\u00adMuhammad en la Biblia","author":"ASKM","date":"10\/06\/2015","format":false,"excerpt":"En este art\u00edculo, descubrir\u00e1s c\u00f3mo el Antiguo y Nuevo Testamento contienen numerosos vers\u00edculos que describen la llegada de un nuevo Profeta. Adem\u00e1s, vers\u00edculos de la Biblia misma que claramente nos mostrar\u00e1 que Muhammad (la paz sea con \u00e9l) es ese profeta. JUAN EL BAUTISTA Y LOS SACERDOTES Seg\u00fan el Nuevo\u2026","rel":"","context":"Similar post","block_context":{"text":"Similar post","link":""},"img":{"alt_text":"","src":"","width":0,"height":0},"classes":[]},{"id":1079,"url":"https:\/\/www.ask-a-muslim.com\/en\/islam-101-es\/","url_meta":{"origin":1061,"position":1},"title":"Islam 101","author":"ASKM","date":"10\/06\/2015","format":false,"excerpt":"Islam, una misericordia y gu\u00eda para la humanidad La palabra \u00e1rabe 'Islam\" significa 'sumisi\u00f3n', y se deriva de una palabra que significa 'paz'. Como tal, la religi\u00f3n del Islam ense\u00f1a que para alcanzar la verdadera paz de conciencia y certeza del coraz\u00f3n, uno debe someterse a Dios y vivir de\u2026","rel":"","context":"Similar post","block_context":{"text":"Similar post","link":""},"img":{"alt_text":"","src":"","width":0,"height":0},"classes":[]},{"id":1075,"url":"https:\/\/www.ask-a-muslim.com\/en\/what-muslim-believe-es\/","url_meta":{"origin":1061,"position":2},"title":"What Do Muslims Believe? ES","author":"ASKM","date":"10\/06\/2015","format":false,"excerpt":"Testimonio de fe para los Musulmanes El mensaje fundamental del Islam es simple: Adorar solamente a Alah (palabra \u00e1rabe que significa Dios). El Cor\u00e1n (la escritura revelada del Islam) declara: \u201cDI: \u201c\u00c9l es el \u00danico Dios: \u201cDios, el Eterno, la Causa Primera de Todo Cuanto Existe. No engendra, ni ha\u2026","rel":"","context":"Similar post","block_context":{"text":"Similar post","link":""},"img":{"alt_text":"","src":"","width":0,"height":0},"classes":[]},{"id":1069,"url":"https:\/\/www.ask-a-muslim.com\/en\/conceptos-erroneos\/","url_meta":{"origin":1061,"position":3},"title":"CONCEPTOS ERRONEOS","author":"ASKM","date":"10\/06\/2015","format":false,"excerpt":"\u00bfAlguna vez te has preguntado por qu\u00e9 una monja puede cubrirse de la cabeza a los pies y ganarse el respeto de la gente por dedicar su vida a Dios, pero, cuando una mujer musulmana se cubre, ella es vista como \u201coprimida\u201d? O te has preguntado \u00bfpor qu\u00e9 un jud\u00edo\u2026","rel":"","context":"Similar post","block_context":{"text":"Similar post","link":""},"img":{"alt_text":"","src":"","width":0,"height":0},"classes":[]},{"id":1071,"url":"https:\/\/www.ask-a-muslim.com\/en\/las-10-preguntas-principales\/","url_meta":{"origin":1061,"position":4},"title":"Las 10 preguntas principales","author":"ASKM","date":"10\/06\/2015","format":false,"excerpt":"A continuaci\u00f3n se presentan las 10 preguntas principales acerca del Islam: 1.\u00bfLos musulmanes adoran a Muhammad, que Dios exalte su menci\u00f3n y lo libre de cualquier cosa despectiva? No. Los musulmanes no adoran Muhammad (que Dios exalte su menci\u00f3n y lo libre de cualquier cosa despectiva) o cualquier otro profeta.\u2026","rel":"","context":"Similar post","block_context":{"text":"Similar post","link":""},"img":{"alt_text":"","src":"","width":0,"height":0},"classes":[]},{"id":1050,"url":"https:\/\/www.ask-a-muslim.com\/en\/evidencia-de-la-profecia-de-muhammad\/","url_meta":{"origin":1061,"position":5},"title":"EVIDENCIA DE LA PROFEC\u00cdA DE MUHAMMAD","author":"ASKM","date":"10\/06\/2015","format":false,"excerpt":"Escrito por Imam Kamil Mufti. La entrega Divina es proporcional a la necesidad humana. Dios facilita la adquisici\u00f3n a medida que la necesidad de los humanos se incrementa. El aire, el agua y la luz del sol son necesarios para la supervivencia del ser humano, y de este modo Dios\u2026","rel":"","context":"Similar post","block_context":{"text":"Similar post","link":""},"img":{"alt_text":"","src":"","width":0,"height":0},"classes":[]}],"_links":{"self":[{"href":"https:\/\/www.ask-a-muslim.com\/en\/wp-json\/wp\/v2\/pages\/1061","targetHints":{"allow":["GET"]}}],"collection":[{"href":"https:\/\/www.ask-a-muslim.com\/en\/wp-json\/wp\/v2\/pages"}],"about":[{"href":"https:\/\/www.ask-a-muslim.com\/en\/wp-json\/wp\/v2\/types\/page"}],"author":[{"embeddable":true,"href":"https:\/\/www.ask-a-muslim.com\/en\/wp-json\/wp\/v2\/users\/1"}],"replies":[{"embeddable":true,"href":"https:\/\/www.ask-a-muslim.com\/en\/wp-json\/wp\/v2\/comments?post=1061"}],"version-history":[{"count":1,"href":"https:\/\/www.ask-a-muslim.com\/en\/wp-json\/wp\/v2\/pages\/1061\/revisions"}],"predecessor-version":[{"id":12410,"href":"https:\/\/www.ask-a-muslim.com\/en\/wp-json\/wp\/v2\/pages\/1061\/revisions\/12410"}],"wp:attachment":[{"href":"https:\/\/www.ask-a-muslim.com\/en\/wp-json\/wp\/v2\/media?parent=1061"}],"curies":[{"name":"wp","href":"https:\/\/api.w.org\/{rel}","templated":true}]}}