{"id":1067,"date":"2015-10-06T06:33:25","date_gmt":"2015-10-06T06:33:25","guid":{"rendered":"http:\/\/www.ask-a-muslim.com\/?page_id=1067"},"modified":"2021-02-24T20:06:24","modified_gmt":"2021-02-25T01:06:24","slug":"la-mujer-en-el-islam","status":"publish","type":"page","link":"https:\/\/www.ask-a-muslim.com\/en\/la-mujer-en-el-islam\/","title":{"rendered":"La mujer en el Islam"},"content":{"rendered":"<p><span style=\"font-weight: 400;\">En la Arabia preisl\u00e1mica hab\u00eda mucha injusticia en contra de las mujeres alrededor del 600 de la era cristiana. Las ni\u00f1as peque\u00f1as eran asesinadas por el simple hecho de ser hembras.<\/span><\/p>\n<p><span style=\"font-weight: 400;\">Las mujeres no ten\u00edan derecho a la educaci\u00f3n ni a la herencia. Tampoco ten\u00edan derecho a escoger su propio esposo. En definitiva, las mujeres eran tratadas como una simple mercanc\u00eda. El mundo estaba necesitado de una gu\u00eda, y esta gu\u00eda vino a trav\u00e9s del Profeta Muhammad (que la paz de Dios sea con \u00e9l). \u00c9l trajo el mensaje del Islam que realmente guiara a hombres y mujeres, es decir, liber\u00f3 a las mujeres y les dio sus derechos y su dignidad.<\/span><\/p>\n<p><span style=\"font-weight: 400;\">Cuando un compa\u00f1ero del Profeta <\/span><span style=\"font-weight: 400;\">(que la paz de Dios sea con \u00e9<\/span><span style=\"font-weight: 400;\">l) entr\u00f3 en una ciudad para difundir el mensaje del Islam, dijo: &#8220;Hemos \u00a0venido a liberar a los humanos de la servidumbre a otros humanos y llevarlos a la servidumbre del Se\u00f1or de los humanos&#8221;. Dentro de esta hermosa declaraci\u00f3n se encuentra un poderoso tesoro y mensaje. Esta es la llave para el fortalecimiento y el \u00fanico camino hacia la liberaci\u00f3n. En el momento que permitimos que cualquier cosa que no sea nuestro Creador (Dios: Al-lah) sea quien defina nuestro \u00e9xito, nuestro fracaso, nuestra felicidad o nuestro valor, hemos entrado en una forma silenciosa, pero destructiva de esclavitud. Esto es debido a que aquello que define tu autoestima, tu \u00e9xito y tu fracaso es lo que te controla. Se convierte en tu maestro.<\/span><\/p>\n<p><span style=\"font-weight: 400;\">El &#8220;maestro&#8221; que ha definido el valor de la mujer ha tomado muchas formas a lo largo de la historia. Uno de los criterios m\u00e1s constantes para la mujer ha sido el est\u00e1ndar de los hombres. Pero olvidamos que Dios ha honrado a la mujer d\u00e1ndole su valor en relaci\u00f3n a s\u00ed misma, no en relaci\u00f3n a los hombres. Sin embargo, el feminismo no tuvo en cuenta a Dios, s\u00f3lo se fij\u00f3 en los hombres. Como resultado las feministas occidentales se vieron obligadas a encontrar su valor imitando a los hombres. Y al hacerlo, acept\u00f3 una suposici\u00f3n incorrecta. Ella asumi\u00f3 que una mujer nunca puede convertirse en un ser humano realizado sino hasta que act\u00fae tal como un hombre.<\/span><\/p>\n<p><span style=\"font-weight: 400;\">Cuando un hombre se cortaba el pelo corto, ella quer\u00eda cortar su pelo corto. Cuando un hombre se un\u00eda al ej\u00e9rcito, ella quer\u00eda unirse al ej\u00e9rcito. Ella quer\u00eda estas cosas por la \u00fanica raz\u00f3n de que ese era el &#8220;est\u00e1ndar&#8221;. Lo que la gente no reconoci\u00f3 fue que Dios dio dignidad y honra tanto a hombres como mujeres en sus correspondientes distinciones, mas no en su igualdad. Cuando aceptamos a los hombres como el modelo a seguir, de inmediato cualquier cosa de \u00edndole plenamente femenino se convierte por definici\u00f3n en algo inferior. Bajo tal deformaci\u00f3n ser sensible es un insulto, ser una madre de tiempo completo se convierte en algo degradante. En la batalla entre el raciocinio estoico (considerado masculino) y la compasi\u00f3n abnegada (considerada femenina), es el raciocinio que ha imperado. <\/span><\/p>\n<p><span style=\"font-weight: 400;\">Tan pronto como las personas aceptaron que todo lo que posee y hace el hombre es mejor, todo lo que sigui\u00f3 fue simplemente una reacci\u00f3n de reflejo: si los hombres lo tienen, tambi\u00e9n nosotras lo queremos. En alg\u00fan lugar a lo largo del camino, la gente acept\u00f3 la noci\u00f3n de que tener una posici\u00f3n de liderazgo mundano es alguna indicaci\u00f3n de la posici\u00f3n ante Dios. Pero una mujer musulmana no necesita degradarse de esta manera. Ella tiene el modelo que Dios da como su est\u00e1ndar. Tiene a Dios para que le d\u00e9 su valor; ella no necesita de un hombre para lograr esto. Dado nuestro privilegio como mujeres, s\u00f3lo nos degradamos a nosotras mismas tratando de ser algo que no somos y, con toda honestidad, no queremos ser \u201cun hombre\u201d. Como mujeres, nunca alcanzaremos la verdadera liberaci\u00f3n hasta que dejemos el tratar de imitar a los hombres y empecemos a valorar la belleza de nuestro propio car\u00e1cter distintivo dado por Dios.<\/span><\/p>\n<p><span style=\"font-weight: 400;\">Y sin embargo, en la sociedad hay otro &#8220;maestro&#8221; predominante que ha definido para las mujeres su valor. \u00a0Y tal es el supuesto est\u00e1ndar de la belleza. Desde la \u00e9poca en que \u00e9ramos ni\u00f1os, a las mujeres le ha sido inculcado un mensaje muy claro por parte de la sociedad. Y ese mensaje es: &#8220;S\u00e9 delgada. S\u00e9 bella. S\u00e9 atractiva. Delo contrario&#8230; no ser\u00e1s nadie\u201d. As\u00ed que a las mujeres les fue dicho que usaran maquillaje y faldas cortas. Se les instruy\u00f3 en sacrificar sus vidas, sus cuerpos y su dignidad por la causa de ser bonitas. Llegaron a creer que sin importar lo que hicieran, que eran dignas solamente si eran bellas y complac\u00edan a los hombres. As\u00ed pasaron sus vidas tratando de ser portada de revista y dieron sus cuerpos a publicistas con el \u00e1nimo de vender. Eran esclavas, pero les dijeron que hab\u00edan logrado la libertad. Fueron tratadas como un objeto, pero juraban que era el \u00e9xito. Esto es porque hab\u00edan empezado a creer que el prop\u00f3sito de la vida era exhibirse y ser bellas para los hombres. Les hicieron creer que sus cuerpos fueron creados para comercializar sus coches, sus restaurantes y sus refrescos. Pero les mintieron. El cuerpo de la mujer y el alma de la mujer, fueron creados para algo m\u00e1s elevado. Un prop\u00f3sito mucho m\u00e1s elevado.<\/span><\/p>\n<p><span style=\"font-weight: 400;\">La imagen de una mujer que se viste en un velo desde la cabeza a los pies, en estos d\u00edas es considera como opresivo. De hecho, cuando una mujer viste un pa\u00f1uelo en la cabeza por su propio libre albedr\u00edo, provoca que su relaci\u00f3n privada con Dios se manifieste de una manera muy p\u00fablica. A diferencia de la oraci\u00f3n, el ayuno o incluso leer el Cor\u00e1n, cuando una mujer musulmana decide cubrirse, de repente ella pone una parte de su religiosidad a la vista. En el Islam, las mujeres son honradas. Pero no es por su relaci\u00f3n hacia los hombres, ni siendo como ellos, ni complaci\u00e9ndoles. El valor de la mujer no se mide por el tama\u00f1o de su cintura ni por el n\u00famero de hombres que atrae. Su valor como ser humano se mide en una escala m\u00e1s alta de rectitud y piedad. Y el prop\u00f3sito en la vida \u2013 a pesar de lo que dicen las revistas de moda, es algo m\u00e1s sublime que el simple hecho de verse atractivas para los hombres. Dios dice en el Cor\u00e1n:<\/span><\/p>\n<p><span style=\"font-weight: 400;\">\u201cRealmente, el m\u00e1s noble de vosotros ante Dios es aquel que es m\u00e1s profundamente consciente de \u00c9l.\u201d [Cor\u00e1n 49:13].<\/span><\/p>\n<p><span style=\"font-weight: 400;\">El Islam ense\u00f1a que las mujeres son alma, mente, siervas de Dios. Y que su valor es definido por la belleza de ese alma, ese coraz\u00f3n, ese car\u00e1cter moral. La sumisi\u00f3n de un musulm\u00e1n es algo m\u00e1s elevado. Las mujeres musulmanas han sido liberadas de la esclavitud del eslab\u00f3n del modelo impuesto por la sociedad en cuanto a belleza o moda que intenta definir nuestro valor. No necesitamos convertirnos simplemente en hombres para ser honradas. Nuestro valor, nuestro honor, nuestra salvaci\u00f3n y nuestra realizaci\u00f3n no yace en convertirnos en esclavas de otro esclavo. Nuestra posici\u00f3n elevada se logra convirti\u00e9ndonos en siervas del Creador de todos los siervos. <\/span><\/p>\n","protected":false},"excerpt":{"rendered":"<p>En la Arabia preisl\u00e1mica hab\u00eda mucha injusticia en contra de las mujeres alrededor del 600 de la era cristiana. Las ni\u00f1as peque\u00f1as eran asesinadas por el simple hecho de ser hembras. Las mujeres no ten\u00edan derecho a la educaci\u00f3n ni a la herencia. Tampoco ten\u00edan derecho a escoger su propio esposo. En definitiva, las mujeres &#8230; <a title=\"La mujer en el Islam\" class=\"read-more\" href=\"https:\/\/www.ask-a-muslim.com\/en\/la-mujer-en-el-islam\/\" aria-label=\"Read more about La mujer en el Islam\">Read more<\/a><\/p>\n","protected":false},"author":1,"featured_media":42,"parent":0,"menu_order":0,"comment_status":"closed","ping_status":"open","template":"","meta":{"_uag_custom_page_level_css":"","_monsterinsights_skip_tracking":false,"_monsterinsights_sitenote_active":false,"_monsterinsights_sitenote_note":"","_monsterinsights_sitenote_category":0,"footnotes":""},"class_list":["post-1067","page","type-page","status-publish","has-post-thumbnail"],"uagb_featured_image_src":{"full":false,"thumbnail":false,"medium":false,"medium_large":false,"large":false,"1536x1536":false,"2048x2048":false,"gform-image-choice-sm":false,"gform-image-choice-md":false,"gform-image-choice-lg":false},"uagb_author_info":{"display_name":"ASKM","author_link":"https:\/\/www.ask-a-muslim.com\/en\/author\/askm\/"},"uagb_comment_info":0,"uagb_excerpt":"En la Arabia preisl\u00e1mica hab\u00eda mucha injusticia en contra de las mujeres alrededor del 600 de la era cristiana. Las ni\u00f1as peque\u00f1as eran asesinadas por el simple hecho de ser hembras. Las mujeres no ten\u00edan derecho a la educaci\u00f3n ni a la herencia. Tampoco ten\u00edan derecho a escoger su propio esposo. En definitiva, las mujeres&hellip;","jetpack_sharing_enabled":true,"jetpack_shortlink":"https:\/\/wp.me\/PcT0IL-hd","jetpack-related-posts":[{"id":7182,"url":"https:\/\/www.ask-a-muslim.com\/de\/zuhause\/","url_meta":{"origin":1067,"position":0},"title":"Zuhause","author":"Site Admin","date":"06\/11\/2020","format":false,"excerpt":"LERNEN SIE DEN ISLAM DIREKT VON EINEM MUSLIM EMPFOHLENER ARTIKEL BEREIT, MUSLIM ZU WERDEN?Muslim zu werden ist ein einfacher und einfacher Prozess. Alles, was eine Person tun muss, ist einen Satz zu sagen, der als Zeugnis des Glaubens (Shahada) bezeichnet wird. Sobald eine Person das Zeugnis des Glaubens (Shahada) mit\u2026","rel":"","context":"Similar post","block_context":{"text":"Similar post","link":""},"img":{"alt_text":"","src":"","width":0,"height":0},"classes":[]}],"_links":{"self":[{"href":"https:\/\/www.ask-a-muslim.com\/en\/wp-json\/wp\/v2\/pages\/1067","targetHints":{"allow":["GET"]}}],"collection":[{"href":"https:\/\/www.ask-a-muslim.com\/en\/wp-json\/wp\/v2\/pages"}],"about":[{"href":"https:\/\/www.ask-a-muslim.com\/en\/wp-json\/wp\/v2\/types\/page"}],"author":[{"embeddable":true,"href":"https:\/\/www.ask-a-muslim.com\/en\/wp-json\/wp\/v2\/users\/1"}],"replies":[{"embeddable":true,"href":"https:\/\/www.ask-a-muslim.com\/en\/wp-json\/wp\/v2\/comments?post=1067"}],"version-history":[{"count":1,"href":"https:\/\/www.ask-a-muslim.com\/en\/wp-json\/wp\/v2\/pages\/1067\/revisions"}],"predecessor-version":[{"id":12408,"href":"https:\/\/www.ask-a-muslim.com\/en\/wp-json\/wp\/v2\/pages\/1067\/revisions\/12408"}],"wp:featuredmedia":[{"embeddable":true,"href":"https:\/\/www.ask-a-muslim.com\/en\/wp-json\/"}],"wp:attachment":[{"href":"https:\/\/www.ask-a-muslim.com\/en\/wp-json\/wp\/v2\/media?parent=1067"}],"curies":[{"name":"wp","href":"https:\/\/api.w.org\/{rel}","templated":true}]}}