{"id":1069,"date":"2015-10-06T06:34:07","date_gmt":"2015-10-06T06:34:07","guid":{"rendered":"http:\/\/www.ask-a-muslim.com\/?page_id=1069"},"modified":"2021-02-24T20:06:11","modified_gmt":"2021-02-25T01:06:11","slug":"conceptos-erroneos","status":"publish","type":"page","link":"https:\/\/www.ask-a-muslim.com\/en\/conceptos-erroneos\/","title":{"rendered":"CONCEPTOS ERRONEOS"},"content":{"rendered":"<p><span style=\"font-weight: 400;\">\u00bfAlguna vez te has preguntado por qu\u00e9 una monja puede cubrirse de la cabeza a los pies y ganarse el respeto de la gente por dedicar su vida a Dios, pero, cuando una mujer musulmana se cubre, ella es vista como \u201coprimida\u201d? O te has preguntado \u00bfpor qu\u00e9 un jud\u00edo puede dejar crecer su barba y es visto como alguien que simplemente practica su fe, sin embargo, cuando un Musulm\u00e1n lo hace, es un \u201cextremista\u201d?<\/span><span style=\"font-weight: 400;\"><\/p>\n<p><\/span><\/p>\n<p><span style=\"font-weight: 400;\">Las personas en el mundo occidental parecen tener muchos conceptos err\u00f3neos sobre los Musulmanes y el Islam. Muchos creen que el mundo occidental es avanzado, iluminado y libre, mientras el Islam es todo lo contrario: primitivo, ignorante y opresivo. Uno de los motivos de esta creencia es que los medios de comunicaci\u00f3n han retratado una y otra vez a los Musulmanes de una forma muy contraria a las ense\u00f1anzas del Islam.<\/span><\/p>\n<p><span style=\"font-weight: 400;\">La clave para entender al Islam y a los Musulmanes es resistirse a los estereotipos y examinar cada situaci\u00f3n de acuerdo a las ense\u00f1as del Islam y NO seg\u00fan las acciones de algunos Musulmanes. Por dicha raz\u00f3n, sentimos que es nuestra obligaci\u00f3n abordar estos falsos conceptos comunes.<\/span><span style=\"font-weight: 400;\"><\/p>\n<p><\/span><\/p>\n<p><b>\u00bfES EL HIJAB OPRESIVO?<\/b><b><\/p>\n<p><\/b><\/p>\n<p><b>concepto err\u00f3neo \u00a0#1<\/b><\/p>\n<p>&nbsp;<\/p>\n<p><span style=\"font-weight: 400;\">Entonces, \u00bfqu\u00e9 es exactamente el hijab? Para observar el hijab, se requiere que las mujeres Musulmanas cubran su cuerpo con ropa modesta que no muestre su figura antes varones extra\u00f1os. Sin embargo, el hijab no es solo sobre su apariencia exterior; es tambi\u00e9n sobre nobleza al hablar, modestia, dignidad y conducta adecuada. Est\u00e1 de m\u00e1s decir que dicha forma de comportarse es tambi\u00e9n requerida de los hombres. No hay nada en el hijab que restrinja la libertad de una mujer de expresar sus opiniones, de adquirir propiedades, de tener una educaci\u00f3n y una carrera profesional, ni tampoco le quita la libertad de elegir a su esposo.<\/span><span style=\"font-weight: 400;\"><\/p>\n<p><\/span><\/p>\n<p><span style=\"font-weight: 400;\">El hijab es un acto de honor y dignidad, empoderamiento y garant\u00eda que la mujer ser\u00e1 juzgada por su belleza interior m\u00e1s que por su apariencia exterior. El hijab libera y eleva la posici\u00f3n de la Mujer y demanda que ella sea respetada acorde a su inteligencia y no por su sexualidad. El motivo por el cual las mujeres Musulmanas se visten con el hijab es simplemente porque Allah (Dios) hizo que esto sea un acto de adoraci\u00f3n obligatoria hacia \u00c9l, y Allah sabe lo que es mejor para su creaci\u00f3n. El Hijab le da a las mujeres la capacidad de ser miembros activos de la sociedad mientras mantienen su modestia. El hijab es para el p\u00fablico ya que la mujer no tiene que usarlo estando en la casa con su familia.<\/span><span style=\"font-weight: 400;\"><\/p>\n<p><\/span><\/p>\n<p><span style=\"font-weight: 400;\">El hijab no simboliza supresi\u00f3n, opresi\u00f3n ni silencio. M\u00e1s bien es una protecci\u00f3n ante comentarios degradantes, acercamientos no deseados y discriminaciones injustas. \u00a1De todos los conversos al Islam, 75% son mujeres! \u00bfEntrar\u00edas t\u00fa a una religi\u00f3n que te oprime? Entonces la pr\u00f3xima vez que veas a una mujer Musulmana, debes saber que ella cubre su apariencia f\u00edsica, no su mente o intelecto.<\/span><\/p>\n<p><b>\u201c\u00a1Profeta! Di a tus esposas e hijas y a las mujeres de los creyentes que se cubran desde arriba con sus vestidos. Esto es lo m\u00e1s adecuado para que se las reconozca y no se las ofenda. Allah es Perdonador, Compasivo\u201d El Noble Cor\u00e1n 33:59<\/b><\/p>\n<p><b>EL ISLAM OPRIME A LA MUJER<\/b><b><\/p>\n<p><\/b><\/p>\n<p><b>concepto err\u00f3neo \u00a0#2<\/b><\/p>\n<p><span style=\"font-weight: 400;\">Uno de los errores m\u00e1s inquietantes es la imagen negativa de la mujer en el Islam: que el Islam degrada y oprime a las mujeres. De acuerdo con las ense\u00f1anzas del Islam, la \u00fanica cosa que distingue a la gente ante los ojos de Dios es su nivel de piedad.<\/span><span style=\"font-weight: 400;\"><\/p>\n<p><\/span><\/p>\n<p><b>\u201cY en verdad que el m\u00e1s noble de vosotros ante Allah es el que m\u00e1s le teme\u201d El Noble Cor\u00e1n 49:13<\/b><b><\/p>\n<p><\/b><\/p>\n<p><span style=\"font-weight: 400;\">Este vers\u00edculo demuestra que el honor y el estatus no se alcanza porque una persona sea rica o pobre, blanca o negra, hombre o mujer, sino que m\u00e1s bien se alcanza a trav\u00e9s de la piedad y devoci\u00f3n. Por lo tanto, no es ninguna sorpresa saber que por cada hombre converso al Islam, se convierten cuatro mujeres. Algunas de las razones para esta abrumadora tasa de conversi\u00f3n femenina son los siguientes derechos consagrados en el Islam:<\/span><span style=\"font-weight: 400;\"><\/p>\n<p><\/span><\/p>\n<ul>\n<li><span style=\"font-weight: 400;\"> control total de su riqueza;<\/span><span style=\"font-weight: 400;\">\n<p><\/span><\/li>\n<li><span style=\"font-weight: 400;\"> elegir a su c\u00f3nyuge;<\/span><span style=\"font-weight: 400;\">\n<p><\/span><\/li>\n<li><span style=\"font-weight: 400;\"> mantener su propio apellido al casarse;<\/span><span style=\"font-weight: 400;\">\n<p><\/span><\/li>\n<li><span style=\"font-weight: 400;\">ser due\u00f1a de propiedades, manejar un negocio, estudiar y recibir igual salario por trabajo igual;<\/span><span style=\"font-weight: 400;\">\n<p><\/span><\/li>\n<li><span style=\"font-weight: 400;\"> heredar bienes y poder disolver su matrimonio en caso de negligencia o maltrato;<\/span><span style=\"font-weight: 400;\">\n<p><\/span><\/li>\n<li><span style=\"font-weight: 400;\"> participar en todas las formas de culto en los que los hombres participan.<\/span><span style=\"font-weight: 400;\">\n<p><\/span><\/li>\n<\/ul>\n<p><span style=\"font-weight: 400;\">El Islam garantiza estos derechos, entre muchos otros, a las mujeres desde hace m\u00e1s de 1400 a\u00f1os \u2014 derechos que las mujeres en el mundo occidental a\u00fan buscan conseguir.<\/span><span style=\"font-weight: 400;\"><\/p>\n<p><\/span><\/p>\n<p><b>\u201c<\/b><b>A quien haya obrado con rectitud sea var\u00f3n o hembra, siendo creyente, le haremos vivir una buena vida y le daremos la recompensa que le corresponda por lo mejor que haya hecho\u201d \u00a0El Noble Cor\u00e1n 16:97<\/b><b><\/p>\n<p><\/b><\/p>\n<p><span style=\"font-weight: 400;\">Sin duda, hay mujeres musulmanas que son oprimidas y que no se les dan sus derechos. Sin embargo, esto no es culpa del Islam. El problema es que en muchos lugares del mundo, la cultura y las tradiciones han llegado a eclipsar las ense\u00f1anzas del Islam, ya sea por ignorancia o pr\u00e1cticas culturales nocivas.<\/span><span style=\"font-weight: 400;\"><\/p>\n<p><\/span><\/p>\n<p><span style=\"font-weight: 400;\">As\u00ed como el Islam consagra los derechos de las mujeres, tambi\u00e9n reconoce el hecho de que los hombres y las mujeres no son id\u00e9nticos. Allah dice:<\/span><span style=\"font-weight: 400;\"><br \/>\n<\/span><span style=\"font-weight: 400;\"><br \/>\n<\/span><b>&#8220;Y el var\u00f3n no es como la mujer &#8230;&#8221; El Noble Cor\u00e1n 03:36<\/b><b><\/p>\n<p><\/b><\/p>\n<p><span style=\"font-weight: 400;\">Por lo tanto, el Islam ha ordenado diferentes roles para hombres y mujeres para reflejar este hecho indiscutible. A las mujeres se les ha concedido el honor y la gran responsabilidad de cuidar de la familia y el hogar. Mientras que a los hombres se les ha dado la responsabilidad de proporcionar apoyo financiero, la seguridad y el mantenimiento de la familia y el hogar.<\/span><span style=\"font-weight: 400;\"><\/p>\n<p><\/span><\/p>\n<p><span style=\"font-weight: 400;\">En conclusi\u00f3n, la posici\u00f3n noble de las mujeres en el Islam se puede resumir en el siguiente dicho del Profeta Muhammad (la paz sea con \u00e9l):<\/span><span style=\"font-weight: 400;\"><\/p>\n<p><\/span><\/p>\n<p><b><i>&#8220;El mundo y todas las cosas en el mundo son preciosas, pero lo m\u00e1s precioso en el mundo es una mujer virtuosa.&#8221;<\/i><\/b><b><i><\/p>\n<p><\/i><\/b><\/p>\n<p><b>LOS MUSULMANES ADORAN A UN NUEVO DIOS LLAMADO ALLAH<\/b><b><\/p>\n<p><\/b><\/p>\n<p><b>concepto err\u00f3neo \u00a0#3<\/b><\/p>\n<p><span style=\"font-weight: 400;\">Algunos no musulmanes incorrectamente creen que los musulmanes adoran a un Dios diferente al de jud\u00edos y cristianos. Esto podr\u00eda ser debido al hecho de que los musulmanes a veces se refieren a Dios como &#8220;Allah&#8221;. En la actualidad, los musulmanes adoran al Dios de No\u00e9, Abraham, Mois\u00e9s y Jes\u00fas. La palabra &#8220;Allah&#8221; es simplemente la palabra \u00e1rabe para Dios Todopoderoso \u2014 una palabra \u00e1rabe de rico significado que denota al uno y \u00fanico Dios. Allah es tambi\u00e9n la misma palabra que los cristianos y jud\u00edos \u00e1rabes usan para referirse a Dios. Si t\u00fa tomas una traducci\u00f3n \u00e1rabe de la Biblia cristiana, ver\u00e1s la palabra &#8220;Allah&#8221; donde se utiliza &#8220;Dios&#8221; en espa\u00f1ol.<\/span><span style=\"font-weight: 400;\"><\/p>\n<p><\/span><\/p>\n<p><span style=\"font-weight: 400;\">Sin embargo, aunque los musulmanes, jud\u00edos y cristianos creen en el mismo Dios (El Creador), sus conceptos sobre \u00c9l difieren significativamente. Por ejemplo, los Musulmanes rechazan la idea de que Dios tenga asociados o sea parte de una &#8220;trinidad&#8221;, atribuyen la perfecci\u00f3n \u00fanicamente al Todopoderoso.<\/span><\/p>\n<p><b>EL ISLAM PERMITE EL TERRORISMO<\/b><b><\/p>\n<p><\/b><\/p>\n<p><b>concepto err\u00f3neo # 4<\/b><\/p>\n<p><span style=\"font-weight: 400;\">Este es quiz\u00e1s el mayor error sobre el Islam, especialmente teniendo en cuenta los estereotipos constantes de los medios de comunicaci\u00f3n. Los medios de comunicaci\u00f3n retratan como terrorista a cualquier musulm\u00e1n que lucha sin importar si lucha por una causa justa o no, o si est\u00e1n oprimiendo a otros o est\u00e1n siendo oprimidos. As\u00ed que la pregunta que viene a la mente es: \u00bfAlienta el Islam el terrorismo? \u00a1Ciertamente no! El Islam proh\u00edbe totalmente y condena los actos equivocados de insurgentes contra civiles inocentes.<\/span><span style=\"font-weight: 400;\"><\/p>\n<p><\/span><\/p>\n<p><span style=\"font-weight: 400;\">Por supuesto, el Islam no permanece en silencio frente a la opresi\u00f3n, la injusticia y la humillaci\u00f3n. Cualquier religi\u00f3n o civilizaci\u00f3n que haga eso nunca sobrevivir\u00e1 \u2014 pero, ciertamente no aprueba los ataques contra hombres indefensos, mujeres y ni\u00f1os.<\/span><span style=\"font-weight: 400;\"><\/p>\n<p><\/span><\/p>\n<p><span style=\"font-weight: 400;\">Allah dice: <\/span><b>&#8221; Y combatid en el camino de Allah a quienes os combatan a vosotros pero no os propas\u00e9is; es cierto que Allah no ama a los que se exceden\u201d El Noble Cor\u00e1n 2: 190<\/b><b><\/p>\n<p><\/b><\/p>\n<p><span style=\"font-weight: 400;\">Incluso en tiempos de guerra, el Islam establece normas estrictas. Por ejemplo, a un musulm\u00e1n no se le permite hacer da\u00f1o o matar a los que tienen tratado de paz con los musulmanes, tampoco a los no combatientes, a las mujeres, a los menores de edad, a los sirvientes, a los ciegos, a los monjes, a los ancianos, a las personas f\u00edsicamente incapaces de luchar y a los enfermos mentales. De hecho, a los musulmanes no se les permite da\u00f1ar los cultivos y la vegetaci\u00f3n en tiempos de guerra \u00a1Esta \u00e9tica noble era, y sigue siendo, algo inaudito en cualquier ej\u00e9rcito!<\/span><span style=\"font-weight: 400;\"><\/p>\n<p><\/span><\/p>\n<p><span style=\"font-weight: 400;\">El Cor\u00e1n demuestra claramente la gravedad de matar a una persona inocente y hace hincapi\u00e9 en el valor de la vida humana. Al mismo tiempo, instruye a los musulmanes a tratar a las personas de otras religiones con amabilidad.<\/span><span style=\"font-weight: 400;\"><\/p>\n<p><\/span><\/p>\n<p><b>\u201cQuien matara a alguien, ser\u00eda como haber matado a la humanidad entera. Y quien lo salvara, ser\u00eda como haber salvado a la humanidad entera\u201d \u00a0El Noble Cor\u00e1n 5:32<\/b><b><\/p>\n<p><\/b><\/p>\n<p><b>\u201cAllah no os proh\u00edbe que trat\u00e9is bien y con justicia a los que no os hayan combatido a causa de vuestra creencia ni os hayan hecho abandonar vuestros hogares. Es cierto que Allah ama a los equitativos\u201d El Noble Cor\u00e1n 60:8<\/b><b><\/p>\n<p><\/b><\/p>\n<p><span style=\"font-weight: 400;\">\u00bfC\u00f3mo, despu\u00e9s de leer estos claros vers\u00edculos del Cor\u00e1n, el Islam puede ser culpado por lo que cometen los terroristas?<\/span><span style=\"font-weight: 400;\"><\/p>\n<p><\/span><\/p>\n<p><b>CONCLUSI\u00d3N<\/b><b><\/p>\n<p><\/b><\/p>\n<p><span style=\"font-weight: 400;\">Se han cometido muchos intentos para retratar al Islam como una religi\u00f3n que es extra\u00f1a y ajena a los instintos y valores normales de las personas. Al decidir sobre qu\u00e9 pensar sobre el Islam, recuerda esto:<\/span><span style=\"font-weight: 400;\"><\/p>\n<p><\/span><\/p>\n<ul>\n<li><span style=\"font-weight: 400;\"> \u00bfQui\u00e9n se beneficia de la perpetuaci\u00f3n de tales ideas falsas y mentiras?<\/span><span style=\"font-weight: 400;\">\n<p><\/span><\/li>\n<li><span style=\"font-weight: 400;\"> \u00bfHas investigado sobre el Islam por ti mismo, a diferencia de lo que has o\u00eddo de los dem\u00e1s y los medios de comunicaci\u00f3n?<\/span><span style=\"font-weight: 400;\">\n<p><\/span><\/li>\n<li><span style=\"font-weight: 400;\"> \u00bfMillones de personas en todo el mundo abrazar\u00edan el Islam si fuera una manera dura e inhumana de vivir la vida?<\/span><\/li>\n<\/ul>\n","protected":false},"excerpt":{"rendered":"<p>\u00bfAlguna vez te has preguntado por qu\u00e9 una monja puede cubrirse de la cabeza a los pies y ganarse el respeto de la gente por dedicar su vida a Dios, pero, cuando una mujer musulmana se cubre, ella es vista como \u201coprimida\u201d? O te has preguntado \u00bfpor qu\u00e9 un jud\u00edo puede dejar crecer su barba &#8230; <a title=\"CONCEPTOS ERRONEOS\" class=\"read-more\" href=\"https:\/\/www.ask-a-muslim.com\/en\/conceptos-erroneos\/\" aria-label=\"Read more about CONCEPTOS ERRONEOS\">Read more<\/a><\/p>\n","protected":false},"author":1,"featured_media":48,"parent":0,"menu_order":0,"comment_status":"closed","ping_status":"open","template":"","meta":{"_uag_custom_page_level_css":"","_monsterinsights_skip_tracking":false,"_monsterinsights_sitenote_active":false,"_monsterinsights_sitenote_note":"","_monsterinsights_sitenote_category":0,"footnotes":""},"class_list":["post-1069","page","type-page","status-publish","has-post-thumbnail"],"uagb_featured_image_src":{"full":false,"thumbnail":false,"medium":false,"medium_large":false,"large":false,"1536x1536":false,"2048x2048":false,"gform-image-choice-sm":false,"gform-image-choice-md":false,"gform-image-choice-lg":false},"uagb_author_info":{"display_name":"ASKM","author_link":"https:\/\/www.ask-a-muslim.com\/en\/author\/askm\/"},"uagb_comment_info":0,"uagb_excerpt":"\u00bfAlguna vez te has preguntado por qu\u00e9 una monja puede cubrirse de la cabeza a los pies y ganarse el respeto de la gente por dedicar su vida a Dios, pero, cuando una mujer musulmana se cubre, ella es vista como \u201coprimida\u201d? O te has preguntado \u00bfpor qu\u00e9 un jud\u00edo puede dejar crecer su barba&hellip;","jetpack_sharing_enabled":true,"jetpack_shortlink":"https:\/\/wp.me\/PcT0IL-hf","jetpack-related-posts":[{"id":1073,"url":"https:\/\/www.ask-a-muslim.com\/en\/how-to-become-a-mulslim-es\/","url_meta":{"origin":1069,"position":0},"title":"How to become a mulslim ES","author":"ASKM","date":"10\/06\/2015","format":false,"excerpt":"Beneficios De Convertirse Al Islam Hay muchos beneficios en la conversi\u00f3n al Islam. Algunos de ellos son: \u00a0 Formas una relaci\u00f3n personal y directa con Dios al adorarlo solo a \u00c9l, sin la necesidad de intermediarios. T\u00fa sientes esta relaci\u00f3n personal y eres consciente de que Dios lo sabe todo\u2026","rel":"","context":"Similar post","block_context":{"text":"Similar post","link":""},"img":{"alt_text":"","src":"","width":0,"height":0},"classes":[]},{"id":1071,"url":"https:\/\/www.ask-a-muslim.com\/en\/las-10-preguntas-principales\/","url_meta":{"origin":1069,"position":1},"title":"Las 10 preguntas principales","author":"ASKM","date":"10\/06\/2015","format":false,"excerpt":"A continuaci\u00f3n se presentan las 10 preguntas principales acerca del Islam: 1.\u00bfLos musulmanes adoran a Muhammad, que Dios exalte su menci\u00f3n y lo libre de cualquier cosa despectiva? No. Los musulmanes no adoran Muhammad (que Dios exalte su menci\u00f3n y lo libre de cualquier cosa despectiva) o cualquier otro profeta.\u2026","rel":"","context":"Similar post","block_context":{"text":"Similar post","link":""},"img":{"alt_text":"","src":"","width":0,"height":0},"classes":[]},{"id":1075,"url":"https:\/\/www.ask-a-muslim.com\/en\/what-muslim-believe-es\/","url_meta":{"origin":1069,"position":2},"title":"What Do Muslims Believe? ES","author":"ASKM","date":"10\/06\/2015","format":false,"excerpt":"Testimonio de fe para los Musulmanes El mensaje fundamental del Islam es simple: Adorar solamente a Alah (palabra \u00e1rabe que significa Dios). El Cor\u00e1n (la escritura revelada del Islam) declara: \u201cDI: \u201c\u00c9l es el \u00danico Dios: \u201cDios, el Eterno, la Causa Primera de Todo Cuanto Existe. No engendra, ni ha\u2026","rel":"","context":"Similar post","block_context":{"text":"Similar post","link":""},"img":{"alt_text":"","src":"","width":0,"height":0},"classes":[]},{"id":1067,"url":"https:\/\/www.ask-a-muslim.com\/en\/la-mujer-en-el-islam\/","url_meta":{"origin":1069,"position":3},"title":"La mujer en el Islam","author":"ASKM","date":"10\/06\/2015","format":false,"excerpt":"En la Arabia preisl\u00e1mica hab\u00eda mucha injusticia en contra de las mujeres alrededor del 600 de la era cristiana. Las ni\u00f1as peque\u00f1as eran asesinadas por el simple hecho de ser hembras. Las mujeres no ten\u00edan derecho a la educaci\u00f3n ni a la herencia. Tampoco ten\u00edan derecho a escoger su propio\u2026","rel":"","context":"Similar post","block_context":{"text":"Similar post","link":""},"img":{"alt_text":"","src":"","width":0,"height":0},"classes":[]},{"id":1059,"url":"https:\/\/www.ask-a-muslim.com\/en\/el-verdadero-mensaje-de-jesus\/","url_meta":{"origin":1069,"position":4},"title":"El verdadero mensaje de Jes\u00fas","author":"ASKM","date":"10\/06\/2015","format":false,"excerpt":"EL MENSAJE \u00a0 El segundo asunto, 'El Mensaje de Jes\u00fas', es por quiz\u00e1 el punto m\u00e1s importante a considerar. As\u00ed, si Jes\u00fas no fue Dios encarnado, pero s\u00ed un profeta del Dios, el mensaje que \u00e9l trajo de Dios es la esencia de su misi\u00f3n. \u00a0 Sumisi\u00f3n \u00a0 La base\u2026","rel":"","context":"Similar post","block_context":{"text":"Similar post","link":""},"img":{"alt_text":"","src":"","width":0,"height":0},"classes":[]},{"id":1052,"url":"https:\/\/www.ask-a-muslim.com\/en\/muhammad-que-la-paz-sea-sobre-el-el-ultimo-profeta-de-dios\/","url_meta":{"origin":1069,"position":5},"title":"Muhammad (que la paz sea sobre \u00e9l): El \u00daltimo Profeta De Dios","author":"ASKM","date":"10\/06\/2015","format":false,"excerpt":"Muhammad, el \u00faltimo Profeta del Islam, es ampliamente considerado como uno de los hombre m\u00e1s influyentes de la historia. Hoy d\u00eda, casi un cuarto de la poblaci\u00f3n mundial sigue el mensaje que \u00e9l comparti\u00f3. A pesar de la influencia duradera de Muhammad, muchos conceptos err\u00f3neos contin\u00faan a alrededor de su\u2026","rel":"","context":"Similar post","block_context":{"text":"Similar post","link":""},"img":{"alt_text":"","src":"","width":0,"height":0},"classes":[]}],"_links":{"self":[{"href":"https:\/\/www.ask-a-muslim.com\/en\/wp-json\/wp\/v2\/pages\/1069","targetHints":{"allow":["GET"]}}],"collection":[{"href":"https:\/\/www.ask-a-muslim.com\/en\/wp-json\/wp\/v2\/pages"}],"about":[{"href":"https:\/\/www.ask-a-muslim.com\/en\/wp-json\/wp\/v2\/types\/page"}],"author":[{"embeddable":true,"href":"https:\/\/www.ask-a-muslim.com\/en\/wp-json\/wp\/v2\/users\/1"}],"replies":[{"embeddable":true,"href":"https:\/\/www.ask-a-muslim.com\/en\/wp-json\/wp\/v2\/comments?post=1069"}],"version-history":[{"count":1,"href":"https:\/\/www.ask-a-muslim.com\/en\/wp-json\/wp\/v2\/pages\/1069\/revisions"}],"predecessor-version":[{"id":12396,"href":"https:\/\/www.ask-a-muslim.com\/en\/wp-json\/wp\/v2\/pages\/1069\/revisions\/12396"}],"wp:featuredmedia":[{"embeddable":true,"href":"https:\/\/www.ask-a-muslim.com\/en\/wp-json\/"}],"wp:attachment":[{"href":"https:\/\/www.ask-a-muslim.com\/en\/wp-json\/wp\/v2\/media?parent=1069"}],"curies":[{"name":"wp","href":"https:\/\/api.w.org\/{rel}","templated":true}]}}