{"id":1073,"date":"2015-10-06T06:36:05","date_gmt":"2015-10-06T06:36:05","guid":{"rendered":"http:\/\/www.ask-a-muslim.com\/?page_id=1073"},"modified":"2021-02-24T20:06:59","modified_gmt":"2021-02-25T01:06:59","slug":"how-to-become-a-mulslim-es","status":"publish","type":"page","link":"https:\/\/www.ask-a-muslim.com\/en\/how-to-become-a-mulslim-es\/","title":{"rendered":"How to become a mulslim ES"},"content":{"rendered":"<h4>Beneficios De Convertirse Al Islam<\/h4>\n<p><span style=\"font-weight: 400;\">Hay muchos beneficios en la conversi\u00f3n al Islam. Algunos de ellos son:<\/span><\/p>\n<p>&nbsp;<\/p>\n<ul>\n<li><span style=\"font-weight: 400;\">Formas una relaci\u00f3n personal y directa con Dios al adorarlo solo a \u00c9l, sin la necesidad de intermediarios. T\u00fa sientes esta relaci\u00f3n personal y eres consciente de que Dios lo sabe todo y est\u00e1 siempre ah\u00ed para ayudarte.<\/span><\/li>\n<li><span style=\"font-weight: 400;\"> Cumples con el verdadero prop\u00f3sito de tu vida, que es reconocer a Dios y seguir Sus mandamientos.<\/span><\/li>\n<li><span style=\"font-weight: 400;\"> Recibes una luz que te gu\u00eda durante toda tu vida. La religi\u00f3n del Islam tiene respuestas a todas las situaciones, y siempre sabr\u00e1s los pasos correctos a tomar en todos los aspectos de tu vida.<\/span><\/li>\n<li><span style=\"font-weight: 400;\"> Encuentras felicidad y tranquilidad verdadera y paz interior.<\/span><\/li>\n<li><span style=\"font-weight: 400;\"> Al convertirte al Islam, todos tus pecados anteriores te son perdonados, y comienzas una vida nueva de piedad y rectitud. Y como musulm\u00e1n(a), siempre que cometas un error, puedes arrepentirte ante Dios, Quien perdona los pecados de todo aquel que se arrepiente con sinceridad ante \u00c9l. No hay intermediarios ni seres creados ante quienes debas confesarte.<\/span><\/li>\n<li><span style=\"font-weight: 400;\"> Logras salvarte del Infierno, del que todos los profetas han advertido.<\/span><\/li>\n<li><span style=\"font-weight: 400;\"> La promesa de Dios del Para\u00edso eterno (el Cielo) como recompensa. Aquellos que sean bendecidos con el Para\u00edso vivir\u00e1n eternamente en la felicidad plena sin ning\u00fan tipo de enfermedad, dolor ni tristeza. Dios estar\u00e1 complacido con ellos y ellos estar\u00e1n complacidos con \u00c9l. Incluso la persona de menor rango entre los habitantes del Para\u00edso tendr\u00e1 diez veces el equivalente a lo mejor de este mundo y recibir\u00e1 cuanto desee. De hecho, en el Para\u00edso hay cosas que ning\u00fan ojo ha visto ni o\u00eddo escuchado, y que ninguna mente humana ha imaginado. Ser\u00e1 una vida real, no solamente espiritual, sino f\u00edsica tambi\u00e9n.<\/span><\/li>\n<\/ul>\n<p>&nbsp;<\/p>\n<p><b>C\u00f3mo Convertirse Al Islam &#8211; El Testimonio De Fe (Shahada)<\/b><\/p>\n<p>&nbsp;<\/p>\n<p><span style=\"font-weight: 400;\">Hacerte musulm\u00e1n o musulmana es un proceso sencillo y f\u00e1cil. Todo lo que debes hacer es decir una frase denominada \u201cTestimonio de Fe\u201d (Shahada). La Shahada se pronuncia as\u00ed:<\/span><\/p>\n<p>&nbsp;<\/p>\n<p><span style=\"font-weight: 400;\">Doy testimonio que: \u201cla ilaja il-la Al-l\u00e1h, Muham-madan Ras\u00fal Al-l\u00e1h\u201d.<\/span><\/p>\n<p>&nbsp;<\/p>\n<p><span style=\"font-weight: 400;\">Estas palabras en \u00e1rabe significan, \u201cNo existe otra deidad excepto Allah, y Muhammad es el Mensajero de Dios\u201d Una vez que dices el Testimonio de Fe (Shahada) con convicci\u00f3n y comprensi\u00f3n de \u00a0su significado, te conviertes en musulm\u00e1n(a).<\/span><\/p>\n<p>&nbsp;<\/p>\n<p><span style=\"font-weight: 400;\">La primera parte, \u201cNo existe verdadera deidad excepto Al-l\u00e1h\u201d, significa que nadie tiene el derecho de ser adorado sino solo Dios, y que Dios no tiene ni socio ni hijo. La segunda parte significa que Muhammad fue un verdadero Profeta enviado por Dios a la humanidad. <\/span><\/p>\n<p>&nbsp;<\/p>\n<p><span style=\"font-weight: 400;\">Para ser musulm\u00e1n(a) tambi\u00e9n debes:<\/span><\/p>\n<ul>\n<li><span style=\"font-weight: 400;\"> Creer que el Sagrado Cor\u00e1n es la palabra literal de Dios, revelada por \u00c9l. <\/span><\/li>\n<li><span style=\"font-weight: 400;\"> Creer que el D\u00eda del Juicio (D\u00eda de la Resurrecci\u00f3n) es verdadero y llegar\u00e1. <\/span><\/li>\n<li><span style=\"font-weight: 400;\"> Creer en los profetas que Dios envi\u00f3, y en los libros que \u00c9l revel\u00f3, as\u00ed como en Sus \u00e1ngeles.<\/span><\/li>\n<li><span style=\"font-weight: 400;\"> Aceptar el Islam como tu religi\u00f3n.<\/span><\/li>\n<li><span style=\"font-weight: 400;\"> No adorar a nada ni a nadie excepto a Dios.<\/span><\/li>\n<\/ul>\n<p>&nbsp;<\/p>\n<p><span style=\"font-weight: 400;\">\u00a1Es as\u00ed de f\u00e1cil! Para aprender la Shahada (testimonio), <\/span><a href=\"http:\/\/www.edialogue.org\"><span style=\"font-weight: 400;\">haz clic aqu\u00ed<\/span><\/a><span style=\"font-weight: 400;\"> para recibir asistencia inmediata v\u00eda chat.<\/span><\/p>\n<p>&nbsp;<\/p>\n<p><span style=\"font-weight: 400;\">La conversi\u00f3n se puede hacer solo, por cuenta propia, pero es mucho mejor hacerlo con la ayuda de uno de nuestros consejeros a trav\u00e9s de la &#8220;Ayuda en Vivo&#8221;, de modo que podamos ayudarte a pronunciarlo correctamente y proporcionarte informaci\u00f3n importante y consejos preparados especialmente para los nuevos conversos, destinados a ayudarte a comenzar con tu nueva fe.<\/span><\/p>\n<p>&nbsp;<\/p>\n<p><span style=\"font-weight: 400;\">O bien, podemos llamarte por tel\u00e9fono para ayudarte con el proceso de conversi\u00f3n. En tal caso, danos por favor tu n\u00famero telef\u00f3nico y la hora apropiada para llamarte, a trav\u00e9s del formulario <\/span><a href=\"http:\/\/www.ask-a-muslim.com\/contact-us\/\"><span style=\"font-weight: 400;\">Cont\u00e1ctanos<\/span><\/a><span style=\"font-weight: 400;\">.<\/span><\/p>\n<p>&nbsp;<\/p>\n<p><b>No Est\u00e1s Solo(a)<\/b><\/p>\n<p><span style=\"font-weight: 400;\">Si has seguido las indicaciones anteriores y te has convertido al Islam por cuenta propia, puedes tener la certeza de que no est\u00e1s solo(a), ya que tu misma fe es compartida por otros 1.700 millones de personas. Te recomendamos encarecidamente que nos informes de tu conversi\u00f3n a trav\u00e9s del formulario <\/span><a href=\"http:\/\/www.ask-a-muslim.com\/contact-us\/\"><span style=\"font-weight: 400;\">Cont\u00e1ctanos<\/span><\/a><span style=\"font-weight: 400;\"> o de nuestro \u201cChat en Vivo\u201d, de modo que podamos proporcionarte recursos y consejos \u00fatiles.<\/span><\/p>\n<p>&nbsp;<\/p>\n<p><span style=\"font-weight: 400;\"> \u00a1Te felicitamos por tu decisi\u00f3n, te damos la bienvenida al Islam, y haremos nuestro mayor esfuerzo para ayudarte en todo lo que nos sea posible! \ud83d\ude42<\/span><\/p>\n<p>&nbsp;<\/p>\n<p><b>Algunos Conceptos Err\u00f3neos Comunes<\/b><\/p>\n<p><span style=\"font-weight: 400;\"> Algunas personas pueden posponer su conversi\u00f3n al Islam a pesar de su convencimiento de que esta es la religi\u00f3n verdadera de Dios, debido a algunos conceptos err\u00f3neos. Cosas como: cambiar su nombre, saber \u00e1rabe, contarles a los dem\u00e1s de su conversi\u00f3n, conocer musulmanes o haber cometido muchos pecados, son condiciones para la conversi\u00f3n. \u00a1Ninguna de estas cosas son razones para preocuparse ni para posponer su decisi\u00f3n!<\/span><\/p>\n<p>&nbsp;<\/p>\n<p><b>Para Quienes A\u00fan No Est\u00e1n Convencidos<\/b><\/p>\n<p><span style=\"font-weight: 400;\">El Islam afirma ser el camino verdadero hacia Dios. Lo que hace que una religi\u00f3n sea v\u00e1lida por encima de otras ideolog\u00edas son las pruebas que ofrece de su veracidad. Por lo tanto, debes mirar esas pruebas, sopesarlas y tomar una decisi\u00f3n con base en la informaci\u00f3n. Tienes que esforzarte sinceramente y por encima de todo, buscar la ayuda del Todopoderoso para que te gu\u00ede hacia el camino correcto.<\/span><\/p>\n<p><span style=\"font-weight: 400;\"> Si una persona a\u00fan no est\u00e1 convencida de la veracidad del Islam, puede examinar las evidencias que El Islam ofrece. El Islam presenta pruebas abrumadoras de su veracidad, y es la \u00fanica religi\u00f3n que apela por completo al sentido com\u00fan.<\/span><\/p>\n<p>&nbsp;<\/p>\n<p><span style=\"font-weight: 400;\">Algunas de las pruebas ofrecidas por el Islam son: los milagros cient\u00edficos en el Cor\u00e1n; los milagros realizados por el Profeta Muhammad y las profec\u00edas de su llegada contenidas en escrituras anteriores; los eventos pronosticados mencionados en el Cor\u00e1n que luego se cumplieron; el desaf\u00edo propuesto por el Cor\u00e1n de escribir un cap\u00edtulo similar a los que contiene; \u00a0la sabidur\u00eda divina en las leyes y en las ense\u00f1anzas del Islam que cubren todos los aspectos de la vida.<\/span><br \/>\n<span style=\"font-weight: 400;\">Nuestra vida eterna en el M\u00e1s All\u00e1 depende de la fe que elijamos seguir en esta vida pasajera, as\u00ed que d\u00e9mosle a esta lucha la prioridad que merece.<\/span><\/p>\n","protected":false},"excerpt":{"rendered":"<p>Beneficios De Convertirse Al Islam Hay muchos beneficios en la conversi\u00f3n al Islam. Algunos de ellos son: &nbsp; Formas una relaci\u00f3n personal y directa con Dios al adorarlo solo a \u00c9l, sin la necesidad de intermediarios. T\u00fa sientes esta relaci\u00f3n personal y eres consciente de que Dios lo sabe todo y est\u00e1 siempre ah\u00ed para &#8230; <a title=\"How to become a mulslim ES\" class=\"read-more\" href=\"https:\/\/www.ask-a-muslim.com\/en\/how-to-become-a-mulslim-es\/\" aria-label=\"Read more about How to become a mulslim ES\">Read more<\/a><\/p>\n","protected":false},"author":1,"featured_media":0,"parent":0,"menu_order":8,"comment_status":"closed","ping_status":"closed","template":"","meta":{"_uag_custom_page_level_css":"","_monsterinsights_skip_tracking":false,"_monsterinsights_sitenote_active":false,"_monsterinsights_sitenote_note":"","_monsterinsights_sitenote_category":0,"jetpack_post_was_ever_published":false,"footnotes":""},"class_list":["post-1073","page","type-page","status-publish"],"uagb_featured_image_src":{"full":false,"thumbnail":false,"medium":false,"medium_large":false,"large":false,"1536x1536":false,"2048x2048":false,"gform-image-choice-sm":false,"gform-image-choice-md":false,"gform-image-choice-lg":false},"uagb_author_info":{"display_name":"ASKM","author_link":"https:\/\/www.ask-a-muslim.com\/en\/author\/askm\/"},"uagb_comment_info":0,"uagb_excerpt":"Beneficios De Convertirse Al Islam Hay muchos beneficios en la conversi\u00f3n al Islam. Algunos de ellos son: &nbsp; Formas una relaci\u00f3n personal y directa con Dios al adorarlo solo a \u00c9l, sin la necesidad de intermediarios. T\u00fa sientes esta relaci\u00f3n personal y eres consciente de que Dios lo sabe todo y est\u00e1 siempre ah\u00ed para&hellip;","jetpack_sharing_enabled":true,"jetpack_shortlink":"https:\/\/wp.me\/PcT0IL-hj","jetpack-related-posts":[{"id":1075,"url":"https:\/\/www.ask-a-muslim.com\/en\/what-muslim-believe-es\/","url_meta":{"origin":1073,"position":0},"title":"What Do Muslims Believe? ES","author":"ASKM","date":"10\/06\/2015","format":false,"excerpt":"Testimonio de fe para los Musulmanes El mensaje fundamental del Islam es simple: Adorar solamente a Alah (palabra \u00e1rabe que significa Dios). El Cor\u00e1n (la escritura revelada del Islam) declara: \u201cDI: \u201c\u00c9l es el \u00danico Dios: \u201cDios, el Eterno, la Causa Primera de Todo Cuanto Existe. No engendra, ni ha\u2026","rel":"","context":"Similar post","block_context":{"text":"Similar post","link":""},"img":{"alt_text":"","src":"","width":0,"height":0},"classes":[]},{"id":1067,"url":"https:\/\/www.ask-a-muslim.com\/en\/la-mujer-en-el-islam\/","url_meta":{"origin":1073,"position":1},"title":"La mujer en el Islam","author":"ASKM","date":"10\/06\/2015","format":false,"excerpt":"En la Arabia preisl\u00e1mica hab\u00eda mucha injusticia en contra de las mujeres alrededor del 600 de la era cristiana. Las ni\u00f1as peque\u00f1as eran asesinadas por el simple hecho de ser hembras. Las mujeres no ten\u00edan derecho a la educaci\u00f3n ni a la herencia. Tampoco ten\u00edan derecho a escoger su propio\u2026","rel":"","context":"Similar post","block_context":{"text":"Similar post","link":""},"img":{"alt_text":"","src":"","width":0,"height":0},"classes":[]},{"id":1079,"url":"https:\/\/www.ask-a-muslim.com\/en\/islam-101-es\/","url_meta":{"origin":1073,"position":2},"title":"Islam 101","author":"ASKM","date":"10\/06\/2015","format":false,"excerpt":"Islam, una misericordia y gu\u00eda para la humanidad La palabra \u00e1rabe 'Islam\" significa 'sumisi\u00f3n', y se deriva de una palabra que significa 'paz'. Como tal, la religi\u00f3n del Islam ense\u00f1a que para alcanzar la verdadera paz de conciencia y certeza del coraz\u00f3n, uno debe someterse a Dios y vivir de\u2026","rel":"","context":"Similar post","block_context":{"text":"Similar post","link":""},"img":{"alt_text":"","src":"","width":0,"height":0},"classes":[]},{"id":1050,"url":"https:\/\/www.ask-a-muslim.com\/en\/evidencia-de-la-profecia-de-muhammad\/","url_meta":{"origin":1073,"position":3},"title":"EVIDENCIA DE LA PROFEC\u00cdA DE MUHAMMAD","author":"ASKM","date":"10\/06\/2015","format":false,"excerpt":"Escrito por Imam Kamil Mufti. La entrega Divina es proporcional a la necesidad humana. Dios facilita la adquisici\u00f3n a medida que la necesidad de los humanos se incrementa. El aire, el agua y la luz del sol son necesarios para la supervivencia del ser humano, y de este modo Dios\u2026","rel":"","context":"Similar post","block_context":{"text":"Similar post","link":""},"img":{"alt_text":"","src":"","width":0,"height":0},"classes":[]},{"id":1061,"url":"https:\/\/www.ask-a-muslim.com\/en\/maria-la-madre-de-jesus\/","url_meta":{"origin":1073,"position":4},"title":"Mar\u00eda la madre de Jes\u00fas","author":"ASKM","date":"10\/06\/2015","format":false,"excerpt":"Puede sorprender a mucha gente descubrir que Mar\u00eda es una de las mujeres m\u00e1s estimadas y respetadas en el Islam y que el Cor\u00e1n le da una gran importancia. Mar\u00eda es el nombre del cap\u00edtulo 19 del Cor\u00e1n, y el Cap\u00edtulo 3 es Aali Imr\u00e1n, en honor a su familia.\u2026","rel":"","context":"Similar post","block_context":{"text":"Similar post","link":""},"img":{"alt_text":"","src":"","width":0,"height":0},"classes":[]},{"id":1069,"url":"https:\/\/www.ask-a-muslim.com\/en\/conceptos-erroneos\/","url_meta":{"origin":1073,"position":5},"title":"CONCEPTOS ERRONEOS","author":"ASKM","date":"10\/06\/2015","format":false,"excerpt":"\u00bfAlguna vez te has preguntado por qu\u00e9 una monja puede cubrirse de la cabeza a los pies y ganarse el respeto de la gente por dedicar su vida a Dios, pero, cuando una mujer musulmana se cubre, ella es vista como \u201coprimida\u201d? O te has preguntado \u00bfpor qu\u00e9 un jud\u00edo\u2026","rel":"","context":"Similar post","block_context":{"text":"Similar post","link":""},"img":{"alt_text":"","src":"","width":0,"height":0},"classes":[]}],"_links":{"self":[{"href":"https:\/\/www.ask-a-muslim.com\/en\/wp-json\/wp\/v2\/pages\/1073","targetHints":{"allow":["GET"]}}],"collection":[{"href":"https:\/\/www.ask-a-muslim.com\/en\/wp-json\/wp\/v2\/pages"}],"about":[{"href":"https:\/\/www.ask-a-muslim.com\/en\/wp-json\/wp\/v2\/types\/page"}],"author":[{"embeddable":true,"href":"https:\/\/www.ask-a-muslim.com\/en\/wp-json\/wp\/v2\/users\/1"}],"replies":[{"embeddable":true,"href":"https:\/\/www.ask-a-muslim.com\/en\/wp-json\/wp\/v2\/comments?post=1073"}],"version-history":[{"count":1,"href":"https:\/\/www.ask-a-muslim.com\/en\/wp-json\/wp\/v2\/pages\/1073\/revisions"}],"predecessor-version":[{"id":12431,"href":"https:\/\/www.ask-a-muslim.com\/en\/wp-json\/wp\/v2\/pages\/1073\/revisions\/12431"}],"wp:attachment":[{"href":"https:\/\/www.ask-a-muslim.com\/en\/wp-json\/wp\/v2\/media?parent=1073"}],"curies":[{"name":"wp","href":"https:\/\/api.w.org\/{rel}","templated":true}]}}