{"id":1077,"date":"2015-10-06T06:37:38","date_gmt":"2015-10-06T06:37:38","guid":{"rendered":"http:\/\/www.ask-a-muslim.com\/?page_id=1077"},"modified":"2021-02-24T20:05:59","modified_gmt":"2021-02-25T01:05:59","slug":"que-es-el-islam","status":"publish","type":"page","link":"https:\/\/www.ask-a-muslim.com\/en\/que-es-el-islam\/","title":{"rendered":"\u00bfQu\u00e9 es el Islam?"},"content":{"rendered":"<p><span style=\"font-weight: 400;\">Islam significa sumisi\u00f3n a Dios (El \u00fanico y digno de ser adorado) y creer en todos los Profetas de Dios y Sus libros revelados. El Islam ense\u00f1a que una persona solo puede encontrar paz verdadera en la vida si se somete \u00fanicamente a Dios con el coraz\u00f3n, el alma y la acci\u00f3n. Quien se somete \u00fanicamente a Dios y practica el Islam, se le llama musulm\u00e1n.<\/span><\/p>\n<p>&nbsp;<\/p>\n<p><b>Hay 6 pilares de fe en Islam.<\/b><\/p>\n<p>&nbsp;<\/p>\n<ol>\n<li><span style=\"font-weight: 400;\"> \u00a0La creencia en un \u00fanico Dios, Allah.<\/span><\/li>\n<li><span style=\"font-weight: 400;\"> \u00a0La creencia en los \u00e1ngeles de Dios (Ellos no son sus compa\u00f1eros ni iguales a \u00c9l)<\/span><\/li>\n<li><span style=\"font-weight: 400;\"> \u00a0La creencia en la Sagradas Escrituras<\/span><\/li>\n<li><span style=\"font-weight: 400;\"> \u00a0La creencia en los Mensajeros<\/span><\/li>\n<li><span style=\"font-weight: 400;\"> \u00a0La creencia en el D\u00eda del Juicio Final<\/span><\/li>\n<li><span style=\"font-weight: 400;\"> \u00a0La creencia en el decreto divino (Qadar)<\/span><\/li>\n<\/ol>\n","protected":false},"excerpt":{"rendered":"<p>Islam significa sumisi\u00f3n a Dios (El \u00fanico y digno de ser adorado) y creer en todos los Profetas de Dios y Sus libros revelados. El Islam ense\u00f1a que una persona solo puede encontrar paz verdadera en la vida si se somete \u00fanicamente a Dios con el coraz\u00f3n, el alma y la acci\u00f3n. Quien se somete &#8230; <a title=\"\u00bfQu\u00e9 es el Islam?\" class=\"read-more\" href=\"https:\/\/www.ask-a-muslim.com\/en\/que-es-el-islam\/\" aria-label=\"Read more about \u00bfQu\u00e9 es el Islam?\">Read more<\/a><\/p>\n","protected":false},"author":1,"featured_media":45,"parent":0,"menu_order":0,"comment_status":"closed","ping_status":"open","template":"","meta":{"_uag_custom_page_level_css":"","_monsterinsights_skip_tracking":false,"_monsterinsights_sitenote_active":false,"_monsterinsights_sitenote_note":"","_monsterinsights_sitenote_category":0,"jetpack_post_was_ever_published":false,"footnotes":""},"class_list":["post-1077","page","type-page","status-publish","has-post-thumbnail"],"uagb_featured_image_src":{"full":false,"thumbnail":false,"medium":false,"medium_large":false,"large":false,"1536x1536":false,"2048x2048":false,"gform-image-choice-sm":false,"gform-image-choice-md":false,"gform-image-choice-lg":false},"uagb_author_info":{"display_name":"ASKM","author_link":"https:\/\/www.ask-a-muslim.com\/en\/author\/askm\/"},"uagb_comment_info":0,"uagb_excerpt":"Islam significa sumisi\u00f3n a Dios (El \u00fanico y digno de ser adorado) y creer en todos los Profetas de Dios y Sus libros revelados. El Islam ense\u00f1a que una persona solo puede encontrar paz verdadera en la vida si se somete \u00fanicamente a Dios con el coraz\u00f3n, el alma y la acci\u00f3n. Quien se somete&hellip;","jetpack_sharing_enabled":true,"jetpack_shortlink":"https:\/\/wp.me\/PcT0IL-hn","jetpack-related-posts":[{"id":1048,"url":"https:\/\/www.ask-a-muslim.com\/en\/quien-es-muhammad\/","url_meta":{"origin":1077,"position":0},"title":"\u00bfQui\u00e9n Es Muhammad?","author":"ASKM","date":"10\/06\/2015","format":false,"excerpt":"El Islam es la culminaci\u00f3n del mensaje universal de Dios ense\u00f1ado por todos Sus profetas. Los musulmanes creen que cada profeta fue escogido para cada naci\u00f3n en un momento determinado de la su historia, orden\u00e1ndole adorar a Dios solamente y envi\u00e1ndole como gu\u00eda para ense\u00f1ar c\u00f3mo vivir en paz con\u2026","rel":"","context":"Similar post","block_context":{"text":"Similar post","link":""},"img":{"alt_text":"","src":"","width":0,"height":0},"classes":[]},{"id":1071,"url":"https:\/\/www.ask-a-muslim.com\/en\/las-10-preguntas-principales\/","url_meta":{"origin":1077,"position":1},"title":"Las 10 preguntas principales","author":"ASKM","date":"10\/06\/2015","format":false,"excerpt":"A continuaci\u00f3n se presentan las 10 preguntas principales acerca del Islam: 1.\u00bfLos musulmanes adoran a Muhammad, que Dios exalte su menci\u00f3n y lo libre de cualquier cosa despectiva? No. Los musulmanes no adoran Muhammad (que Dios exalte su menci\u00f3n y lo libre de cualquier cosa despectiva) o cualquier otro profeta.\u2026","rel":"","context":"Similar post","block_context":{"text":"Similar post","link":""},"img":{"alt_text":"","src":"","width":0,"height":0},"classes":[]},{"id":1086,"url":"https:\/\/www.ask-a-muslim.com\/en\/que-dice-la-biblia-sobre-muhammad\/","url_meta":{"origin":1077,"position":2},"title":"\u00bfQu\u00e9 dice la Biblia sobre Muhammad?","author":"ASKM","date":"10\/06\/2015","format":false,"excerpt":"Seg\u00fan la Biblia, Dios le dij\u00f3 a Mois\u00e9s, que la paz sea sobre \u00e9l: \u00a0 \"Un profeta como t\u00fa les levantar\u00e9 en medio de sus hermanos; pondr\u00e9 mis palabras en su boca y \u00e9l les dir\u00e1 todo lo que yo le mande.\", (Reina-Valera 1995, Deuteronomio 18:18). \u00a0 El profeta descrito\u2026","rel":"","context":"Similar post","block_context":{"text":"Similar post","link":""},"img":{"alt_text":"","src":"","width":0,"height":0},"classes":[]},{"id":1069,"url":"https:\/\/www.ask-a-muslim.com\/en\/conceptos-erroneos\/","url_meta":{"origin":1077,"position":3},"title":"CONCEPTOS ERRONEOS","author":"ASKM","date":"10\/06\/2015","format":false,"excerpt":"\u00bfAlguna vez te has preguntado por qu\u00e9 una monja puede cubrirse de la cabeza a los pies y ganarse el respeto de la gente por dedicar su vida a Dios, pero, cuando una mujer musulmana se cubre, ella es vista como \u201coprimida\u201d? O te has preguntado \u00bfpor qu\u00e9 un jud\u00edo\u2026","rel":"","context":"Similar post","block_context":{"text":"Similar post","link":""},"img":{"alt_text":"","src":"","width":0,"height":0},"classes":[]},{"id":1052,"url":"https:\/\/www.ask-a-muslim.com\/en\/muhammad-que-la-paz-sea-sobre-el-el-ultimo-profeta-de-dios\/","url_meta":{"origin":1077,"position":4},"title":"Muhammad (que la paz sea sobre \u00e9l): El \u00daltimo Profeta De Dios","author":"ASKM","date":"10\/06\/2015","format":false,"excerpt":"Muhammad, el \u00faltimo Profeta del Islam, es ampliamente considerado como uno de los hombre m\u00e1s influyentes de la historia. Hoy d\u00eda, casi un cuarto de la poblaci\u00f3n mundial sigue el mensaje que \u00e9l comparti\u00f3. A pesar de la influencia duradera de Muhammad, muchos conceptos err\u00f3neos contin\u00faan a alrededor de su\u2026","rel":"","context":"Similar post","block_context":{"text":"Similar post","link":""},"img":{"alt_text":"","src":"","width":0,"height":0},"classes":[]},{"id":1059,"url":"https:\/\/www.ask-a-muslim.com\/en\/el-verdadero-mensaje-de-jesus\/","url_meta":{"origin":1077,"position":5},"title":"El verdadero mensaje de Jes\u00fas","author":"ASKM","date":"10\/06\/2015","format":false,"excerpt":"EL MENSAJE \u00a0 El segundo asunto, 'El Mensaje de Jes\u00fas', es por quiz\u00e1 el punto m\u00e1s importante a considerar. As\u00ed, si Jes\u00fas no fue Dios encarnado, pero s\u00ed un profeta del Dios, el mensaje que \u00e9l trajo de Dios es la esencia de su misi\u00f3n. \u00a0 Sumisi\u00f3n \u00a0 La base\u2026","rel":"","context":"Similar post","block_context":{"text":"Similar post","link":""},"img":{"alt_text":"","src":"","width":0,"height":0},"classes":[]}],"_links":{"self":[{"href":"https:\/\/www.ask-a-muslim.com\/en\/wp-json\/wp\/v2\/pages\/1077","targetHints":{"allow":["GET"]}}],"collection":[{"href":"https:\/\/www.ask-a-muslim.com\/en\/wp-json\/wp\/v2\/pages"}],"about":[{"href":"https:\/\/www.ask-a-muslim.com\/en\/wp-json\/wp\/v2\/types\/page"}],"author":[{"embeddable":true,"href":"https:\/\/www.ask-a-muslim.com\/en\/wp-json\/wp\/v2\/users\/1"}],"replies":[{"embeddable":true,"href":"https:\/\/www.ask-a-muslim.com\/en\/wp-json\/wp\/v2\/comments?post=1077"}],"version-history":[{"count":1,"href":"https:\/\/www.ask-a-muslim.com\/en\/wp-json\/wp\/v2\/pages\/1077\/revisions"}],"predecessor-version":[{"id":12388,"href":"https:\/\/www.ask-a-muslim.com\/en\/wp-json\/wp\/v2\/pages\/1077\/revisions\/12388"}],"wp:featuredmedia":[{"embeddable":true,"href":"https:\/\/www.ask-a-muslim.com\/en\/wp-json\/"}],"wp:attachment":[{"href":"https:\/\/www.ask-a-muslim.com\/en\/wp-json\/wp\/v2\/media?parent=1077"}],"curies":[{"name":"wp","href":"https:\/\/api.w.org\/{rel}","templated":true}]}}