{"id":4146,"date":"2018-10-02T09:53:04","date_gmt":"2018-10-02T14:53:04","guid":{"rendered":"https:\/\/www.ask-a-muslim.com\/?page_id=4146"},"modified":"2021-11-16T11:53:58","modified_gmt":"2021-11-16T16:53:58","slug":"invite-your-neighbour","status":"publish","type":"page","link":"https:\/\/www.ask-a-muslim.com\/en\/invite-your-neighbour\/","title":{"rendered":"Invite Your Neighbour"},"content":{"rendered":"<p>[et_pb_section bb_built=&#8221;1&#8243; admin_label=&#8221;section&#8221;][et_pb_row admin_label=&#8221;row&#8221;][et_pb_column type=&#8221;4_4&#8243;][et_pb_video admin_label=&#8221;Video&#8221; src=&#8221;https:\/\/www.youtube.com\/watch?v=mENsAfwSMTI&amp;feature=youtu.be&#8221;]<\/p>\n<p>[\/et_pb_video][et_pb_text admin_label=&#8221;Text&#8221; background_layout=&#8221;light&#8221; text_orientation=&#8221;center&#8221; use_border_color=&#8221;off&#8221; border_color=&#8221;#ffffff&#8221; border_style=&#8221;solid&#8221; custom_padding=&#8221;60px|||&#8221;]<\/p>\n<h3 style=\"text-align: center;\"><strong>INVITE YOUR NEIGHBOUR<br \/>\n<\/strong><\/h3>\n<p style=\"text-align: center;\">May The Peace, Guidance and Blessings of GOD ALMIGHTY be upon You and Your Family. I pray this letter finds you and your family in the best of health. My name is ____ &amp; I am grateful to be your neighbor! I never had the opportunity to properly share the message of Islam with you and inform you of the great rights that you have upon which I must uphold. We are taught to care for our neighbors and treat them extremely well among other things! In fact, we are not considered believers if we cause harm to our neighbors! I know that islam is terribly misunderstood in this day and age. I believe it is my duty to answer any questions or clear up any misconceptions you or anyone you know might have. So please accept this small gift of information that is attached in an attempt to eradicate any misunderstandings and build bridges between mankind. It would be greatly appreciated if you take the time to look over it and please feel free to email me at ______ with any questions you might have or check out AskAMuslim.com for more info. Thank you for your precious time and remember, if you have questions about Islam, ask your Muslim neighbor!<\/p>\n<p>[\/et_pb_text][et_pb_cta admin_label=&#8221;Call To Action&#8221; button_url=&#8221;https:\/\/www.ask-a-muslim.com\/en\/donationform\/&#8221; url_new_window=&#8221;on&#8221; button_text=&#8221;Donate&#8221; use_background_color=&#8221;off&#8221; background_color=&#8221;#7cda24&#8243; background_layout=&#8221;light&#8221; text_orientation=&#8221;center&#8221; use_border_color=&#8221;off&#8221; border_color=&#8221;#ffffff&#8221; border_style=&#8221;solid&#8221; custom_button=&#8221;on&#8221; button_letter_spacing=&#8221;0&#8243; button_use_icon=&#8221;default&#8221; button_icon_placement=&#8221;right&#8221; button_on_hover=&#8221;on&#8221; button_letter_spacing_hover=&#8221;0&#8243; title=&#8221;Support Us Now&#8221; background_image=&#8221;https:\/\/www.ask-a-muslim.com\/wp-content\/uploads\/2018\/10\/invite-title-2-0-00-07-08.jpg&#8221; custom_margin=&#8221;60px||30px|&#8221; custom_padding=&#8221;40px|40px|40px|40px&#8221; button_text_color=&#8221;#7cda24&#8243; button_bg_color=&#8221;rgba(124,218,36,0)&#8221; button_border_color=&#8221;#7cda24&#8243; button_text_color_hover=&#8221;#ffffff&#8221; button_bg_color_hover=&#8221;#7cda24&#8243; button_border_color_hover=&#8221;#7cda24&#8243;]<\/p>\n<p>We Need 1,000 Volunteers to donate to us in a monthly basis. Make sure you are one of them helping us in this campaign and our other dawah activity.<\/p>\n<p>[\/et_pb_cta][\/et_pb_column][\/et_pb_row][et_pb_row admin_label=&#8221;Row&#8221;][et_pb_column type=&#8221;4_4&#8243;][et_pb_text admin_label=&#8221;Text&#8221; background_layout=&#8221;light&#8221; text_orientation=&#8221;center&#8221; use_border_color=&#8221;off&#8221; border_color=&#8221;#ffffff&#8221; border_style=&#8221;solid&#8221;]<\/p>\n<h3 style=\"text-align: center;\"><strong>HOW DO YOU WANT TO PARTICIPATE IN THIS CAMPAIGN?<\/strong><\/h3>\n<p>[\/et_pb_text][\/et_pb_column][\/et_pb_row][et_pb_row admin_label=&#8221;Row&#8221;][et_pb_column type=&#8221;1_2&#8243;][et_pb_button admin_label=&#8221;Button&#8221; url_new_window=&#8221;on&#8221; button_text=&#8221;You Do It&#8221; button_alignment=&#8221;center&#8221; background_layout=&#8221;light&#8221; custom_button=&#8221;on&#8221; button_letter_spacing=&#8221;0&#8243; button_use_icon=&#8221;default&#8221; button_icon_placement=&#8221;right&#8221; button_on_hover=&#8221;on&#8221; button_letter_spacing_hover=&#8221;0&#8243; button_url=&#8221;https:\/\/www.ask-a-muslim.com\/you-do-it&#8221; button_text_color=&#8221;#ffffff&#8221; button_bg_color=&#8221;#7cda24&#8243; button_border_width=&#8221;0&#8243; button_text_color_hover=&#8221;#7cda24&#8243; button_bg_color_hover=&#8221;#ffffff&#8221; button_border_color_hover=&#8221;#7cda24&#8243;]<\/p>\n<p>[\/et_pb_button][\/et_pb_column][et_pb_column type=&#8221;1_2&#8243;][et_pb_button admin_label=&#8221;Button&#8221; url_new_window=&#8221;on&#8221; button_text=&#8221;We Do It&#8221; button_alignment=&#8221;center&#8221; background_layout=&#8221;light&#8221; custom_button=&#8221;on&#8221; button_letter_spacing=&#8221;0&#8243; button_use_icon=&#8221;default&#8221; button_icon_placement=&#8221;right&#8221; button_on_hover=&#8221;on&#8221; button_letter_spacing_hover=&#8221;0&#8243; button_url=&#8221;https:\/\/www.ask-a-muslim.com\/we-do-it\/&#8221; button_text_color=&#8221;#ffffff&#8221; button_bg_color=&#8221;#7cda24&#8243; button_border_width=&#8221;0&#8243; button_text_color_hover=&#8221;#7cda24&#8243; button_bg_color_hover=&#8221;#ffffff&#8221; button_border_color_hover=&#8221;#7cda24&#8243;]<\/p>\n<p>[\/et_pb_button][\/et_pb_column][\/et_pb_row][\/et_pb_section]<\/p>\n","protected":false},"excerpt":{"rendered":"<p>[et_pb_section bb_built=&#8221;1&#8243; admin_label=&#8221;section&#8221;][et_pb_row admin_label=&#8221;row&#8221;][et_pb_column type=&#8221;4_4&#8243;][et_pb_video admin_label=&#8221;Video&#8221; src=&#8221;https:\/\/www.youtube.com\/watch?v=mENsAfwSMTI&amp;feature=youtu.be&#8221;] [\/et_pb_video][et_pb_text admin_label=&#8221;Text&#8221; background_layout=&#8221;light&#8221; text_orientation=&#8221;center&#8221; use_border_color=&#8221;off&#8221; border_color=&#8221;#ffffff&#8221; border_style=&#8221;solid&#8221; custom_padding=&#8221;60px|||&#8221;] INVITE YOUR NEIGHBOUR May The Peace, Guidance and Blessings of GOD ALMIGHTY be upon You and Your Family. I pray this letter finds you and your family in the best of health. My name is ____ &amp; I am grateful &#8230; <a title=\"Invite Your Neighbour\" class=\"read-more\" href=\"https:\/\/www.ask-a-muslim.com\/en\/invite-your-neighbour\/\" aria-label=\"Read more about Invite Your Neighbour\">Read more<\/a><\/p>\n","protected":false},"author":7,"featured_media":0,"parent":0,"menu_order":0,"comment_status":"closed","ping_status":"closed","template":"","meta":{"_uag_custom_page_level_css":"","_monsterinsights_skip_tracking":false,"_monsterinsights_sitenote_active":false,"_monsterinsights_sitenote_note":"","_monsterinsights_sitenote_category":0,"jetpack_post_was_ever_published":false,"footnotes":""},"class_list":["post-4146","page","type-page","status-publish"],"uagb_featured_image_src":{"full":false,"thumbnail":false,"medium":false,"medium_large":false,"large":false,"1536x1536":false,"2048x2048":false,"gform-image-choice-sm":false,"gform-image-choice-md":false,"gform-image-choice-lg":false},"uagb_author_info":{"display_name":"Site Admin","author_link":"https:\/\/www.ask-a-muslim.com\/en\/author\/admin2\/"},"uagb_comment_info":0,"uagb_excerpt":"[et_pb_section bb_built=&#8221;1&#8243; admin_label=&#8221;section&#8221;][et_pb_row admin_label=&#8221;row&#8221;][et_pb_column type=&#8221;4_4&#8243;][et_pb_video admin_label=&#8221;Video&#8221; src=&#8221;https:\/\/www.youtube.com\/watch?v=mENsAfwSMTI&amp;feature=youtu.be&#8221;] [\/et_pb_video][et_pb_text admin_label=&#8221;Text&#8221; background_layout=&#8221;light&#8221; text_orientation=&#8221;center&#8221; use_border_color=&#8221;off&#8221; border_color=&#8221;#ffffff&#8221; border_style=&#8221;solid&#8221; custom_padding=&#8221;60px|||&#8221;] INVITE YOUR NEIGHBOUR May The Peace, Guidance and Blessings of GOD ALMIGHTY be upon You and Your Family. I pray this letter finds you and your family in the best of health. My name is ____ &amp; I am grateful&hellip;","jetpack_sharing_enabled":true,"jetpack_shortlink":"https:\/\/wp.me\/PcT0IL-14S","jetpack-related-posts":[{"id":2600,"url":"https:\/\/www.ask-a-muslim.com\/en\/new-blog-post\/","url_meta":{"origin":4146,"position":0},"title":"New Blog Post","author":"Site Admin","date":"03\/19\/2018","format":false,"excerpt":"[et_pb_section bb_built=\"1\" admin_label=\"section\"][et_pb_row admin_label=\"row\"][et_pb_column type=\"2_3\"][et_pb_blog admin_label=\"Blog\" fullwidth=\"off\" posts_number=\"12\" show_thumbnail=\"on\" show_content=\"off\" show_more=\"on\" show_author=\"on\" show_date=\"on\" show_categories=\"on\" show_comments=\"on\" show_pagination=\"on\" offset_number=\"3\" use_overlay=\"off\" background_layout=\"light\" use_dropshadow=\"on\" use_border_color=\"off\" border_color=\"#ffffff\" border_style=\"solid\" header_font=\"|on|||\" meta_font=\"||on||\" meta_font_size=\"10\" meta_line_height=\"1.5em\" body_font_size=\"12\" body_line_height=\"1.5em\"] [\/et_pb_blog][\/et_pb_column][et_pb_column type=\"1_3\"][et_pb_sidebar admin_label=\"Sidebar\" orientation=\"left\" area=\"sidebar-1\" background_layout=\"light\" remove_border=\"off\" \/][\/et_pb_column][\/et_pb_row][\/et_pb_section]","rel":"","context":"Similar post","block_context":{"text":"Similar post","link":""},"img":{"alt_text":"","src":"","width":0,"height":0},"classes":[]},{"id":17734,"url":"https:\/\/www.ask-a-muslim.com\/en\/dawah-to-your-neighbours\/","url_meta":{"origin":4146,"position":1},"title":"DAWAH TO YOUR NEIGHBOURS","author":"Site Admin","date":"04\/14\/2022","format":false,"excerpt":"Click the Image below to download the PDF format You may also give your neighbor pamphlets below to educate them more about Islam","rel":"","context":"Similar post","block_context":{"text":"Similar post","link":""},"img":{"alt_text":"","src":"https:\/\/i0.wp.com\/www.ask-a-muslim.com\/wp-content\/uploads\/2022\/04\/Ramadan-Card-1-scaled.jpg?resize=350%2C200&ssl=1","width":350,"height":200,"srcset":"https:\/\/i0.wp.com\/www.ask-a-muslim.com\/wp-content\/uploads\/2022\/04\/Ramadan-Card-1-scaled.jpg?resize=350%2C200&ssl=1 1x, https:\/\/i0.wp.com\/www.ask-a-muslim.com\/wp-content\/uploads\/2022\/04\/Ramadan-Card-1-scaled.jpg?resize=525%2C300&ssl=1 1.5x, https:\/\/i0.wp.com\/www.ask-a-muslim.com\/wp-content\/uploads\/2022\/04\/Ramadan-Card-1-scaled.jpg?resize=700%2C400&ssl=1 2x, https:\/\/i0.wp.com\/www.ask-a-muslim.com\/wp-content\/uploads\/2022\/04\/Ramadan-Card-1-scaled.jpg?resize=1050%2C600&ssl=1 3x, https:\/\/i0.wp.com\/www.ask-a-muslim.com\/wp-content\/uploads\/2022\/04\/Ramadan-Card-1-scaled.jpg?resize=1400%2C800&ssl=1 4x"},"classes":[]},{"id":5553,"url":"https:\/\/www.ask-a-muslim.com\/fr\/page-daccueil-1\/","url_meta":{"origin":4146,"position":2},"title":"Page d\u2019accueil 1","author":"Site Admin","date":"10\/31\/2019","format":false,"excerpt":"[et_pb_section bb_built=\"1\" admin_label=\"Section\" background_image=\"https:\/\/ask-a-muslim.com\/wp-content\/uploads\/2017\/05\/bg-slider.jpg\" inner_shadow=\"on\" fullwidth=\"on\"][et_pb_fullwidth_slider admin_label=\"Fullwidth Slider\" auto=\"on\" auto_speed=\"5000\" header_font=\"Comfortaa|||on|\" header_font_size=\"31px\" header_text_color=\"#ffffff\" header_line_height=\"1.1em\" body_font=\"Comfortaa||||\"] [et_pb_slide heading=\"\u00bfQU\u00c9 ES EL ISLAM?\" button_text=\"LEARN MORE\" button_link=\"https:\/\/ask-a-muslim.com\/what-is-islam\/\" background_image=\"https:\/\/ask-a-muslim.com\/wp-content\/uploads\/2017\/05\/bg-slider.jpg\" background_position=\"top_center\" background_size=\"cover\" image=\"https:\/\/ask-a-muslim.com\/wp-content\/uploads\/2017\/06\/five-pillars-of-Islam.jpg\" use_bg_overlay=\"on\" bg_overlay_color=\"rgba(0,81,17,0.82)\" use_text_overlay=\"off\" header_font=\"||||\" body_font=\"||||\" custom_button=\"on\" button_bg_color=\"#e09900\" button_font=\"||||\" button_use_icon=\"default\" button_icon_placement=\"right\" button_on_hover=\"on\" custom_css_slide_title=\"text-align:left;\" custom_css_slide_container=\"text-align:left;\" custom_css_slide_description=\"text-align:left;\" custom_css_slide_button=\"text-align:left;\"]Aprenda m\u00e1s sobre la religi\u00f3n de m\u00e1s r\u00e1pido crecimiento\u2026","rel":"","context":"Similar post","block_context":{"text":"Similar post","link":""},"img":{"alt_text":"","src":"","width":0,"height":0},"classes":[]},{"id":4147,"url":"https:\/\/www.ask-a-muslim.com\/en\/you-do-it\/","url_meta":{"origin":4146,"position":3},"title":"Help EstablishAsk A Muslim Masjid and Dawah\u00a0Center","author":"Site Admin","date":"10\/02\/2018","format":false,"excerpt":"Help EstablishAsk A Muslim Masjid and Dawah\u00a0Center Will you claim your Palace in Jannah Today?Donate Now Exciting news for our brothers and sisters!\u00a0 Ask a Muslim is launching its FIRST multi-purpose Masjid and Da\u2019wah center in Westerville, Ohio INSHA\u2019ALLAH! THE PROPHET \ufdfa said in a FAMOUS hadith: \"Whoever builds a\u2026","rel":"","context":"Similar post","block_context":{"text":"Similar post","link":""},"img":{"alt_text":"","src":"","width":0,"height":0},"classes":[]},{"id":725,"url":"https:\/\/www.ask-a-muslim.com\/en\/disclaimer\/","url_meta":{"origin":4146,"position":4},"title":"Disclaimer","author":"ASKM","date":"04\/16\/2015","format":false,"excerpt":"Disclaimer for participation in ASKAMUSLIM organization: The intent of ASKAMUSLIM organization is to educate the community about Islam, to eradicate misconceptions about Islam and to invite who\u2019s interested to Islam. Its members denounce all acts of terrorism, and does not support acts of violence. By signing this form you\u2019re fully\u2026","rel":"","context":"Similar post","block_context":{"text":"Similar post","link":""},"img":{"alt_text":"","src":"","width":0,"height":0},"classes":[]},{"id":1769,"url":"https:\/\/www.ask-a-muslim.com\/en\/about-us-2\/","url_meta":{"origin":4146,"position":5},"title":"About Us","author":"ASKM","date":"04\/28\/2014","format":false,"excerpt":"[et_pb_section bb_built=\"1\" admin_label=\"section\"][et_pb_row admin_label=\"row\"][et_pb_column type=\"4_4\"][et_pb_text admin_label=\"Text\"] [vc_row][vc_column width=\"1\/2\"][feature_headline type=\"left\" level=\"h1\" looks_like=\"h1\" icon=\"adjust\"]Who we are[\/feature_headline][text_output]We are a group of Muslims based in Columbus, OH, USA. We want to help you learn about Islam from the best source \u2013 actual practicing Muslims. Our vision: Invite people to Islam through accessible media means\u2026","rel":"","context":"Similar post","block_context":{"text":"Similar post","link":""},"img":{"alt_text":"","src":"","width":0,"height":0},"classes":[]}],"_links":{"self":[{"href":"https:\/\/www.ask-a-muslim.com\/en\/wp-json\/wp\/v2\/pages\/4146","targetHints":{"allow":["GET"]}}],"collection":[{"href":"https:\/\/www.ask-a-muslim.com\/en\/wp-json\/wp\/v2\/pages"}],"about":[{"href":"https:\/\/www.ask-a-muslim.com\/en\/wp-json\/wp\/v2\/types\/page"}],"author":[{"embeddable":true,"href":"https:\/\/www.ask-a-muslim.com\/en\/wp-json\/wp\/v2\/users\/7"}],"replies":[{"embeddable":true,"href":"https:\/\/www.ask-a-muslim.com\/en\/wp-json\/wp\/v2\/comments?post=4146"}],"version-history":[{"count":15,"href":"https:\/\/www.ask-a-muslim.com\/en\/wp-json\/wp\/v2\/pages\/4146\/revisions"}],"predecessor-version":[{"id":17118,"href":"https:\/\/www.ask-a-muslim.com\/en\/wp-json\/wp\/v2\/pages\/4146\/revisions\/17118"}],"wp:attachment":[{"href":"https:\/\/www.ask-a-muslim.com\/en\/wp-json\/wp\/v2\/media?parent=4146"}],"curies":[{"name":"wp","href":"https:\/\/api.w.org\/{rel}","templated":true}]}}