{"id":6477,"date":"2020-05-30T02:05:49","date_gmt":"2020-05-30T07:05:49","guid":{"rendered":"https:\/\/www.ask-a-muslim.com\/?page_id=6477"},"modified":"2021-03-09T02:04:29","modified_gmt":"2021-03-09T07:04:29","slug":"for-new-muslim","status":"publish","type":"page","link":"https:\/\/www.ask-a-muslim.com\/en\/for-new-muslim\/","title":{"rendered":"For New Muslim"},"content":{"rendered":"\n\t\t\t<div class=\"wp-block-uagb-post-grid uagb-post-grid  uagb-post__image-position-top uagb-post__image-enabled uagb-block-4e2db516     uagb-post__items uagb-post__columns-1 is-grid uagb-post__columns-tablet-2 uagb-post__columns-mobile-1 uagb-post__equal-height\" data-total=\"4\" style=\"\">\n\n\t\t\t\t\t\t\t\t\t\t\t\t<article class=\"uagb-post__inner-wrap\">\t\t\t\t\t\t\t\t<div class='uagb-post__image'>\n\t\t\t\t\t\t\t\t\t<a href=\"https:\/\/www.ask-a-muslim.com\/en\/seeking-knowledge-the-way-to-paradise\/\" target=\"_self\" rel=\"bookmark noopener noreferrer\" class='uagb-image-ratio-inherit'><img loading=\"lazy\" decoding=\"async\" width=\"1024\" height=\"480\" src=\"https:\/\/www.ask-a-muslim.com\/wp-content\/uploads\/2020\/06\/Seeking-Knowledge-\u2013-The-Way-to-Paradise-1024x480.jpg\" class=\"attachment-large size-large\" alt=\"\" srcset=\"https:\/\/www.ask-a-muslim.com\/wp-content\/uploads\/2020\/06\/Seeking-Knowledge-\u2013-The-Way-to-Paradise-1024x480.jpg 1024w, https:\/\/www.ask-a-muslim.com\/wp-content\/uploads\/2020\/06\/Seeking-Knowledge-\u2013-The-Way-to-Paradise-300x141.jpg 300w, https:\/\/www.ask-a-muslim.com\/wp-content\/uploads\/2020\/06\/Seeking-Knowledge-\u2013-The-Way-to-Paradise-768x360.jpg 768w, https:\/\/www.ask-a-muslim.com\/wp-content\/uploads\/2020\/06\/Seeking-Knowledge-\u2013-The-Way-to-Paradise.jpg 1280w\" sizes=\"auto, (max-width: 1024px) 100vw, 1024px\" \/>\t\t\t\t\t<\/a>\n\t\t\t\t\t\t\t<\/div>\n\t\t\t\t\t\t<h4 class=\"uagb-post__title uagb-post__text\">\n\t\t\t\t<a href=\"https:\/\/www.ask-a-muslim.com\/en\/seeking-knowledge-the-way-to-paradise\/\" target=\"_self\" rel=\"bookmark noopener noreferrer\">Seeking Knowledge &#8211; The Way to Paradise<\/a>\n\t\t\t<\/h4>\n\t\t\t\t\t\t<div class='uagb-post__text uagb-post-grid-byline'>\n\t\t\t\t\t\t\t\t<div class=\"uagb-post__text\">\n\t\t\t\t\t<span class='uagb-post__taxonomy'>\n\t\t\t\t\t\t<span class=\"dashicons-tag dashicons\"><\/span>\t\t\t\t\t\t<a href=\"https:\/\/www.ask-a-muslim.com\/en\/category\/for-new-muslim\/\">For New Muslim<\/a>,&nbsp;<a href=\"https:\/\/www.ask-a-muslim.com\/en\/category\/homepage-slider\/\">HOMEPAGE SLIDER<\/a>\t\t\t\t\t<\/span>\n\t\t\t\t<\/div>\n\t\t\t\t\t\t\t<\/div>\n\t\t\t\t\t\t\t<div class='uagb-post__text uagb-post__excerpt'>\n\t\t\t\t\t<p>&#8220;Allah will exalt those who believe among you, and those who have been granted knowledge to high ranks.&#8221; (Qur&#8217;an) &#8220;Seeking knowledge is obligatory upon every Muslim (male and female).&#8221; (Hadith) THE VIRTUES OF KNOWLEDGE Allah (Most Exalted is He), Who created us and gave us sustenance, has also given us guidance. He said: &#8220;Verily We have created man into toil and struggle\u2026 Have We not made for him a pair of eyes; and a tongue, and a pair of lips;&#8230;\t\t\t\t<\/div>\n\t\t\t\t\t\t<div class=\"uagb-post__text uagb-post__cta wp-block-button\">\n\t\t\t\t<a class=\"wp-block-button__link uagb-text-link\" style=\"\" href=\"https:\/\/www.ask-a-muslim.com\/en\/seeking-knowledge-the-way-to-paradise\/\" target=\"_self\" rel=\"bookmark noopener noreferrer\">Read More<\/a>\n\t\t\t<\/div>\n\t\t\t\n\t\t\t\t\t\t\t\t\t<\/article>\n\t\t\t\t\t\t\t\t\t\t\t\t\t\t\t\t<article class=\"uagb-post__inner-wrap\">\t\t\t\t\t\t\t\t<h4 class=\"uagb-post__title uagb-post__text\">\n\t\t\t\t<a href=\"https:\/\/www.ask-a-muslim.com\/en\/two-things-for-the-one-who-has-taqwaa\/\" target=\"_self\" rel=\"bookmark noopener noreferrer\">Two things for the one who has taqwaa<\/a>\n\t\t\t<\/h4>\n\t\t\t\t\t\t<div class='uagb-post__text uagb-post-grid-byline'>\n\t\t\t\t\t\t\t\t<div class=\"uagb-post__text\">\n\t\t\t\t\t<span class='uagb-post__taxonomy'>\n\t\t\t\t\t\t<span class=\"dashicons-tag dashicons\"><\/span>\t\t\t\t\t\t<a href=\"https:\/\/www.ask-a-muslim.com\/en\/category\/for-new-muslim\/\">For New Muslim<\/a>\t\t\t\t\t<\/span>\n\t\t\t\t<\/div>\n\t\t\t\t\t\t\t<\/div>\n\t\t\t\t\t\t\t<div class='uagb-post__text uagb-post__excerpt'>\n\t\t\t\t\t<p>-Advice to the Muslims to have taqwaa1 when seeking provision, and during hardships and trials- Shaikh al-Albaani: \u201cOur calamity today is that we have turned away from the main purpose for which we were created, which is: worshiping Allaah ?. So most of us don\u2019t worship Allaah, and the few who do worship Allaah don\u2019t know how to worship Him. And one of the things we have forgotten from the preserved Qur.aan that Allaah ? blessed upon us as He&#8230;\t\t\t\t<\/div>\n\t\t\t\t\t\t<div class=\"uagb-post__text uagb-post__cta wp-block-button\">\n\t\t\t\t<a class=\"wp-block-button__link uagb-text-link\" style=\"\" href=\"https:\/\/www.ask-a-muslim.com\/en\/two-things-for-the-one-who-has-taqwaa\/\" target=\"_self\" rel=\"bookmark noopener noreferrer\">Read More<\/a>\n\t\t\t<\/div>\n\t\t\t\n\t\t\t\t\t\t\t\t\t<\/article>\n\t\t\t\t\t\t\t\t\t\t\t\t\t\t\t\t<article class=\"uagb-post__inner-wrap\">\t\t\t\t\t\t\t\t<h4 class=\"uagb-post__title uagb-post__text\">\n\t\t\t\t<a href=\"https:\/\/www.ask-a-muslim.com\/en\/how-to-seek-laylatul-qadr\/\" target=\"_self\" rel=\"bookmark noopener noreferrer\">How to Seek Laylatul-Qadr<\/a>\n\t\t\t<\/h4>\n\t\t\t\t\t\t<div class='uagb-post__text uagb-post-grid-byline'>\n\t\t\t\t\t\t\t\t<div class=\"uagb-post__text\">\n\t\t\t\t\t<span class='uagb-post__taxonomy'>\n\t\t\t\t\t\t<span class=\"dashicons-tag dashicons\"><\/span>\t\t\t\t\t\t<a href=\"https:\/\/www.ask-a-muslim.com\/en\/category\/for-new-muslim\/\">For New Muslim<\/a>\t\t\t\t\t<\/span>\n\t\t\t\t<\/div>\n\t\t\t\t\t\t\t<\/div>\n\t\t\t\t\t\t\t<div class='uagb-post__text uagb-post__excerpt'>\n\t\t\t\t\t<p>Laylat ul-Qadr is the most blessed night. A person who misses it has indeed missed a great amount of good. If a believing person is zealous to obey his Lord and increase the good deeds in his record, he should strive to encounter this night and to pass it in worship and obedience. If this is facilitated for him, all of his previous sins will be forgiven. &nbsp; Praying Qiyaam It is recommended to make a long Qiyaam prayer during&#8230;\t\t\t\t<\/div>\n\t\t\t\t\t\t<div class=\"uagb-post__text uagb-post__cta wp-block-button\">\n\t\t\t\t<a class=\"wp-block-button__link uagb-text-link\" style=\"\" href=\"https:\/\/www.ask-a-muslim.com\/en\/how-to-seek-laylatul-qadr\/\" target=\"_self\" rel=\"bookmark noopener noreferrer\">Read More<\/a>\n\t\t\t<\/div>\n\t\t\t\n\t\t\t\t\t\t\t\t\t<\/article>\n\t\t\t\t\t\t\t\t\t\t\t\t\t\t\t\t<article class=\"uagb-post__inner-wrap\">\t\t\t\t\t\t\t\t<h4 class=\"uagb-post__title uagb-post__text\">\n\t\t\t\t<a href=\"https:\/\/www.ask-a-muslim.com\/en\/to-what-degree-is-a-muslim-to-be-concerned-with-politics-today\/\" target=\"_self\" rel=\"bookmark noopener noreferrer\">To what degree is a Muslim to be concerned with politics today?<\/a>\n\t\t\t<\/h4>\n\t\t\t\t\t\t<div class='uagb-post__text uagb-post-grid-byline'>\n\t\t\t\t\t\t\t\t<div class=\"uagb-post__text\">\n\t\t\t\t\t<span class='uagb-post__taxonomy'>\n\t\t\t\t\t\t<span class=\"dashicons-tag dashicons\"><\/span>\t\t\t\t\t\t<a href=\"https:\/\/www.ask-a-muslim.com\/en\/category\/for-new-muslim\/\">For New Muslim<\/a>\t\t\t\t\t<\/span>\n\t\t\t\t<\/div>\n\t\t\t\t\t\t\t<\/div>\n\t\t\t\t\t\t\t<div class='uagb-post__text uagb-post__excerpt'>\n\t\t\t\t\t<p>Question: To what degree is a Muslim to be concerned with politics today, within it\u2019s Islaamic guidelines? Answer: If what is intended by \u201cpolitics\u201d is the administering of the ummah, then the reality is that politics is not from the acts of one individual from the people of the ummah, but rather, it is from the duties of the Muslim State. This is if the objective behind politics, as we stated before, is the administering of the ummah and the&#8230;\t\t\t\t<\/div>\n\t\t\t\t\t\t<div class=\"uagb-post__text uagb-post__cta wp-block-button\">\n\t\t\t\t<a class=\"wp-block-button__link uagb-text-link\" style=\"\" href=\"https:\/\/www.ask-a-muslim.com\/en\/to-what-degree-is-a-muslim-to-be-concerned-with-politics-today\/\" target=\"_self\" rel=\"bookmark noopener noreferrer\">Read More<\/a>\n\t\t\t<\/div>\n\t\t\t\n\t\t\t\t\t\t\t\t\t<\/article>\n\t\t\t\t\t\t\t\t\t\t\t\t\t\t\t\t<article class=\"uagb-post__inner-wrap\">\t\t\t\t\t\t\t\t<h4 class=\"uagb-post__title uagb-post__text\">\n\t\t\t\t<a href=\"https:\/\/www.ask-a-muslim.com\/en\/loving-allah-and-gaining-his-love\/\" target=\"_self\" rel=\"bookmark noopener noreferrer\">Loving All\u0101h and gaining His Love<\/a>\n\t\t\t<\/h4>\n\t\t\t\t\t\t<div class='uagb-post__text uagb-post-grid-byline'>\n\t\t\t\t\t\t\t\t<div class=\"uagb-post__text\">\n\t\t\t\t\t<span class='uagb-post__taxonomy'>\n\t\t\t\t\t\t<span class=\"dashicons-tag dashicons\"><\/span>\t\t\t\t\t\t<a href=\"https:\/\/www.ask-a-muslim.com\/en\/category\/for-new-muslim\/\">For New Muslim<\/a>\t\t\t\t\t<\/span>\n\t\t\t\t<\/div>\n\t\t\t\t\t\t\t<\/div>\n\t\t\t\t\t\t\t<div class='uagb-post__text uagb-post__excerpt'>\n\t\t\t\t\t<p>Shaykh al-Alb\u0101n\u012b says in his introduction: \u201cKnow, O Muslim brother, that it is not possible for anyone to rise to this station of loving All\u0101h and His Messenger (\u0635\u0644\u0649 \u0627\u0644\u0644\u0647 \u0639\u0644\u064a\u0647 \u0648\u0633\u0644\u0645) except by tawh\u012bd (singling out) of All\u0101h, the Most High, alone in His worship, and by singling out the Prophet (\u0635\u0644\u0649 \u0627\u0644\u0644\u0647 \u0639\u0644\u064a\u0647 \u0648\u0633\u0644\u0645) alone for following from among the servants of All\u0101h, due to (All\u0101h\u2019s) statement: \u2018He who obeys the Messenger (Muhammad (\u0635\u0644\u0649 \u0627\u0644\u0644\u0647 \u0639\u0644\u064a\u0647 \u0648\u0633\u0644\u0645)) has&#8230;\t\t\t\t<\/div>\n\t\t\t\t\t\t<div class=\"uagb-post__text uagb-post__cta wp-block-button\">\n\t\t\t\t<a class=\"wp-block-button__link uagb-text-link\" style=\"\" href=\"https:\/\/www.ask-a-muslim.com\/en\/loving-allah-and-gaining-his-love\/\" target=\"_self\" rel=\"bookmark noopener noreferrer\">Read More<\/a>\n\t\t\t<\/div>\n\t\t\t\n\t\t\t\t\t\t\t\t\t<\/article>\n\t\t\t\t\t\t\t\t\t\t\t\t\t\t\t\t<article class=\"uagb-post__inner-wrap\">\t\t\t\t\t\t\t\t<h4 class=\"uagb-post__title uagb-post__text\">\n\t\t\t\t<a href=\"https:\/\/www.ask-a-muslim.com\/en\/the-inheritance-of-paradise\/\" target=\"_self\" rel=\"bookmark noopener noreferrer\">The inheritance of Paradise<\/a>\n\t\t\t<\/h4>\n\t\t\t\t\t\t<div class='uagb-post__text uagb-post-grid-byline'>\n\t\t\t\t\t\t\t\t<div class=\"uagb-post__text\">\n\t\t\t\t\t<span class='uagb-post__taxonomy'>\n\t\t\t\t\t\t<span class=\"dashicons-tag dashicons\"><\/span>\t\t\t\t\t\t<a href=\"https:\/\/www.ask-a-muslim.com\/en\/category\/for-new-muslim\/\">For New Muslim<\/a>\t\t\t\t\t<\/span>\n\t\t\t\t<\/div>\n\t\t\t\t\t\t\t<\/div>\n\t\t\t\t\t\t\t<div class='uagb-post__text uagb-post__excerpt'>\n\t\t\t\t\t<p>Ab\u016b Huraira said that the Messenger of All\u0101h (\u0635\u0644\u0649 \u0627\u0644\u0644\u0647 \u0639\u0644\u064a\u0647 \u0648\u0633\u0644\u0645)said: \u201cWhoever fears (All\u0101h) sets out at nightfall,[1] and whoever sets out at nightfall will reach the goal. Indeed, the goods of All\u0101h are expensive; indeed, the goods of All\u0101h is Paradise.\u201d[2] Shaykh al-Alb\u0101n\u012b comments: \u201cThe meaning of this is that there is a price for entering Paradise and that entering it does not happen by feeling safe (from the plan of All\u0101h) and at-taw\u0101kul (not taking any means&#8230;\t\t\t\t<\/div>\n\t\t\t\t\t\t<div class=\"uagb-post__text uagb-post__cta wp-block-button\">\n\t\t\t\t<a class=\"wp-block-button__link uagb-text-link\" style=\"\" href=\"https:\/\/www.ask-a-muslim.com\/en\/the-inheritance-of-paradise\/\" target=\"_self\" rel=\"bookmark noopener noreferrer\">Read More<\/a>\n\t\t\t<\/div>\n\t\t\t\n\t\t\t\t\t\t\t\t\t<\/article>\n\t\t\t\t\t\t\t\t\t\t\t\t\t\t\t\t<article class=\"uagb-post__inner-wrap\">\t\t\t\t\t\t\t\t<h4 class=\"uagb-post__title uagb-post__text\">\n\t\t\t\t<a href=\"https:\/\/www.ask-a-muslim.com\/en\/piety-and-wickedness\/\" target=\"_self\" rel=\"bookmark noopener noreferrer\">Piety and Wickedness<\/a>\n\t\t\t<\/h4>\n\t\t\t\t\t\t<div class='uagb-post__text uagb-post-grid-byline'>\n\t\t\t\t\t\t\t\t<div class=\"uagb-post__text\">\n\t\t\t\t\t<span class='uagb-post__taxonomy'>\n\t\t\t\t\t\t<span class=\"dashicons-tag dashicons\"><\/span>\t\t\t\t\t\t<a href=\"https:\/\/www.ask-a-muslim.com\/en\/category\/for-new-muslim\/\">For New Muslim<\/a>\t\t\t\t\t<\/span>\n\t\t\t\t<\/div>\n\t\t\t\t\t\t\t<\/div>\n\t\t\t\t\t\t\t<div class='uagb-post__text uagb-post__excerpt'>\n\t\t\t\t\t<p>\u201cO Mankind! Partake of what is lawful and good on earth, and follow not Satan\u2019s footsteps: for, verily, he is your open foe and bids you only to do evil, to commit deeds of immorality, and to attribute unto God what you do not know.\u201d (Quran 2:168-169) God addresses all of humanity, the faithful and the faithless, to think about something we take for granted: food. God produces everything on earth: seeds, fruits, vegetables, and meats for human consumption, but&#8230;\t\t\t\t<\/div>\n\t\t\t\t\t\t<div class=\"uagb-post__text uagb-post__cta wp-block-button\">\n\t\t\t\t<a class=\"wp-block-button__link uagb-text-link\" style=\"\" href=\"https:\/\/www.ask-a-muslim.com\/en\/piety-and-wickedness\/\" target=\"_self\" rel=\"bookmark noopener noreferrer\">Read More<\/a>\n\t\t\t<\/div>\n\t\t\t\n\t\t\t\t\t\t\t\t\t<\/article>\n\t\t\t\t\t\t\t\t\t\t\t\t\t\t\t\t<article class=\"uagb-post__inner-wrap\">\t\t\t\t\t\t\t\t<h4 class=\"uagb-post__title uagb-post__text\">\n\t\t\t\t<a href=\"https:\/\/www.ask-a-muslim.com\/en\/the-common-origin-of-humanity\/\" target=\"_self\" rel=\"bookmark noopener noreferrer\">The Common Origin of Humanity<\/a>\n\t\t\t<\/h4>\n\t\t\t\t\t\t<div class='uagb-post__text uagb-post-grid-byline'>\n\t\t\t\t\t\t\t\t<div class=\"uagb-post__text\">\n\t\t\t\t\t<span class='uagb-post__taxonomy'>\n\t\t\t\t\t\t<span class=\"dashicons-tag dashicons\"><\/span>\t\t\t\t\t\t<a href=\"https:\/\/www.ask-a-muslim.com\/en\/category\/for-new-muslim\/\">For New Muslim<\/a>\t\t\t\t\t<\/span>\n\t\t\t\t<\/div>\n\t\t\t\t\t\t\t<\/div>\n\t\t\t\t\t\t\t<div class='uagb-post__text uagb-post__excerpt'>\n\t\t\t\t\t<p>\u201cO mankind! Be conscious of your Lord, who has created you from one soul (Adam), and out of it created its mate (Eve), and out of the two spread many men and women. And remain conscious of God, in whose name you demand [your rights] from one another, and of these ties of kinship. Verily, God is ever watchful over you!\u201d (Quran 4:1) God addresses entire humanity and asks them to be conscious of Him, to be aware of His&#8230;\t\t\t\t<\/div>\n\t\t\t\t\t\t<div class=\"uagb-post__text uagb-post__cta wp-block-button\">\n\t\t\t\t<a class=\"wp-block-button__link uagb-text-link\" style=\"\" href=\"https:\/\/www.ask-a-muslim.com\/en\/the-common-origin-of-humanity\/\" target=\"_self\" rel=\"bookmark noopener noreferrer\">Read More<\/a>\n\t\t\t<\/div>\n\t\t\t\n\t\t\t\t\t\t\t\t\t<\/article>\n\t\t\t\t\t\t\t\t\t\t\t\t\t\t\t\t<article class=\"uagb-post__inner-wrap\">\t\t\t\t\t\t\t\t<h4 class=\"uagb-post__title uagb-post__text\">\n\t\t\t\t<a href=\"https:\/\/www.ask-a-muslim.com\/en\/dates-relief-of-pain\/\" target=\"_self\" rel=\"bookmark noopener noreferrer\">Dates: Relief of Pain<\/a>\n\t\t\t<\/h4>\n\t\t\t\t\t\t<div class='uagb-post__text uagb-post-grid-byline'>\n\t\t\t\t\t\t\t\t<div class=\"uagb-post__text\">\n\t\t\t\t\t<span class='uagb-post__taxonomy'>\n\t\t\t\t\t\t<span class=\"dashicons-tag dashicons\"><\/span>\t\t\t\t\t\t<a href=\"https:\/\/www.ask-a-muslim.com\/en\/category\/for-new-muslim\/\">For New Muslim<\/a>\t\t\t\t\t<\/span>\n\t\t\t\t<\/div>\n\t\t\t\t\t\t\t<\/div>\n\t\t\t\t\t\t\t<div class='uagb-post__text uagb-post__excerpt'>\n\t\t\t\t\t<p>It is a long-established custom among Muslim parents to put a piece of well-chewed date (or other available sweet fruit) in the mouth of a newborn baby. Muslims do this following the practice of the Prophet Muhammad, may the mercy and blessings of God be upon him, believing him to bee, as the Quran says, sent as a healing and a mercy to mankind. We may infer from the way this custom originated that there is a virtue in it&#8230;.\t\t\t\t<\/div>\n\t\t\t\t\t\t<div class=\"uagb-post__text uagb-post__cta wp-block-button\">\n\t\t\t\t<a class=\"wp-block-button__link uagb-text-link\" style=\"\" href=\"https:\/\/www.ask-a-muslim.com\/en\/dates-relief-of-pain\/\" target=\"_self\" rel=\"bookmark noopener noreferrer\">Read More<\/a>\n\t\t\t<\/div>\n\t\t\t\n\t\t\t\t\t\t\t\t\t<\/article>\n\t\t\t\t\t\t\t\t\t\t\t\t\t\t\t\t<article class=\"uagb-post__inner-wrap\">\t\t\t\t\t\t\t\t<h4 class=\"uagb-post__title uagb-post__text\">\n\t\t\t\t<a href=\"https:\/\/www.ask-a-muslim.com\/en\/health-in-islam\/\" target=\"_self\" rel=\"bookmark noopener noreferrer\">Health in Islam<\/a>\n\t\t\t<\/h4>\n\t\t\t\t\t\t<div class='uagb-post__text uagb-post-grid-byline'>\n\t\t\t\t\t\t\t\t<div class=\"uagb-post__text\">\n\t\t\t\t\t<span class='uagb-post__taxonomy'>\n\t\t\t\t\t\t<span class=\"dashicons-tag dashicons\"><\/span>\t\t\t\t\t\t<a href=\"https:\/\/www.ask-a-muslim.com\/en\/category\/for-new-muslim\/\">For New Muslim<\/a>\t\t\t\t\t<\/span>\n\t\t\t\t<\/div>\n\t\t\t\t\t\t\t<\/div>\n\t\t\t\t\t\t\t<div class='uagb-post__text uagb-post__excerpt'>\n\t\t\t\t\t<p>(part 1 of 4): A Holistic Approach Islam comes from the root word \u201csa-la-ma\u201d, as do the words Muslim (one who follows the message of Islam) and \u201csalaam\u201d (peace). The root word \u201cSa &#8211; la \u2013 ma\u201d denotes peace, security, safety as it does submission and surrender to Almighty God. This security is inherent in the submission to the One God. When a person submits to the will of God he will experience an innate sense of security and peacefulness&#8230;.\t\t\t\t<\/div>\n\t\t\t\t\t\t<div class=\"uagb-post__text uagb-post__cta wp-block-button\">\n\t\t\t\t<a class=\"wp-block-button__link uagb-text-link\" style=\"\" href=\"https:\/\/www.ask-a-muslim.com\/en\/health-in-islam\/\" target=\"_self\" rel=\"bookmark noopener noreferrer\">Read More<\/a>\n\t\t\t<\/div>\n\t\t\t\n\t\t\t\t\t\t\t\t\t<\/article>\n\t\t\t\t\t\t\t\t\t\t\t<\/div>\n\t\t\t","protected":false},"excerpt":{"rendered":"","protected":false},"author":7,"featured_media":0,"parent":0,"menu_order":0,"comment_status":"closed","ping_status":"closed","template":"","meta":{"_uag_custom_page_level_css":"","_monsterinsights_skip_tracking":false,"_monsterinsights_sitenote_active":false,"_monsterinsights_sitenote_note":"","_monsterinsights_sitenote_category":0,"footnotes":""},"class_list":["post-6477","page","type-page","status-publish"],"uagb_featured_image_src":{"full":false,"thumbnail":false,"medium":false,"medium_large":false,"large":false,"1536x1536":false,"2048x2048":false,"gform-image-choice-sm":false,"gform-image-choice-md":false,"gform-image-choice-lg":false},"uagb_author_info":{"display_name":"Site Admin","author_link":"https:\/\/www.ask-a-muslim.com\/en\/author\/admin2\/"},"uagb_comment_info":0,"uagb_excerpt":null,"jetpack_sharing_enabled":true,"jetpack_shortlink":"https:\/\/wp.me\/PcT0IL-1Gt","jetpack-related-posts":[{"id":13512,"url":"https:\/\/www.ask-a-muslim.com\/en\/resources-3\/","url_meta":{"origin":6477,"position":0},"title":"New Muslim Resources","author":"Site Admin","date":"04\/08\/2021","format":false,"excerpt":"New Muslim Academy For all new Muslim , please register in the New Muslim Academy. It will teach you all you need to start practicing Islam. AskAMuslim Brocures New Muslims Books The New Muslim Guide Download!33 Lessons for Every Muslim\u00a0 Download!Discover Islam DownloadThe Religion of Truth Download!Conditions And Pillars Of\u2026","rel":"","context":"Similar post","block_context":{"text":"Similar post","link":""},"img":{"alt_text":"","src":"https:\/\/i0.wp.com\/www.ask-a-muslim.com\/wp-content\/uploads\/2014\/07\/nmalogo.jpg?resize=350%2C200&ssl=1","width":350,"height":200},"classes":[]},{"id":103,"url":"https:\/\/www.ask-a-muslim.com\/en\/resources\/","url_meta":{"origin":6477,"position":1},"title":"Resources","author":"ASKM","date":"07\/02\/2014","format":false,"excerpt":"[et_pb_section bb_built=\"1\" admin_label=\"section\"][et_pb_row admin_label=\"row\"][et_pb_column type=\"4_4\"][et_pb_text admin_label=\"Text\" background_layout=\"light\" text_orientation=\"center\" use_border_color=\"off\" border_color=\"#ffffff\" border_style=\"solid\"] New Muslim Academy [\/et_pb_text][et_pb_image admin_label=\"Image\" src=\"https:\/\/www.ask-a-muslim.com\/wp-content\/uploads\/2014\/07\/nmalogo.jpg\" show_in_lightbox=\"off\" url_new_window=\"on\" use_overlay=\"off\" animation=\"off\" sticky=\"off\" align=\"center\" force_fullwidth=\"off\" always_center_on_mobile=\"on\" use_border_color=\"off\" border_color=\"#ffffff\" border_style=\"solid\" url=\"newmuslimacademy.org\"] \u00a0 [\/et_pb_image][et_pb_text admin_label=\"Text\" background_layout=\"light\" text_orientation=\"center\" use_border_color=\"off\" border_color=\"#ffffff\" border_style=\"solid\"] For all new Muslim , please register in the New Muslim Academy. It\u2026","rel":"","context":"Similar post","block_context":{"text":"Similar post","link":""},"img":{"alt_text":"","src":"https:\/\/i0.wp.com\/www.ask-a-muslim.com\/wp-content\/uploads\/2014\/07\/Pamphlets-1.png?resize=350%2C200&ssl=1","width":350,"height":200},"classes":[]},{"id":8706,"url":"https:\/\/www.ask-a-muslim.com\/nl\/for-new-muslim\/","url_meta":{"origin":6477,"position":2},"title":"For New Muslim","author":"Site Admin","date":"06\/20\/2020","format":false,"excerpt":"[et_pb_section bb_built=\"1\" admin_label=\"section\"][et_pb_row admin_label=\"Row\"][et_pb_column type=\"4_4\"][et_pb_text admin_label=\"Text\" background_layout=\"light\" text_orientation=\"center\" use_border_color=\"off\" border_color=\"#ffffff\" border_style=\"solid\"]FOR NEW MUSLIM \u00a0[\/et_pb_text][\/et_pb_column][\/et_pb_row][et_pb_row admin_label=\"row\"][et_pb_column type=\"4_4\"][et_pb_blog admin_label=\"Blog\" fullwidth=\"off\" show_thumbnail=\"on\" show_content=\"off\" show_more=\"on\" show_author=\"off\" show_date=\"off\" show_categories=\"off\" show_comments=\"off\" show_pagination=\"on\" offset_number=\"0\" use_overlay=\"on\" background_layout=\"light\" use_dropshadow=\"off\" use_border_color=\"off\" border_color=\"#ffffff\" border_style=\"solid\" overlay_icon_color=\"#eaeaea\" hover_overlay_color=\"rgba(51,191,32,0.69)\" hover_icon=\"%%254%%\" posts_number=\"12\" body_font_size_last_edited=\"off|desktop\" body_font_size=\"12\" meta_font_size=\"12\" include_categories=\"110\"] [\/et_pb_blog][\/et_pb_column][\/et_pb_row][\/et_pb_section]","rel":"","context":"Similar post","block_context":{"text":"Similar post","link":""},"img":{"alt_text":"","src":"","width":0,"height":0},"classes":[]},{"id":4,"url":"https:\/\/www.ask-a-muslim.com\/en\/","url_meta":{"origin":6477,"position":3},"title":"Home","author":"ASKM","date":"05\/26\/2017","format":false,"excerpt":"WELCOME TO ASK A MUSLIM WEBSITE We are a group of Muslims based in Columbus, OH, USA. We want to help you learn about Islam from the best source \u2013 actual practicing Muslims. Please get in touch if you can\u2019t find what you are looking for. Get Started THE QURAN.ONE\u2026","rel":"","context":"Similar post","block_context":{"text":"Similar post","link":""},"img":{"alt_text":"","src":"https:\/\/i0.wp.com\/www.ask-a-muslim.com\/wp-content\/uploads\/2021\/09\/AAM-APP-Poster-01.jpg?resize=350%2C200&ssl=1","width":350,"height":200,"srcset":"https:\/\/i0.wp.com\/www.ask-a-muslim.com\/wp-content\/uploads\/2021\/09\/AAM-APP-Poster-01.jpg?resize=350%2C200&ssl=1 1x, https:\/\/i0.wp.com\/www.ask-a-muslim.com\/wp-content\/uploads\/2021\/09\/AAM-APP-Poster-01.jpg?resize=525%2C300&ssl=1 1.5x, https:\/\/i0.wp.com\/www.ask-a-muslim.com\/wp-content\/uploads\/2021\/09\/AAM-APP-Poster-01.jpg?resize=700%2C400&ssl=1 2x, https:\/\/i0.wp.com\/www.ask-a-muslim.com\/wp-content\/uploads\/2021\/09\/AAM-APP-Poster-01.jpg?resize=1050%2C600&ssl=1 3x"},"classes":[]},{"id":1769,"url":"https:\/\/www.ask-a-muslim.com\/en\/about-us-2\/","url_meta":{"origin":6477,"position":4},"title":"About Us","author":"ASKM","date":"04\/28\/2014","format":false,"excerpt":"[et_pb_section bb_built=\"1\" admin_label=\"section\"][et_pb_row admin_label=\"row\"][et_pb_column type=\"4_4\"][et_pb_text admin_label=\"Text\"] [vc_row][vc_column width=\"1\/2\"][feature_headline type=\"left\" level=\"h1\" looks_like=\"h1\" icon=\"adjust\"]Who we are[\/feature_headline][text_output]We are a group of Muslims based in Columbus, OH, USA. We want to help you learn about Islam from the best source \u2013 actual practicing Muslims. Our vision: Invite people to Islam through accessible media means\u2026","rel":"","context":"Similar post","block_context":{"text":"Similar post","link":""},"img":{"alt_text":"","src":"","width":0,"height":0},"classes":[]},{"id":4147,"url":"https:\/\/www.ask-a-muslim.com\/en\/you-do-it\/","url_meta":{"origin":6477,"position":5},"title":"Help EstablishAsk A Muslim Masjid and Dawah\u00a0Center","author":"Site Admin","date":"10\/02\/2018","format":false,"excerpt":"Help EstablishAsk A Muslim Masjid and Dawah\u00a0Center Will you claim your Palace in Jannah Today?Donate Now Exciting news for our brothers and sisters!\u00a0 Ask a Muslim is launching its FIRST multi-purpose Masjid and Da\u2019wah center in Westerville, Ohio INSHA\u2019ALLAH! THE PROPHET \ufdfa said in a FAMOUS hadith: \"Whoever builds a\u2026","rel":"","context":"Similar post","block_context":{"text":"Similar post","link":""},"img":{"alt_text":"","src":"","width":0,"height":0},"classes":[]}],"_links":{"self":[{"href":"https:\/\/www.ask-a-muslim.com\/en\/wp-json\/wp\/v2\/pages\/6477","targetHints":{"allow":["GET"]}}],"collection":[{"href":"https:\/\/www.ask-a-muslim.com\/en\/wp-json\/wp\/v2\/pages"}],"about":[{"href":"https:\/\/www.ask-a-muslim.com\/en\/wp-json\/wp\/v2\/types\/page"}],"author":[{"embeddable":true,"href":"https:\/\/www.ask-a-muslim.com\/en\/wp-json\/wp\/v2\/users\/7"}],"replies":[{"embeddable":true,"href":"https:\/\/www.ask-a-muslim.com\/en\/wp-json\/wp\/v2\/comments?post=6477"}],"version-history":[{"count":2,"href":"https:\/\/www.ask-a-muslim.com\/en\/wp-json\/wp\/v2\/pages\/6477\/revisions"}],"predecessor-version":[{"id":12665,"href":"https:\/\/www.ask-a-muslim.com\/en\/wp-json\/wp\/v2\/pages\/6477\/revisions\/12665"}],"wp:attachment":[{"href":"https:\/\/www.ask-a-muslim.com\/en\/wp-json\/wp\/v2\/media?parent=6477"}],"curies":[{"name":"wp","href":"https:\/\/api.w.org\/{rel}","templated":true}]}}