{"id":6483,"date":"2020-05-30T02:07:05","date_gmt":"2020-05-30T07:07:05","guid":{"rendered":"https:\/\/www.ask-a-muslim.com\/?page_id=6483"},"modified":"2021-03-09T02:07:09","modified_gmt":"2021-03-09T07:07:09","slug":"transactions-worship","status":"publish","type":"page","link":"https:\/\/www.ask-a-muslim.com\/en\/transactions-worship\/","title":{"rendered":"Transactions &#038; Worship"},"content":{"rendered":"\n\t\t\t<div class=\"wp-block-uagb-post-grid uagb-post-grid  uagb-post__image-position-top uagb-post__image-enabled uagb-block-bacf9a4c     uagb-post__items uagb-post__columns-1 is-grid uagb-post__columns-tablet-2 uagb-post__columns-mobile-1 uagb-post__equal-height\" data-total=\"3\" style=\"\">\n\n\t\t\t\t\t\t\t\t\t\t\t\t<article class=\"uagb-post__inner-wrap\">\t\t\t\t\t\t\t\t<h4 class=\"uagb-post__title uagb-post__text\">\n\t\t\t\t<a href=\"https:\/\/www.ask-a-muslim.com\/en\/six-parts-of-the-talbiyah-taste-its-sweetness\/\" target=\"_self\" rel=\"bookmark noopener noreferrer\">Six parts of the Talbiyah: taste its sweetness!<\/a>\n\t\t\t<\/h4>\n\t\t\t\t\t\t<div class='uagb-post__text uagb-post-grid-byline'>\n\t\t\t\t\t\t\t\t<div class=\"uagb-post__text\">\n\t\t\t\t\t<span class='uagb-post__taxonomy'>\n\t\t\t\t\t\t<span class=\"dashicons-tag dashicons\"><\/span>\t\t\t\t\t\t<a href=\"https:\/\/www.ask-a-muslim.com\/en\/category\/transactions-and-worship\/\">Transactions &amp; Worship<\/a>\t\t\t\t\t<\/span>\n\t\t\t\t<\/div>\n\t\t\t\t\t\t\t<\/div>\n\t\t\t\t\t\t\t<div class='uagb-post__text uagb-post__excerpt'>\n\t\t\t\t\t<p>by Dr. Abdulazeez Abdulraheem Once you enter the state of Ihram for Hajj or Umrah, you start reciting the Talbiyah. Because you will recite it perhaps hundreds of times, it is extremely important and useful to know the beautiful dimensions of the Talbiyah. This way, every time you say it you will taste a different sweetness of talking to Allah [swt]. You will repeat it with love, passion and eagerness. Each statement of the Talbiyah has layers upon layers of&#8230;\t\t\t\t<\/div>\n\t\t\t\t\t\t<div class=\"uagb-post__text uagb-post__cta wp-block-button\">\n\t\t\t\t<a class=\"wp-block-button__link uagb-text-link\" style=\"\" href=\"https:\/\/www.ask-a-muslim.com\/en\/six-parts-of-the-talbiyah-taste-its-sweetness\/\" target=\"_self\" rel=\"bookmark noopener noreferrer\">Read More<\/a>\n\t\t\t<\/div>\n\t\t\t\n\t\t\t\t\t\t\t\t\t<\/article>\n\t\t\t\t\t\t\t\t\t\t\t\t\t\t\t\t<article class=\"uagb-post__inner-wrap\">\t\t\t\t\t\t\t\t<h4 class=\"uagb-post__title uagb-post__text\">\n\t\t\t\t<a href=\"https:\/\/www.ask-a-muslim.com\/en\/the-economic-system-of-islam\/\" target=\"_self\" rel=\"bookmark noopener noreferrer\">The Economic System of Islam<\/a>\n\t\t\t<\/h4>\n\t\t\t\t\t\t<div class='uagb-post__text uagb-post-grid-byline'>\n\t\t\t\t\t\t\t\t<div class=\"uagb-post__text\">\n\t\t\t\t\t<span class='uagb-post__taxonomy'>\n\t\t\t\t\t\t<span class=\"dashicons-tag dashicons\"><\/span>\t\t\t\t\t\t<a href=\"https:\/\/www.ask-a-muslim.com\/en\/category\/transactions-and-worship\/\">Transactions &amp; Worship<\/a>\t\t\t\t\t<\/span>\n\t\t\t\t<\/div>\n\t\t\t\t\t\t\t<\/div>\n\t\t\t\t\t\t\t<div class='uagb-post__text uagb-post__excerpt'>\n\t\t\t\t\t<p>(part 1 of 2): The Sources of Islamic Economics Introduction As a complete way of life, Islam has provided guidelines and rules for every sphere of life and society. Naturally, a functioning economic system is vital for a healthy society, as the consumption of goods and services, and the facilitation of this by a common medium of exchange, play a major role in allowing people to realize their material and other goals in life. Islam has set some standards, based&#8230;\t\t\t\t<\/div>\n\t\t\t\t\t\t<div class=\"uagb-post__text uagb-post__cta wp-block-button\">\n\t\t\t\t<a class=\"wp-block-button__link uagb-text-link\" style=\"\" href=\"https:\/\/www.ask-a-muslim.com\/en\/the-economic-system-of-islam\/\" target=\"_self\" rel=\"bookmark noopener noreferrer\">Read More<\/a>\n\t\t\t<\/div>\n\t\t\t\n\t\t\t\t\t\t\t\t\t<\/article>\n\t\t\t\t\t\t\t\t\t\t\t\t\t\t\t\t<article class=\"uagb-post__inner-wrap\">\t\t\t\t\t\t\t\t<h4 class=\"uagb-post__title uagb-post__text\">\n\t\t\t\t<a href=\"https:\/\/www.ask-a-muslim.com\/en\/government-influence-and-the-judiciary\/\" target=\"_self\" rel=\"bookmark noopener noreferrer\">Government Influence and the Judiciary<\/a>\n\t\t\t<\/h4>\n\t\t\t\t\t\t<div class='uagb-post__text uagb-post-grid-byline'>\n\t\t\t\t\t\t\t\t<div class=\"uagb-post__text\">\n\t\t\t\t\t<span class='uagb-post__taxonomy'>\n\t\t\t\t\t\t<span class=\"dashicons-tag dashicons\"><\/span>\t\t\t\t\t\t<a href=\"https:\/\/www.ask-a-muslim.com\/en\/category\/transactions-and-worship\/\">Transactions &amp; Worship<\/a>\t\t\t\t\t<\/span>\n\t\t\t\t<\/div>\n\t\t\t\t\t\t\t<\/div>\n\t\t\t\t\t\t\t<div class='uagb-post__text uagb-post__excerpt'>\n\t\t\t\t\t<p>(part 1 of 2) The Independence of the Judiciary Islamic Law, through the sacred texts and through its basic principles, prohibits the governing officials from interfering with or influencing the decisions of the court in any way. Islamic Law, in its general principles and individual statutes, seeks to realize its primary objective of establishing justice on the foundation of monotheism. Monotheism is not just lip service. It is realized through actions that verify the profession of faith. These actions must&#8230;\t\t\t\t<\/div>\n\t\t\t\t\t\t<div class=\"uagb-post__text uagb-post__cta wp-block-button\">\n\t\t\t\t<a class=\"wp-block-button__link uagb-text-link\" style=\"\" href=\"https:\/\/www.ask-a-muslim.com\/en\/government-influence-and-the-judiciary\/\" target=\"_self\" rel=\"bookmark noopener noreferrer\">Read More<\/a>\n\t\t\t<\/div>\n\t\t\t\n\t\t\t\t\t\t\t\t\t<\/article>\n\t\t\t\t\t\t\t\t\t\t\t\t\t\t\t\t<article class=\"uagb-post__inner-wrap\">\t\t\t\t\t\t\t\t<h4 class=\"uagb-post__title uagb-post__text\">\n\t\t\t\t<a href=\"https:\/\/www.ask-a-muslim.com\/en\/crime-and-punishment-in-islam\/\" target=\"_self\" rel=\"bookmark noopener noreferrer\">Crime and Punishment in Islam<\/a>\n\t\t\t<\/h4>\n\t\t\t\t\t\t<div class='uagb-post__text uagb-post-grid-byline'>\n\t\t\t\t\t\t\t\t<div class=\"uagb-post__text\">\n\t\t\t\t\t<span class='uagb-post__taxonomy'>\n\t\t\t\t\t\t<span class=\"dashicons-tag dashicons\"><\/span>\t\t\t\t\t\t<a href=\"https:\/\/www.ask-a-muslim.com\/en\/category\/transactions-and-worship\/\">Transactions &amp; Worship<\/a>\t\t\t\t\t<\/span>\n\t\t\t\t<\/div>\n\t\t\t\t\t\t\t<\/div>\n\t\t\t\t\t\t\t<div class='uagb-post__text uagb-post__excerpt'>\n\t\t\t\t\t<p>(part 1 of 5): Introduction Security and stability are basic human needs, no less important than food and clothing. Without security and stability, a human being is not able to properly conduct his daily life, let alone come up with new ideas or contribute to the development of a high level of civilization. Man has been conscious of the need for security since the beginning of his life on Earth, and he has continuously expressed his awareness of this need&#8230;\t\t\t\t<\/div>\n\t\t\t\t\t\t<div class=\"uagb-post__text uagb-post__cta wp-block-button\">\n\t\t\t\t<a class=\"wp-block-button__link uagb-text-link\" style=\"\" href=\"https:\/\/www.ask-a-muslim.com\/en\/crime-and-punishment-in-islam\/\" target=\"_self\" rel=\"bookmark noopener noreferrer\">Read More<\/a>\n\t\t\t<\/div>\n\t\t\t\n\t\t\t\t\t\t\t\t\t<\/article>\n\t\t\t\t\t\t\t\t\t\t\t\t\t\t\t\t<article class=\"uagb-post__inner-wrap\">\t\t\t\t\t\t\t\t<h4 class=\"uagb-post__title uagb-post__text\">\n\t\t\t\t<a href=\"https:\/\/www.ask-a-muslim.com\/en\/the-shape-and-orbit-of-the-earth-part-1\/\" target=\"_self\" rel=\"bookmark noopener noreferrer\">The shape and orbit of the earth (Part 1)<\/a>\n\t\t\t<\/h4>\n\t\t\t\t\t\t<div class='uagb-post__text uagb-post-grid-byline'>\n\t\t\t\t\t\t\t\t<div class=\"uagb-post__text\">\n\t\t\t\t\t<span class='uagb-post__taxonomy'>\n\t\t\t\t\t\t<span class=\"dashicons-tag dashicons\"><\/span>\t\t\t\t\t\t<a href=\"https:\/\/www.ask-a-muslim.com\/en\/category\/transactions-and-worship\/\">Transactions &amp; Worship<\/a>\t\t\t\t\t<\/span>\n\t\t\t\t<\/div>\n\t\t\t\t\t\t\t<\/div>\n\t\t\t\t\t\t\t<div class='uagb-post__text uagb-post__excerpt'>\n\t\t\t\t\t<p>Question #10\/1: \u201cIs the earth round or flat?\u201d Shaykh al-Alb\u0101n\u012b answers: \u201cIt is round,[1] and the issue of the earth being round or flat is not an affair related to actions nor faith, such that it is obligatory for the Muslim to know the Islamically legislated ruling about it if it is related to actions in order to worship All\u0101h by it like the rest of the acts of worship, or for him to believe in it in the depth&#8230;\t\t\t\t<\/div>\n\t\t\t\t\t\t<div class=\"uagb-post__text uagb-post__cta wp-block-button\">\n\t\t\t\t<a class=\"wp-block-button__link uagb-text-link\" style=\"\" href=\"https:\/\/www.ask-a-muslim.com\/en\/the-shape-and-orbit-of-the-earth-part-1\/\" target=\"_self\" rel=\"bookmark noopener noreferrer\">Read More<\/a>\n\t\t\t<\/div>\n\t\t\t\n\t\t\t\t\t\t\t\t\t<\/article>\n\t\t\t\t\t\t\t\t\t\t\t\t\t\t\t\t<article class=\"uagb-post__inner-wrap\">\t\t\t\t\t\t\t\t<h4 class=\"uagb-post__title uagb-post__text\">\n\t\t\t\t<a href=\"https:\/\/www.ask-a-muslim.com\/en\/the-istikhara-prayer\/\" target=\"_self\" rel=\"bookmark noopener noreferrer\">The istikh\u0101ra prayer<\/a>\n\t\t\t<\/h4>\n\t\t\t\t\t\t<div class='uagb-post__text uagb-post-grid-byline'>\n\t\t\t\t\t\t\t\t<div class=\"uagb-post__text\">\n\t\t\t\t\t<span class='uagb-post__taxonomy'>\n\t\t\t\t\t\t<span class=\"dashicons-tag dashicons\"><\/span>\t\t\t\t\t\t<a href=\"https:\/\/www.ask-a-muslim.com\/en\/category\/transactions-and-worship\/\">Transactions &amp; Worship<\/a>\t\t\t\t\t<\/span>\n\t\t\t\t<\/div>\n\t\t\t\t\t\t\t<\/div>\n\t\t\t\t\t\t\t<div class='uagb-post__text uagb-post__excerpt'>\n\t\t\t\t\t<p>*Question: \u201cWhat should the one making istikh\u0101ra[1] prayer say if he has two affairs on the same level and does not have an inclination toward either one, meaning 50-50?\u201d Shaykh al-Alb\u0101n\u012b answers: \u201cWhat I understand from your question is that he does not have an intention (to do something),[2] therefore there is no istikh\u0101ra prayer upon him.\u201d *Question: \u201cIs the istikh\u0101ra prayer legislated for one who is confused about doing something or is it legislated for one who has made&#8230;\t\t\t\t<\/div>\n\t\t\t\t\t\t<div class=\"uagb-post__text uagb-post__cta wp-block-button\">\n\t\t\t\t<a class=\"wp-block-button__link uagb-text-link\" style=\"\" href=\"https:\/\/www.ask-a-muslim.com\/en\/the-istikhara-prayer\/\" target=\"_self\" rel=\"bookmark noopener noreferrer\">Read More<\/a>\n\t\t\t<\/div>\n\t\t\t\n\t\t\t\t\t\t\t\t\t<\/article>\n\t\t\t\t\t\t\t\t\t\t\t\t\t\t\t\t<article class=\"uagb-post__inner-wrap\">\t\t\t\t\t\t\t\t<h4 class=\"uagb-post__title uagb-post__text\">\n\t\t\t\t<a href=\"https:\/\/www.ask-a-muslim.com\/en\/combining-prayers-for-the-resident\/\" target=\"_self\" rel=\"bookmark noopener noreferrer\">Combining prayers for the resident<\/a>\n\t\t\t<\/h4>\n\t\t\t\t\t\t<div class='uagb-post__text uagb-post-grid-byline'>\n\t\t\t\t\t\t\t\t<div class=\"uagb-post__text\">\n\t\t\t\t\t<span class='uagb-post__taxonomy'>\n\t\t\t\t\t\t<span class=\"dashicons-tag dashicons\"><\/span>\t\t\t\t\t\t<a href=\"https:\/\/www.ask-a-muslim.com\/en\/category\/transactions-and-worship\/\">Transactions &amp; Worship<\/a>\t\t\t\t\t<\/span>\n\t\t\t\t<\/div>\n\t\t\t\t\t\t\t<\/div>\n\t\t\t\t\t\t\t<div class='uagb-post__text uagb-post__excerpt'>\n\t\t\t\t\t<p>Question #5: \u201cIs it allowed for the resident to combine between two prayers without (the presence of) rain?\u201d Shaykh al-Alb\u0101n\u012b answers: \u201cIm\u0101m Muslim brought out in his Sah\u012bh, the had\u012bth on the authority of Ibn \u02bdAbb\u0101s who said: \u2018The Messenger of All\u0101h (\u0635\u0644\u0649 \u0627\u0644\u0644\u0647 \u0639\u0644\u064a\u0647 \u0648\u0633\u0644\u0645) combined (prayers) in Mad\u012bnah between Dhuhr and \u02bdAsr, and between Maghrib and \u02bdIsh\u0101, without (being in a state of) traveling or (the presence of) rain.\u2019 They said, \u2018What did he intend by that O&#8230;\t\t\t\t<\/div>\n\t\t\t\t\t\t<div class=\"uagb-post__text uagb-post__cta wp-block-button\">\n\t\t\t\t<a class=\"wp-block-button__link uagb-text-link\" style=\"\" href=\"https:\/\/www.ask-a-muslim.com\/en\/combining-prayers-for-the-resident\/\" target=\"_self\" rel=\"bookmark noopener noreferrer\">Read More<\/a>\n\t\t\t<\/div>\n\t\t\t\n\t\t\t\t\t\t\t\t\t<\/article>\n\t\t\t\t\t\t\t\t\t\t\t\t\t\t\t\t<article class=\"uagb-post__inner-wrap\">\t\t\t\t\t\t\t\t<h4 class=\"uagb-post__title uagb-post__text\">\n\t\t\t\t<a href=\"https:\/\/www.ask-a-muslim.com\/en\/the-spirit-of-worship-in-islam\/\" target=\"_self\" rel=\"bookmark noopener noreferrer\">The Spirit of Worship in Islam<\/a>\n\t\t\t<\/h4>\n\t\t\t\t\t\t<div class='uagb-post__text uagb-post-grid-byline'>\n\t\t\t\t\t\t\t\t<div class=\"uagb-post__text\">\n\t\t\t\t\t<span class='uagb-post__taxonomy'>\n\t\t\t\t\t\t<span class=\"dashicons-tag dashicons\"><\/span>\t\t\t\t\t\t<a href=\"https:\/\/www.ask-a-muslim.com\/en\/category\/transactions-and-worship\/\">Transactions &amp; Worship<\/a>\t\t\t\t\t<\/span>\n\t\t\t\t<\/div>\n\t\t\t\t\t\t\t<\/div>\n\t\t\t\t\t\t\t<div class='uagb-post__text uagb-post__excerpt'>\n\t\t\t\t\t<p>Worship and Prayer Ibadah (worship) is an Arabic word derived from abd (a slave) and it means submission. It portrays that God is your Master and you are His slave, and whatever a slave does in obedience to and for the pleasure of his Master is Ibadah. The Islamic concept of Ibadah is very wide. If you free your speech from filth, falsehood, malice, and abuse and speak the truth and talk goodly things and do all these only because&#8230;\t\t\t\t<\/div>\n\t\t\t\t\t\t<div class=\"uagb-post__text uagb-post__cta wp-block-button\">\n\t\t\t\t<a class=\"wp-block-button__link uagb-text-link\" style=\"\" href=\"https:\/\/www.ask-a-muslim.com\/en\/the-spirit-of-worship-in-islam\/\" target=\"_self\" rel=\"bookmark noopener noreferrer\">Read More<\/a>\n\t\t\t<\/div>\n\t\t\t\n\t\t\t\t\t\t\t\t\t<\/article>\n\t\t\t\t\t\t\t\t\t\t\t\t\t\t\t\t<article class=\"uagb-post__inner-wrap\">\t\t\t\t\t\t\t\t<h4 class=\"uagb-post__title uagb-post__text\">\n\t\t\t\t<a href=\"https:\/\/www.ask-a-muslim.com\/en\/the-second-pillar-of-islam-the-prayer-2\/\" target=\"_self\" rel=\"bookmark noopener noreferrer\">The Second Pillar of Islam: The Prayer<\/a>\n\t\t\t<\/h4>\n\t\t\t\t\t\t<div class='uagb-post__text uagb-post-grid-byline'>\n\t\t\t\t\t\t\t\t<div class=\"uagb-post__text\">\n\t\t\t\t\t<span class='uagb-post__taxonomy'>\n\t\t\t\t\t\t<span class=\"dashicons-tag dashicons\"><\/span>\t\t\t\t\t\t<a href=\"https:\/\/www.ask-a-muslim.com\/en\/category\/transactions-and-worship\/\">Transactions &amp; Worship<\/a>\t\t\t\t\t<\/span>\n\t\t\t\t<\/div>\n\t\t\t\t\t\t\t<\/div>\n\t\t\t\t\t\t\t<div class='uagb-post__text uagb-post__excerpt'>\n\t\t\t\t\t<p>Salah is the daily ritual prayer enjoined upon all Muslims as one of the five Pillars of Islam. It is performed five times a day by all Muslims. Salah is a precise worship, different from praying on the inspiration of the moment. Muslims pray or, perhaps more correctly, worship five times throughout the day: Between first light and sunrise. After the sun has passed the middle of the sky. Between mid-afternoon and sunset. Between sunset and the last light of&#8230;\t\t\t\t<\/div>\n\t\t\t\t\t\t<div class=\"uagb-post__text uagb-post__cta wp-block-button\">\n\t\t\t\t<a class=\"wp-block-button__link uagb-text-link\" style=\"\" href=\"https:\/\/www.ask-a-muslim.com\/en\/the-second-pillar-of-islam-the-prayer-2\/\" target=\"_self\" rel=\"bookmark noopener noreferrer\">Read More<\/a>\n\t\t\t<\/div>\n\t\t\t\n\t\t\t\t\t\t\t\t\t<\/article>\n\t\t\t\t\t\t\t\t\t\t\t\t\t\t\t\t<article class=\"uagb-post__inner-wrap\">\t\t\t\t\t\t\t\t<h4 class=\"uagb-post__title uagb-post__text\">\n\t\t\t\t<a href=\"https:\/\/www.ask-a-muslim.com\/en\/the-five-pillars-of-islam\/\" target=\"_self\" rel=\"bookmark noopener noreferrer\">The Five Pillars of Islam<\/a>\n\t\t\t<\/h4>\n\t\t\t\t\t\t<div class='uagb-post__text uagb-post-grid-byline'>\n\t\t\t\t\t\t\t\t<div class=\"uagb-post__text\">\n\t\t\t\t\t<span class='uagb-post__taxonomy'>\n\t\t\t\t\t\t<span class=\"dashicons-tag dashicons\"><\/span>\t\t\t\t\t\t<a href=\"https:\/\/www.ask-a-muslim.com\/en\/category\/transactions-and-worship\/\">Transactions &amp; Worship<\/a>\t\t\t\t\t<\/span>\n\t\t\t\t<\/div>\n\t\t\t\t\t\t\t<\/div>\n\t\t\t\t\t\t\t<div class='uagb-post__text uagb-post__excerpt'>\n\t\t\t\t\t<p>Every sound structure must have a solid foundation in order to remain strong. Islam\u2019s foundation is the five pillars it was built upon, forming the basis of Islamic teaching as taught by Prophet Muhammad (peace be upon him), wherein he said: Islam is built upon five pillars: 1. The Declaration of Faith (Shahadah); 2. Establishing regular prayers (Salah); 3. Paying Charity (Zakah); 4. Fasting the (lunar) month of Ramadan (Sawm); 5. Pilgrimage (Hajj) These five pillars are a cornerstone of&#8230;\t\t\t\t<\/div>\n\t\t\t\t\t\t<div class=\"uagb-post__text uagb-post__cta wp-block-button\">\n\t\t\t\t<a class=\"wp-block-button__link uagb-text-link\" style=\"\" href=\"https:\/\/www.ask-a-muslim.com\/en\/the-five-pillars-of-islam\/\" target=\"_self\" rel=\"bookmark noopener noreferrer\">Read More<\/a>\n\t\t\t<\/div>\n\t\t\t\n\t\t\t\t\t\t\t\t\t<\/article>\n\t\t\t\t\t\t\t\t\t\t\t<\/div>\n\t\t\t","protected":false},"excerpt":{"rendered":"","protected":false},"author":7,"featured_media":0,"parent":0,"menu_order":0,"comment_status":"closed","ping_status":"closed","template":"","meta":{"_uag_custom_page_level_css":"","_monsterinsights_skip_tracking":false,"_monsterinsights_sitenote_active":false,"_monsterinsights_sitenote_note":"","_monsterinsights_sitenote_category":0,"jetpack_post_was_ever_published":false,"footnotes":""},"class_list":["post-6483","page","type-page","status-publish"],"uagb_featured_image_src":{"full":false,"thumbnail":false,"medium":false,"medium_large":false,"large":false,"1536x1536":false,"2048x2048":false,"gform-image-choice-sm":false,"gform-image-choice-md":false,"gform-image-choice-lg":false},"uagb_author_info":{"display_name":"Site Admin","author_link":"https:\/\/www.ask-a-muslim.com\/en\/author\/admin2\/"},"uagb_comment_info":0,"uagb_excerpt":null,"jetpack_sharing_enabled":true,"jetpack_shortlink":"https:\/\/wp.me\/PcT0IL-1Gz","jetpack-related-posts":[{"id":8735,"url":"https:\/\/www.ask-a-muslim.com\/nl\/transactions-worship\/","url_meta":{"origin":6483,"position":0},"title":"Transactions &#038; Worship","author":"Site Admin","date":"06\/20\/2020","format":false,"excerpt":"[et_pb_section bb_built=\"1\" admin_label=\"section\"][et_pb_row admin_label=\"Row\"][et_pb_column type=\"4_4\"][et_pb_text admin_label=\"Text\" background_layout=\"light\" text_orientation=\"center\" use_border_color=\"off\" border_color=\"#ffffff\" border_style=\"solid\"]TRANSACTIONS & WORSHIP \u00a0[\/et_pb_text][\/et_pb_column][\/et_pb_row][et_pb_row admin_label=\"row\"][et_pb_column type=\"4_4\"][et_pb_blog admin_label=\"Blog\" fullwidth=\"off\" show_thumbnail=\"on\" show_content=\"off\" show_more=\"on\" show_author=\"off\" show_date=\"off\" show_categories=\"off\" show_comments=\"off\" show_pagination=\"on\" offset_number=\"0\" use_overlay=\"on\" background_layout=\"light\" use_dropshadow=\"off\" use_border_color=\"off\" border_color=\"#ffffff\" border_style=\"solid\" overlay_icon_color=\"#eaeaea\" hover_overlay_color=\"rgba(51,191,32,0.69)\" hover_icon=\"%%254%%\" posts_number=\"12\" body_font_size_last_edited=\"off|desktop\" body_font_size=\"12\" meta_font_size=\"12\" include_categories=\"112\"] [\/et_pb_blog][\/et_pb_column][\/et_pb_row][\/et_pb_section]","rel":"","context":"Similar post","block_context":{"text":"Similar post","link":""},"img":{"alt_text":"","src":"","width":0,"height":0},"classes":[]},{"id":8297,"url":"https:\/\/www.ask-a-muslim.com\/de\/transactions-worship\/","url_meta":{"origin":6483,"position":1},"title":"Transactions &#038; Worship","author":"Site Admin","date":"06\/18\/2020","format":false,"excerpt":"[et_pb_section bb_built=\"1\" admin_label=\"section\"][et_pb_row admin_label=\"Row\"][et_pb_column type=\"4_4\"][et_pb_text admin_label=\"Text\" background_layout=\"light\" text_orientation=\"center\" use_border_color=\"off\" border_color=\"#ffffff\" border_style=\"solid\"]TRANSACTIONS & WORSHIP \u00a0[\/et_pb_text][\/et_pb_column][\/et_pb_row][et_pb_row admin_label=\"row\"][et_pb_column type=\"4_4\"][et_pb_blog admin_label=\"Blog\" fullwidth=\"off\" show_thumbnail=\"on\" show_content=\"off\" show_more=\"on\" show_author=\"off\" show_date=\"off\" show_categories=\"off\" show_comments=\"off\" show_pagination=\"on\" offset_number=\"0\" use_overlay=\"on\" background_layout=\"light\" use_dropshadow=\"off\" use_border_color=\"off\" border_color=\"#ffffff\" border_style=\"solid\" overlay_icon_color=\"#eaeaea\" hover_overlay_color=\"rgba(51,191,32,0.69)\" hover_icon=\"%%254%%\" posts_number=\"12\" body_font_size_last_edited=\"off|desktop\" body_font_size=\"12\" meta_font_size=\"12\" include_categories=\"112\"] [\/et_pb_blog][\/et_pb_column][\/et_pb_row][\/et_pb_section]","rel":"","context":"Similar post","block_context":{"text":"Similar post","link":""},"img":{"alt_text":"","src":"","width":0,"height":0},"classes":[]},{"id":5162,"url":"https:\/\/www.ask-a-muslim.com\/en\/converting-to-islam-an-easy-guide-to-enter-islam\/","url_meta":{"origin":6483,"position":2},"title":"Converting to Islam &#8211; An Easy Guide to Enter Islam!","author":"Site Admin","date":"09\/02\/2019","format":false,"excerpt":"Converting to Islam - An Easy Guide to Enter Islam! How should one go about accepting Islam? What are the necessary steps that one must do in order to convert to Islam and become a Muslim? Well, we'd like to start off by saying that indeed Allah guides those whom\u2026","rel":"","context":"Similar post","block_context":{"text":"Similar post","link":""},"img":{"alt_text":"","src":"https:\/\/i0.wp.com\/www.ask-a-muslim.com\/wp-content\/uploads\/2019\/09\/WhatsApp-Image-2019-09-02-at-6.34.46-AM.jpeg?resize=350%2C200&ssl=1","width":350,"height":200,"srcset":"https:\/\/i0.wp.com\/www.ask-a-muslim.com\/wp-content\/uploads\/2019\/09\/WhatsApp-Image-2019-09-02-at-6.34.46-AM.jpeg?resize=350%2C200&ssl=1 1x, https:\/\/i0.wp.com\/www.ask-a-muslim.com\/wp-content\/uploads\/2019\/09\/WhatsApp-Image-2019-09-02-at-6.34.46-AM.jpeg?resize=525%2C300&ssl=1 1.5x, https:\/\/i0.wp.com\/www.ask-a-muslim.com\/wp-content\/uploads\/2019\/09\/WhatsApp-Image-2019-09-02-at-6.34.46-AM.jpeg?resize=700%2C400&ssl=1 2x, https:\/\/i0.wp.com\/www.ask-a-muslim.com\/wp-content\/uploads\/2019\/09\/WhatsApp-Image-2019-09-02-at-6.34.46-AM.jpeg?resize=1050%2C600&ssl=1 3x, https:\/\/i0.wp.com\/www.ask-a-muslim.com\/wp-content\/uploads\/2019\/09\/WhatsApp-Image-2019-09-02-at-6.34.46-AM.jpeg?resize=1400%2C800&ssl=1 4x"},"classes":[]},{"id":6616,"url":"https:\/\/www.ask-a-muslim.com\/fr\/adorations-et-transactions\/","url_meta":{"origin":6483,"position":3},"title":"Adorations et Transactions","author":"Site Admin","date":"05\/30\/2020","format":false,"excerpt":"[et_pb_section bb_built=\"1\" admin_label=\"section\"][et_pb_row admin_label=\"Row\"][et_pb_column type=\"4_4\"][et_pb_text admin_label=\"Text\" background_layout=\"light\" text_orientation=\"center\" use_border_color=\"off\" border_color=\"#ffffff\" border_style=\"solid\"]Adorations et Transactions[\/et_pb_text][\/et_pb_column][\/et_pb_row][et_pb_row admin_label=\"row\"][et_pb_column type=\"4_4\"][et_pb_blog admin_label=\"Blog\" fullwidth=\"off\" show_thumbnail=\"on\" show_content=\"off\" show_more=\"on\" show_author=\"off\" show_date=\"off\" show_categories=\"off\" show_comments=\"off\" show_pagination=\"on\" offset_number=\"0\" use_overlay=\"on\" background_layout=\"light\" use_dropshadow=\"off\" use_border_color=\"off\" border_color=\"#ffffff\" border_style=\"solid\" overlay_icon_color=\"#eaeaea\" hover_overlay_color=\"rgba(51,191,32,0.69)\" hover_icon=\"%%254%%\" posts_number=\"12\" body_font_size_last_edited=\"off|desktop\" body_font_size=\"12\" meta_font_size=\"12\" include_categories=\"112\"] [\/et_pb_blog][\/et_pb_column][\/et_pb_row][\/et_pb_section]","rel":"","context":"Similar post","block_context":{"text":"Similar post","link":""},"img":{"alt_text":"","src":"","width":0,"height":0},"classes":[]},{"id":2032,"url":"https:\/\/www.ask-a-muslim.com\/en\/frequently-asked-questions\/","url_meta":{"origin":6483,"position":4},"title":"Frequently Asked Questions","author":"ASKM","date":"07\/02\/2017","format":false,"excerpt":"What Is Islam? The word \u201cIslam\u201d means peace and submission. Peace means to be at peace with yourself and your surroundings and submission means submission to the will of God. A broader meaning of the word \u201cIslam\u201d is to achieve peace by submitting to the will of God. This is\u2026","rel":"","context":"Similar post","block_context":{"text":"Similar post","link":""},"img":{"alt_text":"","src":"https:\/\/i0.wp.com\/www.ask-a-muslim.com\/wp-content\/uploads\/2018\/03\/ask-logo.png?resize=350%2C200&ssl=1","width":350,"height":200},"classes":[]},{"id":1301,"url":"https:\/\/www.ask-a-muslim.com\/en\/christianity\/","url_meta":{"origin":6483,"position":5},"title":"Christianity","author":"ASKM","date":"01\/01\/2016","format":false,"excerpt":"Bible Articles The Arabian Prophet in the Bible\u00a0 Exact Biblical Verses about Muhammad\u00a0 Biblical Prophecies on the Advent of Muhammad\u00a0 Makkah (Mecca) in the Bible (1\/2)\u00a0 Makkah (Mecca) in the Bible (2\/2)\u00a0 Conflicting Accounts of Crucifixion in the Bible \u00a0 Crucifixion in the Gospels of Judas and Barnabas and Apocalypse\u2026","rel":"","context":"Similar post","block_context":{"text":"Similar post","link":""},"img":{"alt_text":"image1","src":"https:\/\/i0.wp.com\/www.ask-a-muslim.com\/wp-content\/uploads\/2016\/01\/image1.jpg?resize=350%2C200","width":350,"height":200},"classes":[]}],"_links":{"self":[{"href":"https:\/\/www.ask-a-muslim.com\/en\/wp-json\/wp\/v2\/pages\/6483","targetHints":{"allow":["GET"]}}],"collection":[{"href":"https:\/\/www.ask-a-muslim.com\/en\/wp-json\/wp\/v2\/pages"}],"about":[{"href":"https:\/\/www.ask-a-muslim.com\/en\/wp-json\/wp\/v2\/types\/page"}],"author":[{"embeddable":true,"href":"https:\/\/www.ask-a-muslim.com\/en\/wp-json\/wp\/v2\/users\/7"}],"replies":[{"embeddable":true,"href":"https:\/\/www.ask-a-muslim.com\/en\/wp-json\/wp\/v2\/comments?post=6483"}],"version-history":[{"count":2,"href":"https:\/\/www.ask-a-muslim.com\/en\/wp-json\/wp\/v2\/pages\/6483\/revisions"}],"predecessor-version":[{"id":12672,"href":"https:\/\/www.ask-a-muslim.com\/en\/wp-json\/wp\/v2\/pages\/6483\/revisions\/12672"}],"wp:attachment":[{"href":"https:\/\/www.ask-a-muslim.com\/en\/wp-json\/wp\/v2\/media?parent=6483"}],"curies":[{"name":"wp","href":"https:\/\/api.w.org\/{rel}","templated":true}]}}