{"id":6495,"date":"2020-05-30T02:09:21","date_gmt":"2020-05-30T07:09:21","guid":{"rendered":"https:\/\/www.ask-a-muslim.com\/?page_id=6495"},"modified":"2021-03-09T02:06:45","modified_gmt":"2021-03-09T07:06:45","slug":"purpose-of-life","status":"publish","type":"page","link":"https:\/\/www.ask-a-muslim.com\/en\/purpose-of-life\/","title":{"rendered":"Purpose of Life"},"content":{"rendered":"\n\t\t\t<div class=\"wp-block-uagb-post-grid uagb-post-grid  uagb-post__image-position-top uagb-post__image-enabled uagb-block-a13df5e3     uagb-post__items uagb-post__columns-1 is-grid uagb-post__columns-tablet-2 uagb-post__columns-mobile-1 uagb-post__equal-height\" data-total=\"1\" style=\"\">\n\n\t\t\t\t\t\t\t\t\t\t\t\t<article class=\"uagb-post__inner-wrap\">\t\t\t\t\t\t\t\t<h4 class=\"uagb-post__title uagb-post__text\">\n\t\t\t\t<a href=\"https:\/\/www.ask-a-muslim.com\/en\/the-big-questions\/\" target=\"_self\" rel=\"bookmark noopener noreferrer\">The Big Questions<\/a>\n\t\t\t<\/h4>\n\t\t\t\t\t\t<div class='uagb-post__text uagb-post-grid-byline'>\n\t\t\t\t\t\t\t\t<div class=\"uagb-post__text\">\n\t\t\t\t\t<span class='uagb-post__taxonomy'>\n\t\t\t\t\t\t<span class=\"dashicons-tag dashicons\"><\/span>\t\t\t\t\t\t<a href=\"https:\/\/www.ask-a-muslim.com\/en\/category\/purpose-of-life\/\">Purpose of Life<\/a>\t\t\t\t\t<\/span>\n\t\t\t\t<\/div>\n\t\t\t\t\t\t\t<\/div>\n\t\t\t\t\t\t\t<div class='uagb-post__text uagb-post__excerpt'>\n\t\t\t\t\t<p>(part 1 of 3): Who Made Us? At some point in our lives, everybody asks the big questions: \u201cWho made us,\u201d and \u201cWhy are we here?\u201d So who did make us? Most of us have been brought up more on science than religion, and to believe in the Big Bang and evolution more than God. But which makes more sense? And is there any reason why the theories of science and creationism cannot coexist? The Big Bang may explain the&#8230;\t\t\t\t<\/div>\n\t\t\t\t\t\t<div class=\"uagb-post__text uagb-post__cta wp-block-button\">\n\t\t\t\t<a class=\"wp-block-button__link uagb-text-link\" style=\"\" href=\"https:\/\/www.ask-a-muslim.com\/en\/the-big-questions\/\" target=\"_self\" rel=\"bookmark noopener noreferrer\">Read More<\/a>\n\t\t\t<\/div>\n\t\t\t\n\t\t\t\t\t\t\t\t\t<\/article>\n\t\t\t\t\t\t\t\t\t\t\t\t\t\t\t\t<article class=\"uagb-post__inner-wrap\">\t\t\t\t\t\t\t\t<h4 class=\"uagb-post__title uagb-post__text\">\n\t\t\t\t<a href=\"https:\/\/www.ask-a-muslim.com\/en\/the-purpose-of-life\/\" target=\"_self\" rel=\"bookmark noopener noreferrer\">The Purpose of Life<\/a>\n\t\t\t<\/h4>\n\t\t\t\t\t\t<div class='uagb-post__text uagb-post-grid-byline'>\n\t\t\t\t\t\t\t\t<div class=\"uagb-post__text\">\n\t\t\t\t\t<span class='uagb-post__taxonomy'>\n\t\t\t\t\t\t<span class=\"dashicons-tag dashicons\"><\/span>\t\t\t\t\t\t<a href=\"https:\/\/www.ask-a-muslim.com\/en\/category\/purpose-of-life\/\">Purpose of Life<\/a>\t\t\t\t\t<\/span>\n\t\t\t\t<\/div>\n\t\t\t\t\t\t\t<\/div>\n\t\t\t\t\t\t\t<div class='uagb-post__text uagb-post__excerpt'>\n\t\t\t\t\t<p>(part 1 of 3): Reason and Revelation Introduction \u2018What is the meaning and purpose of life?\u2019 This is, perhaps, the most important question that has ever been asked. Throughout the ages, philosophers have considered it to be the most fundamental question. Scientists, historians, philosophers, writers, psychologists and the common man all wrestle with the question at some point in their lives. Is Reason a Sufficient Guide? \u2018Why do we eat?\u2019 \u2018Why do we sleep?\u2019 \u2018Why do we work?\u2019 The answers&#8230;\t\t\t\t<\/div>\n\t\t\t\t\t\t<div class=\"uagb-post__text uagb-post__cta wp-block-button\">\n\t\t\t\t<a class=\"wp-block-button__link uagb-text-link\" style=\"\" href=\"https:\/\/www.ask-a-muslim.com\/en\/the-purpose-of-life\/\" target=\"_self\" rel=\"bookmark noopener noreferrer\">Read More<\/a>\n\t\t\t<\/div>\n\t\t\t\n\t\t\t\t\t\t\t\t\t<\/article>\n\t\t\t\t\t\t\t\t\t\t\t\t\t\t\t\t<article class=\"uagb-post__inner-wrap\">\t\t\t\t\t\t\t\t<h4 class=\"uagb-post__title uagb-post__text\">\n\t\t\t\t<a href=\"https:\/\/www.ask-a-muslim.com\/en\/why-did-god-create-mankind\/\" target=\"_self\" rel=\"bookmark noopener noreferrer\">Why Did God Create Mankind?<\/a>\n\t\t\t<\/h4>\n\t\t\t\t\t\t<div class='uagb-post__text uagb-post-grid-byline'>\n\t\t\t\t\t\t\t\t<div class=\"uagb-post__text\">\n\t\t\t\t\t<span class='uagb-post__taxonomy'>\n\t\t\t\t\t\t<span class=\"dashicons-tag dashicons\"><\/span>\t\t\t\t\t\t<a href=\"https:\/\/www.ask-a-muslim.com\/en\/category\/purpose-of-life\/\">Purpose of Life<\/a>\t\t\t\t\t<\/span>\n\t\t\t\t<\/div>\n\t\t\t\t\t\t\t<\/div>\n\t\t\t\t\t\t\t<div class='uagb-post__text uagb-post__excerpt'>\n\t\t\t\t\t<p>(part 1 of 4): The Worship of God From the perspective of humankind, the question \u201cWhy did God create man?\u201d implies \u201cFor what purpose was man created?\u201d In the final revelation (the Quran), this question is answered without any ambiguity. Humans are first informed by God that every human being is born with an innate consciousness of God. In the Quran, God said: \u201c[Remember] when your Lord extracted from the loins of Adam\u2019s children their descendants and made them testify&#8230;\t\t\t\t<\/div>\n\t\t\t\t\t\t<div class=\"uagb-post__text uagb-post__cta wp-block-button\">\n\t\t\t\t<a class=\"wp-block-button__link uagb-text-link\" style=\"\" href=\"https:\/\/www.ask-a-muslim.com\/en\/why-did-god-create-mankind\/\" target=\"_self\" rel=\"bookmark noopener noreferrer\">Read More<\/a>\n\t\t\t<\/div>\n\t\t\t\n\t\t\t\t\t\t\t\t\t<\/article>\n\t\t\t\t\t\t\t\t\t\t\t\t\t\t\t\t<article class=\"uagb-post__inner-wrap\">\t\t\t\t\t\t\t\t<h4 class=\"uagb-post__title uagb-post__text\">\n\t\t\t\t<a href=\"https:\/\/www.ask-a-muslim.com\/en\/are-we-born-to-be-free\/\" target=\"_self\" rel=\"bookmark noopener noreferrer\">Are we \u201cborn to be free\u201d?<\/a>\n\t\t\t<\/h4>\n\t\t\t\t\t\t<div class='uagb-post__text uagb-post-grid-byline'>\n\t\t\t\t\t\t\t\t<div class=\"uagb-post__text\">\n\t\t\t\t\t<span class='uagb-post__taxonomy'>\n\t\t\t\t\t\t<span class=\"dashicons-tag dashicons\"><\/span>\t\t\t\t\t\t<a href=\"https:\/\/www.ask-a-muslim.com\/en\/category\/purpose-of-life\/\">Purpose of Life<\/a>\t\t\t\t\t<\/span>\n\t\t\t\t<\/div>\n\t\t\t\t\t\t\t<\/div>\n\t\t\t\t\t\t\t<div class='uagb-post__text uagb-post__excerpt'>\n\t\t\t\t\t<p>(part 1 of 2): Freedom, an Invaluable Gift \u201cFreewill is the most difficult of God\u2019s gifts to understand or appreciate. The person who gives up selfish freedom and agrees to be God\u2019s servant will always be truly free.\u201d Freedom is one of the most valuable things there is, although many of us have no idea how precious it is until we suffer the loss of it. It is considered to be one of the basic human rights, and to attempt&#8230;\t\t\t\t<\/div>\n\t\t\t\t\t\t<div class=\"uagb-post__text uagb-post__cta wp-block-button\">\n\t\t\t\t<a class=\"wp-block-button__link uagb-text-link\" style=\"\" href=\"https:\/\/www.ask-a-muslim.com\/en\/are-we-born-to-be-free\/\" target=\"_self\" rel=\"bookmark noopener noreferrer\">Read More<\/a>\n\t\t\t<\/div>\n\t\t\t\n\t\t\t\t\t\t\t\t\t<\/article>\n\t\t\t\t\t\t\t\t\t\t\t\t\t\t\t\t<article class=\"uagb-post__inner-wrap\">\t\t\t\t\t\t\t\t<h4 class=\"uagb-post__title uagb-post__text\">\n\t\t\t\t<a href=\"https:\/\/www.ask-a-muslim.com\/en\/what-is-the-purpose-of-life-2\/\" target=\"_self\" rel=\"bookmark noopener noreferrer\">What is the Purpose of Life?<\/a>\n\t\t\t<\/h4>\n\t\t\t\t\t\t<div class='uagb-post__text uagb-post-grid-byline'>\n\t\t\t\t\t\t\t\t<div class=\"uagb-post__text\">\n\t\t\t\t\t<span class='uagb-post__taxonomy'>\n\t\t\t\t\t\t<span class=\"dashicons-tag dashicons\"><\/span>\t\t\t\t\t\t<a href=\"https:\/\/www.ask-a-muslim.com\/en\/category\/purpose-of-life\/\">Purpose of Life<\/a>\t\t\t\t\t<\/span>\n\t\t\t\t<\/div>\n\t\t\t\t\t\t\t<\/div>\n\t\t\t\t\t\t\t<div class='uagb-post__text uagb-post__excerpt'>\n\t\t\t\t\t<p>Where did I come from? Why am I here? Where am I going? One of the first questions that comes to mind when considering our purpose of life is, \u201cwhere did we come from?\u201d Are we here based on random natural coincidences or is there a higher intelligent being, a creator? Acknowledging the existence of a creator is the first step in understanding our true purpose in life. There are many logical and rational reasons for believing in a creator&#8230;.\t\t\t\t<\/div>\n\t\t\t\t\t\t<div class=\"uagb-post__text uagb-post__cta wp-block-button\">\n\t\t\t\t<a class=\"wp-block-button__link uagb-text-link\" style=\"\" href=\"https:\/\/www.ask-a-muslim.com\/en\/what-is-the-purpose-of-life-2\/\" target=\"_self\" rel=\"bookmark noopener noreferrer\">Read More<\/a>\n\t\t\t<\/div>\n\t\t\t\n\t\t\t\t\t\t\t\t\t<\/article>\n\t\t\t\t\t\t\t\t\t\t\t\t\t\t\t\t<article class=\"uagb-post__inner-wrap\">\t\t\t\t\t\t\t\t<div class='uagb-post__image'>\n\t\t\t\t\t\t\t\t\t<a href=\"https:\/\/www.ask-a-muslim.com\/en\/innocent-children-suffer-how-come-there-is-a-god\/\" target=\"_self\" rel=\"bookmark noopener noreferrer\" class='uagb-image-ratio-inherit'><img loading=\"lazy\" decoding=\"async\" width=\"1024\" height=\"640\" src=\"https:\/\/www.ask-a-muslim.com\/wp-content\/uploads\/2018\/11\/Children-Suffer-1024x640.jpg\" class=\"attachment-large size-large\" alt=\"\" srcset=\"https:\/\/www.ask-a-muslim.com\/wp-content\/uploads\/2018\/11\/Children-Suffer-1024x640.jpg 1024w, https:\/\/www.ask-a-muslim.com\/wp-content\/uploads\/2018\/11\/Children-Suffer-300x188.jpg 300w, https:\/\/www.ask-a-muslim.com\/wp-content\/uploads\/2018\/11\/Children-Suffer-768x480.jpg 768w, https:\/\/www.ask-a-muslim.com\/wp-content\/uploads\/2018\/11\/Children-Suffer-400x250.jpg 400w, https:\/\/www.ask-a-muslim.com\/wp-content\/uploads\/2018\/11\/Children-Suffer.jpg 1080w\" sizes=\"auto, (max-width: 1024px) 100vw, 1024px\" \/>\t\t\t\t\t<\/a>\n\t\t\t\t\t\t\t<\/div>\n\t\t\t\t\t\t<h4 class=\"uagb-post__title uagb-post__text\">\n\t\t\t\t<a href=\"https:\/\/www.ask-a-muslim.com\/en\/innocent-children-suffer-how-come-there-is-a-god\/\" target=\"_self\" rel=\"bookmark noopener noreferrer\">Innocent Children Suffer : How come there is a God?<\/a>\n\t\t\t<\/h4>\n\t\t\t\t\t\t<div class='uagb-post__text uagb-post-grid-byline'>\n\t\t\t\t\t\t\t\t<div class=\"uagb-post__text\">\n\t\t\t\t\t<span class='uagb-post__taxonomy'>\n\t\t\t\t\t\t<span class=\"dashicons-tag dashicons\"><\/span>\t\t\t\t\t\t<a href=\"https:\/\/www.ask-a-muslim.com\/en\/category\/new-article\/\">New Article<\/a>,&nbsp;<a href=\"https:\/\/www.ask-a-muslim.com\/en\/category\/purpose-of-life\/\">Purpose of Life<\/a>,&nbsp;<a href=\"https:\/\/www.ask-a-muslim.com\/en\/category\/existence-of-god\/\">The Existence of God<\/a>\t\t\t\t\t<\/span>\n\t\t\t\t<\/div>\n\t\t\t\t\t\t\t<\/div>\n\t\t\t\t\t\t\t<div class='uagb-post__text uagb-post__excerpt'>\n\t\t\t\t\t<p>Question: I tried to call a cooleague of mine to belief in God, and to Islam. He said that his main barrier to belief in existence of God was the puzzle that totally innocent children go through pain and suffering on Earth, and that he could not understand why, if a God existed, this could be allowed to happen. I gave it some thought, and came up with an answer, but would like your comments too before communicating to him&#8230;\t\t\t\t<\/div>\n\t\t\t\t\t\t<div class=\"uagb-post__text uagb-post__cta wp-block-button\">\n\t\t\t\t<a class=\"wp-block-button__link uagb-text-link\" style=\"\" href=\"https:\/\/www.ask-a-muslim.com\/en\/innocent-children-suffer-how-come-there-is-a-god\/\" target=\"_self\" rel=\"bookmark noopener noreferrer\">Read More<\/a>\n\t\t\t<\/div>\n\t\t\t\n\t\t\t\t\t\t\t\t\t<\/article>\n\t\t\t\t\t\t\t\t\t\t\t\t\t\t\t\t<article class=\"uagb-post__inner-wrap\">\t\t\t\t\t\t\t\t<h4 class=\"uagb-post__title uagb-post__text\">\n\t\t\t\t<a href=\"https:\/\/www.ask-a-muslim.com\/en\/what-is-the-purpose-of-life\/\" target=\"_self\" rel=\"bookmark noopener noreferrer\">What is the purpose of life?<\/a>\n\t\t\t<\/h4>\n\t\t\t\t\t\t<div class='uagb-post__text uagb-post-grid-byline'>\n\t\t\t\t\t\t\t\t<div class=\"uagb-post__text\">\n\t\t\t\t\t<span class='uagb-post__taxonomy'>\n\t\t\t\t\t\t<span class=\"dashicons-tag dashicons\"><\/span>\t\t\t\t\t\t<a href=\"https:\/\/www.ask-a-muslim.com\/en\/category\/main-services\/\">Islam<\/a>,&nbsp;<a href=\"https:\/\/www.ask-a-muslim.com\/en\/category\/purpose-of-life\/\">Purpose of Life<\/a>\t\t\t\t\t<\/span>\n\t\t\t\t<\/div>\n\t\t\t\t\t\t\t<\/div>\n\t\t\t\t\t\t\t<div class='uagb-post__text uagb-post__excerpt'>\n\t\t\t\t\t<p>The most important question in life is \u2018Why are we here?\u2019 Well, why are we here?\u00a0 To amass fame and fortune?\u00a0 To make music and babies?\u00a0 To be the richest man or woman in the graveyard for, as we are jokingly told, \u201cHe who dies with the most toys wins?\u201d No, there must be more to life than that, so let\u2019s think about this&#8230; https:\/\/www.youtube.com\/watch?v=7d16CpWp-ok To begin with, look around you. Unless you live in a cave, you are surrounded&#8230;\t\t\t\t<\/div>\n\t\t\t\t\t\t<div class=\"uagb-post__text uagb-post__cta wp-block-button\">\n\t\t\t\t<a class=\"wp-block-button__link uagb-text-link\" style=\"\" href=\"https:\/\/www.ask-a-muslim.com\/en\/what-is-the-purpose-of-life\/\" target=\"_self\" rel=\"bookmark noopener noreferrer\">Read More<\/a>\n\t\t\t<\/div>\n\t\t\t\n\t\t\t\t\t\t\t\t\t<\/article>\n\t\t\t\t\t\t\t\t\t\t\t<\/div>\n\t\t\t","protected":false},"excerpt":{"rendered":"","protected":false},"author":7,"featured_media":0,"parent":0,"menu_order":0,"comment_status":"closed","ping_status":"closed","template":"","meta":{"_uag_custom_page_level_css":"","_monsterinsights_skip_tracking":false,"_monsterinsights_sitenote_active":false,"_monsterinsights_sitenote_note":"","_monsterinsights_sitenote_category":0,"jetpack_post_was_ever_published":false,"footnotes":""},"class_list":["post-6495","page","type-page","status-publish"],"uagb_featured_image_src":{"full":false,"thumbnail":false,"medium":false,"medium_large":false,"large":false,"1536x1536":false,"2048x2048":false,"gform-image-choice-sm":false,"gform-image-choice-md":false,"gform-image-choice-lg":false},"uagb_author_info":{"display_name":"Site Admin","author_link":"https:\/\/www.ask-a-muslim.com\/en\/author\/admin2\/"},"uagb_comment_info":0,"uagb_excerpt":null,"jetpack_sharing_enabled":true,"jetpack_shortlink":"https:\/\/wp.me\/PcT0IL-1GL","jetpack-related-posts":[{"id":8722,"url":"https:\/\/www.ask-a-muslim.com\/nl\/purpose-of-life\/","url_meta":{"origin":6495,"position":0},"title":"Purpose of Life","author":"Site Admin","date":"06\/20\/2020","format":false,"excerpt":"[et_pb_section bb_built=\"1\" admin_label=\"section\"][et_pb_row admin_label=\"Row\"][et_pb_column type=\"4_4\"][et_pb_text admin_label=\"Text\" background_layout=\"light\" text_orientation=\"center\" use_border_color=\"off\" border_color=\"#ffffff\" border_style=\"solid\"]PURPOSE OF LIFE \u00a0[\/et_pb_text][\/et_pb_column][\/et_pb_row][et_pb_row admin_label=\"row\"][et_pb_column type=\"4_4\"][et_pb_blog admin_label=\"Blog\" fullwidth=\"off\" show_thumbnail=\"on\" show_content=\"off\" show_more=\"on\" show_author=\"off\" show_date=\"off\" show_categories=\"off\" show_comments=\"off\" show_pagination=\"on\" offset_number=\"0\" use_overlay=\"on\" background_layout=\"light\" use_dropshadow=\"off\" use_border_color=\"off\" border_color=\"#ffffff\" border_style=\"solid\" overlay_icon_color=\"#eaeaea\" hover_overlay_color=\"rgba(51,191,32,0.69)\" hover_icon=\"%%254%%\" posts_number=\"12\" body_font_size_last_edited=\"off|desktop\" body_font_size=\"12\" meta_font_size=\"12\" include_categories=\"116\"] [\/et_pb_blog][\/et_pb_column][\/et_pb_row][\/et_pb_section]","rel":"","context":"Similar post","block_context":{"text":"Similar post","link":""},"img":{"alt_text":"","src":"","width":0,"height":0},"classes":[]},{"id":2032,"url":"https:\/\/www.ask-a-muslim.com\/en\/frequently-asked-questions\/","url_meta":{"origin":6495,"position":1},"title":"Frequently Asked Questions","author":"ASKM","date":"07\/02\/2017","format":false,"excerpt":"What Is Islam? The word \u201cIslam\u201d means peace and submission. Peace means to be at peace with yourself and your surroundings and submission means submission to the will of God. A broader meaning of the word \u201cIslam\u201d is to achieve peace by submitting to the will of God. This is\u2026","rel":"","context":"Similar post","block_context":{"text":"Similar post","link":""},"img":{"alt_text":"","src":"https:\/\/i0.wp.com\/www.ask-a-muslim.com\/wp-content\/uploads\/2018\/03\/ask-logo.png?resize=350%2C200&ssl=1","width":350,"height":200},"classes":[]},{"id":4147,"url":"https:\/\/www.ask-a-muslim.com\/en\/you-do-it\/","url_meta":{"origin":6495,"position":2},"title":"Help EstablishAsk A Muslim Masjid and Dawah\u00a0Center","author":"Site Admin","date":"10\/02\/2018","format":false,"excerpt":"Help EstablishAsk A Muslim Masjid and Dawah\u00a0Center Will you claim your Palace in Jannah Today?Donate Now Exciting news for our brothers and sisters!\u00a0 Ask a Muslim is launching its FIRST multi-purpose Masjid and Da\u2019wah center in Westerville, Ohio INSHA\u2019ALLAH! THE PROPHET \ufdfa said in a FAMOUS hadith: \"Whoever builds a\u2026","rel":"","context":"Similar post","block_context":{"text":"Similar post","link":""},"img":{"alt_text":"","src":"","width":0,"height":0},"classes":[]},{"id":17003,"url":"https:\/\/www.ask-a-muslim.com\/en\/buildmasjid\/","url_meta":{"origin":6495,"position":3},"title":"Donate to Build AAM Masjid and Da&#8217;wah Center","author":"Site Admin","date":"11\/15\/2021","format":false,"excerpt":"Help Establish Ask-A-Muslim Masjid & Da'wah Center Will you claim your Palace in Jannah Today? Donate to this Project! \ud83d\udc9a Ask-A-Muslim is a registered 501(c)(3) nonprofit da'wah organization based in Columbus, Ohio. All donations are tax-deductible. Federal Tax ID (EIN): 30-0862642. Ask-A-Muslim cares about and protects your privacy. Your donations\u2026","rel":"","context":"Similar post","block_context":{"text":"Similar post","link":""},"img":{"alt_text":"","src":"https:\/\/i0.wp.com\/img.youtube.com\/vi\/wceOqgid3OI\/0.jpg?resize=350%2C200","width":350,"height":200},"classes":[]},{"id":5162,"url":"https:\/\/www.ask-a-muslim.com\/en\/converting-to-islam-an-easy-guide-to-enter-islam\/","url_meta":{"origin":6495,"position":4},"title":"Converting to Islam &#8211; An Easy Guide to Enter Islam!","author":"Site Admin","date":"09\/02\/2019","format":false,"excerpt":"Converting to Islam - An Easy Guide to Enter Islam! How should one go about accepting Islam? What are the necessary steps that one must do in order to convert to Islam and become a Muslim? Well, we'd like to start off by saying that indeed Allah guides those whom\u2026","rel":"","context":"Similar post","block_context":{"text":"Similar post","link":""},"img":{"alt_text":"","src":"https:\/\/i0.wp.com\/www.ask-a-muslim.com\/wp-content\/uploads\/2019\/09\/WhatsApp-Image-2019-09-02-at-6.34.46-AM.jpeg?resize=350%2C200&ssl=1","width":350,"height":200,"srcset":"https:\/\/i0.wp.com\/www.ask-a-muslim.com\/wp-content\/uploads\/2019\/09\/WhatsApp-Image-2019-09-02-at-6.34.46-AM.jpeg?resize=350%2C200&ssl=1 1x, https:\/\/i0.wp.com\/www.ask-a-muslim.com\/wp-content\/uploads\/2019\/09\/WhatsApp-Image-2019-09-02-at-6.34.46-AM.jpeg?resize=525%2C300&ssl=1 1.5x, https:\/\/i0.wp.com\/www.ask-a-muslim.com\/wp-content\/uploads\/2019\/09\/WhatsApp-Image-2019-09-02-at-6.34.46-AM.jpeg?resize=700%2C400&ssl=1 2x, https:\/\/i0.wp.com\/www.ask-a-muslim.com\/wp-content\/uploads\/2019\/09\/WhatsApp-Image-2019-09-02-at-6.34.46-AM.jpeg?resize=1050%2C600&ssl=1 3x, https:\/\/i0.wp.com\/www.ask-a-muslim.com\/wp-content\/uploads\/2019\/09\/WhatsApp-Image-2019-09-02-at-6.34.46-AM.jpeg?resize=1400%2C800&ssl=1 4x"},"classes":[]},{"id":1059,"url":"https:\/\/www.ask-a-muslim.com\/en\/el-verdadero-mensaje-de-jesus\/","url_meta":{"origin":6495,"position":5},"title":"El verdadero mensaje de Jes\u00fas","author":"ASKM","date":"10\/06\/2015","format":false,"excerpt":"EL MENSAJE \u00a0 El segundo asunto, 'El Mensaje de Jes\u00fas', es por quiz\u00e1 el punto m\u00e1s importante a considerar. As\u00ed, si Jes\u00fas no fue Dios encarnado, pero s\u00ed un profeta del Dios, el mensaje que \u00e9l trajo de Dios es la esencia de su misi\u00f3n. \u00a0 Sumisi\u00f3n \u00a0 La base\u2026","rel":"","context":"Similar post","block_context":{"text":"Similar post","link":""},"img":{"alt_text":"","src":"","width":0,"height":0},"classes":[]}],"_links":{"self":[{"href":"https:\/\/www.ask-a-muslim.com\/en\/wp-json\/wp\/v2\/pages\/6495","targetHints":{"allow":["GET"]}}],"collection":[{"href":"https:\/\/www.ask-a-muslim.com\/en\/wp-json\/wp\/v2\/pages"}],"about":[{"href":"https:\/\/www.ask-a-muslim.com\/en\/wp-json\/wp\/v2\/types\/page"}],"author":[{"embeddable":true,"href":"https:\/\/www.ask-a-muslim.com\/en\/wp-json\/wp\/v2\/users\/7"}],"replies":[{"embeddable":true,"href":"https:\/\/www.ask-a-muslim.com\/en\/wp-json\/wp\/v2\/comments?post=6495"}],"version-history":[{"count":2,"href":"https:\/\/www.ask-a-muslim.com\/en\/wp-json\/wp\/v2\/pages\/6495\/revisions"}],"predecessor-version":[{"id":12670,"href":"https:\/\/www.ask-a-muslim.com\/en\/wp-json\/wp\/v2\/pages\/6495\/revisions\/12670"}],"wp:attachment":[{"href":"https:\/\/www.ask-a-muslim.com\/en\/wp-json\/wp\/v2\/media?parent=6495"}],"curies":[{"name":"wp","href":"https:\/\/api.w.org\/{rel}","templated":true}]}}