{"id":6505,"date":"2020-05-30T02:11:35","date_gmt":"2020-05-30T07:11:35","guid":{"rendered":"https:\/\/www.ask-a-muslim.com\/?page_id=6505"},"modified":"2021-03-09T02:06:04","modified_gmt":"2021-03-09T07:06:04","slug":"the-existence-of-god","status":"publish","type":"page","link":"https:\/\/www.ask-a-muslim.com\/en\/the-existence-of-god\/","title":{"rendered":"The Existence of God"},"content":{"rendered":"\n\t\t\t<div class=\"wp-block-uagb-post-grid uagb-post-grid  uagb-post__image-position-top uagb-post__image-enabled uagb-block-c9009ead     uagb-post__items uagb-post__columns-1 is-grid uagb-post__columns-tablet-2 uagb-post__columns-mobile-1 uagb-post__equal-height\" data-total=\"4\" style=\"\">\n\n\t\t\t\t\t\t\t\t\t\t\t\t<article class=\"uagb-post__inner-wrap\">\t\t\t\t\t\t\t\t<h4 class=\"uagb-post__title uagb-post__text\">\n\t\t\t\t<a href=\"https:\/\/www.ask-a-muslim.com\/en\/gods-sole-right-to-worship\/\" target=\"_self\" rel=\"bookmark noopener noreferrer\">God\u2019s Sole Right to Worship<\/a>\n\t\t\t<\/h4>\n\t\t\t\t\t\t<div class='uagb-post__text uagb-post-grid-byline'>\n\t\t\t\t\t\t\t\t<div class=\"uagb-post__text\">\n\t\t\t\t\t<span class='uagb-post__taxonomy'>\n\t\t\t\t\t\t<span class=\"dashicons-tag dashicons\"><\/span>\t\t\t\t\t\t<a href=\"https:\/\/www.ask-a-muslim.com\/en\/category\/existence-of-god\/\">The Existence of God<\/a>\t\t\t\t\t<\/span>\n\t\t\t\t<\/div>\n\t\t\t\t\t\t\t<\/div>\n\t\t\t\t\t\t\t<div class='uagb-post__text uagb-post__excerpt'>\n\t\t\t\t\t<p>\u201cO mankind, worship your Lord who has created you and those before you, that you may become righteous. He Who has made the earth a resting-place for you and the sky a canopy, and has sent down water from the sky and thereby brought forth fruits for your sustenance. Do not, then, claim that there is any power that could rival God, when you know.\u201d (Quran 2:21-22) In these verses is the first commandment mentioned in the Quran, God proves&#8230;\t\t\t\t<\/div>\n\t\t\t\t\t\t<div class=\"uagb-post__text uagb-post__cta wp-block-button\">\n\t\t\t\t<a class=\"wp-block-button__link uagb-text-link\" style=\"\" href=\"https:\/\/www.ask-a-muslim.com\/en\/gods-sole-right-to-worship\/\" target=\"_self\" rel=\"bookmark noopener noreferrer\">Read More<\/a>\n\t\t\t<\/div>\n\t\t\t\n\t\t\t\t\t\t\t\t\t<\/article>\n\t\t\t\t\t\t\t\t\t\t\t\t\t\t\t\t<article class=\"uagb-post__inner-wrap\">\t\t\t\t\t\t\t\t<h4 class=\"uagb-post__title uagb-post__text\">\n\t\t\t\t<a href=\"https:\/\/www.ask-a-muslim.com\/en\/the-kursi-of-allah\/\" target=\"_self\" rel=\"bookmark noopener noreferrer\">The Kurs\u012b of All\u0101h<\/a>\n\t\t\t<\/h4>\n\t\t\t\t\t\t<div class='uagb-post__text uagb-post-grid-byline'>\n\t\t\t\t\t\t\t\t<div class=\"uagb-post__text\">\n\t\t\t\t\t<span class='uagb-post__taxonomy'>\n\t\t\t\t\t\t<span class=\"dashicons-tag dashicons\"><\/span>\t\t\t\t\t\t<a href=\"https:\/\/www.ask-a-muslim.com\/en\/category\/existence-of-god\/\">The Existence of God<\/a>\t\t\t\t\t<\/span>\n\t\t\t\t<\/div>\n\t\t\t\t\t\t\t<\/div>\n\t\t\t\t\t\t\t<div class='uagb-post__text uagb-post__excerpt'>\n\t\t\t\t\t<p>Abu Dharr al-Ghif\u0101r\u012b said that the Messenger of All\u0101h (\u0635\u0644\u0649 \u0627\u0644\u0644\u0647 \u0639\u0644\u064a\u0647 \u0648\u0633\u0644\u0645) said: \u201cThe seven heavens in comparison to the Kurs\u012b is nothing but like a ring thrown in a desert, and the excellence of the \u02bdArsh (Throne of All\u0101h) over the Kurs\u012b is like the excellence of that desert over that ring.\u201d Shaykh al-Alb\u0101n\u012b comments: \u201cThe had\u012bth comes forth as an explanation of (All\u0101h\u2019s) statement, the Most High: \u2018His Kurs\u012b extends over the heavens and the earth,\u2019[1] and&#8230;\t\t\t\t<\/div>\n\t\t\t\t\t\t<div class=\"uagb-post__text uagb-post__cta wp-block-button\">\n\t\t\t\t<a class=\"wp-block-button__link uagb-text-link\" style=\"\" href=\"https:\/\/www.ask-a-muslim.com\/en\/the-kursi-of-allah\/\" target=\"_self\" rel=\"bookmark noopener noreferrer\">Read More<\/a>\n\t\t\t<\/div>\n\t\t\t\n\t\t\t\t\t\t\t\t\t<\/article>\n\t\t\t\t\t\t\t\t\t\t\t\t\t\t\t\t<article class=\"uagb-post__inner-wrap\">\t\t\t\t\t\t\t\t<h4 class=\"uagb-post__title uagb-post__text\">\n\t\t\t\t<a href=\"https:\/\/www.ask-a-muslim.com\/en\/can-we-see-god\/\" target=\"_self\" rel=\"bookmark noopener noreferrer\">Can We See God?<\/a>\n\t\t\t<\/h4>\n\t\t\t\t\t\t<div class='uagb-post__text uagb-post-grid-byline'>\n\t\t\t\t\t\t\t\t<div class=\"uagb-post__text\">\n\t\t\t\t\t<span class='uagb-post__taxonomy'>\n\t\t\t\t\t\t<span class=\"dashicons-tag dashicons\"><\/span>\t\t\t\t\t\t<a href=\"https:\/\/www.ask-a-muslim.com\/en\/category\/existence-of-god\/\">The Existence of God<\/a>\t\t\t\t\t<\/span>\n\t\t\t\t<\/div>\n\t\t\t\t\t\t\t<\/div>\n\t\t\t\t\t\t\t<div class='uagb-post__text uagb-post__excerpt'>\n\t\t\t\t\t<p>The human mind is a true marvel, but in certain areas it is limited. God is different from anything the human mind can think of or imagine, so the mind will become confused if it tries to picture God. Nevertheless, it is possible to understand the attributes of God that do not require one to make any mental pictures of Him. For example, one of God\u2019s names is al-Ghaffar, which means He forgives all sins. Everyone can understand this easily&#8230;\t\t\t\t<\/div>\n\t\t\t\t\t\t<div class=\"uagb-post__text uagb-post__cta wp-block-button\">\n\t\t\t\t<a class=\"wp-block-button__link uagb-text-link\" style=\"\" href=\"https:\/\/www.ask-a-muslim.com\/en\/can-we-see-god\/\" target=\"_self\" rel=\"bookmark noopener noreferrer\">Read More<\/a>\n\t\t\t<\/div>\n\t\t\t\n\t\t\t\t\t\t\t\t\t<\/article>\n\t\t\t\t\t\t\t\t\t\t\t\t\t\t\t\t<article class=\"uagb-post__inner-wrap\">\t\t\t\t\t\t\t\t<h4 class=\"uagb-post__title uagb-post__text\">\n\t\t\t\t<a href=\"https:\/\/www.ask-a-muslim.com\/en\/the-divine-mercy-of-god\/\" target=\"_self\" rel=\"bookmark noopener noreferrer\">The Divine Mercy of God<\/a>\n\t\t\t<\/h4>\n\t\t\t\t\t\t<div class='uagb-post__text uagb-post-grid-byline'>\n\t\t\t\t\t\t\t\t<div class=\"uagb-post__text\">\n\t\t\t\t\t<span class='uagb-post__taxonomy'>\n\t\t\t\t\t\t<span class=\"dashicons-tag dashicons\"><\/span>\t\t\t\t\t\t<a href=\"https:\/\/www.ask-a-muslim.com\/en\/category\/existence-of-god\/\">The Existence of God<\/a>\t\t\t\t\t<\/span>\n\t\t\t\t<\/div>\n\t\t\t\t\t\t\t<\/div>\n\t\t\t\t\t\t\t<div class='uagb-post__text uagb-post__excerpt'>\n\t\t\t\t\t<p>(part 1 of 3): God the Most-Merciful, the Dispenser of Mercy If someone were to ask, \u2018Who is your God?\u2019 A Muslim response would be, \u2018The Most-Merciful, the Dispenser of Mercy.\u2019 According to Islamic sources, the prophets, while emphasizing God\u2019s judgment, also proclaimed His mercy. In Muslim scripture, God introduces Himself as: \u201cHe is God, other than whom there is no deity, Knower of the unseen and the witnessed. He is the Most-Merciful, the Dispenser of Mercy.\u201d (Quran 59:22) In&#8230;\t\t\t\t<\/div>\n\t\t\t\t\t\t<div class=\"uagb-post__text uagb-post__cta wp-block-button\">\n\t\t\t\t<a class=\"wp-block-button__link uagb-text-link\" style=\"\" href=\"https:\/\/www.ask-a-muslim.com\/en\/the-divine-mercy-of-god\/\" target=\"_self\" rel=\"bookmark noopener noreferrer\">Read More<\/a>\n\t\t\t<\/div>\n\t\t\t\n\t\t\t\t\t\t\t\t\t<\/article>\n\t\t\t\t\t\t\t\t\t\t\t\t\t\t\t\t<article class=\"uagb-post__inner-wrap\">\t\t\t\t\t\t\t\t<h4 class=\"uagb-post__title uagb-post__text\">\n\t\t\t\t<a href=\"https:\/\/www.ask-a-muslim.com\/en\/my-mercy-prevails-over-my-wrath\/\" target=\"_self\" rel=\"bookmark noopener noreferrer\">My Mercy Prevails Over My Wrath<\/a>\n\t\t\t<\/h4>\n\t\t\t\t\t\t<div class='uagb-post__text uagb-post-grid-byline'>\n\t\t\t\t\t\t\t\t<div class=\"uagb-post__text\">\n\t\t\t\t\t<span class='uagb-post__taxonomy'>\n\t\t\t\t\t\t<span class=\"dashicons-tag dashicons\"><\/span>\t\t\t\t\t\t<a href=\"https:\/\/www.ask-a-muslim.com\/en\/category\/existence-of-god\/\">The Existence of God<\/a>\t\t\t\t\t<\/span>\n\t\t\t\t<\/div>\n\t\t\t\t\t\t\t<\/div>\n\t\t\t\t\t\t\t<div class='uagb-post__text uagb-post__excerpt'>\n\t\t\t\t\t<p>(part 1 of 2) \u201cThe willingness to forgive and not to punish\u201d is a definition frequently used for the word mercy, but what is mercy in Islam? With Islam, mercy was given a deeper meaning that created a vital aspect in the life of every Muslim, which he is rewarded by God for showing. God\u2019s mercy, which is bestowed on all His creatures, is seen in everything we lay eyes on: in the sun that provides light and heat, and&#8230;\t\t\t\t<\/div>\n\t\t\t\t\t\t<div class=\"uagb-post__text uagb-post__cta wp-block-button\">\n\t\t\t\t<a class=\"wp-block-button__link uagb-text-link\" style=\"\" href=\"https:\/\/www.ask-a-muslim.com\/en\/my-mercy-prevails-over-my-wrath\/\" target=\"_self\" rel=\"bookmark noopener noreferrer\">Read More<\/a>\n\t\t\t<\/div>\n\t\t\t\n\t\t\t\t\t\t\t\t\t<\/article>\n\t\t\t\t\t\t\t\t\t\t\t\t\t\t\t\t<article class=\"uagb-post__inner-wrap\">\t\t\t\t\t\t\t\t<h4 class=\"uagb-post__title uagb-post__text\">\n\t\t\t\t<a href=\"https:\/\/www.ask-a-muslim.com\/en\/where-is-god-2\/\" target=\"_self\" rel=\"bookmark noopener noreferrer\">Where is God?<\/a>\n\t\t\t<\/h4>\n\t\t\t\t\t\t<div class='uagb-post__text uagb-post-grid-byline'>\n\t\t\t\t\t\t\t\t<div class=\"uagb-post__text\">\n\t\t\t\t\t<span class='uagb-post__taxonomy'>\n\t\t\t\t\t\t<span class=\"dashicons-tag dashicons\"><\/span>\t\t\t\t\t\t<a href=\"https:\/\/www.ask-a-muslim.com\/en\/category\/existence-of-god\/\">The Existence of God<\/a>\t\t\t\t\t<\/span>\n\t\t\t\t<\/div>\n\t\t\t\t\t\t\t<\/div>\n\t\t\t\t\t\t\t<div class='uagb-post__text uagb-post__excerpt'>\n\t\t\t\t\t<p>Now and again human beings are prompted to ask themselves some of life\u2019s truly profound questions. In the quiet darkness of the night, when far off stars twinkle in the vast, majestic sky, or in the cold, hard, light of day when life rushes past like a speeding train, people of all colours, races and creeds wonder about the meaning of their existence. Why are we here? What does this all mean? Is this all there is? On magnificent days&#8230;\t\t\t\t<\/div>\n\t\t\t\t\t\t<div class=\"uagb-post__text uagb-post__cta wp-block-button\">\n\t\t\t\t<a class=\"wp-block-button__link uagb-text-link\" style=\"\" href=\"https:\/\/www.ask-a-muslim.com\/en\/where-is-god-2\/\" target=\"_self\" rel=\"bookmark noopener noreferrer\">Read More<\/a>\n\t\t\t<\/div>\n\t\t\t\n\t\t\t\t\t\t\t\t\t<\/article>\n\t\t\t\t\t\t\t\t\t\t\t\t\t\t\t\t<article class=\"uagb-post__inner-wrap\">\t\t\t\t\t\t\t\t<div class='uagb-post__image'>\n\t\t\t\t\t\t\t\t\t<a href=\"https:\/\/www.ask-a-muslim.com\/en\/why-did-god-create\/\" target=\"_self\" rel=\"bookmark noopener noreferrer\" class='uagb-image-ratio-inherit'><img loading=\"lazy\" decoding=\"async\" width=\"1024\" height=\"536\" src=\"https:\/\/www.ask-a-muslim.com\/wp-content\/uploads\/2020\/06\/Why-Did-God-Create-1-1024x536.jpg\" class=\"attachment-large size-large\" alt=\"\" srcset=\"https:\/\/www.ask-a-muslim.com\/wp-content\/uploads\/2020\/06\/Why-Did-God-Create-1-1024x536.jpg 1024w, https:\/\/www.ask-a-muslim.com\/wp-content\/uploads\/2020\/06\/Why-Did-God-Create-1-300x157.jpg 300w, https:\/\/www.ask-a-muslim.com\/wp-content\/uploads\/2020\/06\/Why-Did-God-Create-1-768x402.jpg 768w, https:\/\/www.ask-a-muslim.com\/wp-content\/uploads\/2020\/06\/Why-Did-God-Create-1-1080x565.jpg 1080w, https:\/\/www.ask-a-muslim.com\/wp-content\/uploads\/2020\/06\/Why-Did-God-Create-1.jpg 1200w\" sizes=\"auto, (max-width: 1024px) 100vw, 1024px\" \/>\t\t\t\t\t<\/a>\n\t\t\t\t\t\t\t<\/div>\n\t\t\t\t\t\t<h4 class=\"uagb-post__title uagb-post__text\">\n\t\t\t\t<a href=\"https:\/\/www.ask-a-muslim.com\/en\/why-did-god-create\/\" target=\"_self\" rel=\"bookmark noopener noreferrer\">Why Did God Create?<\/a>\n\t\t\t<\/h4>\n\t\t\t\t\t\t<div class='uagb-post__text uagb-post-grid-byline'>\n\t\t\t\t\t\t\t\t<div class=\"uagb-post__text\">\n\t\t\t\t\t<span class='uagb-post__taxonomy'>\n\t\t\t\t\t\t<span class=\"dashicons-tag dashicons\"><\/span>\t\t\t\t\t\t<a href=\"https:\/\/www.ask-a-muslim.com\/en\/category\/existence-of-god\/\">The Existence of God<\/a>\t\t\t\t\t<\/span>\n\t\t\t\t<\/div>\n\t\t\t\t\t\t\t<\/div>\n\t\t\t\t\t\t\t<div class='uagb-post__text uagb-post__excerpt'>\n\t\t\t\t\t<p>(part 1 of 3): God, the Creator From the point of view of God, a\u2026 fundamental question needs to be asked, \u201cWhy did God create?\u201d This question should be asked because humankind is not, in fact, the greatest creation. God says in the Quran: \u201cIndeed, the creation of the heavens and the earth is greater than the creation of mankind, but most of mankind do not realize it.\u201d (Quran 40:57) The composition of human beings is far less complex than&#8230;\t\t\t\t<\/div>\n\t\t\t\t\t\t<div class=\"uagb-post__text uagb-post__cta wp-block-button\">\n\t\t\t\t<a class=\"wp-block-button__link uagb-text-link\" style=\"\" href=\"https:\/\/www.ask-a-muslim.com\/en\/why-did-god-create\/\" target=\"_self\" rel=\"bookmark noopener noreferrer\">Read More<\/a>\n\t\t\t<\/div>\n\t\t\t\n\t\t\t\t\t\t\t\t\t<\/article>\n\t\t\t\t\t\t\t\t\t\t\t\t\t\t\t\t<article class=\"uagb-post__inner-wrap\">\t\t\t\t\t\t\t\t<h4 class=\"uagb-post__title uagb-post__text\">\n\t\t\t\t<a href=\"https:\/\/www.ask-a-muslim.com\/en\/atheism-an-islamic-perspective\/\" target=\"_self\" rel=\"bookmark noopener noreferrer\">Atheism &#8211; An Islamic Perspective<\/a>\n\t\t\t<\/h4>\n\t\t\t\t\t\t<div class='uagb-post__text uagb-post-grid-byline'>\n\t\t\t\t\t\t\t\t<div class=\"uagb-post__text\">\n\t\t\t\t\t<span class='uagb-post__taxonomy'>\n\t\t\t\t\t\t<span class=\"dashicons-tag dashicons\"><\/span>\t\t\t\t\t\t<a href=\"https:\/\/www.ask-a-muslim.com\/en\/category\/existence-of-god\/\">The Existence of God<\/a>\t\t\t\t\t<\/span>\n\t\t\t\t<\/div>\n\t\t\t\t\t\t\t<\/div>\n\t\t\t\t\t\t\t<div class='uagb-post__text uagb-post__excerpt'>\n\t\t\t\t\t<p>\u201cWe (God) will show them Our signs in the horizons and within themselves until it becomes clear to them that it is the truth.\u201dQuran 41:53 This pamphlet introduces the Islamic perspective for believing in God. It explains how God provides signs of His existence \u2013 both through His natural creation and through revelation, and clarifies common questions by atheists. God calls on us to acknowledge Him through His signs and has made it our responsibility to ponder and reflect in&#8230;\t\t\t\t<\/div>\n\t\t\t\t\t\t<div class=\"uagb-post__text uagb-post__cta wp-block-button\">\n\t\t\t\t<a class=\"wp-block-button__link uagb-text-link\" style=\"\" href=\"https:\/\/www.ask-a-muslim.com\/en\/atheism-an-islamic-perspective\/\" target=\"_self\" rel=\"bookmark noopener noreferrer\">Read More<\/a>\n\t\t\t<\/div>\n\t\t\t\n\t\t\t\t\t\t\t\t\t<\/article>\n\t\t\t\t\t\t\t\t\t\t\t\t\t\t\t\t<article class=\"uagb-post__inner-wrap\">\t\t\t\t\t\t\t\t<h4 class=\"uagb-post__title uagb-post__text\">\n\t\t\t\t<a href=\"https:\/\/www.ask-a-muslim.com\/en\/a-theoretical-dialogue-between-a-muslim-and-a-christian\/\" target=\"_self\" rel=\"bookmark noopener noreferrer\">A theoretical dialogue between a Muslim and a Christian<\/a>\n\t\t\t<\/h4>\n\t\t\t\t\t\t<div class='uagb-post__text uagb-post-grid-byline'>\n\t\t\t\t\t\t\t\t<div class=\"uagb-post__text\">\n\t\t\t\t\t<span class='uagb-post__taxonomy'>\n\t\t\t\t\t\t<span class=\"dashicons-tag dashicons\"><\/span>\t\t\t\t\t\t<a href=\"https:\/\/www.ask-a-muslim.com\/en\/category\/existence-of-god\/\">The Existence of God<\/a>\t\t\t\t\t<\/span>\n\t\t\t\t<\/div>\n\t\t\t\t\t\t\t<\/div>\n\t\t\t\t\t\t\t<div class='uagb-post__text uagb-post__excerpt'>\n\t\t\t\t\t<p>(part 1 of 2) Abdullah: Hello there! How are you man? Derek: Hello! Well, how are you? Abdullah: I\u2019m fine and you? Derek: I\u2019m fine, thanks. Abdullah: Where are you from? Derek: I\u2019m from L.A. (Los Angeles). Abdullah: The land of Hollywood! Derek: Well, that\u2019s right. Have you ever been to L.A? Abdullah: No, never. Why are you calling yourself \u2018Black Magic\u2019? Derek: It\u2019s just a nickname, man! Abdullah: I see. Derek: Where are you from? Are you an Arab?&#8230;\t\t\t\t<\/div>\n\t\t\t\t\t\t<div class=\"uagb-post__text uagb-post__cta wp-block-button\">\n\t\t\t\t<a class=\"wp-block-button__link uagb-text-link\" style=\"\" href=\"https:\/\/www.ask-a-muslim.com\/en\/a-theoretical-dialogue-between-a-muslim-and-a-christian\/\" target=\"_self\" rel=\"bookmark noopener noreferrer\">Read More<\/a>\n\t\t\t<\/div>\n\t\t\t\n\t\t\t\t\t\t\t\t\t<\/article>\n\t\t\t\t\t\t\t\t\t\t\t\t\t\t\t\t<article class=\"uagb-post__inner-wrap\">\t\t\t\t\t\t\t\t<h4 class=\"uagb-post__title uagb-post__text\">\n\t\t\t\t<a href=\"https:\/\/www.ask-a-muslim.com\/en\/rational-answers-to-ideological-commitments\/\" target=\"_self\" rel=\"bookmark noopener noreferrer\">Rational Answers to Ideological Commitments<\/a>\n\t\t\t<\/h4>\n\t\t\t\t\t\t<div class='uagb-post__text uagb-post-grid-byline'>\n\t\t\t\t\t\t\t\t<div class=\"uagb-post__text\">\n\t\t\t\t\t<span class='uagb-post__taxonomy'>\n\t\t\t\t\t\t<span class=\"dashicons-tag dashicons\"><\/span>\t\t\t\t\t\t<a href=\"https:\/\/www.ask-a-muslim.com\/en\/category\/existence-of-god\/\">The Existence of God<\/a>\t\t\t\t\t<\/span>\n\t\t\t\t<\/div>\n\t\t\t\t\t\t\t<\/div>\n\t\t\t\t\t\t\t<div class='uagb-post__text uagb-post__excerpt'>\n\t\t\t\t\t<p>Why Islam? The question \u201cwhy?\u201d demands a rational answer. However, many people think that it is not possible to give rational answers to ideological commitments (by ideology, we mean a system of thought). They believe that a commitment to any theistic ideology is an irrational act. One cannot deny the fact that many people do commit themselves illogically to various ideologies and continue to hold onto them only because they find themselves to be raised up in particular communities. They&#8230;\t\t\t\t<\/div>\n\t\t\t\t\t\t<div class=\"uagb-post__text uagb-post__cta wp-block-button\">\n\t\t\t\t<a class=\"wp-block-button__link uagb-text-link\" style=\"\" href=\"https:\/\/www.ask-a-muslim.com\/en\/rational-answers-to-ideological-commitments\/\" target=\"_self\" rel=\"bookmark noopener noreferrer\">Read More<\/a>\n\t\t\t<\/div>\n\t\t\t\n\t\t\t\t\t\t\t\t\t<\/article>\n\t\t\t\t\t\t\t\t\t\t\t<\/div>\n\t\t\t","protected":false},"excerpt":{"rendered":"","protected":false},"author":7,"featured_media":0,"parent":0,"menu_order":0,"comment_status":"closed","ping_status":"closed","template":"","meta":{"_uag_custom_page_level_css":"","_monsterinsights_skip_tracking":false,"_monsterinsights_sitenote_active":false,"_monsterinsights_sitenote_note":"","_monsterinsights_sitenote_category":0,"jetpack_post_was_ever_published":false,"footnotes":""},"class_list":["post-6505","page","type-page","status-publish"],"uagb_featured_image_src":{"full":false,"thumbnail":false,"medium":false,"medium_large":false,"large":false,"1536x1536":false,"2048x2048":false,"gform-image-choice-sm":false,"gform-image-choice-md":false,"gform-image-choice-lg":false},"uagb_author_info":{"display_name":"Site Admin","author_link":"https:\/\/www.ask-a-muslim.com\/en\/author\/admin2\/"},"uagb_comment_info":0,"uagb_excerpt":null,"jetpack_sharing_enabled":true,"jetpack_shortlink":"https:\/\/wp.me\/PcT0IL-1GV","jetpack-related-posts":[{"id":8731,"url":"https:\/\/www.ask-a-muslim.com\/nl\/the-existence-of-god\/","url_meta":{"origin":6505,"position":0},"title":"The Existence of God","author":"Site Admin","date":"06\/20\/2020","format":false,"excerpt":"[et_pb_section bb_built=\"1\" admin_label=\"section\"][et_pb_row admin_label=\"Row\"][et_pb_column type=\"4_4\"][et_pb_text admin_label=\"Text\" background_layout=\"light\" text_orientation=\"center\" use_border_color=\"off\" border_color=\"#ffffff\" border_style=\"solid\"]THE EXISTENCE OF GOD \u00a0[\/et_pb_text][\/et_pb_column][\/et_pb_row][et_pb_row admin_label=\"row\"][et_pb_column type=\"4_4\"][et_pb_blog admin_label=\"Blog\" fullwidth=\"off\" show_thumbnail=\"on\" show_content=\"off\" show_more=\"on\" show_author=\"off\" show_date=\"off\" show_categories=\"off\" show_comments=\"off\" show_pagination=\"on\" offset_number=\"0\" use_overlay=\"on\" background_layout=\"light\" use_dropshadow=\"off\" use_border_color=\"off\" border_color=\"#ffffff\" border_style=\"solid\" overlay_icon_color=\"#eaeaea\" hover_overlay_color=\"rgba(51,191,32,0.69)\" hover_icon=\"%%254%%\" posts_number=\"12\" body_font_size_last_edited=\"off|desktop\" body_font_size=\"12\" meta_font_size=\"12\" include_categories=\"120\"] [\/et_pb_blog][\/et_pb_column][\/et_pb_row][\/et_pb_section]","rel":"","context":"Similar post","block_context":{"text":"Similar post","link":""},"img":{"alt_text":"","src":"","width":0,"height":0},"classes":[]},{"id":1325,"url":"https:\/\/www.ask-a-muslim.com\/en\/atheism-4\/","url_meta":{"origin":6505,"position":1},"title":"Atheism","author":"ASKM","date":"01\/01\/2016","format":false,"excerpt":"Is God Real? Existence of God: Between Faith & Atheism\u00a0 Does God Exist? The Existence of Almighty God The Nature of God and His Attributes Where is God? Man-God Relationship\u00a0 How Do We Know God is One? (Part 1\/2) How Do We Know God is One? (Part 2\/2) \u00a0 Evolution\u2026","rel":"","context":"Similar post","block_context":{"text":"Similar post","link":""},"img":{"alt_text":"image9","src":"https:\/\/i0.wp.com\/www.ask-a-muslim.com\/wp-content\/uploads\/2016\/01\/image9.jpg?resize=350%2C200","width":350,"height":200},"classes":[]},{"id":2032,"url":"https:\/\/www.ask-a-muslim.com\/en\/frequently-asked-questions\/","url_meta":{"origin":6505,"position":2},"title":"Frequently Asked Questions","author":"ASKM","date":"07\/02\/2017","format":false,"excerpt":"What Is Islam? The word \u201cIslam\u201d means peace and submission. Peace means to be at peace with yourself and your surroundings and submission means submission to the will of God. A broader meaning of the word \u201cIslam\u201d is to achieve peace by submitting to the will of God. This is\u2026","rel":"","context":"Similar post","block_context":{"text":"Similar post","link":""},"img":{"alt_text":"","src":"https:\/\/i0.wp.com\/www.ask-a-muslim.com\/wp-content\/uploads\/2018\/03\/ask-logo.png?resize=350%2C200&ssl=1","width":350,"height":200},"classes":[]},{"id":1301,"url":"https:\/\/www.ask-a-muslim.com\/en\/christianity\/","url_meta":{"origin":6505,"position":3},"title":"Christianity","author":"ASKM","date":"01\/01\/2016","format":false,"excerpt":"Bible Articles The Arabian Prophet in the Bible\u00a0 Exact Biblical Verses about Muhammad\u00a0 Biblical Prophecies on the Advent of Muhammad\u00a0 Makkah (Mecca) in the Bible (1\/2)\u00a0 Makkah (Mecca) in the Bible (2\/2)\u00a0 Conflicting Accounts of Crucifixion in the Bible \u00a0 Crucifixion in the Gospels of Judas and Barnabas and Apocalypse\u2026","rel":"","context":"Similar post","block_context":{"text":"Similar post","link":""},"img":{"alt_text":"image1","src":"https:\/\/i0.wp.com\/www.ask-a-muslim.com\/wp-content\/uploads\/2016\/01\/image1.jpg?resize=350%2C200","width":350,"height":200},"classes":[]},{"id":5162,"url":"https:\/\/www.ask-a-muslim.com\/en\/converting-to-islam-an-easy-guide-to-enter-islam\/","url_meta":{"origin":6505,"position":4},"title":"Converting to Islam &#8211; An Easy Guide to Enter Islam!","author":"Site Admin","date":"09\/02\/2019","format":false,"excerpt":"Converting to Islam - An Easy Guide to Enter Islam! How should one go about accepting Islam? What are the necessary steps that one must do in order to convert to Islam and become a Muslim? Well, we'd like to start off by saying that indeed Allah guides those whom\u2026","rel":"","context":"Similar post","block_context":{"text":"Similar post","link":""},"img":{"alt_text":"","src":"https:\/\/i0.wp.com\/www.ask-a-muslim.com\/wp-content\/uploads\/2019\/09\/WhatsApp-Image-2019-09-02-at-6.34.46-AM.jpeg?resize=350%2C200&ssl=1","width":350,"height":200,"srcset":"https:\/\/i0.wp.com\/www.ask-a-muslim.com\/wp-content\/uploads\/2019\/09\/WhatsApp-Image-2019-09-02-at-6.34.46-AM.jpeg?resize=350%2C200&ssl=1 1x, https:\/\/i0.wp.com\/www.ask-a-muslim.com\/wp-content\/uploads\/2019\/09\/WhatsApp-Image-2019-09-02-at-6.34.46-AM.jpeg?resize=525%2C300&ssl=1 1.5x, https:\/\/i0.wp.com\/www.ask-a-muslim.com\/wp-content\/uploads\/2019\/09\/WhatsApp-Image-2019-09-02-at-6.34.46-AM.jpeg?resize=700%2C400&ssl=1 2x, https:\/\/i0.wp.com\/www.ask-a-muslim.com\/wp-content\/uploads\/2019\/09\/WhatsApp-Image-2019-09-02-at-6.34.46-AM.jpeg?resize=1050%2C600&ssl=1 3x, https:\/\/i0.wp.com\/www.ask-a-muslim.com\/wp-content\/uploads\/2019\/09\/WhatsApp-Image-2019-09-02-at-6.34.46-AM.jpeg?resize=1400%2C800&ssl=1 4x"},"classes":[]},{"id":4,"url":"https:\/\/www.ask-a-muslim.com\/en\/","url_meta":{"origin":6505,"position":5},"title":"Home","author":"ASKM","date":"05\/26\/2017","format":false,"excerpt":"WELCOME TO ASK A MUSLIM WEBSITE We are a group of Muslims based in Columbus, OH, USA. We want to help you learn about Islam from the best source \u2013 actual practicing Muslims. Please get in touch if you can\u2019t find what you are looking for. Get Started THE QURAN.ONE\u2026","rel":"","context":"Similar post","block_context":{"text":"Similar post","link":""},"img":{"alt_text":"","src":"https:\/\/i0.wp.com\/www.ask-a-muslim.com\/wp-content\/uploads\/2021\/09\/AAM-APP-Poster-01.jpg?resize=350%2C200&ssl=1","width":350,"height":200,"srcset":"https:\/\/i0.wp.com\/www.ask-a-muslim.com\/wp-content\/uploads\/2021\/09\/AAM-APP-Poster-01.jpg?resize=350%2C200&ssl=1 1x, https:\/\/i0.wp.com\/www.ask-a-muslim.com\/wp-content\/uploads\/2021\/09\/AAM-APP-Poster-01.jpg?resize=525%2C300&ssl=1 1.5x, https:\/\/i0.wp.com\/www.ask-a-muslim.com\/wp-content\/uploads\/2021\/09\/AAM-APP-Poster-01.jpg?resize=700%2C400&ssl=1 2x, https:\/\/i0.wp.com\/www.ask-a-muslim.com\/wp-content\/uploads\/2021\/09\/AAM-APP-Poster-01.jpg?resize=1050%2C600&ssl=1 3x"},"classes":[]}],"_links":{"self":[{"href":"https:\/\/www.ask-a-muslim.com\/en\/wp-json\/wp\/v2\/pages\/6505","targetHints":{"allow":["GET"]}}],"collection":[{"href":"https:\/\/www.ask-a-muslim.com\/en\/wp-json\/wp\/v2\/pages"}],"about":[{"href":"https:\/\/www.ask-a-muslim.com\/en\/wp-json\/wp\/v2\/types\/page"}],"author":[{"embeddable":true,"href":"https:\/\/www.ask-a-muslim.com\/en\/wp-json\/wp\/v2\/users\/7"}],"replies":[{"embeddable":true,"href":"https:\/\/www.ask-a-muslim.com\/en\/wp-json\/wp\/v2\/comments?post=6505"}],"version-history":[{"count":2,"href":"https:\/\/www.ask-a-muslim.com\/en\/wp-json\/wp\/v2\/pages\/6505\/revisions"}],"predecessor-version":[{"id":12668,"href":"https:\/\/www.ask-a-muslim.com\/en\/wp-json\/wp\/v2\/pages\/6505\/revisions\/12668"}],"wp:attachment":[{"href":"https:\/\/www.ask-a-muslim.com\/en\/wp-json\/wp\/v2\/media?parent=6505"}],"curies":[{"name":"wp","href":"https:\/\/api.w.org\/{rel}","templated":true}]}}