{"id":6514,"date":"2020-05-30T02:13:06","date_gmt":"2020-05-30T07:13:06","guid":{"rendered":"https:\/\/www.ask-a-muslim.com\/?page_id=6514"},"modified":"2021-03-09T01:57:22","modified_gmt":"2021-03-09T06:57:22","slug":"jurisprudence","status":"publish","type":"page","link":"https:\/\/www.ask-a-muslim.com\/en\/jurisprudence\/","title":{"rendered":"Jurisprudence"},"content":{"rendered":"\n\t\t\t<div class=\"wp-block-uagb-post-grid uagb-post-grid  uagb-post__image-position-top uagb-post__image-enabled uagb-block-b9a6a1a5     uagb-post__items uagb-post__columns-1 is-grid uagb-post__columns-tablet-2 uagb-post__columns-mobile-1 uagb-post__equal-height\" data-total=\"2\" style=\"\">\n\n\t\t\t\t\t\t\t\t\t\t\t\t<article class=\"uagb-post__inner-wrap\">\t\t\t\t\t\t\t\t<h4 class=\"uagb-post__title uagb-post__text\">\n\t\t\t\t<a href=\"https:\/\/www.ask-a-muslim.com\/en\/the-rulling-on-the-one-who-abandons-prayer-part-4\/\" target=\"_self\" rel=\"bookmark noopener noreferrer\">The rulling on the one who abandons prayer (Part 4)<\/a>\n\t\t\t<\/h4>\n\t\t\t\t\t\t<div class='uagb-post__text uagb-post-grid-byline'>\n\t\t\t\t\t\t\t\t<div class=\"uagb-post__text\">\n\t\t\t\t\t<span class='uagb-post__taxonomy'>\n\t\t\t\t\t\t<span class=\"dashicons-tag dashicons\"><\/span>\t\t\t\t\t\t<a href=\"https:\/\/www.ask-a-muslim.com\/en\/category\/jurisprudence\/\">Jurisprudence<\/a>\t\t\t\t\t<\/span>\n\t\t\t\t<\/div>\n\t\t\t\t\t\t\t<\/div>\n\t\t\t\t\t\t\t<div class='uagb-post__text uagb-post__excerpt'>\n\t\t\t\t\t<p>*Question #23: \u201cOur Shaykh, I am asking you about the issue of proofs with regard to the ruling on the one who abandons the prayer. In the treatise \u2018The Ruling on the One who Abandons Prayer\u2019 by Shaykh Muhammad Saalih al-\u2019Uthaymeen, he is of the opinion that the one who abandons the prayer is a disbeliever, and he has many proofs, such as Allaah\u2019s statement about the mushrikoon:[1] {But if they repent, perform salaah (the prayer), and give zakaah (obligatory&#8230;\t\t\t\t<\/div>\n\t\t\t\t\t\t<div class=\"uagb-post__text uagb-post__cta wp-block-button\">\n\t\t\t\t<a class=\"wp-block-button__link uagb-text-link\" style=\"\" href=\"https:\/\/www.ask-a-muslim.com\/en\/the-rulling-on-the-one-who-abandons-prayer-part-4\/\" target=\"_self\" rel=\"bookmark noopener noreferrer\">Read More<\/a>\n\t\t\t<\/div>\n\t\t\t\n\t\t\t\t\t\t\t\t\t<\/article>\n\t\t\t\t\t\t\t\t\t\t\t\t\t\t\t\t<article class=\"uagb-post__inner-wrap\">\t\t\t\t\t\t\t\t<h4 class=\"uagb-post__title uagb-post__text\">\n\t\t\t\t<a href=\"https:\/\/www.ask-a-muslim.com\/en\/it-is-not-permissible-for-a-woman-to-pray-with-her-feet-uncovered\/\" target=\"_self\" rel=\"bookmark noopener noreferrer\">It is not permissible for a woman to pray with her feet uncovered<\/a>\n\t\t\t<\/h4>\n\t\t\t\t\t\t<div class='uagb-post__text uagb-post-grid-byline'>\n\t\t\t\t\t\t\t\t<div class=\"uagb-post__text\">\n\t\t\t\t\t<span class='uagb-post__taxonomy'>\n\t\t\t\t\t\t<span class=\"dashicons-tag dashicons\"><\/span>\t\t\t\t\t\t<a href=\"https:\/\/www.ask-a-muslim.com\/en\/category\/jurisprudence\/\">Jurisprudence<\/a>\t\t\t\t\t<\/span>\n\t\t\t\t<\/div>\n\t\t\t\t\t\t\t<\/div>\n\t\t\t\t\t\t\t<div class='uagb-post__text uagb-post__excerpt'>\n\t\t\t\t\t<p>Q: \u201cShould a woman cover her feet when she prays?\u201d Shaikh al-Albaani: \u201cIt is not permissible for her to pray with her feet uncovered, indeed it is not permissible for her to walk in the streets with her feet uncovered, because the feet are part of a woman\u2019s `awrah based on Allaah\u2019s Statement: {And let them not stamp their feet to make known what they conceal of their adornment}.1 The woman during the Days of Ignorance used to wear what&#8230;\t\t\t\t<\/div>\n\t\t\t\t\t\t<div class=\"uagb-post__text uagb-post__cta wp-block-button\">\n\t\t\t\t<a class=\"wp-block-button__link uagb-text-link\" style=\"\" href=\"https:\/\/www.ask-a-muslim.com\/en\/it-is-not-permissible-for-a-woman-to-pray-with-her-feet-uncovered\/\" target=\"_self\" rel=\"bookmark noopener noreferrer\">Read More<\/a>\n\t\t\t<\/div>\n\t\t\t\n\t\t\t\t\t\t\t\t\t<\/article>\n\t\t\t\t\t\t\t\t\t\t\t\t\t\t\t\t<article class=\"uagb-post__inner-wrap\">\t\t\t\t\t\t\t\t<h4 class=\"uagb-post__title uagb-post__text\">\n\t\t\t\t<a href=\"https:\/\/www.ask-a-muslim.com\/en\/wives-preventing-polygyny\/\" target=\"_self\" rel=\"bookmark noopener noreferrer\">Wives preventing polygyny<\/a>\n\t\t\t<\/h4>\n\t\t\t\t\t\t<div class='uagb-post__text uagb-post-grid-byline'>\n\t\t\t\t\t\t\t\t<div class=\"uagb-post__text\">\n\t\t\t\t\t<span class='uagb-post__taxonomy'>\n\t\t\t\t\t\t<span class=\"dashicons-tag dashicons\"><\/span>\t\t\t\t\t\t<a href=\"https:\/\/www.ask-a-muslim.com\/en\/category\/jurisprudence\/\">Jurisprudence<\/a>\t\t\t\t\t<\/span>\n\t\t\t\t<\/div>\n\t\t\t\t\t\t\t<\/div>\n\t\t\t\t\t\t\t<div class='uagb-post__text uagb-post__excerpt'>\n\t\t\t\t\t<p>Question #3: \u201cIs it allowed for the woman to come between her husband and polylgyny?\u201d Shaykh al-Alb\u0101n\u012b answers: \u201cOf course, I believe that it is not allowed for her (to do so) because of two reasons: The first (reason) is that she is hindering (her husband) from the path of All\u0101h and the other (reason) is that she is opposing the command of her husband\u2026 Because you know that the obedience of a woman to her husband is obligatory just&#8230;\t\t\t\t<\/div>\n\t\t\t\t\t\t<div class=\"uagb-post__text uagb-post__cta wp-block-button\">\n\t\t\t\t<a class=\"wp-block-button__link uagb-text-link\" style=\"\" href=\"https:\/\/www.ask-a-muslim.com\/en\/wives-preventing-polygyny\/\" target=\"_self\" rel=\"bookmark noopener noreferrer\">Read More<\/a>\n\t\t\t<\/div>\n\t\t\t\n\t\t\t\t\t\t\t\t\t<\/article>\n\t\t\t\t\t\t\t\t\t\t\t\t\t\t\t\t<article class=\"uagb-post__inner-wrap\">\t\t\t\t\t\t\t\t<h4 class=\"uagb-post__title uagb-post__text\">\n\t\t\t\t<a href=\"https:\/\/www.ask-a-muslim.com\/en\/the-prostrations-of-forgetfulness\/\" target=\"_self\" rel=\"bookmark noopener noreferrer\">The prostrations of forgetfulness<\/a>\n\t\t\t<\/h4>\n\t\t\t\t\t\t<div class='uagb-post__text uagb-post-grid-byline'>\n\t\t\t\t\t\t\t\t<div class=\"uagb-post__text\">\n\t\t\t\t\t<span class='uagb-post__taxonomy'>\n\t\t\t\t\t\t<span class=\"dashicons-tag dashicons\"><\/span>\t\t\t\t\t\t<a href=\"https:\/\/www.ask-a-muslim.com\/en\/category\/jurisprudence\/\">Jurisprudence<\/a>\t\t\t\t\t<\/span>\n\t\t\t\t<\/div>\n\t\t\t\t\t\t\t<\/div>\n\t\t\t\t\t\t\t<div class='uagb-post__text uagb-post__excerpt'>\n\t\t\t\t\t<p>*Question #6: (a) \u201cWhat is the general rule of the suj\u016bd us-sah\u016b (prostrations of forgetfulness)?\u201d Shaykh al-Alb\u0101n\u012b answers: \u201c(It is due upon a person) under any circumstances if (something was done or not done in prayer) out of forgetfulness, even if it is a sunnah.\u201d *Question #12: (b) \u201cIs the suj\u016bd us-sah\u016b before the sal\u0101m or after the sal\u0101m?\u201d Shaykh al-Alb\u0101n\u012b answers: \u201cRegarding every suj\u016bd us-sah\u016b, its doer has the choice between prostrating before the sal\u0101m or after the sal\u0101m&#8230;.\t\t\t\t<\/div>\n\t\t\t\t\t\t<div class=\"uagb-post__text uagb-post__cta wp-block-button\">\n\t\t\t\t<a class=\"wp-block-button__link uagb-text-link\" style=\"\" href=\"https:\/\/www.ask-a-muslim.com\/en\/the-prostrations-of-forgetfulness\/\" target=\"_self\" rel=\"bookmark noopener noreferrer\">Read More<\/a>\n\t\t\t<\/div>\n\t\t\t\n\t\t\t\t\t\t\t\t\t<\/article>\n\t\t\t\t\t\t\t\t\t\t\t\t\t\t\t\t<article class=\"uagb-post__inner-wrap\">\t\t\t\t\t\t\t\t<h4 class=\"uagb-post__title uagb-post__text\">\n\t\t\t\t<a href=\"https:\/\/www.ask-a-muslim.com\/en\/definicion-de-peregrinacion-hayy-su-condicion-en-la-legislacion-islamica-y-sus-virtudes\/\" target=\"_self\" rel=\"bookmark noopener noreferrer\">Definici\u00f3n de \u201cPeregrinaci\u00f3n (Hayy)\u201d, su condici\u00f3n en la legislaci\u00f3n isl\u00e1mica y sus virtudes<\/a>\n\t\t\t<\/h4>\n\t\t\t\t\t\t<div class='uagb-post__text uagb-post-grid-byline'>\n\t\t\t\t\t\t\t\t<div class=\"uagb-post__text\">\n\t\t\t\t\t<span class='uagb-post__taxonomy'>\n\t\t\t\t\t\t<span class=\"dashicons-tag dashicons\"><\/span>\t\t\t\t\t\t<a href=\"https:\/\/www.ask-a-muslim.com\/en\/category\/jurisprudence\/\">Jurisprudence<\/a>\t\t\t\t\t<\/span>\n\t\t\t\t<\/div>\n\t\t\t\t\t\t\t<\/div>\n\t\t\t\t\t\t\t<div class='uagb-post__text uagb-post__excerpt'>\n\t\t\t\t\t<p>] Espa\u00f1ol [ \u0645\u062e\u062a\u0635\u0631 \u0627\u0644\u0641\u0642\u0647 \u0627\u0644\u0625\u0633\u0644\u0627\u0645\u064a \u0643\u062a\u0627\u0628 \u0627\u0644\u062d\u062c \u0648\u0627\u0644\u0639\u0645\u0631\u0629 1- \u0645\u0639\u0646\u0649 \u0627\u0644\u062d\u062c \u0648\u062d\u0643\u0645\u0647 \u0648\u0641\u0636\u0644\u0647 [\u0627\u0644\u0644\u063a\u0629 \u0627\u0644\u0625\u0633\u0628\u0627\u0646\u064a\u0629 ] Muhammad ibn Ibrahim Al-Tuwaijri \u0645\u062d\u0645\u062f \u0628\u0646 \u0627\u0628\u0631\u0627\u0647\u064a\u0645 \u0627\u0644\u062a\u0648\u064a\u062c\u0631\u064a Traducci\u00f3n: Muhammad Isa Garcia \u062a\u0631\u062c\u0645\u0629: \u0645\u062d\u0645\u062f \u0639\u064a\u0633\u0649 \u063a\u0627\u0631\u0633\u064a\u0629 Oficina de Dawa en Rabwah &#8211; Riyadh \u0627\u0644\u0645\u0643\u062a\u0628 \u0627\u0644\u062a\u0639\u0627\u0648\u0646\u064a \u0644\u0644\u062f\u0639\u0648\u0629 \u0648\u062a\u0648\u0639\u064a\u0629 \u0627\u0644\u062c\u0627\u0644\u064a\u0627\u062a \u0628\u0627\u0644\u0631\u0628\u0648\u0629 \u0628\u0645\u062f\u064a\u0646\u0629 \u0627\u0644\u0631\u064a\u0627\u0636 1428 \u2013 2007 I \u2013 Definici\u00f3n de \u201cPeregrinaci\u00f3n (Hayy)\u201d, su condici\u00f3n en la legislaci\u00f3n isl\u00e1mica y sus virtudes La Peregrinaci\u00f3n (Hayy) Es un acto de adoraci\u00f3n a Allah que consiste en el&#8230;\t\t\t\t<\/div>\n\t\t\t\t\t\t<div class=\"uagb-post__text uagb-post__cta wp-block-button\">\n\t\t\t\t<a class=\"wp-block-button__link uagb-text-link\" style=\"\" href=\"https:\/\/www.ask-a-muslim.com\/en\/definicion-de-peregrinacion-hayy-su-condicion-en-la-legislacion-islamica-y-sus-virtudes\/\" target=\"_self\" rel=\"bookmark noopener noreferrer\">Read More<\/a>\n\t\t\t<\/div>\n\t\t\t\n\t\t\t\t\t\t\t\t\t<\/article>\n\t\t\t\t\t\t\t\t\t\t\t\t\t\t\t\t<article class=\"uagb-post__inner-wrap\">\t\t\t\t\t\t\t\t<h4 class=\"uagb-post__title uagb-post__text\">\n\t\t\t\t<a href=\"https:\/\/www.ask-a-muslim.com\/en\/the-descriptive-titles-of-jesus-in-the-quran\/\" target=\"_self\" rel=\"bookmark noopener noreferrer\">The Descriptive Titles of Jesus in the Quran<\/a>\n\t\t\t<\/h4>\n\t\t\t\t\t\t<div class='uagb-post__text uagb-post-grid-byline'>\n\t\t\t\t\t\t\t\t<div class=\"uagb-post__text\">\n\t\t\t\t\t<span class='uagb-post__taxonomy'>\n\t\t\t\t\t\t<span class=\"dashicons-tag dashicons\"><\/span>\t\t\t\t\t\t<a href=\"https:\/\/www.ask-a-muslim.com\/en\/category\/jurisprudence\/\">Jurisprudence<\/a>\t\t\t\t\t<\/span>\n\t\t\t\t<\/div>\n\t\t\t\t\t\t\t<\/div>\n\t\t\t\t\t\t\t<div class='uagb-post__text uagb-post__excerpt'>\n\t\t\t\t\t<p>(part 1 of 2): \u201cThe Messiah\u201d and \u201ca Miracle\u201d Islam, besides Christianity, is the only major world religion that recognizes Jesus. A Muslim\u2019s belief is incomplete without Jesus. Prophet Muhammad said: \u201cIf anyone testifies that none has the right to be worshipped but God alone who has no partners, and that Muhammad is His servant and His Messenger, and that Jesus is God\u2019s servant and His Messenger and His Word which He bestowed on Mary and a Spirit from Him,&#8230;\t\t\t\t<\/div>\n\t\t\t\t\t\t<div class=\"uagb-post__text uagb-post__cta wp-block-button\">\n\t\t\t\t<a class=\"wp-block-button__link uagb-text-link\" style=\"\" href=\"https:\/\/www.ask-a-muslim.com\/en\/the-descriptive-titles-of-jesus-in-the-quran\/\" target=\"_self\" rel=\"bookmark noopener noreferrer\">Read More<\/a>\n\t\t\t<\/div>\n\t\t\t\n\t\t\t\t\t\t\t\t\t<\/article>\n\t\t\t\t\t\t\t\t\t\t\t\t\t\t\t\t<article class=\"uagb-post__inner-wrap\">\t\t\t\t\t\t\t\t<h4 class=\"uagb-post__title uagb-post__text\">\n\t\t\t\t<a href=\"https:\/\/www.ask-a-muslim.com\/en\/the-slaughter-of-livestock\/\" target=\"_self\" rel=\"bookmark noopener noreferrer\">The Slaughter of Livestock<\/a>\n\t\t\t<\/h4>\n\t\t\t\t\t\t<div class='uagb-post__text uagb-post-grid-byline'>\n\t\t\t\t\t\t\t\t<div class=\"uagb-post__text\">\n\t\t\t\t\t<span class='uagb-post__taxonomy'>\n\t\t\t\t\t\t<span class=\"dashicons-tag dashicons\"><\/span>\t\t\t\t\t\t<a href=\"https:\/\/www.ask-a-muslim.com\/en\/category\/jurisprudence\/\">Jurisprudence<\/a>\t\t\t\t\t<\/span>\n\t\t\t\t<\/div>\n\t\t\t\t\t\t\t<\/div>\n\t\t\t\t\t\t\t<div class='uagb-post__text uagb-post__excerpt'>\n\t\t\t\t\t<p>(part 1 of 4): The Islamic Method of Slaughtering Although much less complicated and tedious that Jewish Keshrut, or Jewish dietary laws, Islam does legislate certain rules and regulation in regards to diet. All legislations which deal with this worldly life in Islam are based upon the precept of maximizing benefits and reducing harm, and if the harm of anything exceeds the benefits that might be gained from it, it is generally prohibited in Islam. God says: \u201cThey ask you&#8230;\t\t\t\t<\/div>\n\t\t\t\t\t\t<div class=\"uagb-post__text uagb-post__cta wp-block-button\">\n\t\t\t\t<a class=\"wp-block-button__link uagb-text-link\" style=\"\" href=\"https:\/\/www.ask-a-muslim.com\/en\/the-slaughter-of-livestock\/\" target=\"_self\" rel=\"bookmark noopener noreferrer\">Read More<\/a>\n\t\t\t<\/div>\n\t\t\t\n\t\t\t\t\t\t\t\t\t<\/article>\n\t\t\t\t\t\t\t\t\t\t\t\t\t\t\t\t<article class=\"uagb-post__inner-wrap\">\t\t\t\t\t\t\t\t<h4 class=\"uagb-post__title uagb-post__text\">\n\t\t\t\t<a href=\"https:\/\/www.ask-a-muslim.com\/en\/giving-the-salaam-to-the-one-who-is-praying\/\" target=\"_self\" rel=\"bookmark noopener noreferrer\">Giving the salaam to the one who is praying<\/a>\n\t\t\t<\/h4>\n\t\t\t\t\t\t<div class='uagb-post__text uagb-post-grid-byline'>\n\t\t\t\t\t\t\t\t<div class=\"uagb-post__text\">\n\t\t\t\t\t<span class='uagb-post__taxonomy'>\n\t\t\t\t\t\t<span class=\"dashicons-tag dashicons\"><\/span>\t\t\t\t\t\t<a href=\"https:\/\/www.ask-a-muslim.com\/en\/category\/jurisprudence\/\">Jurisprudence<\/a>\t\t\t\t\t<\/span>\n\t\t\t\t<\/div>\n\t\t\t\t\t\t\t<\/div>\n\t\t\t\t\t\t\t<div class='uagb-post__text uagb-post__excerpt'>\n\t\t\t\t\t<p>On the authority of Abu Sa\u2019eed al-Khudri (radi Allaahu \u2018anhu) that a man gave the salaam to the Messenger of Allaah (\u0635\u0644\u0649 \u0627\u0644\u0644\u0647 \u0639\u0644\u064a\u0647 \u0648\u0633\u0644\u0645) while he was in prayer, so the Prophet (\u0635\u0644\u0649 \u0627\u0644\u0644\u0647 \u0639\u0644\u064a\u0647 \u0648\u0633\u0644\u0645) replied by a gesture. And when the Prophet (\u0635\u0644\u0649 \u0627\u0644\u0644\u0647 \u0639\u0644\u064a\u0647 \u0648\u0633\u0644\u0645) made the tasleem (and ended the prayer), he said to him: \u2018Indeed we used to return the salaam (verbally) during our prayer, then we were prohibited from doing that.\u2019\u201d ~*~*~*~ Shaykh&#8230;\t\t\t\t<\/div>\n\t\t\t\t\t\t<div class=\"uagb-post__text uagb-post__cta wp-block-button\">\n\t\t\t\t<a class=\"wp-block-button__link uagb-text-link\" style=\"\" href=\"https:\/\/www.ask-a-muslim.com\/en\/giving-the-salaam-to-the-one-who-is-praying\/\" target=\"_self\" rel=\"bookmark noopener noreferrer\">Read More<\/a>\n\t\t\t<\/div>\n\t\t\t\n\t\t\t\t\t\t\t\t\t<\/article>\n\t\t\t\t\t\t\t\t\t\t\t\t\t\t\t\t<article class=\"uagb-post__inner-wrap\">\t\t\t\t\t\t\t\t<h4 class=\"uagb-post__title uagb-post__text\">\n\t\t\t\t<a href=\"https:\/\/www.ask-a-muslim.com\/en\/the-shape-and-orbit-of-the-earth-part-2\/\" target=\"_self\" rel=\"bookmark noopener noreferrer\">The shape and orbit of the earth (Part 2)<\/a>\n\t\t\t<\/h4>\n\t\t\t\t\t\t<div class='uagb-post__text uagb-post-grid-byline'>\n\t\t\t\t\t\t\t\t<div class=\"uagb-post__text\">\n\t\t\t\t\t<span class='uagb-post__taxonomy'>\n\t\t\t\t\t\t<span class=\"dashicons-tag dashicons\"><\/span>\t\t\t\t\t\t<a href=\"https:\/\/www.ask-a-muslim.com\/en\/category\/jurisprudence\/\">Jurisprudence<\/a>\t\t\t\t\t<\/span>\n\t\t\t\t<\/div>\n\t\t\t\t\t\t\t<\/div>\n\t\t\t\t\t\t\t<div class='uagb-post__text uagb-post__excerpt'>\n\t\t\t\t\t<p>Question #10: \u201cWhat do you say about the orbiting of the earth?\u201d Shaykh al-Alb\u0101n\u012b answers: \u201cWe in fact don\u2019t doubt that the matter of the orbiting of the earth is an indisputable scientific fact. At the same time, we believe that it is not the purpose of the Islamic legislation in general and the Qur\u2019\u0101n specifically to talk about astronomy and its details. Rather, this is included in the generality of (the Prophet\u2019s) saying (\u0635\u0644\u0649 \u0627\u0644\u0644\u0647 \u0639\u0644\u064a\u0647 \u0648\u0633\u0644\u0645) which Muslim&#8230;\t\t\t\t<\/div>\n\t\t\t\t\t\t<div class=\"uagb-post__text uagb-post__cta wp-block-button\">\n\t\t\t\t<a class=\"wp-block-button__link uagb-text-link\" style=\"\" href=\"https:\/\/www.ask-a-muslim.com\/en\/the-shape-and-orbit-of-the-earth-part-2\/\" target=\"_self\" rel=\"bookmark noopener noreferrer\">Read More<\/a>\n\t\t\t<\/div>\n\t\t\t\n\t\t\t\t\t\t\t\t\t<\/article>\n\t\t\t\t\t\t\t\t\t\t\t\t\t\t\t\t<article class=\"uagb-post__inner-wrap\">\t\t\t\t\t\t\t\t<h4 class=\"uagb-post__title uagb-post__text\">\n\t\t\t\t<a href=\"https:\/\/www.ask-a-muslim.com\/en\/the-rulling-on-the-one-who-abandons-prayer-part-1\/\" target=\"_self\" rel=\"bookmark noopener noreferrer\">The rulling on the one who abandons prayer (Part 1)<\/a>\n\t\t\t<\/h4>\n\t\t\t\t\t\t<div class='uagb-post__text uagb-post-grid-byline'>\n\t\t\t\t\t\t\t\t<div class=\"uagb-post__text\">\n\t\t\t\t\t<span class='uagb-post__taxonomy'>\n\t\t\t\t\t\t<span class=\"dashicons-tag dashicons\"><\/span>\t\t\t\t\t\t<a href=\"https:\/\/www.ask-a-muslim.com\/en\/category\/jurisprudence\/\">Jurisprudence<\/a>\t\t\t\t\t<\/span>\n\t\t\t\t<\/div>\n\t\t\t\t\t\t\t<\/div>\n\t\t\t\t\t\t\t<div class='uagb-post__text uagb-post__excerpt'>\n\t\t\t\t\t<p>Question #5: \u201cWhat is the ruling on the one who abandons the prayer? And what is the difference between al-kufr ul-\u02bdamal\u012b[1] (the disbelief related to actions) and al-kufr ul-\u02bditiq\u0101d\u012b[2] (the disbelief related to faith)?\u201d Shaykh al-Alb\u0101n\u012b answers: \u201cThe one who abandons the prayer has two states: either he believes in its legislation, or he denies its legislation. So regarding this second state, he is a disbeliever by the consensus of the Muslims. And likewise, whoever denies a matter from the&#8230;\t\t\t\t<\/div>\n\t\t\t\t\t\t<div class=\"uagb-post__text uagb-post__cta wp-block-button\">\n\t\t\t\t<a class=\"wp-block-button__link uagb-text-link\" style=\"\" href=\"https:\/\/www.ask-a-muslim.com\/en\/the-rulling-on-the-one-who-abandons-prayer-part-1\/\" target=\"_self\" rel=\"bookmark noopener noreferrer\">Read More<\/a>\n\t\t\t<\/div>\n\t\t\t\n\t\t\t\t\t\t\t\t\t<\/article>\n\t\t\t\t\t\t\t\t\t\t\t<\/div>\n\t\t\t","protected":false},"excerpt":{"rendered":"","protected":false},"author":7,"featured_media":0,"parent":0,"menu_order":0,"comment_status":"closed","ping_status":"closed","template":"","meta":{"_uag_custom_page_level_css":"","_monsterinsights_skip_tracking":false,"_monsterinsights_sitenote_active":false,"_monsterinsights_sitenote_note":"","_monsterinsights_sitenote_category":0,"jetpack_post_was_ever_published":false,"footnotes":""},"class_list":["post-6514","page","type-page","status-publish"],"uagb_featured_image_src":{"full":false,"thumbnail":false,"medium":false,"medium_large":false,"large":false,"1536x1536":false,"2048x2048":false,"gform-image-choice-sm":false,"gform-image-choice-md":false,"gform-image-choice-lg":false},"uagb_author_info":{"display_name":"Site Admin","author_link":"https:\/\/www.ask-a-muslim.com\/en\/author\/admin2\/"},"uagb_comment_info":0,"uagb_excerpt":null,"jetpack_sharing_enabled":true,"jetpack_shortlink":"https:\/\/wp.me\/PcT0IL-1H4","jetpack-related-posts":[],"_links":{"self":[{"href":"https:\/\/www.ask-a-muslim.com\/en\/wp-json\/wp\/v2\/pages\/6514","targetHints":{"allow":["GET"]}}],"collection":[{"href":"https:\/\/www.ask-a-muslim.com\/en\/wp-json\/wp\/v2\/pages"}],"about":[{"href":"https:\/\/www.ask-a-muslim.com\/en\/wp-json\/wp\/v2\/types\/page"}],"author":[{"embeddable":true,"href":"https:\/\/www.ask-a-muslim.com\/en\/wp-json\/wp\/v2\/users\/7"}],"replies":[{"embeddable":true,"href":"https:\/\/www.ask-a-muslim.com\/en\/wp-json\/wp\/v2\/comments?post=6514"}],"version-history":[{"count":2,"href":"https:\/\/www.ask-a-muslim.com\/en\/wp-json\/wp\/v2\/pages\/6514\/revisions"}],"predecessor-version":[{"id":12654,"href":"https:\/\/www.ask-a-muslim.com\/en\/wp-json\/wp\/v2\/pages\/6514\/revisions\/12654"}],"wp:attachment":[{"href":"https:\/\/www.ask-a-muslim.com\/en\/wp-json\/wp\/v2\/media?parent=6514"}],"curies":[{"name":"wp","href":"https:\/\/api.w.org\/{rel}","templated":true}]}}