{"id":833,"date":"2015-06-14T00:48:53","date_gmt":"2015-06-14T00:48:53","guid":{"rendered":"http:\/\/www.ask-a-muslim.com\/?page_id=833"},"modified":"2021-02-24T20:06:37","modified_gmt":"2021-02-25T01:06:37","slug":"videos-2","status":"publish","type":"page","link":"https:\/\/www.ask-a-muslim.com\/en\/videos-2\/","title":{"rendered":"Videos"},"content":{"rendered":"<p>[embedyt]http:\/\/www.youtube.com\/embed?listType=playlist&amp;list=UUPKbQirxPBfORk56xEaEctw[\/embedyt]<\/p>\n","protected":false},"excerpt":{"rendered":"<p>[embedyt]http:\/\/www.youtube.com\/embed?listType=playlist&amp;list=UUPKbQirxPBfORk56xEaEctw[\/embedyt]<\/p>\n","protected":false},"author":1,"featured_media":0,"parent":0,"menu_order":0,"comment_status":"closed","ping_status":"open","template":"","meta":{"_uag_custom_page_level_css":"","_monsterinsights_skip_tracking":false,"_monsterinsights_sitenote_active":false,"_monsterinsights_sitenote_note":"","_monsterinsights_sitenote_category":0,"jetpack_post_was_ever_published":false,"footnotes":""},"class_list":["post-833","page","type-page","status-publish"],"uagb_featured_image_src":{"full":false,"thumbnail":false,"medium":false,"medium_large":false,"large":false,"1536x1536":false,"2048x2048":false,"gform-image-choice-sm":false,"gform-image-choice-md":false,"gform-image-choice-lg":false},"uagb_author_info":{"display_name":"ASKM","author_link":"https:\/\/www.ask-a-muslim.com\/en\/author\/askm\/"},"uagb_comment_info":0,"uagb_excerpt":"[embedyt]http:\/\/www.youtube.com\/embed?listType=playlist&amp;list=UUPKbQirxPBfORk56xEaEctw[\/embedyt]","jetpack_sharing_enabled":true,"jetpack_shortlink":"https:\/\/wp.me\/PcT0IL-dr","jetpack-related-posts":[{"id":4,"url":"https:\/\/www.ask-a-muslim.com\/en\/","url_meta":{"origin":833,"position":0},"title":"Home","author":"ASKM","date":"05\/26\/2017","format":false,"excerpt":"WELCOME TO ASK A MUSLIM WEBSITE We are a group of Muslims based in Columbus, OH, USA. We want to help you learn about Islam from the best source \u2013 actual practicing Muslims. Please get in touch if you can\u2019t find what you are looking for. Get Started THE QURAN.ONE\u2026","rel":"","context":"Similar post","block_context":{"text":"Similar post","link":""},"img":{"alt_text":"","src":"https:\/\/i0.wp.com\/www.ask-a-muslim.com\/wp-content\/uploads\/2021\/09\/AAM-APP-Poster-01.jpg?resize=350%2C200&ssl=1","width":350,"height":200,"srcset":"https:\/\/i0.wp.com\/www.ask-a-muslim.com\/wp-content\/uploads\/2021\/09\/AAM-APP-Poster-01.jpg?resize=350%2C200&ssl=1 1x, https:\/\/i0.wp.com\/www.ask-a-muslim.com\/wp-content\/uploads\/2021\/09\/AAM-APP-Poster-01.jpg?resize=525%2C300&ssl=1 1.5x, https:\/\/i0.wp.com\/www.ask-a-muslim.com\/wp-content\/uploads\/2021\/09\/AAM-APP-Poster-01.jpg?resize=700%2C400&ssl=1 2x, https:\/\/i0.wp.com\/www.ask-a-muslim.com\/wp-content\/uploads\/2021\/09\/AAM-APP-Poster-01.jpg?resize=1050%2C600&ssl=1 3x"},"classes":[]},{"id":5425,"url":"https:\/\/www.ask-a-muslim.com\/en\/dawah-references\/","url_meta":{"origin":833,"position":1},"title":"Dawah References","author":"Site Admin","date":"10\/12\/2019","format":false,"excerpt":"DAWAH REFERENCES Full Dawah course covering major topics in English and Bangla Syaikh Abdur Rahim Green giving an in-depth DAWAH course in India Dr Shabir Alley \u2013 giving his DAWAH course in UK in 2014 Brother Yusha Evans giving a full DAWAH workshop Dr Fazal Rahman from UK giving an\u2026","rel":"","context":"Similar post","block_context":{"text":"Similar post","link":""},"img":{"alt_text":"","src":"https:\/\/i0.wp.com\/www.ask-a-muslim.com\/wp-content\/uploads\/2019\/10\/Full-Dawah-Course-in-English-and-Bangla.jpg?resize=350%2C200&ssl=1","width":350,"height":200,"srcset":"https:\/\/i0.wp.com\/www.ask-a-muslim.com\/wp-content\/uploads\/2019\/10\/Full-Dawah-Course-in-English-and-Bangla.jpg?resize=350%2C200&ssl=1 1x, https:\/\/i0.wp.com\/www.ask-a-muslim.com\/wp-content\/uploads\/2019\/10\/Full-Dawah-Course-in-English-and-Bangla.jpg?resize=525%2C300&ssl=1 1.5x, https:\/\/i0.wp.com\/www.ask-a-muslim.com\/wp-content\/uploads\/2019\/10\/Full-Dawah-Course-in-English-and-Bangla.jpg?resize=700%2C400&ssl=1 2x, https:\/\/i0.wp.com\/www.ask-a-muslim.com\/wp-content\/uploads\/2019\/10\/Full-Dawah-Course-in-English-and-Bangla.jpg?resize=1050%2C600&ssl=1 3x"},"classes":[]},{"id":5553,"url":"https:\/\/www.ask-a-muslim.com\/fr\/page-daccueil-1\/","url_meta":{"origin":833,"position":2},"title":"Page d\u2019accueil 1","author":"Site Admin","date":"10\/31\/2019","format":false,"excerpt":"[et_pb_section bb_built=\"1\" admin_label=\"Section\" background_image=\"https:\/\/ask-a-muslim.com\/wp-content\/uploads\/2017\/05\/bg-slider.jpg\" inner_shadow=\"on\" fullwidth=\"on\"][et_pb_fullwidth_slider admin_label=\"Fullwidth Slider\" auto=\"on\" auto_speed=\"5000\" header_font=\"Comfortaa|||on|\" header_font_size=\"31px\" header_text_color=\"#ffffff\" header_line_height=\"1.1em\" body_font=\"Comfortaa||||\"] [et_pb_slide heading=\"\u00bfQU\u00c9 ES EL ISLAM?\" button_text=\"LEARN MORE\" button_link=\"https:\/\/ask-a-muslim.com\/what-is-islam\/\" background_image=\"https:\/\/ask-a-muslim.com\/wp-content\/uploads\/2017\/05\/bg-slider.jpg\" background_position=\"top_center\" background_size=\"cover\" image=\"https:\/\/ask-a-muslim.com\/wp-content\/uploads\/2017\/06\/five-pillars-of-Islam.jpg\" use_bg_overlay=\"on\" bg_overlay_color=\"rgba(0,81,17,0.82)\" use_text_overlay=\"off\" header_font=\"||||\" body_font=\"||||\" custom_button=\"on\" button_bg_color=\"#e09900\" button_font=\"||||\" button_use_icon=\"default\" button_icon_placement=\"right\" button_on_hover=\"on\" custom_css_slide_title=\"text-align:left;\" custom_css_slide_container=\"text-align:left;\" custom_css_slide_description=\"text-align:left;\" custom_css_slide_button=\"text-align:left;\"]Aprenda m\u00e1s sobre la religi\u00f3n de m\u00e1s r\u00e1pido crecimiento\u2026","rel":"","context":"Similar post","block_context":{"text":"Similar post","link":""},"img":{"alt_text":"","src":"","width":0,"height":0},"classes":[]},{"id":290,"url":"https:\/\/www.ask-a-muslim.com\/en\/donate\/","url_meta":{"origin":833,"position":3},"title":"DONATE","author":"ASKM","date":"06\/17\/2017","format":false,"excerpt":"Who is Ask A Muslim and What does Ask A Muslim do with our donations? Please watch, like, and share this video with your family and friends and give the opportunity to other to reach it and be part of Ask A Muslim efforts. Support our mission by partnering with\u2026","rel":"","context":"Similar post","block_context":{"text":"Similar post","link":""},"img":{"alt_text":"","src":"","width":0,"height":0},"classes":[]},{"id":331,"url":"https:\/\/www.ask-a-muslim.com\/en\/videos\/","url_meta":{"origin":833,"position":4},"title":"VIDEOS","author":"ASKM","date":"06\/19\/2017","format":false,"excerpt":"[et_pb_section bb_built=\"1\" admin_label=\"section\"][et_pb_row admin_label=\"row\"][et_pb_column type=\"4_4\"][et_pb_text admin_label=\"Text\" background_layout=\"light\" text_orientation=\"left\" use_border_color=\"off\" border_color=\"#ffffff\" border_style=\"solid\"] [\/et_pb_text][\/et_pb_column][\/et_pb_row][\/et_pb_section]","rel":"","context":"Similar post","block_context":{"text":"Similar post","link":""},"img":{"alt_text":"","src":"","width":0,"height":0},"classes":[]},{"id":862,"url":"https:\/\/www.ask-a-muslim.com\/en\/video-gallery\/","url_meta":{"origin":833,"position":5},"title":"Video Gallery","author":"ASKM","date":"06\/14\/2015","format":false,"excerpt":"[chr-youtube-gallery order=\"DESC\" orderby=\"date\" posts=\"6\"]","rel":"","context":"Similar post","block_context":{"text":"Similar post","link":""},"img":{"alt_text":"","src":"","width":0,"height":0},"classes":[]}],"_links":{"self":[{"href":"https:\/\/www.ask-a-muslim.com\/en\/wp-json\/wp\/v2\/pages\/833","targetHints":{"allow":["GET"]}}],"collection":[{"href":"https:\/\/www.ask-a-muslim.com\/en\/wp-json\/wp\/v2\/pages"}],"about":[{"href":"https:\/\/www.ask-a-muslim.com\/en\/wp-json\/wp\/v2\/types\/page"}],"author":[{"embeddable":true,"href":"https:\/\/www.ask-a-muslim.com\/en\/wp-json\/wp\/v2\/users\/1"}],"replies":[{"embeddable":true,"href":"https:\/\/www.ask-a-muslim.com\/en\/wp-json\/wp\/v2\/comments?post=833"}],"version-history":[{"count":1,"href":"https:\/\/www.ask-a-muslim.com\/en\/wp-json\/wp\/v2\/pages\/833\/revisions"}],"predecessor-version":[{"id":12421,"href":"https:\/\/www.ask-a-muslim.com\/en\/wp-json\/wp\/v2\/pages\/833\/revisions\/12421"}],"wp:attachment":[{"href":"https:\/\/www.ask-a-muslim.com\/en\/wp-json\/wp\/v2\/media?parent=833"}],"curies":[{"name":"wp","href":"https:\/\/api.w.org\/{rel}","templated":true}]}}