{"id":2135,"date":"2017-05-26T07:09:40","date_gmt":"2017-05-26T07:09:40","guid":{"rendered":"http:\/\/www.ask-a-muslim.com\/home\/"},"modified":"2021-03-08T00:52:00","modified_gmt":"2021-03-08T05:52:00","slug":"home","status":"publish","type":"page","link":"https:\/\/www.ask-a-muslim.com\/es\/","title":{"rendered":"Casa"},"content":{"rendered":"\n<div class=\"wp-block-cover has-parallax\" style=\"background-image:url(https:\/\/test.ask-a-muslim.com\/wp-content\/uploads\/2021\/03\/Cover-1.jpg);min-height:565px;aspect-ratio:unset;\"><div class=\"wp-block-cover__inner-container is-layout-flow wp-block-cover-is-layout-flow\">\n<p class=\"has-text-align-center has-large-font-size\"><strong>APRENDE EL ISLAM DIRECTAMENTE DE UN MUSULMANES<\/strong><\/p>\n<\/div><\/div>\n\n\n\n<div style=\"height:36px\" aria-hidden=\"true\" class=\"wp-block-spacer\"><\/div>\n\n\n\n<p class=\"has-text-align-center has-large-font-size\"><strong><strong>ART\u00cdCULO RECOMENDADO<\/strong><\/strong><\/p>\n\n\n\n<div class=\"wp-block-group has-background\" style=\"background-color:#13a036\"><div class=\"wp-block-group__inner-container is-layout-flow wp-block-group-is-layout-flow\">\n\t\t\t<div class=\"wp-block-uagb-post-carousel uagb-post-grid  uagb-post__image-position-top uagb-post__image-disabled uagb-block-48dc23f5     uagb-post__arrow-outside uagb-slick-carousel uagb-post__items uagb-post__columns-1 is-carousel uagb-post__columns-tablet-2 uagb-post__columns-mobile-1\" data-total=\"13\" style=\"\">\n\n\t\t\t\t\t\t\t\t\t\t\t\t<article class=\"uagb-post__inner-wrap\">\t\t\t\t\t\t\t\t<h4 class=\"uagb-post__title uagb-post__text\">\n\t\t\t\t<a href=\"https:\/\/www.ask-a-muslim.com\/es\/sobre-la-sencillez-de-esta-religion-y-como-perfecciona-la-sociedad\/\" target=\"_self\" rel=\"bookmark noopener noreferrer\">Sobre la sencillez de esta religi\u00f3n y c\u00f3mo perfecciona la sociedad<\/a>\n\t\t\t<\/h4>\n\t\t\t\t\t\t<div class='uagb-post__text uagb-post-grid-byline'>\n\t\t\t\t\t\t\t\t<div class=\"uagb-post__text\">\n\t\t\t\t\t<span class='uagb-post__taxonomy'>\n\t\t\t\t\t\t<span class=\"dashicons-tag dashicons\"><\/span>\t\t\t\t\t\t<a href=\"https:\/\/www.ask-a-muslim.com\/es\/category\/introduccion-al-islam\/\">Introducci\u00f3n al Islam<\/a>\t\t\t\t\t<\/span>\n\t\t\t\t<\/div>\n\t\t\t\t\t\t\t<\/div>\n\t\t\t\t\t\t\t<div class='uagb-post__text uagb-post__excerpt'>\n\t\t\t\t\t<p>Primer Jutba: Alabado sea Al-lah, Quien cre\u00f3 los cielos y la tierra, origin\u00f3 las tinieblas y la luz, Glorificado sea Aquel que cre\u00f3 la muerte y la vida para probarnos y distinguir qui\u00e9n de nosotros obra mejor. \u00c9l es Poderoso, Absolvedor. Las alabanzas son para Al-lah, Quien estableci\u00f3 leyes para Sus siervos y las facilit\u00f3, los invit\u00f3 a aquello que&#8230;\t\t\t\t<\/div>\n\t\t\t\t\t\t<div class=\"uagb-post__text uagb-post__cta wp-block-button\">\n\t\t\t\t<a class=\"wp-block-button__link uagb-text-link\" style=\"\" href=\"https:\/\/www.ask-a-muslim.com\/es\/sobre-la-sencillez-de-esta-religion-y-como-perfecciona-la-sociedad\/\" target=\"_self\" rel=\"bookmark noopener noreferrer\">Leer m\u00e1s<\/a>\n\t\t\t<\/div>\n\t\t\t\n\t\t\t\t\t\t\t\t\t<\/article>\n\t\t\t\t\t\t\t\t\t\t\t\t\t\t\t\t<article class=\"uagb-post__inner-wrap\">\t\t\t\t\t\t\t\t<h4 class=\"uagb-post__title uagb-post__text\">\n\t\t\t\t<a href=\"https:\/\/www.ask-a-muslim.com\/es\/el-islam-es-un-sistema-completo-y-algunas-de-sus-bellas-cualidades\/\" target=\"_self\" rel=\"bookmark noopener noreferrer\">El Islam es un sistema completo, y algunas de sus bellas cualidades<\/a>\n\t\t\t<\/h4>\n\t\t\t\t\t\t<div class='uagb-post__text uagb-post-grid-byline'>\n\t\t\t\t\t\t\t\t<div class=\"uagb-post__text\">\n\t\t\t\t\t<span class='uagb-post__taxonomy'>\n\t\t\t\t\t\t<span class=\"dashicons-tag dashicons\"><\/span>\t\t\t\t\t\t<a href=\"https:\/\/www.ask-a-muslim.com\/es\/category\/introduccion-al-islam\/\">Introducci\u00f3n al Islam<\/a>\t\t\t\t\t<\/span>\n\t\t\t\t<\/div>\n\t\t\t\t\t\t\t<\/div>\n\t\t\t\t\t\t\t<div class='uagb-post__text uagb-post__excerpt'>\n\t\t\t\t\t<p>Primer Jutba: Alabado sea Aquel que envi\u00f3 a Muhammad, que la paz y las bendiciones de Al-lah sean con \u00e9l, con la gu\u00eda y la religi\u00f3n verdadera y dispuso para \u00e9l la misma religi\u00f3n monote\u00edsta que encomend\u00f3 a No\u00e9, Abraham, Mois\u00e9s y Jes\u00fas \u2013hijo de Mar\u00eda\u2013; convirti\u00e9ndose de esta forma en la mejor religi\u00f3n y la m\u00e1s beneficiosa para la&#8230;\t\t\t\t<\/div>\n\t\t\t\t\t\t<div class=\"uagb-post__text uagb-post__cta wp-block-button\">\n\t\t\t\t<a class=\"wp-block-button__link uagb-text-link\" style=\"\" href=\"https:\/\/www.ask-a-muslim.com\/es\/el-islam-es-un-sistema-completo-y-algunas-de-sus-bellas-cualidades\/\" target=\"_self\" rel=\"bookmark noopener noreferrer\">Leer m\u00e1s<\/a>\n\t\t\t<\/div>\n\t\t\t\n\t\t\t\t\t\t\t\t\t<\/article>\n\t\t\t\t\t\t\t\t\t\t\t\t\t\t\t\t<article class=\"uagb-post__inner-wrap\">\t\t\t\t\t\t\t\t<h4 class=\"uagb-post__title uagb-post__text\">\n\t\t\t\t<a href=\"https:\/\/www.ask-a-muslim.com\/es\/la-flexibilidad-y-facilidad-de-la-legislacion-islamica\/\" target=\"_self\" rel=\"bookmark noopener noreferrer\">La flexibilidad y facilidad de la legislaci\u00f3n Isl\u00e1mica<\/a>\n\t\t\t<\/h4>\n\t\t\t\t\t\t<div class='uagb-post__text uagb-post-grid-byline'>\n\t\t\t\t\t\t\t\t<div class=\"uagb-post__text\">\n\t\t\t\t\t<span class='uagb-post__taxonomy'>\n\t\t\t\t\t\t<span class=\"dashicons-tag dashicons\"><\/span>\t\t\t\t\t\t<a href=\"https:\/\/www.ask-a-muslim.com\/es\/category\/introduccion-al-islam\/\">Introducci\u00f3n al Islam<\/a>\t\t\t\t\t<\/span>\n\t\t\t\t<\/div>\n\t\t\t\t\t\t\t<\/div>\n\t\t\t\t\t\t\t<div class='uagb-post__text uagb-post__excerpt'>\n\t\t\t\t\t<p>Primera Jutbah \u00a1Oh, humanos! Os hemos creado a partir de un hombre [Ad\u00e1n] y una mujer [Eva], y [de su descendencia] os congregamos en pueblos y tribus para que os conozc\u00e1is unos a otros. En verdad, el m\u00e1s honrado de vosotros ante Al\u00e1 es el m\u00e1s piadoso. En verdad Al\u00e1 es todo lo sabe y est\u00e1 bien informado de lo&#8230;\t\t\t\t<\/div>\n\t\t\t\t\t\t<div class=\"uagb-post__text uagb-post__cta wp-block-button\">\n\t\t\t\t<a class=\"wp-block-button__link uagb-text-link\" style=\"\" href=\"https:\/\/www.ask-a-muslim.com\/es\/la-flexibilidad-y-facilidad-de-la-legislacion-islamica\/\" target=\"_self\" rel=\"bookmark noopener noreferrer\">Leer m\u00e1s<\/a>\n\t\t\t<\/div>\n\t\t\t\n\t\t\t\t\t\t\t\t\t<\/article>\n\t\t\t\t\t\t\t\t\t\t\t\t\t\t\t\t<article class=\"uagb-post__inner-wrap\">\t\t\t\t\t\t\t\t<h4 class=\"uagb-post__title uagb-post__text\">\n\t\t\t\t<a href=\"https:\/\/www.ask-a-muslim.com\/es\/los-meritos-del-islam\/\" target=\"_self\" rel=\"bookmark noopener noreferrer\">Los m\u00e9ritos del Islam<\/a>\n\t\t\t<\/h4>\n\t\t\t\t\t\t<div class='uagb-post__text uagb-post-grid-byline'>\n\t\t\t\t\t\t\t\t<div class=\"uagb-post__text\">\n\t\t\t\t\t<span class='uagb-post__taxonomy'>\n\t\t\t\t\t\t<span class=\"dashicons-tag dashicons\"><\/span>\t\t\t\t\t\t<a href=\"https:\/\/www.ask-a-muslim.com\/es\/category\/introduccion-al-islam\/\">Introducci\u00f3n al Islam<\/a>\t\t\t\t\t<\/span>\n\t\t\t\t<\/div>\n\t\t\t\t\t\t\t<\/div>\n\t\t\t\t\t\t\t<div class='uagb-post__text uagb-post__excerpt'>\n\t\t\t\t\t<p>Existen muchas religiones. \u00bfPor que los musulmanes creen que el Islam es la verdadera religi\u00f3n? \u00bfExisten fundamentos reales? Alabado sea Allah. Esta es una pregunta bastante l\u00f3gica para alguien que no ha sido introducido al Islam, pero las personas que creen en esta religi\u00f3n y la practican conocen las bendiciones que les corresponden gracias a ella. Hay muchas razones para&#8230;\t\t\t\t<\/div>\n\t\t\t\t\t\t<div class=\"uagb-post__text uagb-post__cta wp-block-button\">\n\t\t\t\t<a class=\"wp-block-button__link uagb-text-link\" style=\"\" href=\"https:\/\/www.ask-a-muslim.com\/es\/los-meritos-del-islam\/\" target=\"_self\" rel=\"bookmark noopener noreferrer\">Leer m\u00e1s<\/a>\n\t\t\t<\/div>\n\t\t\t\n\t\t\t\t\t\t\t\t\t<\/article>\n\t\t\t\t\t\t\t\t\t\t\t\t\t\t\t\t<article class=\"uagb-post__inner-wrap\">\t\t\t\t\t\t\t\t<h4 class=\"uagb-post__title uagb-post__text\">\n\t\t\t\t<a href=\"https:\/\/www.ask-a-muslim.com\/es\/las-condiciones-del-testimonio-de-fe\/\" target=\"_self\" rel=\"bookmark noopener noreferrer\">Las condiciones del testimonio de Fe<\/a>\n\t\t\t<\/h4>\n\t\t\t\t\t\t<div class='uagb-post__text uagb-post-grid-byline'>\n\t\t\t\t\t\t\t\t<div class=\"uagb-post__text\">\n\t\t\t\t\t<span class='uagb-post__taxonomy'>\n\t\t\t\t\t\t<span class=\"dashicons-tag dashicons\"><\/span>\t\t\t\t\t\t<a href=\"https:\/\/www.ask-a-muslim.com\/es\/category\/introduccion-al-islam\/\">Introducci\u00f3n al Islam<\/a>\t\t\t\t\t<\/span>\n\t\t\t\t<\/div>\n\t\t\t\t\t\t\t<\/div>\n\t\t\t\t\t\t\t<div class='uagb-post__text uagb-post__excerpt'>\n\t\t\t\t\t<p>Las condiciones de \u2018La ilaaha ill-Allah\u2019 Los musulmanes saben que la llave para entrar al Para\u00edso es la frase \u201cNadie es digno de alabanza excepto Allah\u201d. Pero muchos musulmanes creen que basta con decirlo para estar salvo de todo mal. Debido a esta mera expresi\u00f3n verbal de la shahaadah, creen que alcanzar\u00e1n el Para\u00edso. Sin embargo, no basta con decir&#8230;\t\t\t\t<\/div>\n\t\t\t\t\t\t<div class=\"uagb-post__text uagb-post__cta wp-block-button\">\n\t\t\t\t<a class=\"wp-block-button__link uagb-text-link\" style=\"\" href=\"https:\/\/www.ask-a-muslim.com\/es\/las-condiciones-del-testimonio-de-fe\/\" target=\"_self\" rel=\"bookmark noopener noreferrer\">Leer m\u00e1s<\/a>\n\t\t\t<\/div>\n\t\t\t\n\t\t\t\t\t\t\t\t\t<\/article>\n\t\t\t\t\t\t\t\t\t\t\t<\/div>\n\t\t\t<\/div><\/div>\n\n\n\n<section class=\"wp-block-uagb-columns uagb-columns__wrap uagb-columns__background-image uagb-columns__stack-mobile uagb-columns__valign-undefined uagb-columns__gap-10 alignundefined uagb-block-ac61a65c\"><div class=\"uagb-columns__overlay\"><\/div><div class=\"uagb-columns__inner-wrap uagb-columns__columns-1\">\n<div class=\"wp-block-uagb-column uagb-column__wrap uagb-column__background-undefined uagb-block-f22f6760\"><div class=\"uagb-column__overlay\"><\/div><div class=\"uagb-column__inner-wrap\">\n<div class=\"wp-block-uagb-call-to-action uagb-cta__outer-wrap uagb-block-418e99ce\"><div class=\"uagb-cta__content-wrap uagb-cta__block uagb-cta__icon-position-right uagb-cta__content-right uagb-cta__content-stacked-tablet uagb-cta__button-valign-middle \"><div class=\"uagb-cta__left-right-wrap\"><div class=\"uagb-cta__content\"><div class=\"uagb-cta__title-wrap\"><h3 class=\"uagb-cta__title\"><strong>\u00bfListo para convertirse en musulm\u00e1n?<\/strong><\/h3><\/div><div class=\"uagb-cta-text-wrap\"><p class=\"uagb-cta__desc\">Convertirse en musulm\u00e1n es un proceso simple y f\u00e1cil. Todo lo que una persona tiene que hacer es decir una oraci\u00f3n llamada Testimonio de fe (Shahada). Una vez que una persona dice el Testimonio de Fe (Shahada) con convicci\u00f3n y comprensi\u00f3n de su significado, se convierte en musulm\u00e1n.<\/p><\/div><\/div><div class=\"uagb-cta__link-wrapper uagb-cta__block-link-style\"><div class=\"uagb-cta__button-wrapper\"><a href=\"https:\/\/ask-a-muslim.com\/how-to-become-a-mulslim\/\" class=\"uagb-cta__button-link-wrapper uagb-cta__block-link uagb-cta-typeof-button\" target=\"_self\" rel=\"noopener noreferrer\"><span class=\"uagb-cta__link-content-inner\"><span>APRENDE M\u00c1S<\/span><\/span><\/a><\/div><\/div><\/div><\/div><\/div>\n\n\n\n<p><\/p>\n<\/div><\/div>\n<\/div><\/section>\n","protected":false},"excerpt":{"rendered":"<p>ART\u00cdCULO RECOMENDADO<\/p>\n","protected":false},"author":1,"featured_media":0,"parent":0,"menu_order":0,"comment_status":"closed","ping_status":"closed","template":"","meta":{"_uag_custom_page_level_css":"","_monsterinsights_skip_tracking":false,"_monsterinsights_sitenote_active":false,"_monsterinsights_sitenote_note":"","_monsterinsights_sitenote_category":0,"jetpack_post_was_ever_published":false,"footnotes":""},"class_list":["post-2135","page","type-page","status-publish"],"uagb_featured_image_src":{"full":false,"thumbnail":false,"medium":false,"medium_large":false,"large":false,"1536x1536":false,"2048x2048":false,"gform-image-choice-sm":false,"gform-image-choice-md":false,"gform-image-choice-lg":false},"uagb_author_info":{"display_name":"ASKM","author_link":"https:\/\/www.ask-a-muslim.com\/es\/author\/askm\/"},"uagb_comment_info":0,"uagb_excerpt":"ART\u00cdCULO RECOMENDADO","jetpack_sharing_enabled":true,"jetpack_shortlink":"https:\/\/wp.me\/PcT0IL-yr","jetpack-related-posts":[{"id":5553,"url":"https:\/\/www.ask-a-muslim.com\/fr\/page-daccueil-1\/","url_meta":{"origin":2135,"position":0},"title":"Page d\u2019accueil 1","author":"Site Admin","date":"31 de octubre de 2019","format":false,"excerpt":"[et_pb_section bb_built=\"1\" admin_label=\"Section\" background_image=\"https:\/\/ask-a-muslim.com\/wp-content\/uploads\/2017\/05\/bg-slider.jpg\" inner_shadow=\"on\" fullwidth=\"on\"][et_pb_fullwidth_slider admin_label=\"Fullwidth Slider\" auto=\"on\" auto_speed=\"5000\" header_font=\"Comfortaa|||on|\" header_font_size=\"31px\" header_text_color=\"#ffffff\" header_line_height=\"1.1em\" body_font=\"Comfortaa||||\"] [et_pb_slide heading=\"\u00bfQU\u00c9 ES EL ISLAM?\" button_text=\"LEARN MORE\" button_link=\"https:\/\/ask-a-muslim.com\/what-is-islam\/\" background_image=\"https:\/\/ask-a-muslim.com\/wp-content\/uploads\/2017\/05\/bg-slider.jpg\" background_position=\"top_center\" background_size=\"cover\" image=\"https:\/\/ask-a-muslim.com\/wp-content\/uploads\/2017\/06\/five-pillars-of-Islam.jpg\" use_bg_overlay=\"on\" bg_overlay_color=\"rgba(0,81,17,0.82)\" use_text_overlay=\"off\" header_font=\"||||\" body_font=\"||||\" custom_button=\"on\" button_bg_color=\"#e09900\" button_font=\"||||\" button_use_icon=\"default\" button_icon_placement=\"right\" button_on_hover=\"on\" custom_css_slide_title=\"text-align:left;\" custom_css_slide_container=\"text-align:left;\" custom_css_slide_description=\"text-align:left;\" custom_css_slide_button=\"text-align:left;\"]Aprenda m\u00e1s sobre la religi\u00f3n de m\u00e1s r\u00e1pido crecimiento\u2026","rel":"","context":"Entrada similar","block_context":{"text":"Entrada similar","link":""},"img":{"alt_text":"","src":"","width":0,"height":0},"classes":[]},{"id":1069,"url":"https:\/\/www.ask-a-muslim.com\/en\/conceptos-erroneos\/","url_meta":{"origin":2135,"position":1},"title":"CONCEPTOS ERRONEOS","author":"ASKM","date":"6 de octubre de 2015","format":false,"excerpt":"\u00bfAlguna vez te has preguntado por qu\u00e9 una monja puede cubrirse de la cabeza a los pies y ganarse el respeto de la gente por dedicar su vida a Dios, pero, cuando una mujer musulmana se cubre, ella es vista como \u201coprimida\u201d? O te has preguntado \u00bfpor qu\u00e9 un jud\u00edo\u2026","rel":"","context":"Entrada similar","block_context":{"text":"Entrada similar","link":""},"img":{"alt_text":"","src":"","width":0,"height":0},"classes":[]},{"id":1071,"url":"https:\/\/www.ask-a-muslim.com\/en\/las-10-preguntas-principales\/","url_meta":{"origin":2135,"position":2},"title":"Las 10 preguntas principales","author":"ASKM","date":"6 de octubre de 2015","format":false,"excerpt":"A continuaci\u00f3n se presentan las 10 preguntas principales acerca del Islam: 1.\u00bfLos musulmanes adoran a Muhammad, que Dios exalte su menci\u00f3n y lo libre de cualquier cosa despectiva? No. Los musulmanes no adoran Muhammad (que Dios exalte su menci\u00f3n y lo libre de cualquier cosa despectiva) o cualquier otro profeta.\u2026","rel":"","context":"Entrada similar","block_context":{"text":"Entrada similar","link":""},"img":{"alt_text":"","src":"","width":0,"height":0},"classes":[]},{"id":1073,"url":"https:\/\/www.ask-a-muslim.com\/en\/how-to-become-a-mulslim-es\/","url_meta":{"origin":2135,"position":3},"title":"How to become a mulslim ES","author":"ASKM","date":"6 de octubre de 2015","format":false,"excerpt":"Beneficios De Convertirse Al Islam Hay muchos beneficios en la conversi\u00f3n al Islam. Algunos de ellos son: \u00a0 Formas una relaci\u00f3n personal y directa con Dios al adorarlo solo a \u00c9l, sin la necesidad de intermediarios. T\u00fa sientes esta relaci\u00f3n personal y eres consciente de que Dios lo sabe todo\u2026","rel":"","context":"Entrada similar","block_context":{"text":"Entrada similar","link":""},"img":{"alt_text":"","src":"","width":0,"height":0},"classes":[]},{"id":1075,"url":"https:\/\/www.ask-a-muslim.com\/en\/what-muslim-believe-es\/","url_meta":{"origin":2135,"position":4},"title":"What Do Muslims Believe? ES","author":"ASKM","date":"6 de octubre de 2015","format":false,"excerpt":"Testimonio de fe para los Musulmanes El mensaje fundamental del Islam es simple: Adorar solamente a Alah (palabra \u00e1rabe que significa Dios). El Cor\u00e1n (la escritura revelada del Islam) declara: \u201cDI: \u201c\u00c9l es el \u00danico Dios: \u201cDios, el Eterno, la Causa Primera de Todo Cuanto Existe. No engendra, ni ha\u2026","rel":"","context":"Entrada similar","block_context":{"text":"Entrada similar","link":""},"img":{"alt_text":"","src":"","width":0,"height":0},"classes":[]},{"id":1077,"url":"https:\/\/www.ask-a-muslim.com\/en\/que-es-el-islam\/","url_meta":{"origin":2135,"position":5},"title":"\u00bfQu\u00e9 es el Islam?","author":"ASKM","date":"6 de octubre de 2015","format":false,"excerpt":"Islam significa sumisi\u00f3n a Dios (El \u00fanico y digno de ser adorado) y creer en todos los Profetas de Dios y Sus libros revelados. El Islam ense\u00f1a que una persona solo puede encontrar paz verdadera en la vida si se somete \u00fanicamente a Dios con el coraz\u00f3n, el alma y\u2026","rel":"","context":"Entrada similar","block_context":{"text":"Entrada similar","link":""},"img":{"alt_text":"","src":"","width":0,"height":0},"classes":[]}],"_links":{"self":[{"href":"https:\/\/www.ask-a-muslim.com\/es\/wp-json\/wp\/v2\/pages\/2135","targetHints":{"allow":["GET"]}}],"collection":[{"href":"https:\/\/www.ask-a-muslim.com\/es\/wp-json\/wp\/v2\/pages"}],"about":[{"href":"https:\/\/www.ask-a-muslim.com\/es\/wp-json\/wp\/v2\/types\/page"}],"author":[{"embeddable":true,"href":"https:\/\/www.ask-a-muslim.com\/es\/wp-json\/wp\/v2\/users\/1"}],"replies":[{"embeddable":true,"href":"https:\/\/www.ask-a-muslim.com\/es\/wp-json\/wp\/v2\/comments?post=2135"}],"version-history":[{"count":48,"href":"https:\/\/www.ask-a-muslim.com\/es\/wp-json\/wp\/v2\/pages\/2135\/revisions"}],"predecessor-version":[{"id":12607,"href":"https:\/\/www.ask-a-muslim.com\/es\/wp-json\/wp\/v2\/pages\/2135\/revisions\/12607"}],"wp:attachment":[{"href":"https:\/\/www.ask-a-muslim.com\/es\/wp-json\/wp\/v2\/media?parent=2135"}],"curies":[{"name":"wp","href":"https:\/\/api.w.org\/{rel}","templated":true}]}}