{"id":7211,"date":"2020-06-11T20:51:26","date_gmt":"2020-06-12T01:51:26","guid":{"rendered":"https:\/\/www.ask-a-muslim.com\/ciencias-de-la-lengua-arabe\/"},"modified":"2020-06-11T20:51:27","modified_gmt":"2020-06-12T01:51:27","slug":"ciencias-de-la-lengua-arabe","status":"publish","type":"page","link":"https:\/\/www.ask-a-muslim.com\/es\/ciencias-de-la-lengua-arabe\/","title":{"rendered":"Ciencias de la lengua \u00c1rabe"},"content":{"rendered":"<p>[et_pb_section bb_built=\u00bb1&#8243; admin_label=\u00bbsection\u00bb][et_pb_row admin_label=\u00bbRow\u00bb][et_pb_column type=\u00bb4_4&#8243;][et_pb_text admin_label=\u00bbText\u00bb background_layout=\u00bblight\u00bb text_orientation=\u00bbcenter\u00bb use_border_color=\u00bboff\u00bb border_color=\u00bb#ffffff\u00bb border_style=\u00bbsolid\u00bb]<\/p>\n<h1 style=\"text-align: center;\"><strong>Ciencias de la lengua \u00c1rabe<\/strong><\/h1>\n<p>[\/et_pb_text][\/et_pb_column][\/et_pb_row][et_pb_row admin_label=\u00bbrow\u00bb][et_pb_column type=\u00bb4_4&#8243;][et_pb_blog admin_label=\u00bbBlog\u00bb fullwidth=\u00bboff\u00bb show_thumbnail=\u00bbon\u00bb show_content=\u00bboff\u00bb show_more=\u00bbon\u00bb show_author=\u00bboff\u00bb show_date=\u00bboff\u00bb show_categories=\u00bboff\u00bb show_comments=\u00bboff\u00bb show_pagination=\u00bbon\u00bb offset_number=\u00bb0&#8243; use_overlay=\u00bbon\u00bb background_layout=\u00bblight\u00bb use_dropshadow=\u00bboff\u00bb use_border_color=\u00bboff\u00bb border_color=\u00bb#ffffff\u00bb border_style=\u00bbsolid\u00bb overlay_icon_color=\u00bb#eaeaea\u00bb hover_overlay_color=\u00bbrgba(51,191,32,0.69)\u00bb hover_icon=\u00bb%%254%%\u00bb posts_number=\u00bb12&#8243; body_font_size_last_edited=\u00bboff|desktop\u00bb body_font_size=\u00bb12&#8243; meta_font_size=\u00bb12&#8243; include_categories=\u00bb113&#8243;]<br \/>\n[\/et_pb_blog][\/et_pb_column][\/et_pb_row][\/et_pb_section]<\/p>\n","protected":false},"excerpt":{"rendered":"<p>[et_pb_section bb_built=\u00bb1&#8243; admin_label=\u00bbsection\u00bb][et_pb_row admin_label=\u00bbRow\u00bb][et_pb_column type=\u00bb4_4&#8243;][et_pb_text admin_label=\u00bbText\u00bb background_layout=\u00bblight\u00bb text_orientation=\u00bbcenter\u00bb use_border_color=\u00bboff\u00bb border_color=\u00bb#ffffff\u00bb border_style=\u00bbsolid\u00bb] Ciencias de la lengua \u00c1rabe [\/et_pb_text][\/et_pb_column][\/et_pb_row][et_pb_row admin_label=\u00bbrow\u00bb][et_pb_column type=\u00bb4_4&#8243;][et_pb_blog admin_label=\u00bbBlog\u00bb fullwidth=\u00bboff\u00bb show_thumbnail=\u00bbon\u00bb show_content=\u00bboff\u00bb show_more=\u00bbon\u00bb show_author=\u00bboff\u00bb show_date=\u00bboff\u00bb show_categories=\u00bboff\u00bb show_comments=\u00bboff\u00bb show_pagination=\u00bbon\u00bb offset_number=\u00bb0&#8243; use_overlay=\u00bbon\u00bb background_layout=\u00bblight\u00bb use_dropshadow=\u00bboff\u00bb use_border_color=\u00bboff\u00bb border_color=\u00bb#ffffff\u00bb border_style=\u00bbsolid\u00bb overlay_icon_color=\u00bb#eaeaea\u00bb hover_overlay_color=\u00bbrgba(51,191,32,0.69)\u00bb hover_icon=\u00bb%%254%%\u00bb posts_number=\u00bb12&#8243; body_font_size_last_edited=\u00bboff|desktop\u00bb body_font_size=\u00bb12&#8243; meta_font_size=\u00bb12&#8243; include_categories=\u00bb113&#8243;] [\/et_pb_blog][\/et_pb_column][\/et_pb_row][\/et_pb_section]<\/p>\n","protected":false},"author":7,"featured_media":0,"parent":0,"menu_order":0,"comment_status":"closed","ping_status":"closed","template":"","meta":{"_uag_custom_page_level_css":"","_monsterinsights_skip_tracking":false,"_monsterinsights_sitenote_active":false,"_monsterinsights_sitenote_note":"","_monsterinsights_sitenote_category":0,"jetpack_post_was_ever_published":false,"footnotes":""},"class_list":["post-7211","page","type-page","status-publish"],"uagb_featured_image_src":{"full":false,"thumbnail":false,"medium":false,"medium_large":false,"large":false,"1536x1536":false,"2048x2048":false,"gform-image-choice-sm":false,"gform-image-choice-md":false,"gform-image-choice-lg":false},"uagb_author_info":{"display_name":"Site Admin","author_link":"https:\/\/www.ask-a-muslim.com\/es\/author\/admin2\/"},"uagb_comment_info":0,"uagb_excerpt":"[et_pb_section bb_built=\u00bb1&#8243; admin_label=\u00bbsection\u00bb][et_pb_row admin_label=\u00bbRow\u00bb][et_pb_column type=\u00bb4_4&#8243;][et_pb_text admin_label=\u00bbText\u00bb background_layout=\u00bblight\u00bb text_orientation=\u00bbcenter\u00bb use_border_color=\u00bboff\u00bb border_color=\u00bb#ffffff\u00bb border_style=\u00bbsolid\u00bb] Ciencias de la lengua \u00c1rabe [\/et_pb_text][\/et_pb_column][\/et_pb_row][et_pb_row admin_label=\u00bbrow\u00bb][et_pb_column type=\u00bb4_4&#8243;][et_pb_blog admin_label=\u00bbBlog\u00bb fullwidth=\u00bboff\u00bb show_thumbnail=\u00bbon\u00bb show_content=\u00bboff\u00bb show_more=\u00bbon\u00bb show_author=\u00bboff\u00bb show_date=\u00bboff\u00bb show_categories=\u00bboff\u00bb show_comments=\u00bboff\u00bb show_pagination=\u00bbon\u00bb offset_number=\u00bb0&#8243; use_overlay=\u00bbon\u00bb background_layout=\u00bblight\u00bb use_dropshadow=\u00bboff\u00bb use_border_color=\u00bboff\u00bb border_color=\u00bb#ffffff\u00bb border_style=\u00bbsolid\u00bb overlay_icon_color=\u00bb#eaeaea\u00bb hover_overlay_color=\u00bbrgba(51,191,32,0.69)\u00bb hover_icon=\u00bb%%254%%\u00bb posts_number=\u00bb12&#8243; body_font_size_last_edited=\u00bboff|desktop\u00bb body_font_size=\u00bb12&#8243; meta_font_size=\u00bb12&#8243; include_categories=\u00bb113&#8243;] [\/et_pb_blog][\/et_pb_column][\/et_pb_row][\/et_pb_section]","jetpack_sharing_enabled":true,"jetpack_shortlink":"https:\/\/wp.me\/PcT0IL-1Sj","jetpack-related-posts":[{"id":2600,"url":"https:\/\/www.ask-a-muslim.com\/en\/new-blog-post\/","url_meta":{"origin":7211,"position":0},"title":"New Blog Post","author":"Site Admin","date":"19 de marzo de 2018","format":false,"excerpt":"[et_pb_section bb_built=\"1\" admin_label=\"section\"][et_pb_row admin_label=\"row\"][et_pb_column type=\"2_3\"][et_pb_blog admin_label=\"Blog\" fullwidth=\"off\" posts_number=\"12\" show_thumbnail=\"on\" show_content=\"off\" show_more=\"on\" show_author=\"on\" show_date=\"on\" show_categories=\"on\" show_comments=\"on\" show_pagination=\"on\" offset_number=\"3\" use_overlay=\"off\" background_layout=\"light\" use_dropshadow=\"on\" use_border_color=\"off\" border_color=\"#ffffff\" border_style=\"solid\" header_font=\"|on|||\" meta_font=\"||on||\" meta_font_size=\"10\" meta_line_height=\"1.5em\" body_font_size=\"12\" body_line_height=\"1.5em\"] [\/et_pb_blog][\/et_pb_column][et_pb_column type=\"1_3\"][et_pb_sidebar admin_label=\"Sidebar\" orientation=\"left\" area=\"sidebar-1\" background_layout=\"light\" remove_border=\"off\" \/][\/et_pb_column][\/et_pb_row][\/et_pb_section]","rel":"","context":"Entrada similar","block_context":{"text":"Entrada similar","link":""},"img":{"alt_text":"","src":"","width":0,"height":0},"classes":[]},{"id":5553,"url":"https:\/\/www.ask-a-muslim.com\/fr\/page-daccueil-1\/","url_meta":{"origin":7211,"position":1},"title":"Page d\u2019accueil 1","author":"Site Admin","date":"31 de octubre de 2019","format":false,"excerpt":"[et_pb_section bb_built=\"1\" admin_label=\"Section\" background_image=\"https:\/\/ask-a-muslim.com\/wp-content\/uploads\/2017\/05\/bg-slider.jpg\" inner_shadow=\"on\" fullwidth=\"on\"][et_pb_fullwidth_slider admin_label=\"Fullwidth Slider\" auto=\"on\" auto_speed=\"5000\" header_font=\"Comfortaa|||on|\" header_font_size=\"31px\" header_text_color=\"#ffffff\" header_line_height=\"1.1em\" body_font=\"Comfortaa||||\"] [et_pb_slide heading=\"\u00bfQU\u00c9 ES EL ISLAM?\" button_text=\"LEARN MORE\" button_link=\"https:\/\/ask-a-muslim.com\/what-is-islam\/\" background_image=\"https:\/\/ask-a-muslim.com\/wp-content\/uploads\/2017\/05\/bg-slider.jpg\" background_position=\"top_center\" background_size=\"cover\" image=\"https:\/\/ask-a-muslim.com\/wp-content\/uploads\/2017\/06\/five-pillars-of-Islam.jpg\" use_bg_overlay=\"on\" bg_overlay_color=\"rgba(0,81,17,0.82)\" use_text_overlay=\"off\" header_font=\"||||\" body_font=\"||||\" custom_button=\"on\" button_bg_color=\"#e09900\" button_font=\"||||\" button_use_icon=\"default\" button_icon_placement=\"right\" button_on_hover=\"on\" custom_css_slide_title=\"text-align:left;\" custom_css_slide_container=\"text-align:left;\" custom_css_slide_description=\"text-align:left;\" custom_css_slide_button=\"text-align:left;\"]Aprenda m\u00e1s sobre la religi\u00f3n de m\u00e1s r\u00e1pido crecimiento\u2026","rel":"","context":"Entrada similar","block_context":{"text":"Entrada similar","link":""},"img":{"alt_text":"","src":"","width":0,"height":0},"classes":[]},{"id":1055,"url":"https:\/\/www.ask-a-muslim.com\/en\/muhammad-en-la-biblia\/","url_meta":{"origin":7211,"position":2},"title":"\u00ad\u00adMuhammad en la Biblia","author":"ASKM","date":"6 de octubre de 2015","format":false,"excerpt":"En este art\u00edculo, descubrir\u00e1s c\u00f3mo el Antiguo y Nuevo Testamento contienen numerosos vers\u00edculos que describen la llegada de un nuevo Profeta. Adem\u00e1s, vers\u00edculos de la Biblia misma que claramente nos mostrar\u00e1 que Muhammad (la paz sea con \u00e9l) es ese profeta. JUAN EL BAUTISTA Y LOS SACERDOTES Seg\u00fan el Nuevo\u2026","rel":"","context":"Entrada similar","block_context":{"text":"Entrada similar","link":""},"img":{"alt_text":"","src":"","width":0,"height":0},"classes":[]},{"id":1057,"url":"https:\/\/www.ask-a-muslim.com\/en\/el-ultimo-sermon-del-profeta-muhammad\/","url_meta":{"origin":7211,"position":3},"title":"El \u00daltimo Serm\u00f3n del Profeta Muhammad","author":"ASKM","date":"6 de octubre de 2015","format":false,"excerpt":"Este serm\u00f3n fue pronunciado en el noveno d\u00eda del mes isl\u00e1mico de Dhul-Hiyya 632 AC (10 AH) en el \"valle Uranah del Monte Arafat\u201d en La Meca. \u00a0 Despu\u00e9s de alabar y agradecer a Dios, el Profeta, que la paz sea sobre \u00e9l, dijo: \u00a0 \u201c\u00a1Oh Gente!, prestadme atenci\u00f3n con\u2026","rel":"","context":"Entrada similar","block_context":{"text":"Entrada similar","link":""},"img":{"alt_text":"","src":"","width":0,"height":0},"classes":[]},{"id":1063,"url":"https:\/\/www.ask-a-muslim.com\/en\/quien-es-al-lah\/","url_meta":{"origin":7211,"position":4},"title":"\u00bfQui\u00e9n es Al-l\u00e1h?","author":"ASKM","date":"6 de octubre de 2015","format":false,"excerpt":"LOS ATRIBUTOS DE DIOS Si el Creador es eterno y perpetuo, sus atributos deben serlo tambi\u00e9n. No debe perder ninguno de sus atributos ni adquirir otros. Por ello sus atributos son absolutos. \u00bfPuede existir m\u00e1s de un creador con tales atributos? \u00bfPuede haber por ejemplo dos creadores con una fuerza\u2026","rel":"","context":"Entrada similar","block_context":{"text":"Entrada similar","link":""},"img":{"alt_text":"","src":"","width":0,"height":0},"classes":[]},{"id":1075,"url":"https:\/\/www.ask-a-muslim.com\/en\/what-muslim-believe-es\/","url_meta":{"origin":7211,"position":5},"title":"What Do Muslims Believe? ES","author":"ASKM","date":"6 de octubre de 2015","format":false,"excerpt":"Testimonio de fe para los Musulmanes El mensaje fundamental del Islam es simple: Adorar solamente a Alah (palabra \u00e1rabe que significa Dios). El Cor\u00e1n (la escritura revelada del Islam) declara: \u201cDI: \u201c\u00c9l es el \u00danico Dios: \u201cDios, el Eterno, la Causa Primera de Todo Cuanto Existe. No engendra, ni ha\u2026","rel":"","context":"Entrada similar","block_context":{"text":"Entrada similar","link":""},"img":{"alt_text":"","src":"","width":0,"height":0},"classes":[]}],"_links":{"self":[{"href":"https:\/\/www.ask-a-muslim.com\/es\/wp-json\/wp\/v2\/pages\/7211","targetHints":{"allow":["GET"]}}],"collection":[{"href":"https:\/\/www.ask-a-muslim.com\/es\/wp-json\/wp\/v2\/pages"}],"about":[{"href":"https:\/\/www.ask-a-muslim.com\/es\/wp-json\/wp\/v2\/types\/page"}],"author":[{"embeddable":true,"href":"https:\/\/www.ask-a-muslim.com\/es\/wp-json\/wp\/v2\/users\/7"}],"replies":[{"embeddable":true,"href":"https:\/\/www.ask-a-muslim.com\/es\/wp-json\/wp\/v2\/comments?post=7211"}],"version-history":[{"count":2,"href":"https:\/\/www.ask-a-muslim.com\/es\/wp-json\/wp\/v2\/pages\/7211\/revisions"}],"predecessor-version":[{"id":7216,"href":"https:\/\/www.ask-a-muslim.com\/es\/wp-json\/wp\/v2\/pages\/7211\/revisions\/7216"}],"wp:attachment":[{"href":"https:\/\/www.ask-a-muslim.com\/es\/wp-json\/wp\/v2\/media?parent=7211"}],"curies":[{"name":"wp","href":"https:\/\/api.w.org\/{rel}","templated":true}]}}