{"id":7241,"date":"2020-06-11T21:06:13","date_gmt":"2020-06-12T02:06:13","guid":{"rendered":"https:\/\/www.ask-a-muslim.com\/el-proposito-de-la-vida\/"},"modified":"2020-06-11T21:06:14","modified_gmt":"2020-06-12T02:06:14","slug":"el-proposito-de-la-vida","status":"publish","type":"page","link":"https:\/\/www.ask-a-muslim.com\/es\/el-proposito-de-la-vida\/","title":{"rendered":"El prop\u00f3sito de la vida"},"content":{"rendered":"<p>[et_pb_section bb_built=\u00bb1&#8243; admin_label=\u00bbsection\u00bb][et_pb_row admin_label=\u00bbRow\u00bb][et_pb_column type=\u00bb4_4&#8243;][et_pb_text admin_label=\u00bbText\u00bb background_layout=\u00bblight\u00bb text_orientation=\u00bbcenter\u00bb use_border_color=\u00bboff\u00bb border_color=\u00bb#ffffff\u00bb border_style=\u00bbsolid\u00bb]<\/p>\n<h1 style=\"text-align: center;\"><strong>El prop\u00f3sito de la vida<\/strong><\/h1>\n<p>[\/et_pb_text][\/et_pb_column][\/et_pb_row][et_pb_row admin_label=\u00bbrow\u00bb][et_pb_column type=\u00bb4_4&#8243;][et_pb_blog admin_label=\u00bbBlog\u00bb fullwidth=\u00bboff\u00bb show_thumbnail=\u00bbon\u00bb show_content=\u00bboff\u00bb show_more=\u00bbon\u00bb show_author=\u00bboff\u00bb show_date=\u00bboff\u00bb show_categories=\u00bboff\u00bb show_comments=\u00bboff\u00bb show_pagination=\u00bbon\u00bb offset_number=\u00bb0&#8243; use_overlay=\u00bbon\u00bb background_layout=\u00bblight\u00bb use_dropshadow=\u00bboff\u00bb use_border_color=\u00bboff\u00bb border_color=\u00bb#ffffff\u00bb border_style=\u00bbsolid\u00bb overlay_icon_color=\u00bb#eaeaea\u00bb hover_overlay_color=\u00bbrgba(51,191,32,0.69)\u00bb hover_icon=\u00bb%%254%%\u00bb posts_number=\u00bb12&#8243; body_font_size_last_edited=\u00bboff|desktop\u00bb body_font_size=\u00bb12&#8243; meta_font_size=\u00bb12&#8243; include_categories=\u00bb116&#8243;]<br \/>\n[\/et_pb_blog][\/et_pb_column][\/et_pb_row][\/et_pb_section]<\/p>\n","protected":false},"excerpt":{"rendered":"<p>[et_pb_section bb_built=\u00bb1&#8243; admin_label=\u00bbsection\u00bb][et_pb_row admin_label=\u00bbRow\u00bb][et_pb_column type=\u00bb4_4&#8243;][et_pb_text admin_label=\u00bbText\u00bb background_layout=\u00bblight\u00bb text_orientation=\u00bbcenter\u00bb use_border_color=\u00bboff\u00bb border_color=\u00bb#ffffff\u00bb border_style=\u00bbsolid\u00bb] El prop\u00f3sito de la vida [\/et_pb_text][\/et_pb_column][\/et_pb_row][et_pb_row admin_label=\u00bbrow\u00bb][et_pb_column type=\u00bb4_4&#8243;][et_pb_blog admin_label=\u00bbBlog\u00bb fullwidth=\u00bboff\u00bb show_thumbnail=\u00bbon\u00bb show_content=\u00bboff\u00bb show_more=\u00bbon\u00bb show_author=\u00bboff\u00bb show_date=\u00bboff\u00bb show_categories=\u00bboff\u00bb show_comments=\u00bboff\u00bb show_pagination=\u00bbon\u00bb offset_number=\u00bb0&#8243; use_overlay=\u00bbon\u00bb background_layout=\u00bblight\u00bb use_dropshadow=\u00bboff\u00bb use_border_color=\u00bboff\u00bb border_color=\u00bb#ffffff\u00bb border_style=\u00bbsolid\u00bb overlay_icon_color=\u00bb#eaeaea\u00bb hover_overlay_color=\u00bbrgba(51,191,32,0.69)\u00bb hover_icon=\u00bb%%254%%\u00bb posts_number=\u00bb12&#8243; body_font_size_last_edited=\u00bboff|desktop\u00bb body_font_size=\u00bb12&#8243; meta_font_size=\u00bb12&#8243; include_categories=\u00bb116&#8243;] [\/et_pb_blog][\/et_pb_column][\/et_pb_row][\/et_pb_section]<\/p>\n","protected":false},"author":7,"featured_media":0,"parent":0,"menu_order":0,"comment_status":"closed","ping_status":"closed","template":"","meta":{"_uag_custom_page_level_css":"","_monsterinsights_skip_tracking":false,"_monsterinsights_sitenote_active":false,"_monsterinsights_sitenote_note":"","_monsterinsights_sitenote_category":0,"jetpack_post_was_ever_published":false,"footnotes":""},"class_list":["post-7241","page","type-page","status-publish"],"uagb_featured_image_src":{"full":false,"thumbnail":false,"medium":false,"medium_large":false,"large":false,"1536x1536":false,"2048x2048":false,"gform-image-choice-sm":false,"gform-image-choice-md":false,"gform-image-choice-lg":false},"uagb_author_info":{"display_name":"Site Admin","author_link":"https:\/\/www.ask-a-muslim.com\/es\/author\/admin2\/"},"uagb_comment_info":0,"uagb_excerpt":"[et_pb_section bb_built=\u00bb1&#8243; admin_label=\u00bbsection\u00bb][et_pb_row admin_label=\u00bbRow\u00bb][et_pb_column type=\u00bb4_4&#8243;][et_pb_text admin_label=\u00bbText\u00bb background_layout=\u00bblight\u00bb text_orientation=\u00bbcenter\u00bb use_border_color=\u00bboff\u00bb border_color=\u00bb#ffffff\u00bb border_style=\u00bbsolid\u00bb] El prop\u00f3sito de la vida [\/et_pb_text][\/et_pb_column][\/et_pb_row][et_pb_row admin_label=\u00bbrow\u00bb][et_pb_column type=\u00bb4_4&#8243;][et_pb_blog admin_label=\u00bbBlog\u00bb fullwidth=\u00bboff\u00bb show_thumbnail=\u00bbon\u00bb show_content=\u00bboff\u00bb show_more=\u00bbon\u00bb show_author=\u00bboff\u00bb show_date=\u00bboff\u00bb show_categories=\u00bboff\u00bb show_comments=\u00bboff\u00bb show_pagination=\u00bbon\u00bb offset_number=\u00bb0&#8243; use_overlay=\u00bbon\u00bb background_layout=\u00bblight\u00bb use_dropshadow=\u00bboff\u00bb use_border_color=\u00bboff\u00bb border_color=\u00bb#ffffff\u00bb border_style=\u00bbsolid\u00bb overlay_icon_color=\u00bb#eaeaea\u00bb hover_overlay_color=\u00bbrgba(51,191,32,0.69)\u00bb hover_icon=\u00bb%%254%%\u00bb posts_number=\u00bb12&#8243; body_font_size_last_edited=\u00bboff|desktop\u00bb body_font_size=\u00bb12&#8243; meta_font_size=\u00bb12&#8243; include_categories=\u00bb116&#8243;] [\/et_pb_blog][\/et_pb_column][\/et_pb_row][\/et_pb_section]","jetpack_sharing_enabled":true,"jetpack_shortlink":"https:\/\/wp.me\/PcT0IL-1SN","jetpack-related-posts":[{"id":2600,"url":"https:\/\/www.ask-a-muslim.com\/en\/new-blog-post\/","url_meta":{"origin":7241,"position":0},"title":"New Blog Post","author":"Site Admin","date":"19 de marzo de 2018","format":false,"excerpt":"[et_pb_section bb_built=\"1\" admin_label=\"section\"][et_pb_row admin_label=\"row\"][et_pb_column type=\"2_3\"][et_pb_blog admin_label=\"Blog\" fullwidth=\"off\" posts_number=\"12\" show_thumbnail=\"on\" show_content=\"off\" show_more=\"on\" show_author=\"on\" show_date=\"on\" show_categories=\"on\" show_comments=\"on\" show_pagination=\"on\" offset_number=\"3\" use_overlay=\"off\" background_layout=\"light\" use_dropshadow=\"on\" use_border_color=\"off\" border_color=\"#ffffff\" border_style=\"solid\" header_font=\"|on|||\" meta_font=\"||on||\" meta_font_size=\"10\" meta_line_height=\"1.5em\" body_font_size=\"12\" body_line_height=\"1.5em\"] [\/et_pb_blog][\/et_pb_column][et_pb_column type=\"1_3\"][et_pb_sidebar admin_label=\"Sidebar\" orientation=\"left\" area=\"sidebar-1\" background_layout=\"light\" remove_border=\"off\" \/][\/et_pb_column][\/et_pb_row][\/et_pb_section]","rel":"","context":"Entrada similar","block_context":{"text":"Entrada similar","link":""},"img":{"alt_text":"","src":"","width":0,"height":0},"classes":[]},{"id":1081,"url":"https:\/\/www.ask-a-muslim.com\/en\/cual-es-el-proposito-de-la-vida\/","url_meta":{"origin":7241,"position":1},"title":"\u00bfCu\u00e1l es el prop\u00f3sito de la vida?","author":"ASKM","date":"6 de octubre de 2015","format":false,"excerpt":"La primera pregunta que nos planteamos y respondimos en el art\u00edculo anterior fue \u00bfQui\u00e9n nos ha creado? \u00a0Y concluimos, espero que est\u00e9is de acuerdo, que el Creador es Dios. \u00a0As\u00ed como nosotros somos creaci\u00f3n, Dios es El Creador. Ahora es el turno de nuestra segunda gran pregunta \u00bfpara qu\u00e9 estamos\u2026","rel":"","context":"Entrada similar","block_context":{"text":"Entrada similar","link":""},"img":{"alt_text":"","src":"","width":0,"height":0},"classes":[]},{"id":5553,"url":"https:\/\/www.ask-a-muslim.com\/fr\/page-daccueil-1\/","url_meta":{"origin":7241,"position":2},"title":"Page d\u2019accueil 1","author":"Site Admin","date":"31 de octubre de 2019","format":false,"excerpt":"[et_pb_section bb_built=\"1\" admin_label=\"Section\" background_image=\"https:\/\/ask-a-muslim.com\/wp-content\/uploads\/2017\/05\/bg-slider.jpg\" inner_shadow=\"on\" fullwidth=\"on\"][et_pb_fullwidth_slider admin_label=\"Fullwidth Slider\" auto=\"on\" auto_speed=\"5000\" header_font=\"Comfortaa|||on|\" header_font_size=\"31px\" header_text_color=\"#ffffff\" header_line_height=\"1.1em\" body_font=\"Comfortaa||||\"] [et_pb_slide heading=\"\u00bfQU\u00c9 ES EL ISLAM?\" button_text=\"LEARN MORE\" button_link=\"https:\/\/ask-a-muslim.com\/what-is-islam\/\" background_image=\"https:\/\/ask-a-muslim.com\/wp-content\/uploads\/2017\/05\/bg-slider.jpg\" background_position=\"top_center\" background_size=\"cover\" image=\"https:\/\/ask-a-muslim.com\/wp-content\/uploads\/2017\/06\/five-pillars-of-Islam.jpg\" use_bg_overlay=\"on\" bg_overlay_color=\"rgba(0,81,17,0.82)\" use_text_overlay=\"off\" header_font=\"||||\" body_font=\"||||\" custom_button=\"on\" button_bg_color=\"#e09900\" button_font=\"||||\" button_use_icon=\"default\" button_icon_placement=\"right\" button_on_hover=\"on\" custom_css_slide_title=\"text-align:left;\" custom_css_slide_container=\"text-align:left;\" custom_css_slide_description=\"text-align:left;\" custom_css_slide_button=\"text-align:left;\"]Aprenda m\u00e1s sobre la religi\u00f3n de m\u00e1s r\u00e1pido crecimiento\u2026","rel":"","context":"Entrada similar","block_context":{"text":"Entrada similar","link":""},"img":{"alt_text":"","src":"","width":0,"height":0},"classes":[]},{"id":1067,"url":"https:\/\/www.ask-a-muslim.com\/en\/la-mujer-en-el-islam\/","url_meta":{"origin":7241,"position":3},"title":"La mujer en el Islam","author":"ASKM","date":"6 de octubre de 2015","format":false,"excerpt":"En la Arabia preisl\u00e1mica hab\u00eda mucha injusticia en contra de las mujeres alrededor del 600 de la era cristiana. Las ni\u00f1as peque\u00f1as eran asesinadas por el simple hecho de ser hembras. Las mujeres no ten\u00edan derecho a la educaci\u00f3n ni a la herencia. Tampoco ten\u00edan derecho a escoger su propio\u2026","rel":"","context":"Entrada similar","block_context":{"text":"Entrada similar","link":""},"img":{"alt_text":"","src":"","width":0,"height":0},"classes":[]},{"id":1073,"url":"https:\/\/www.ask-a-muslim.com\/en\/how-to-become-a-mulslim-es\/","url_meta":{"origin":7241,"position":4},"title":"How to become a mulslim ES","author":"ASKM","date":"6 de octubre de 2015","format":false,"excerpt":"Beneficios De Convertirse Al Islam Hay muchos beneficios en la conversi\u00f3n al Islam. Algunos de ellos son: \u00a0 Formas una relaci\u00f3n personal y directa con Dios al adorarlo solo a \u00c9l, sin la necesidad de intermediarios. T\u00fa sientes esta relaci\u00f3n personal y eres consciente de que Dios lo sabe todo\u2026","rel":"","context":"Entrada similar","block_context":{"text":"Entrada similar","link":""},"img":{"alt_text":"","src":"","width":0,"height":0},"classes":[]},{"id":1052,"url":"https:\/\/www.ask-a-muslim.com\/en\/muhammad-que-la-paz-sea-sobre-el-el-ultimo-profeta-de-dios\/","url_meta":{"origin":7241,"position":5},"title":"Muhammad (que la paz sea sobre \u00e9l): El \u00daltimo Profeta De Dios","author":"ASKM","date":"6 de octubre de 2015","format":false,"excerpt":"Muhammad, el \u00faltimo Profeta del Islam, es ampliamente considerado como uno de los hombre m\u00e1s influyentes de la historia. Hoy d\u00eda, casi un cuarto de la poblaci\u00f3n mundial sigue el mensaje que \u00e9l comparti\u00f3. A pesar de la influencia duradera de Muhammad, muchos conceptos err\u00f3neos contin\u00faan a alrededor de su\u2026","rel":"","context":"Entrada similar","block_context":{"text":"Entrada similar","link":""},"img":{"alt_text":"","src":"","width":0,"height":0},"classes":[]}],"_links":{"self":[{"href":"https:\/\/www.ask-a-muslim.com\/es\/wp-json\/wp\/v2\/pages\/7241","targetHints":{"allow":["GET"]}}],"collection":[{"href":"https:\/\/www.ask-a-muslim.com\/es\/wp-json\/wp\/v2\/pages"}],"about":[{"href":"https:\/\/www.ask-a-muslim.com\/es\/wp-json\/wp\/v2\/types\/page"}],"author":[{"embeddable":true,"href":"https:\/\/www.ask-a-muslim.com\/es\/wp-json\/wp\/v2\/users\/7"}],"replies":[{"embeddable":true,"href":"https:\/\/www.ask-a-muslim.com\/es\/wp-json\/wp\/v2\/comments?post=7241"}],"version-history":[{"count":1,"href":"https:\/\/www.ask-a-muslim.com\/es\/wp-json\/wp\/v2\/pages\/7241\/revisions"}],"predecessor-version":[{"id":7242,"href":"https:\/\/www.ask-a-muslim.com\/es\/wp-json\/wp\/v2\/pages\/7241\/revisions\/7242"}],"wp:attachment":[{"href":"https:\/\/www.ask-a-muslim.com\/es\/wp-json\/wp\/v2\/media?parent=7241"}],"curies":[{"name":"wp","href":"https:\/\/api.w.org\/{rel}","templated":true}]}}