{"id":7254,"date":"2020-06-11T21:10:15","date_gmt":"2020-06-12T02:10:15","guid":{"rendered":"https:\/\/www.ask-a-muslim.com\/la-otra-vida\/"},"modified":"2020-06-11T21:10:16","modified_gmt":"2020-06-12T02:10:16","slug":"la-otra-vida","status":"publish","type":"page","link":"https:\/\/www.ask-a-muslim.com\/es\/la-otra-vida\/","title":{"rendered":"La otra vida"},"content":{"rendered":"<p>[et_pb_section bb_built=\u00bb1&#8243; admin_label=\u00bbsection\u00bb][et_pb_row admin_label=\u00bbRow\u00bb][et_pb_column type=\u00bb4_4&#8243;][et_pb_text admin_label=\u00bbText\u00bb background_layout=\u00bblight\u00bb text_orientation=\u00bbcenter\u00bb use_border_color=\u00bboff\u00bb border_color=\u00bb#ffffff\u00bb border_style=\u00bbsolid\u00bb]<\/p>\n<h1 style=\"text-align: center;\"><strong>La otra vida<\/strong><\/h1>\n<p>[\/et_pb_text][\/et_pb_column][\/et_pb_row][et_pb_row admin_label=\u00bbrow\u00bb][et_pb_column type=\u00bb4_4&#8243;][et_pb_blog admin_label=\u00bbBlog\u00bb fullwidth=\u00bboff\u00bb show_thumbnail=\u00bbon\u00bb show_content=\u00bboff\u00bb show_more=\u00bbon\u00bb show_author=\u00bboff\u00bb show_date=\u00bboff\u00bb show_categories=\u00bboff\u00bb show_comments=\u00bboff\u00bb show_pagination=\u00bbon\u00bb offset_number=\u00bb0&#8243; use_overlay=\u00bbon\u00bb background_layout=\u00bblight\u00bb use_dropshadow=\u00bboff\u00bb use_border_color=\u00bboff\u00bb border_color=\u00bb#ffffff\u00bb border_style=\u00bbsolid\u00bb overlay_icon_color=\u00bb#eaeaea\u00bb hover_overlay_color=\u00bbrgba(51,191,32,0.69)\u00bb hover_icon=\u00bb%%254%%\u00bb posts_number=\u00bb12&#8243; body_font_size_last_edited=\u00bboff|desktop\u00bb body_font_size=\u00bb12&#8243; meta_font_size=\u00bb12&#8243; include_categories=\u00bb122&#8243;]<br \/>\n[\/et_pb_blog][\/et_pb_column][\/et_pb_row][\/et_pb_section]<\/p>\n","protected":false},"excerpt":{"rendered":"<p>[et_pb_section bb_built=\u00bb1&#8243; admin_label=\u00bbsection\u00bb][et_pb_row admin_label=\u00bbRow\u00bb][et_pb_column type=\u00bb4_4&#8243;][et_pb_text admin_label=\u00bbText\u00bb background_layout=\u00bblight\u00bb text_orientation=\u00bbcenter\u00bb use_border_color=\u00bboff\u00bb border_color=\u00bb#ffffff\u00bb border_style=\u00bbsolid\u00bb] La otra vida [\/et_pb_text][\/et_pb_column][\/et_pb_row][et_pb_row admin_label=\u00bbrow\u00bb][et_pb_column type=\u00bb4_4&#8243;][et_pb_blog admin_label=\u00bbBlog\u00bb fullwidth=\u00bboff\u00bb show_thumbnail=\u00bbon\u00bb show_content=\u00bboff\u00bb show_more=\u00bbon\u00bb show_author=\u00bboff\u00bb show_date=\u00bboff\u00bb show_categories=\u00bboff\u00bb show_comments=\u00bboff\u00bb show_pagination=\u00bbon\u00bb offset_number=\u00bb0&#8243; use_overlay=\u00bbon\u00bb background_layout=\u00bblight\u00bb use_dropshadow=\u00bboff\u00bb use_border_color=\u00bboff\u00bb border_color=\u00bb#ffffff\u00bb border_style=\u00bbsolid\u00bb overlay_icon_color=\u00bb#eaeaea\u00bb hover_overlay_color=\u00bbrgba(51,191,32,0.69)\u00bb hover_icon=\u00bb%%254%%\u00bb posts_number=\u00bb12&#8243; body_font_size_last_edited=\u00bboff|desktop\u00bb body_font_size=\u00bb12&#8243; meta_font_size=\u00bb12&#8243; include_categories=\u00bb122&#8243;] [\/et_pb_blog][\/et_pb_column][\/et_pb_row][\/et_pb_section]<\/p>\n","protected":false},"author":7,"featured_media":0,"parent":0,"menu_order":0,"comment_status":"closed","ping_status":"closed","template":"","meta":{"_uag_custom_page_level_css":"","_monsterinsights_skip_tracking":false,"_monsterinsights_sitenote_active":false,"_monsterinsights_sitenote_note":"","_monsterinsights_sitenote_category":0,"jetpack_post_was_ever_published":false,"footnotes":""},"class_list":["post-7254","page","type-page","status-publish"],"uagb_featured_image_src":{"full":false,"thumbnail":false,"medium":false,"medium_large":false,"large":false,"1536x1536":false,"2048x2048":false,"gform-image-choice-sm":false,"gform-image-choice-md":false,"gform-image-choice-lg":false},"uagb_author_info":{"display_name":"Site Admin","author_link":"https:\/\/www.ask-a-muslim.com\/es\/author\/admin2\/"},"uagb_comment_info":0,"uagb_excerpt":"[et_pb_section bb_built=\u00bb1&#8243; admin_label=\u00bbsection\u00bb][et_pb_row admin_label=\u00bbRow\u00bb][et_pb_column type=\u00bb4_4&#8243;][et_pb_text admin_label=\u00bbText\u00bb background_layout=\u00bblight\u00bb text_orientation=\u00bbcenter\u00bb use_border_color=\u00bboff\u00bb border_color=\u00bb#ffffff\u00bb border_style=\u00bbsolid\u00bb] La otra vida [\/et_pb_text][\/et_pb_column][\/et_pb_row][et_pb_row admin_label=\u00bbrow\u00bb][et_pb_column type=\u00bb4_4&#8243;][et_pb_blog admin_label=\u00bbBlog\u00bb fullwidth=\u00bboff\u00bb show_thumbnail=\u00bbon\u00bb show_content=\u00bboff\u00bb show_more=\u00bbon\u00bb show_author=\u00bboff\u00bb show_date=\u00bboff\u00bb show_categories=\u00bboff\u00bb show_comments=\u00bboff\u00bb show_pagination=\u00bbon\u00bb offset_number=\u00bb0&#8243; use_overlay=\u00bbon\u00bb background_layout=\u00bblight\u00bb use_dropshadow=\u00bboff\u00bb use_border_color=\u00bboff\u00bb border_color=\u00bb#ffffff\u00bb border_style=\u00bbsolid\u00bb overlay_icon_color=\u00bb#eaeaea\u00bb hover_overlay_color=\u00bbrgba(51,191,32,0.69)\u00bb hover_icon=\u00bb%%254%%\u00bb posts_number=\u00bb12&#8243; body_font_size_last_edited=\u00bboff|desktop\u00bb body_font_size=\u00bb12&#8243; meta_font_size=\u00bb12&#8243; include_categories=\u00bb122&#8243;] [\/et_pb_blog][\/et_pb_column][\/et_pb_row][\/et_pb_section]","jetpack_sharing_enabled":true,"jetpack_shortlink":"https:\/\/wp.me\/PcT0IL-1T0","jetpack-related-posts":[{"id":2600,"url":"https:\/\/www.ask-a-muslim.com\/en\/new-blog-post\/","url_meta":{"origin":7254,"position":0},"title":"New Blog Post","author":"Site Admin","date":"19 de marzo de 2018","format":false,"excerpt":"[et_pb_section bb_built=\"1\" admin_label=\"section\"][et_pb_row admin_label=\"row\"][et_pb_column type=\"2_3\"][et_pb_blog admin_label=\"Blog\" fullwidth=\"off\" posts_number=\"12\" show_thumbnail=\"on\" show_content=\"off\" show_more=\"on\" show_author=\"on\" show_date=\"on\" show_categories=\"on\" show_comments=\"on\" show_pagination=\"on\" offset_number=\"3\" use_overlay=\"off\" background_layout=\"light\" use_dropshadow=\"on\" use_border_color=\"off\" border_color=\"#ffffff\" border_style=\"solid\" header_font=\"|on|||\" meta_font=\"||on||\" meta_font_size=\"10\" meta_line_height=\"1.5em\" body_font_size=\"12\" body_line_height=\"1.5em\"] [\/et_pb_blog][\/et_pb_column][et_pb_column type=\"1_3\"][et_pb_sidebar admin_label=\"Sidebar\" orientation=\"left\" area=\"sidebar-1\" background_layout=\"light\" remove_border=\"off\" \/][\/et_pb_column][\/et_pb_row][\/et_pb_section]","rel":"","context":"Entrada similar","block_context":{"text":"Entrada similar","link":""},"img":{"alt_text":"","src":"","width":0,"height":0},"classes":[]},{"id":1073,"url":"https:\/\/www.ask-a-muslim.com\/en\/how-to-become-a-mulslim-es\/","url_meta":{"origin":7254,"position":1},"title":"How to become a mulslim ES","author":"ASKM","date":"6 de octubre de 2015","format":false,"excerpt":"Beneficios De Convertirse Al Islam Hay muchos beneficios en la conversi\u00f3n al Islam. Algunos de ellos son: \u00a0 Formas una relaci\u00f3n personal y directa con Dios al adorarlo solo a \u00c9l, sin la necesidad de intermediarios. T\u00fa sientes esta relaci\u00f3n personal y eres consciente de que Dios lo sabe todo\u2026","rel":"","context":"Entrada similar","block_context":{"text":"Entrada similar","link":""},"img":{"alt_text":"","src":"","width":0,"height":0},"classes":[]},{"id":1050,"url":"https:\/\/www.ask-a-muslim.com\/en\/evidencia-de-la-profecia-de-muhammad\/","url_meta":{"origin":7254,"position":2},"title":"EVIDENCIA DE LA PROFEC\u00cdA DE MUHAMMAD","author":"ASKM","date":"6 de octubre de 2015","format":false,"excerpt":"Escrito por Imam Kamil Mufti. La entrega Divina es proporcional a la necesidad humana. Dios facilita la adquisici\u00f3n a medida que la necesidad de los humanos se incrementa. El aire, el agua y la luz del sol son necesarios para la supervivencia del ser humano, y de este modo Dios\u2026","rel":"","context":"Entrada similar","block_context":{"text":"Entrada similar","link":""},"img":{"alt_text":"","src":"","width":0,"height":0},"classes":[]},{"id":1081,"url":"https:\/\/www.ask-a-muslim.com\/en\/cual-es-el-proposito-de-la-vida\/","url_meta":{"origin":7254,"position":3},"title":"\u00bfCu\u00e1l es el prop\u00f3sito de la vida?","author":"ASKM","date":"6 de octubre de 2015","format":false,"excerpt":"La primera pregunta que nos planteamos y respondimos en el art\u00edculo anterior fue \u00bfQui\u00e9n nos ha creado? \u00a0Y concluimos, espero que est\u00e9is de acuerdo, que el Creador es Dios. \u00a0As\u00ed como nosotros somos creaci\u00f3n, Dios es El Creador. Ahora es el turno de nuestra segunda gran pregunta \u00bfpara qu\u00e9 estamos\u2026","rel":"","context":"Entrada similar","block_context":{"text":"Entrada similar","link":""},"img":{"alt_text":"","src":"","width":0,"height":0},"classes":[]},{"id":1079,"url":"https:\/\/www.ask-a-muslim.com\/en\/islam-101-es\/","url_meta":{"origin":7254,"position":4},"title":"Islam 101","author":"ASKM","date":"6 de octubre de 2015","format":false,"excerpt":"Islam, una misericordia y gu\u00eda para la humanidad La palabra \u00e1rabe 'Islam\" significa 'sumisi\u00f3n', y se deriva de una palabra que significa 'paz'. Como tal, la religi\u00f3n del Islam ense\u00f1a que para alcanzar la verdadera paz de conciencia y certeza del coraz\u00f3n, uno debe someterse a Dios y vivir de\u2026","rel":"","context":"Entrada similar","block_context":{"text":"Entrada similar","link":""},"img":{"alt_text":"","src":"","width":0,"height":0},"classes":[]},{"id":1075,"url":"https:\/\/www.ask-a-muslim.com\/en\/what-muslim-believe-es\/","url_meta":{"origin":7254,"position":5},"title":"What Do Muslims Believe? ES","author":"ASKM","date":"6 de octubre de 2015","format":false,"excerpt":"Testimonio de fe para los Musulmanes El mensaje fundamental del Islam es simple: Adorar solamente a Alah (palabra \u00e1rabe que significa Dios). El Cor\u00e1n (la escritura revelada del Islam) declara: \u201cDI: \u201c\u00c9l es el \u00danico Dios: \u201cDios, el Eterno, la Causa Primera de Todo Cuanto Existe. No engendra, ni ha\u2026","rel":"","context":"Entrada similar","block_context":{"text":"Entrada similar","link":""},"img":{"alt_text":"","src":"","width":0,"height":0},"classes":[]}],"_links":{"self":[{"href":"https:\/\/www.ask-a-muslim.com\/es\/wp-json\/wp\/v2\/pages\/7254","targetHints":{"allow":["GET"]}}],"collection":[{"href":"https:\/\/www.ask-a-muslim.com\/es\/wp-json\/wp\/v2\/pages"}],"about":[{"href":"https:\/\/www.ask-a-muslim.com\/es\/wp-json\/wp\/v2\/types\/page"}],"author":[{"embeddable":true,"href":"https:\/\/www.ask-a-muslim.com\/es\/wp-json\/wp\/v2\/users\/7"}],"replies":[{"embeddable":true,"href":"https:\/\/www.ask-a-muslim.com\/es\/wp-json\/wp\/v2\/comments?post=7254"}],"version-history":[{"count":1,"href":"https:\/\/www.ask-a-muslim.com\/es\/wp-json\/wp\/v2\/pages\/7254\/revisions"}],"predecessor-version":[{"id":7255,"href":"https:\/\/www.ask-a-muslim.com\/es\/wp-json\/wp\/v2\/pages\/7254\/revisions\/7255"}],"wp:attachment":[{"href":"https:\/\/www.ask-a-muslim.com\/es\/wp-json\/wp\/v2\/media?parent=7254"}],"curies":[{"name":"wp","href":"https:\/\/api.w.org\/{rel}","templated":true}]}}