{"id":5543,"date":"2019-10-31T11:23:05","date_gmt":"2019-10-31T16:23:05","guid":{"rendered":"https:\/\/www.ask-a-muslim.com\/page-daccueil\/"},"modified":"2021-03-08T00:44:52","modified_gmt":"2021-03-08T05:44:52","slug":"page-daccueil","status":"publish","type":"page","link":"https:\/\/www.ask-a-muslim.com\/fr\/","title":{"rendered":"Page d&rsquo;accueil"},"content":{"rendered":"\n<div class=\"wp-block-cover has-parallax\" style=\"background-image:url(https:\/\/test.ask-a-muslim.com\/wp-content\/uploads\/2021\/03\/Cover-1.jpg);min-height:565px;aspect-ratio:unset;\"><div class=\"wp-block-cover__inner-container is-layout-flow wp-block-cover-is-layout-flow\">\n<p class=\"has-text-align-center has-large-font-size\"><strong>ASAPPRENEZ L\u2019ISLAM DIRECTEMENT D\u2019UN MUSULMAN<\/strong><\/p>\n<\/div><\/div>\n\n\n\n<div style=\"height:36px\" aria-hidden=\"true\" class=\"wp-block-spacer\"><\/div>\n\n\n\n<p class=\"has-text-align-center has-text-color has-large-font-size\" style=\"color:#474747\"><strong>ARTICLE RECOMMAND\u00c9<\/strong><\/p>\n\n\n\n<div class=\"wp-block-group has-black-color has-text-color has-background\" style=\"background-color:#13a036\"><div class=\"wp-block-group__inner-container is-layout-flow wp-block-group-is-layout-flow\">\n\t\t\t<div class=\"wp-block-uagb-post-carousel uagb-post-grid  uagb-post__image-position-top uagb-post__image-disabled uagb-block-94c7991b     uagb-post__arrow-outside uagb-slick-carousel uagb-post__items uagb-post__columns-1 is-carousel uagb-post__columns-tablet-2 uagb-post__columns-mobile-1\" data-total=\"9\" style=\"\">\n\n\t\t\t\t\t\t\t\t\t\t\t\t<article class=\"uagb-post__inner-wrap\">\t\t\t\t\t\t\t\t<h4 class=\"uagb-post__title uagb-post__text\">\n\t\t\t\t<a href=\"https:\/\/www.ask-a-muslim.com\/fr\/comment-lislam-traite-la-deprime-et-lanxiete-2\/\" target=\"_blank\" rel=\"bookmark noopener noreferrer\">Comment l\u2019islam traite la d\u00e9prime et l\u2019anxi\u00e9t\u00e9<\/a>\n\t\t\t<\/h4>\n\t\t\t\t\t\t<div class='uagb-post__text uagb-post-grid-byline'>\n\t\t\t\t\t\t\t\t<div class=\"uagb-post__text\">\n\t\t\t\t\t<span class='uagb-post__taxonomy'>\n\t\t\t\t\t\t<span class=\"dashicons-tag dashicons\"><\/span>\t\t\t\t\t\t<a href=\"https:\/\/www.ask-a-muslim.com\/fr\/category\/introduction-a-lislam\/\">Introduction \u00e0 l&#039;Islam<\/a>\t\t\t\t\t<\/span>\n\t\t\t\t<\/div>\n\t\t\t\t\t\t\t<\/div>\n\t\t\t\t\t\t\t<div class='uagb-post__text uagb-post__excerpt'>\n\t\t\t\t\t<p>(partie 1 de 4) : La condition humaine L\u2019\u00eatre humain moyen, dans le monde d\u00e9velopp\u00e9, combat la d\u00e9prime et l\u2019anxi\u00e9t\u00e9 sur une base r\u00e9guli\u00e8re. Tandis qu\u2019une grande partie de la population mondiale doit faire face \u00e0 la pauvret\u00e9 extr\u00eame, \u00e0 la famine, aux conflits et au d\u00e9sespoir, ceux d\u2019entre nous qui sont privil\u00e9gi\u00e9s de mener une vie relativement facile doivent composer avec la crainte, le stress et l\u2019anxi\u00e9t\u00e9. Pourquoi ceux d\u2019entre nous qui ont \u00e9t\u00e9 combl\u00e9s par les biens de&#8230;\t\t\t\t<\/div>\n\t\t\t\t\t\t<div class=\"uagb-post__text uagb-post__cta wp-block-button\">\n\t\t\t\t<a class=\"wp-block-button__link uagb-text-link\" style=\"\" href=\"https:\/\/www.ask-a-muslim.com\/fr\/comment-lislam-traite-la-deprime-et-lanxiete-2\/\" target=\"_blank\" rel=\"bookmark noopener noreferrer\">Lire la suite<\/a>\n\t\t\t<\/div>\n\t\t\t\n\t\t\t\t\t\t\t\t\t<\/article>\n\t\t\t\t\t\t\t\t\t\t\t\t\t\t\t\t<article class=\"uagb-post__inner-wrap\">\t\t\t\t\t\t\t\t<h4 class=\"uagb-post__title uagb-post__text\">\n\t\t\t\t<a href=\"https:\/\/www.ask-a-muslim.com\/fr\/la-capacite-de-voir-les-signes-de-dieu-2\/\" target=\"_blank\" rel=\"bookmark noopener noreferrer\">La capacit\u00e9 de voir les signes de Dieu<\/a>\n\t\t\t<\/h4>\n\t\t\t\t\t\t<div class='uagb-post__text uagb-post-grid-byline'>\n\t\t\t\t\t\t\t\t<div class=\"uagb-post__text\">\n\t\t\t\t\t<span class='uagb-post__taxonomy'>\n\t\t\t\t\t\t<span class=\"dashicons-tag dashicons\"><\/span>\t\t\t\t\t\t<a href=\"https:\/\/www.ask-a-muslim.com\/fr\/category\/introduction-a-lislam\/\">Introduction \u00e0 l&#039;Islam<\/a>\t\t\t\t\t<\/span>\n\t\t\t\t<\/div>\n\t\t\t\t\t\t\t<\/div>\n\t\t\t\t\t\t\t<div class='uagb-post__text uagb-post__excerpt'>\n\t\t\t\t\t<p>\u00ab Et dis : \u00ab Louange \u00e0 Dieu! Il vous montrera bient\u00f4t Ses signes, et alors vous les reconna\u00eetrez. \u00bb Et ton Seigneur n\u2019est point inattentif \u00e0 ce que vous faites. \u00bb (Coran 27:93) \u00ab Ceci est un message clair pour les gens, afin qu\u2019ils soient avertis, qu\u2019ils sachent qu\u2019Il est un Dieu Unique, et pour que les dou\u00e9s d\u2019intelligence r\u00e9fl\u00e9chissent. \u00bb (Coran 14:52) Dans plusieurs versets, Dieu souligne que l\u2019un des principaux objectifs de la r\u00e9v\u00e9lation coranique est d\u2019inviter&#8230;\t\t\t\t<\/div>\n\t\t\t\t\t\t<div class=\"uagb-post__text uagb-post__cta wp-block-button\">\n\t\t\t\t<a class=\"wp-block-button__link uagb-text-link\" style=\"\" href=\"https:\/\/www.ask-a-muslim.com\/fr\/la-capacite-de-voir-les-signes-de-dieu-2\/\" target=\"_blank\" rel=\"bookmark noopener noreferrer\">Lire la suite<\/a>\n\t\t\t<\/div>\n\t\t\t\n\t\t\t\t\t\t\t\t\t<\/article>\n\t\t\t\t\t\t\t\t\t\t\t\t\t\t\t\t<article class=\"uagb-post__inner-wrap\">\t\t\t\t\t\t\t\t<h4 class=\"uagb-post__title uagb-post__text\">\n\t\t\t\t<a href=\"https:\/\/www.ask-a-muslim.com\/fr\/le-quatrieme-pilier-de-lislam-le-jeune-du-ramadan\/\" target=\"_blank\" rel=\"bookmark noopener noreferrer\">Le quatri\u00e8me pilier de l\u2019islam: le je\u00fbne du Ramadan<\/a>\n\t\t\t<\/h4>\n\t\t\t\t\t\t<div class='uagb-post__text uagb-post-grid-byline'>\n\t\t\t\t\t\t\t\t<div class=\"uagb-post__text\">\n\t\t\t\t\t<span class='uagb-post__taxonomy'>\n\t\t\t\t\t\t<span class=\"dashicons-tag dashicons\"><\/span>\t\t\t\t\t\t<a href=\"https:\/\/www.ask-a-muslim.com\/fr\/category\/introduction-a-lislam\/\">Introduction \u00e0 l&#039;Islam<\/a>\t\t\t\t\t<\/span>\n\t\t\t\t<\/div>\n\t\t\t\t\t\t\t<\/div>\n\t\t\t\t\t\t\t<div class='uagb-post__text uagb-post__excerpt'>\n\t\t\t\t\t<p>Le je\u00fbne n\u2019est pas exclusif aux musulmans. Il est pratiqu\u00e9 depuis des si\u00e8cles, pour des raisons religieuses, par les chr\u00e9tiens, les juifs, les confucianistes, les hindous, les tao\u00efstes et les ja\u00efnistes. Dieu dit, dans le Coran : \u00ab \u00d4 vous qui croyez! On vous a prescrit le je\u00fbne comme on l\u2019a prescrit \u00e0 ceux avant vous \u2013 peut-\u00eatre deviendrez-vous pieux. \u00bb (Coran 2:183) Certaines tribus am\u00e9rindiennes d\u2019Am\u00e9rique du Nord je\u00fbnaient pour se prot\u00e9ger contre les catastrophes ou pour faire p\u00e9nitence,&#8230;\t\t\t\t<\/div>\n\t\t\t\t\t\t<div class=\"uagb-post__text uagb-post__cta wp-block-button\">\n\t\t\t\t<a class=\"wp-block-button__link uagb-text-link\" style=\"\" href=\"https:\/\/www.ask-a-muslim.com\/fr\/le-quatrieme-pilier-de-lislam-le-jeune-du-ramadan\/\" target=\"_blank\" rel=\"bookmark noopener noreferrer\">Lire la suite<\/a>\n\t\t\t<\/div>\n\t\t\t\n\t\t\t\t\t\t\t\t\t<\/article>\n\t\t\t\t\t\t\t\t\t\t\t\t\t\t\t\t<article class=\"uagb-post__inner-wrap\">\t\t\t\t\t\t\t\t<h4 class=\"uagb-post__title uagb-post__text\">\n\t\t\t\t<a href=\"https:\/\/www.ask-a-muslim.com\/fr\/la-recherche-de-la-paix-interieure-2\/\" target=\"_blank\" rel=\"bookmark noopener noreferrer\">La recherche de la paix int\u00e9rieure<\/a>\n\t\t\t<\/h4>\n\t\t\t\t\t\t<div class='uagb-post__text uagb-post-grid-byline'>\n\t\t\t\t\t\t\t\t<div class=\"uagb-post__text\">\n\t\t\t\t\t<span class='uagb-post__taxonomy'>\n\t\t\t\t\t\t<span class=\"dashicons-tag dashicons\"><\/span>\t\t\t\t\t\t<a href=\"https:\/\/www.ask-a-muslim.com\/fr\/category\/introduction-a-lislam\/\">Introduction \u00e0 l&#039;Islam<\/a>\t\t\t\t\t<\/span>\n\t\t\t\t<\/div>\n\t\t\t\t\t\t\t<\/div>\n\t\t\t\t\t\t\t<div class='uagb-post__text uagb-post__excerpt'>\n\t\t\t\t\t<p>(partie 1 de 4) : Les obstacles \u00e0 la paix int\u00e9rieure La paix int\u00e9rieure est un besoin universel. Il n\u2019existe personne, sur cette terre, qui n\u2019aspire \u00e0 la paix int\u00e9rieure. Et il ne s\u2019agit pas d\u2019un ph\u00e9nom\u00e8ne moderne; cette paix, chacun y a aspir\u00e9 \u00e0 travers les \u00e2ges, ind\u00e9pendamment de sa couleur, ses croyances, sa religion, sa race, sa nationalit\u00e9, son \u00e2ge, son sexe, ses richesses ou l\u2019avancement technologique de son peuple. Les gens ont emprunt\u00e9 divers chemins pour tenter&#8230;\t\t\t\t<\/div>\n\t\t\t\t\t\t<div class=\"uagb-post__text uagb-post__cta wp-block-button\">\n\t\t\t\t<a class=\"wp-block-button__link uagb-text-link\" style=\"\" href=\"https:\/\/www.ask-a-muslim.com\/fr\/la-recherche-de-la-paix-interieure-2\/\" target=\"_blank\" rel=\"bookmark noopener noreferrer\">Lire la suite<\/a>\n\t\t\t<\/div>\n\t\t\t\n\t\t\t\t\t\t\t\t\t<\/article>\n\t\t\t\t\t\t\t\t\t\t\t\t\t\t\t\t<article class=\"uagb-post__inner-wrap\">\t\t\t\t\t\t\t\t<h4 class=\"uagb-post__title uagb-post__text\">\n\t\t\t\t<a href=\"https:\/\/www.ask-a-muslim.com\/fr\/les-merites-de-lislam\/\" target=\"_blank\" rel=\"bookmark noopener noreferrer\">Les m\u00e9rites de l\u2019Islam<\/a>\n\t\t\t<\/h4>\n\t\t\t\t\t\t<div class='uagb-post__text uagb-post-grid-byline'>\n\t\t\t\t\t\t\t\t<div class=\"uagb-post__text\">\n\t\t\t\t\t<span class='uagb-post__taxonomy'>\n\t\t\t\t\t\t<span class=\"dashicons-tag dashicons\"><\/span>\t\t\t\t\t\t<a href=\"https:\/\/www.ask-a-muslim.com\/fr\/category\/introduction-a-lislam\/\">Introduction \u00e0 l&#039;Islam<\/a>\t\t\t\t\t<\/span>\n\t\t\t\t<\/div>\n\t\t\t\t\t\t\t<\/div>\n\t\t\t\t\t\t\t<div class='uagb-post__text uagb-post__excerpt'>\n\t\t\t\t\t<p>Votre question appara\u00eet au prime abord logique quand elle \u00e9mane d\u2019une personne \u00e9trang\u00e8re \u00e0 l\u2019Islam. Quant \u00e0 celui qui a pratiqu\u00e9 cette religion apr\u00e8s y avoir adh\u00e9r\u00e9, il conna\u00eet effectivement l\u2019ampleur du bienfait dont il jouit \u00e0 l\u2019ombre de cette religion. Cela est d\u00fb \u00e0 de nombreuses raisons dont nous citerons les suivantes : 1. Le musulman adore un dieu unique qui n\u2019a point d\u2019associ\u00e9 et qui poss\u00e8de les plus beaux noms, les attributs sublimes. Ceci r\u00e9alise l\u2019unit\u00e9 de l\u2019orientation&#8230;\t\t\t\t<\/div>\n\t\t\t\t\t\t<div class=\"uagb-post__text uagb-post__cta wp-block-button\">\n\t\t\t\t<a class=\"wp-block-button__link uagb-text-link\" style=\"\" href=\"https:\/\/www.ask-a-muslim.com\/fr\/les-merites-de-lislam\/\" target=\"_blank\" rel=\"bookmark noopener noreferrer\">Lire la suite<\/a>\n\t\t\t<\/div>\n\t\t\t\n\t\t\t\t\t\t\t\t\t<\/article>\n\t\t\t\t\t\t\t\t\t\t\t<\/div>\n\t\t\t\n\n\n<p><\/p>\n<\/div><\/div>\n\n\n\n<section class=\"wp-block-uagb-columns uagb-columns__wrap uagb-columns__background-image uagb-columns__stack-mobile uagb-columns__valign-undefined uagb-columns__gap-10 alignundefined uagb-block-8dd7ca3c\"><div class=\"uagb-columns__overlay\"><\/div><div class=\"uagb-columns__inner-wrap uagb-columns__columns-1\">\n<div class=\"wp-block-uagb-column uagb-column__wrap uagb-column__background-undefined uagb-block-e9cb0a46\"><div class=\"uagb-column__overlay\"><\/div><div class=\"uagb-column__inner-wrap\">\n<div class=\"wp-block-uagb-call-to-action uagb-cta__outer-wrap uagb-block-bb63831b\"><div class=\"uagb-cta__content-wrap uagb-cta__block uagb-cta__icon-position-right uagb-cta__content-right uagb-cta__content-stacked-tablet uagb-cta__button-valign-middle \"><div class=\"uagb-cta__left-right-wrap\"><div class=\"uagb-cta__content\"><div class=\"uagb-cta__title-wrap\"><h3 class=\"uagb-cta__title\"><strong>PR\u00caT \u00c0 DEVENIR MUSULMAN?<\/strong><\/h3><\/div><div class=\"uagb-cta-text-wrap\"><p class=\"uagb-cta__desc\">Devenir musulman est un processus simple et facile. Tout ce qu\u2019une personne doit faire est de prononcer une phrase appel\u00e9e le t\u00e9moignage de la foi (Shahada). Une fois qu\u2019une personne dit le t\u00e9moignage de la foi (Shahada) avec conviction et en comprenant sa signification, elle devient alors musulmane.<\/p><\/div><\/div><div class=\"uagb-cta__link-wrapper uagb-cta__block-link-style\"><div class=\"uagb-cta__button-wrapper\"><a href=\"https:\/\/ask-a-muslim.com\/how-to-become-a-mulslim\/\" class=\"uagb-cta__button-link-wrapper uagb-cta__block-link uagb-cta-typeof-button\" target=\"_self\" rel=\"noopener noreferrer\"><span class=\"uagb-cta__link-content-inner\"><span>APPRENDRE ENCORE PLUS<\/span><\/span><\/a><\/div><\/div><\/div><\/div><\/div>\n\n\n\n<p><\/p>\n<\/div><\/div>\n<\/div><\/section>\n","protected":false},"excerpt":{"rendered":"<p>ARTICLE RECOMMAND\u00c9<\/p>\n","protected":false},"author":1,"featured_media":0,"parent":0,"menu_order":0,"comment_status":"closed","ping_status":"closed","template":"","meta":{"_uag_custom_page_level_css":"","_monsterinsights_skip_tracking":false,"_monsterinsights_sitenote_active":false,"_monsterinsights_sitenote_note":"","_monsterinsights_sitenote_category":0,"jetpack_post_was_ever_published":false,"footnotes":""},"class_list":["post-5543","page","type-page","status-publish"],"uagb_featured_image_src":{"full":false,"thumbnail":false,"medium":false,"medium_large":false,"large":false,"1536x1536":false,"2048x2048":false,"gform-image-choice-sm":false,"gform-image-choice-md":false,"gform-image-choice-lg":false},"uagb_author_info":{"display_name":"ASKM","author_link":"https:\/\/www.ask-a-muslim.com\/fr\/author\/askm\/"},"uagb_comment_info":0,"uagb_excerpt":"ARTICLE RECOMMAND\u00c9","jetpack_sharing_enabled":true,"jetpack_shortlink":"https:\/\/wp.me\/PcT0IL-1rp","jetpack-related-posts":[{"id":5553,"url":"https:\/\/www.ask-a-muslim.com\/fr\/page-daccueil-1\/","url_meta":{"origin":5543,"position":0},"title":"Page d\u2019accueil 1","author":"Site Admin","date":"31 octobre 2019","format":false,"excerpt":"[et_pb_section bb_built=\"1\" admin_label=\"Section\" background_image=\"https:\/\/ask-a-muslim.com\/wp-content\/uploads\/2017\/05\/bg-slider.jpg\" inner_shadow=\"on\" fullwidth=\"on\"][et_pb_fullwidth_slider admin_label=\"Fullwidth Slider\" auto=\"on\" auto_speed=\"5000\" header_font=\"Comfortaa|||on|\" header_font_size=\"31px\" header_text_color=\"#ffffff\" header_line_height=\"1.1em\" body_font=\"Comfortaa||||\"] [et_pb_slide heading=\"\u00bfQU\u00c9 ES EL ISLAM?\" button_text=\"LEARN MORE\" button_link=\"https:\/\/ask-a-muslim.com\/what-is-islam\/\" background_image=\"https:\/\/ask-a-muslim.com\/wp-content\/uploads\/2017\/05\/bg-slider.jpg\" background_position=\"top_center\" background_size=\"cover\" image=\"https:\/\/ask-a-muslim.com\/wp-content\/uploads\/2017\/06\/five-pillars-of-Islam.jpg\" use_bg_overlay=\"on\" bg_overlay_color=\"rgba(0,81,17,0.82)\" use_text_overlay=\"off\" header_font=\"||||\" body_font=\"||||\" custom_button=\"on\" button_bg_color=\"#e09900\" button_font=\"||||\" button_use_icon=\"default\" button_icon_placement=\"right\" button_on_hover=\"on\" custom_css_slide_title=\"text-align:left;\" custom_css_slide_container=\"text-align:left;\" custom_css_slide_description=\"text-align:left;\" custom_css_slide_button=\"text-align:left;\"]Aprenda m\u00e1s sobre la religi\u00f3n de m\u00e1s r\u00e1pido crecimiento\u2026","rel":"","context":"Article similaire","block_context":{"text":"Article similaire","link":""},"img":{"alt_text":"","src":"","width":0,"height":0},"classes":[]},{"id":6589,"url":"https:\/\/www.ask-a-muslim.com\/fr\/introduction-a-lislam\/","url_meta":{"origin":5543,"position":1},"title":"Introduction \u00e0 l&rsquo;Islam","author":"Site Admin","date":"30 mai 2020","format":false,"excerpt":"[et_pb_section bb_built=\"1\" admin_label=\"section\"][et_pb_row admin_label=\"Row\"][et_pb_column type=\"4_4\"][et_pb_text admin_label=\"Text\" background_layout=\"light\" text_orientation=\"center\" use_border_color=\"off\" border_color=\"#ffffff\" border_style=\"solid\"]Introduction \u00e0 l'Islam[\/et_pb_text][\/et_pb_column][\/et_pb_row][et_pb_row admin_label=\"row\"][et_pb_column type=\"4_4\"][et_pb_blog admin_label=\"Blog\" fullwidth=\"off\" show_thumbnail=\"on\" show_content=\"off\" show_more=\"on\" show_author=\"off\" show_date=\"off\" show_categories=\"off\" show_comments=\"off\" show_pagination=\"on\" offset_number=\"0\" use_overlay=\"on\" background_layout=\"light\" use_dropshadow=\"off\" use_border_color=\"off\" border_color=\"#ffffff\" border_style=\"solid\" overlay_icon_color=\"#eaeaea\" hover_overlay_color=\"rgba(51,191,32,0.69)\" hover_icon=\"%%254%%\" posts_number=\"12\" body_font_size_last_edited=\"off|desktop\" body_font_size=\"12\" meta_font_size=\"12\" include_categories=\"102\"] [\/et_pb_blog][\/et_pb_column][\/et_pb_row][\/et_pb_section]","rel":"","context":"Article similaire","block_context":{"text":"Article similaire","link":""},"img":{"alt_text":"","src":"","width":0,"height":0},"classes":[]},{"id":6591,"url":"https:\/\/www.ask-a-muslim.com\/fr\/jesus-dans-lislam\/","url_meta":{"origin":5543,"position":2},"title":"J\u00e9sus dans l&rsquo;Islam","author":"Site Admin","date":"30 mai 2020","format":false,"excerpt":"[et_pb_section bb_built=\"1\" admin_label=\"section\"][et_pb_row admin_label=\"Row\"][et_pb_column type=\"4_4\"][et_pb_text admin_label=\"Text\" background_layout=\"light\" text_orientation=\"center\" use_border_color=\"off\" border_color=\"#ffffff\" border_style=\"solid\"]J\u00e9sus dans l'Islam[\/et_pb_text][\/et_pb_column][\/et_pb_row][et_pb_row admin_label=\"row\"][et_pb_column type=\"4_4\"][et_pb_blog admin_label=\"Blog\" fullwidth=\"off\" show_thumbnail=\"on\" show_content=\"off\" show_more=\"on\" show_author=\"off\" show_date=\"off\" show_categories=\"off\" show_comments=\"off\" show_pagination=\"on\" offset_number=\"0\" use_overlay=\"on\" background_layout=\"light\" use_dropshadow=\"off\" use_border_color=\"off\" border_color=\"#ffffff\" border_style=\"solid\" overlay_icon_color=\"#eaeaea\" hover_overlay_color=\"rgba(51,191,32,0.69)\" hover_icon=\"%%254%%\" posts_number=\"12\" body_font_size_last_edited=\"off|desktop\" body_font_size=\"12\" meta_font_size=\"12\" include_categories=\"109\"] [\/et_pb_blog][\/et_pb_column][\/et_pb_row][\/et_pb_section]","rel":"","context":"Article similaire","block_context":{"text":"Article similaire","link":""},"img":{"alt_text":"","src":"","width":0,"height":0},"classes":[]},{"id":7225,"url":"https:\/\/www.ask-a-muslim.com\/es\/para-los-nuevos-musulmanes\/","url_meta":{"origin":5543,"position":3},"title":"Para los nuevos musulmanes","author":"Site Admin","date":"11 juin 2020","format":false,"excerpt":"[et_pb_section bb_built=\"1\" admin_label=\"section\"][et_pb_row admin_label=\"Row\"][et_pb_column type=\"4_4\"][et_pb_text admin_label=\"Text\" background_layout=\"light\" text_orientation=\"center\" use_border_color=\"off\" border_color=\"#ffffff\" border_style=\"solid\"]Para los nuevos musulmanes[\/et_pb_text][\/et_pb_column][\/et_pb_row][et_pb_row admin_label=\"row\"][et_pb_column type=\"4_4\"][et_pb_blog admin_label=\"Blog\" fullwidth=\"off\" show_thumbnail=\"on\" show_content=\"off\" show_more=\"on\" show_author=\"off\" show_date=\"off\" show_categories=\"off\" show_comments=\"off\" show_pagination=\"on\" offset_number=\"0\" use_overlay=\"on\" background_layout=\"light\" use_dropshadow=\"off\" use_border_color=\"off\" border_color=\"#ffffff\" border_style=\"solid\" overlay_icon_color=\"#eaeaea\" hover_overlay_color=\"rgba(51,191,32,0.69)\" hover_icon=\"%%254%%\" posts_number=\"12\" body_font_size_last_edited=\"off|desktop\" body_font_size=\"12\" meta_font_size=\"12\" include_categories=\"110\"] [\/et_pb_blog][\/et_pb_column][\/et_pb_row][\/et_pb_section]","rel":"","context":"Article similaire","block_context":{"text":"Article similaire","link":""},"img":{"alt_text":"","src":"","width":0,"height":0},"classes":[]},{"id":6587,"url":"https:\/\/www.ask-a-muslim.com\/fr\/pour-les-nouveaux-musulmans\/","url_meta":{"origin":5543,"position":4},"title":"Pour les Nouveaux Musulmans","author":"Site Admin","date":"30 mai 2020","format":false,"excerpt":"[et_pb_section bb_built=\"1\" admin_label=\"section\"][et_pb_row admin_label=\"Row\"][et_pb_column type=\"4_4\"][et_pb_text admin_label=\"Text\" background_layout=\"light\" text_orientation=\"center\" use_border_color=\"off\" border_color=\"#ffffff\" border_style=\"solid\"]Pour les Nouveaux Musulmans[\/et_pb_text][\/et_pb_column][\/et_pb_row][et_pb_row admin_label=\"row\"][et_pb_column type=\"4_4\"][et_pb_blog admin_label=\"Blog\" fullwidth=\"off\" show_thumbnail=\"on\" show_content=\"off\" show_more=\"on\" show_author=\"off\" show_date=\"off\" show_categories=\"off\" show_comments=\"off\" show_pagination=\"on\" offset_number=\"0\" use_overlay=\"on\" background_layout=\"light\" use_dropshadow=\"off\" use_border_color=\"off\" border_color=\"#ffffff\" border_style=\"solid\" overlay_icon_color=\"#eaeaea\" hover_overlay_color=\"rgba(51,191,32,0.69)\" hover_icon=\"%%254%%\" posts_number=\"12\" body_font_size_last_edited=\"off|desktop\" body_font_size=\"12\" meta_font_size=\"12\" include_categories=\"110\"] [\/et_pb_blog][\/et_pb_column][\/et_pb_row][\/et_pb_section]","rel":"","context":"Article similaire","block_context":{"text":"Article similaire","link":""},"img":{"alt_text":"","src":"","width":0,"height":0},"classes":[]},{"id":6618,"url":"https:\/\/www.ask-a-muslim.com\/fr\/pourquoi-suis-je-devenu-musulman\/","url_meta":{"origin":5543,"position":5},"title":"Pourquoi Suis-je Devenu Musulman ?","author":"Site Admin","date":"30 mai 2020","format":false,"excerpt":"[et_pb_section bb_built=\"1\" admin_label=\"section\"][et_pb_row admin_label=\"Row\"][et_pb_column type=\"4_4\"][et_pb_text admin_label=\"Text\" background_layout=\"light\" text_orientation=\"center\" use_border_color=\"off\" border_color=\"#ffffff\" border_style=\"solid\"]Pourquoi Suis-je Devenu Musulman ?[\/et_pb_text][\/et_pb_column][\/et_pb_row][et_pb_row admin_label=\"row\"][et_pb_column type=\"4_4\"][et_pb_blog admin_label=\"Blog\" fullwidth=\"off\" show_thumbnail=\"on\" show_content=\"off\" show_more=\"on\" show_author=\"off\" show_date=\"off\" show_categories=\"off\" show_comments=\"off\" show_pagination=\"on\" offset_number=\"0\" use_overlay=\"on\" background_layout=\"light\" use_dropshadow=\"off\" use_border_color=\"off\" border_color=\"#ffffff\" border_style=\"solid\" overlay_icon_color=\"#eaeaea\" hover_overlay_color=\"rgba(51,191,32,0.69)\" hover_icon=\"%%254%%\" posts_number=\"12\" body_font_size_last_edited=\"off|desktop\" body_font_size=\"12\" meta_font_size=\"12\" include_categories=\"104\"] [\/et_pb_blog][\/et_pb_column][\/et_pb_row][\/et_pb_section]","rel":"","context":"Article similaire","block_context":{"text":"Article similaire","link":""},"img":{"alt_text":"","src":"","width":0,"height":0},"classes":[]}],"_links":{"self":[{"href":"https:\/\/www.ask-a-muslim.com\/fr\/wp-json\/wp\/v2\/pages\/5543","targetHints":{"allow":["GET"]}}],"collection":[{"href":"https:\/\/www.ask-a-muslim.com\/fr\/wp-json\/wp\/v2\/pages"}],"about":[{"href":"https:\/\/www.ask-a-muslim.com\/fr\/wp-json\/wp\/v2\/types\/page"}],"author":[{"embeddable":true,"href":"https:\/\/www.ask-a-muslim.com\/fr\/wp-json\/wp\/v2\/users\/1"}],"replies":[{"embeddable":true,"href":"https:\/\/www.ask-a-muslim.com\/fr\/wp-json\/wp\/v2\/comments?post=5543"}],"version-history":[{"count":19,"href":"https:\/\/www.ask-a-muslim.com\/fr\/wp-json\/wp\/v2\/pages\/5543\/revisions"}],"predecessor-version":[{"id":12598,"href":"https:\/\/www.ask-a-muslim.com\/fr\/wp-json\/wp\/v2\/pages\/5543\/revisions\/12598"}],"wp:attachment":[{"href":"https:\/\/www.ask-a-muslim.com\/fr\/wp-json\/wp\/v2\/media?parent=5543"}],"curies":[{"name":"wp","href":"https:\/\/api.w.org\/{rel}","templated":true}]}}