{"id":6595,"date":"2020-05-30T07:24:50","date_gmt":"2020-05-30T12:24:50","guid":{"rendered":"https:\/\/www.ask-a-muslim.com\/grands-peches-et-actes-de-polytheisme\/"},"modified":"2020-05-30T07:24:50","modified_gmt":"2020-05-30T12:24:50","slug":"grands-peches-et-actes-de-polytheisme","status":"publish","type":"page","link":"https:\/\/www.ask-a-muslim.com\/fr\/grands-peches-et-actes-de-polytheisme\/","title":{"rendered":"Grands P\u00e9ch\u00e9s et Actes de Polyth\u00e9isme"},"content":{"rendered":"<p>[et_pb_section bb_built=\u00a0\u00bb1&Prime; admin_label=\u00a0\u00bbsection\u00a0\u00bb][et_pb_row admin_label=\u00a0\u00bbRow\u00a0\u00bb][et_pb_column type=\u00a0\u00bb4_4&Prime;][et_pb_text admin_label=\u00a0\u00bbText\u00a0\u00bb background_layout=\u00a0\u00bblight\u00a0\u00bb text_orientation=\u00a0\u00bbcenter\u00a0\u00bb use_border_color=\u00a0\u00bboff\u00a0\u00bb border_color=\u00a0\u00bb#ffffff\u00a0\u00bb border_style=\u00a0\u00bbsolid\u00a0\u00bb]<\/p>\n<h1 style=\"text-align: center;\"><strong>Grands P\u00e9ch\u00e9s et Actes de Polyth\u00e9isme<\/strong><\/h1>\n<p>[\/et_pb_text][\/et_pb_column][\/et_pb_row][et_pb_row admin_label=\u00a0\u00bbrow\u00a0\u00bb][et_pb_column type=\u00a0\u00bb4_4&Prime;][et_pb_blog admin_label=\u00a0\u00bbBlog\u00a0\u00bb fullwidth=\u00a0\u00bboff\u00a0\u00bb show_thumbnail=\u00a0\u00bbon\u00a0\u00bb show_content=\u00a0\u00bboff\u00a0\u00bb show_more=\u00a0\u00bbon\u00a0\u00bb show_author=\u00a0\u00bboff\u00a0\u00bb show_date=\u00a0\u00bboff\u00a0\u00bb show_categories=\u00a0\u00bboff\u00a0\u00bb show_comments=\u00a0\u00bboff\u00a0\u00bb show_pagination=\u00a0\u00bbon\u00a0\u00bb offset_number=\u00a0\u00bb0&Prime; use_overlay=\u00a0\u00bbon\u00a0\u00bb background_layout=\u00a0\u00bblight\u00a0\u00bb use_dropshadow=\u00a0\u00bboff\u00a0\u00bb use_border_color=\u00a0\u00bboff\u00a0\u00bb border_color=\u00a0\u00bb#ffffff\u00a0\u00bb border_style=\u00a0\u00bbsolid\u00a0\u00bb overlay_icon_color=\u00a0\u00bb#eaeaea\u00a0\u00bb hover_overlay_color=\u00a0\u00bbrgba(51,191,32,0.69)\u00a0\u00bb hover_icon=\u00a0\u00bb%%254%%\u00a0\u00bb posts_number=\u00a0\u00bb12&Prime; body_font_size_last_edited=\u00a0\u00bboff|desktop\u00a0\u00bb body_font_size=\u00a0\u00bb12&Prime; meta_font_size=\u00a0\u00bb12&Prime; include_categories=\u00a0\u00bb118&Prime;]<br \/>\n[\/et_pb_blog][\/et_pb_column][\/et_pb_row][\/et_pb_section]<\/p>\n","protected":false},"excerpt":{"rendered":"<p>[et_pb_section bb_built=\u00a0\u00bb1&Prime; admin_label=\u00a0\u00bbsection\u00a0\u00bb][et_pb_row admin_label=\u00a0\u00bbRow\u00a0\u00bb][et_pb_column type=\u00a0\u00bb4_4&Prime;][et_pb_text admin_label=\u00a0\u00bbText\u00a0\u00bb background_layout=\u00a0\u00bblight\u00a0\u00bb text_orientation=\u00a0\u00bbcenter\u00a0\u00bb use_border_color=\u00a0\u00bboff\u00a0\u00bb border_color=\u00a0\u00bb#ffffff\u00a0\u00bb border_style=\u00a0\u00bbsolid\u00a0\u00bb] Grands P\u00e9ch\u00e9s et Actes de Polyth\u00e9isme [\/et_pb_text][\/et_pb_column][\/et_pb_row][et_pb_row admin_label=\u00a0\u00bbrow\u00a0\u00bb][et_pb_column type=\u00a0\u00bb4_4&Prime;][et_pb_blog admin_label=\u00a0\u00bbBlog\u00a0\u00bb fullwidth=\u00a0\u00bboff\u00a0\u00bb show_thumbnail=\u00a0\u00bbon\u00a0\u00bb show_content=\u00a0\u00bboff\u00a0\u00bb show_more=\u00a0\u00bbon\u00a0\u00bb show_author=\u00a0\u00bboff\u00a0\u00bb show_date=\u00a0\u00bboff\u00a0\u00bb show_categories=\u00a0\u00bboff\u00a0\u00bb show_comments=\u00a0\u00bboff\u00a0\u00bb show_pagination=\u00a0\u00bbon\u00a0\u00bb offset_number=\u00a0\u00bb0&Prime; use_overlay=\u00a0\u00bbon\u00a0\u00bb background_layout=\u00a0\u00bblight\u00a0\u00bb use_dropshadow=\u00a0\u00bboff\u00a0\u00bb use_border_color=\u00a0\u00bboff\u00a0\u00bb border_color=\u00a0\u00bb#ffffff\u00a0\u00bb border_style=\u00a0\u00bbsolid\u00a0\u00bb overlay_icon_color=\u00a0\u00bb#eaeaea\u00a0\u00bb hover_overlay_color=\u00a0\u00bbrgba(51,191,32,0.69)\u00a0\u00bb hover_icon=\u00a0\u00bb%%254%%\u00a0\u00bb posts_number=\u00a0\u00bb12&Prime; body_font_size_last_edited=\u00a0\u00bboff|desktop\u00a0\u00bb body_font_size=\u00a0\u00bb12&Prime; meta_font_size=\u00a0\u00bb12&Prime; include_categories=\u00a0\u00bb118&Prime;] [\/et_pb_blog][\/et_pb_column][\/et_pb_row][\/et_pb_section]<\/p>\n","protected":false},"author":7,"featured_media":0,"parent":0,"menu_order":0,"comment_status":"closed","ping_status":"closed","template":"","meta":{"_uag_custom_page_level_css":"","_monsterinsights_skip_tracking":false,"_monsterinsights_sitenote_active":false,"_monsterinsights_sitenote_note":"","_monsterinsights_sitenote_category":0,"jetpack_post_was_ever_published":false,"footnotes":""},"class_list":["post-6595","page","type-page","status-publish"],"uagb_featured_image_src":{"full":false,"thumbnail":false,"medium":false,"medium_large":false,"large":false,"1536x1536":false,"2048x2048":false,"gform-image-choice-sm":false,"gform-image-choice-md":false,"gform-image-choice-lg":false},"uagb_author_info":{"display_name":"Site Admin","author_link":"https:\/\/www.ask-a-muslim.com\/fr\/author\/admin2\/"},"uagb_comment_info":0,"uagb_excerpt":"[et_pb_section bb_built=\u00a0\u00bb1&Prime; admin_label=\u00a0\u00bbsection\u00a0\u00bb][et_pb_row admin_label=\u00a0\u00bbRow\u00a0\u00bb][et_pb_column type=\u00a0\u00bb4_4&Prime;][et_pb_text admin_label=\u00a0\u00bbText\u00a0\u00bb background_layout=\u00a0\u00bblight\u00a0\u00bb text_orientation=\u00a0\u00bbcenter\u00a0\u00bb use_border_color=\u00a0\u00bboff\u00a0\u00bb border_color=\u00a0\u00bb#ffffff\u00a0\u00bb border_style=\u00a0\u00bbsolid\u00a0\u00bb] Grands P\u00e9ch\u00e9s et Actes de Polyth\u00e9isme [\/et_pb_text][\/et_pb_column][\/et_pb_row][et_pb_row admin_label=\u00a0\u00bbrow\u00a0\u00bb][et_pb_column type=\u00a0\u00bb4_4&Prime;][et_pb_blog admin_label=\u00a0\u00bbBlog\u00a0\u00bb fullwidth=\u00a0\u00bboff\u00a0\u00bb show_thumbnail=\u00a0\u00bbon\u00a0\u00bb show_content=\u00a0\u00bboff\u00a0\u00bb show_more=\u00a0\u00bbon\u00a0\u00bb show_author=\u00a0\u00bboff\u00a0\u00bb show_date=\u00a0\u00bboff\u00a0\u00bb show_categories=\u00a0\u00bboff\u00a0\u00bb show_comments=\u00a0\u00bboff\u00a0\u00bb show_pagination=\u00a0\u00bbon\u00a0\u00bb offset_number=\u00a0\u00bb0&Prime; use_overlay=\u00a0\u00bbon\u00a0\u00bb background_layout=\u00a0\u00bblight\u00a0\u00bb use_dropshadow=\u00a0\u00bboff\u00a0\u00bb use_border_color=\u00a0\u00bboff\u00a0\u00bb border_color=\u00a0\u00bb#ffffff\u00a0\u00bb border_style=\u00a0\u00bbsolid\u00a0\u00bb overlay_icon_color=\u00a0\u00bb#eaeaea\u00a0\u00bb hover_overlay_color=\u00a0\u00bbrgba(51,191,32,0.69)\u00a0\u00bb hover_icon=\u00a0\u00bb%%254%%\u00a0\u00bb posts_number=\u00a0\u00bb12&Prime; body_font_size_last_edited=\u00a0\u00bboff|desktop\u00a0\u00bb body_font_size=\u00a0\u00bb12&Prime; meta_font_size=\u00a0\u00bb12&Prime; include_categories=\u00a0\u00bb118&Prime;] [\/et_pb_blog][\/et_pb_column][\/et_pb_row][\/et_pb_section]","jetpack_sharing_enabled":true,"jetpack_shortlink":"https:\/\/wp.me\/PcT0IL-1In","jetpack-related-posts":[{"id":2600,"url":"https:\/\/www.ask-a-muslim.com\/en\/new-blog-post\/","url_meta":{"origin":6595,"position":0},"title":"New Blog Post","author":"Site Admin","date":"19 mars 2018","format":false,"excerpt":"[et_pb_section bb_built=\"1\" admin_label=\"section\"][et_pb_row admin_label=\"row\"][et_pb_column type=\"2_3\"][et_pb_blog admin_label=\"Blog\" fullwidth=\"off\" posts_number=\"12\" show_thumbnail=\"on\" show_content=\"off\" show_more=\"on\" show_author=\"on\" show_date=\"on\" show_categories=\"on\" show_comments=\"on\" show_pagination=\"on\" offset_number=\"3\" use_overlay=\"off\" background_layout=\"light\" use_dropshadow=\"on\" use_border_color=\"off\" border_color=\"#ffffff\" border_style=\"solid\" header_font=\"|on|||\" meta_font=\"||on||\" meta_font_size=\"10\" meta_line_height=\"1.5em\" body_font_size=\"12\" body_line_height=\"1.5em\"] [\/et_pb_blog][\/et_pb_column][et_pb_column type=\"1_3\"][et_pb_sidebar admin_label=\"Sidebar\" orientation=\"left\" area=\"sidebar-1\" background_layout=\"light\" remove_border=\"off\" \/][\/et_pb_column][\/et_pb_row][\/et_pb_section]","rel":"","context":"Article similaire","block_context":{"text":"Article similaire","link":""},"img":{"alt_text":"","src":"","width":0,"height":0},"classes":[]},{"id":5553,"url":"https:\/\/www.ask-a-muslim.com\/fr\/page-daccueil-1\/","url_meta":{"origin":6595,"position":1},"title":"Page d\u2019accueil 1","author":"Site Admin","date":"31 octobre 2019","format":false,"excerpt":"[et_pb_section bb_built=\"1\" admin_label=\"Section\" background_image=\"https:\/\/ask-a-muslim.com\/wp-content\/uploads\/2017\/05\/bg-slider.jpg\" inner_shadow=\"on\" fullwidth=\"on\"][et_pb_fullwidth_slider admin_label=\"Fullwidth Slider\" auto=\"on\" auto_speed=\"5000\" header_font=\"Comfortaa|||on|\" header_font_size=\"31px\" header_text_color=\"#ffffff\" header_line_height=\"1.1em\" body_font=\"Comfortaa||||\"] [et_pb_slide heading=\"\u00bfQU\u00c9 ES EL ISLAM?\" button_text=\"LEARN MORE\" button_link=\"https:\/\/ask-a-muslim.com\/what-is-islam\/\" background_image=\"https:\/\/ask-a-muslim.com\/wp-content\/uploads\/2017\/05\/bg-slider.jpg\" background_position=\"top_center\" background_size=\"cover\" image=\"https:\/\/ask-a-muslim.com\/wp-content\/uploads\/2017\/06\/five-pillars-of-Islam.jpg\" use_bg_overlay=\"on\" bg_overlay_color=\"rgba(0,81,17,0.82)\" use_text_overlay=\"off\" header_font=\"||||\" body_font=\"||||\" custom_button=\"on\" button_bg_color=\"#e09900\" button_font=\"||||\" button_use_icon=\"default\" button_icon_placement=\"right\" button_on_hover=\"on\" custom_css_slide_title=\"text-align:left;\" custom_css_slide_container=\"text-align:left;\" custom_css_slide_description=\"text-align:left;\" custom_css_slide_button=\"text-align:left;\"]Aprenda m\u00e1s sobre la religi\u00f3n de m\u00e1s r\u00e1pido crecimiento\u2026","rel":"","context":"Article similaire","block_context":{"text":"Article similaire","link":""},"img":{"alt_text":"","src":"","width":0,"height":0},"classes":[]},{"id":1146,"url":"https:\/\/www.ask-a-muslim.com\/en\/inicio\/","url_meta":{"origin":6595,"position":2},"title":"INICIO","author":"ASKM","date":"6 octobre 2015","format":false,"excerpt":"[vc_row no_margin=\"true\" padding_top=\"0\" padding_bottom=\"0\" border=\"none\"][vc_column width=\"1\/1\"][gap size=\"1.313em\"][\/vc_column][\/vc_row][vc_row][vc_column width=\"1\/1\"][rev_slider_vc alias=\"hp-slider-es\"][\/vc_column][\/vc_row][vc_row no_margin=\"true\" inner_container=\"true\" bg_color=\"#fff\" border=\"vertical\"][vc_column width=\"1\/1\"][custom_headline class=\"resp-h mvn\" type=\"center\" level=\"h2\" accent=\"true\" looks_like=\"h1\"]Art\u00edculos Destacados[\/custom_headline][gap size=\"1.5em\"][recent_posts type=\"post\" count=\"4\" orientation=\"horizontal\" category=\"featured-2\"][\/vc_column][\/vc_row][vc_row no_margin=\"true\" inner_container=\"true\" border=\"none\" parallax=\"true\" padding_top=\"0px\" padding_bottom=\"0px\" bg_color=\"#272727\"][vc_column width=\"1\/2\"][gap size=\"1.313em\"][image type=\"none\" float=\"none\" info=\"none\" info_place=\"top\" info_trigger=\"hover\" src=\"367\"][\/vc_column][vc_column width=\"1\/2\"][gap size=\"1.313em\"][text_output] leido y memorizado por millones. Vealo por\u2026","rel":"","context":"Article similaire","block_context":{"text":"Article similaire","link":""},"img":{"alt_text":"","src":"","width":0,"height":0},"classes":[]},{"id":1052,"url":"https:\/\/www.ask-a-muslim.com\/en\/muhammad-que-la-paz-sea-sobre-el-el-ultimo-profeta-de-dios\/","url_meta":{"origin":6595,"position":3},"title":"Muhammad (que la paz sea sobre \u00e9l): El \u00daltimo Profeta De Dios","author":"ASKM","date":"6 octobre 2015","format":false,"excerpt":"Muhammad, el \u00faltimo Profeta del Islam, es ampliamente considerado como uno de los hombre m\u00e1s influyentes de la historia. Hoy d\u00eda, casi un cuarto de la poblaci\u00f3n mundial sigue el mensaje que \u00e9l comparti\u00f3. A pesar de la influencia duradera de Muhammad, muchos conceptos err\u00f3neos contin\u00faan a alrededor de su\u2026","rel":"","context":"Article similaire","block_context":{"text":"Article similaire","link":""},"img":{"alt_text":"","src":"","width":0,"height":0},"classes":[]},{"id":1057,"url":"https:\/\/www.ask-a-muslim.com\/en\/el-ultimo-sermon-del-profeta-muhammad\/","url_meta":{"origin":6595,"position":4},"title":"El \u00daltimo Serm\u00f3n del Profeta Muhammad","author":"ASKM","date":"6 octobre 2015","format":false,"excerpt":"Este serm\u00f3n fue pronunciado en el noveno d\u00eda del mes isl\u00e1mico de Dhul-Hiyya 632 AC (10 AH) en el \"valle Uranah del Monte Arafat\u201d en La Meca. \u00a0 Despu\u00e9s de alabar y agradecer a Dios, el Profeta, que la paz sea sobre \u00e9l, dijo: \u00a0 \u201c\u00a1Oh Gente!, prestadme atenci\u00f3n con\u2026","rel":"","context":"Article similaire","block_context":{"text":"Article similaire","link":""},"img":{"alt_text":"","src":"","width":0,"height":0},"classes":[]},{"id":1065,"url":"https:\/\/www.ask-a-muslim.com\/en\/ramadan-en-el-islam\/","url_meta":{"origin":6595,"position":5},"title":"Ramad\u00e1n en el Islam","author":"ASKM","date":"6 octobre 2015","format":false,"excerpt":"La mayor\u00eda de los que hemos estando luchando la batalla contra la gordura, hemos experimentado con alguna forma de ayuno, como un ayuno solo de fruta, un ayuno de agua, o un ayuno libre de az\u00facares, lo que sea. Pero lo que muchos pueden encontrar algo extra\u00f1o e intrigante es\u2026","rel":"","context":"Article similaire","block_context":{"text":"Article similaire","link":""},"img":{"alt_text":"","src":"","width":0,"height":0},"classes":[]}],"_links":{"self":[{"href":"https:\/\/www.ask-a-muslim.com\/fr\/wp-json\/wp\/v2\/pages\/6595","targetHints":{"allow":["GET"]}}],"collection":[{"href":"https:\/\/www.ask-a-muslim.com\/fr\/wp-json\/wp\/v2\/pages"}],"about":[{"href":"https:\/\/www.ask-a-muslim.com\/fr\/wp-json\/wp\/v2\/types\/page"}],"author":[{"embeddable":true,"href":"https:\/\/www.ask-a-muslim.com\/fr\/wp-json\/wp\/v2\/users\/7"}],"replies":[{"embeddable":true,"href":"https:\/\/www.ask-a-muslim.com\/fr\/wp-json\/wp\/v2\/comments?post=6595"}],"version-history":[{"count":1,"href":"https:\/\/www.ask-a-muslim.com\/fr\/wp-json\/wp\/v2\/pages\/6595\/revisions"}],"predecessor-version":[{"id":6596,"href":"https:\/\/www.ask-a-muslim.com\/fr\/wp-json\/wp\/v2\/pages\/6595\/revisions\/6596"}],"wp:attachment":[{"href":"https:\/\/www.ask-a-muslim.com\/fr\/wp-json\/wp\/v2\/media?parent=6595"}],"curies":[{"name":"wp","href":"https:\/\/api.w.org\/{rel}","templated":true}]}}