{"id":6603,"date":"2020-05-30T07:27:14","date_gmt":"2020-05-30T12:27:14","guid":{"rendered":"https:\/\/www.ask-a-muslim.com\/le-but-de-la-vie\/"},"modified":"2020-05-30T07:27:14","modified_gmt":"2020-05-30T12:27:14","slug":"le-but-de-la-vie","status":"publish","type":"page","link":"https:\/\/www.ask-a-muslim.com\/fr\/le-but-de-la-vie\/","title":{"rendered":"Le But de la Vie"},"content":{"rendered":"<p>[et_pb_section bb_built=\u00a0\u00bb1&Prime; admin_label=\u00a0\u00bbsection\u00a0\u00bb][et_pb_row admin_label=\u00a0\u00bbRow\u00a0\u00bb][et_pb_column type=\u00a0\u00bb4_4&Prime;][et_pb_text admin_label=\u00a0\u00bbText\u00a0\u00bb background_layout=\u00a0\u00bblight\u00a0\u00bb text_orientation=\u00a0\u00bbcenter\u00a0\u00bb use_border_color=\u00a0\u00bboff\u00a0\u00bb border_color=\u00a0\u00bb#ffffff\u00a0\u00bb border_style=\u00a0\u00bbsolid\u00a0\u00bb]<\/p>\n<h1 style=\"text-align: center;\">Le But de la Vie<\/h1>\n<p>[\/et_pb_text][\/et_pb_column][\/et_pb_row][et_pb_row admin_label=\u00a0\u00bbrow\u00a0\u00bb][et_pb_column type=\u00a0\u00bb4_4&Prime;][et_pb_blog admin_label=\u00a0\u00bbBlog\u00a0\u00bb fullwidth=\u00a0\u00bboff\u00a0\u00bb show_thumbnail=\u00a0\u00bbon\u00a0\u00bb show_content=\u00a0\u00bboff\u00a0\u00bb show_more=\u00a0\u00bbon\u00a0\u00bb show_author=\u00a0\u00bboff\u00a0\u00bb show_date=\u00a0\u00bboff\u00a0\u00bb show_categories=\u00a0\u00bboff\u00a0\u00bb show_comments=\u00a0\u00bboff\u00a0\u00bb show_pagination=\u00a0\u00bbon\u00a0\u00bb offset_number=\u00a0\u00bb0&Prime; use_overlay=\u00a0\u00bbon\u00a0\u00bb background_layout=\u00a0\u00bblight\u00a0\u00bb use_dropshadow=\u00a0\u00bboff\u00a0\u00bb use_border_color=\u00a0\u00bboff\u00a0\u00bb border_color=\u00a0\u00bb#ffffff\u00a0\u00bb border_style=\u00a0\u00bbsolid\u00a0\u00bb overlay_icon_color=\u00a0\u00bb#eaeaea\u00a0\u00bb hover_overlay_color=\u00a0\u00bbrgba(51,191,32,0.69)\u00a0\u00bb hover_icon=\u00a0\u00bb%%254%%\u00a0\u00bb posts_number=\u00a0\u00bb12&Prime; body_font_size_last_edited=\u00a0\u00bboff|desktop\u00a0\u00bb body_font_size=\u00a0\u00bb12&Prime; meta_font_size=\u00a0\u00bb12&Prime; include_categories=\u00a0\u00bb116&Prime;]<br \/>\n[\/et_pb_blog][\/et_pb_column][\/et_pb_row][\/et_pb_section]<\/p>\n","protected":false},"excerpt":{"rendered":"<p>[et_pb_section bb_built=\u00a0\u00bb1&Prime; admin_label=\u00a0\u00bbsection\u00a0\u00bb][et_pb_row admin_label=\u00a0\u00bbRow\u00a0\u00bb][et_pb_column type=\u00a0\u00bb4_4&Prime;][et_pb_text admin_label=\u00a0\u00bbText\u00a0\u00bb background_layout=\u00a0\u00bblight\u00a0\u00bb text_orientation=\u00a0\u00bbcenter\u00a0\u00bb use_border_color=\u00a0\u00bboff\u00a0\u00bb border_color=\u00a0\u00bb#ffffff\u00a0\u00bb border_style=\u00a0\u00bbsolid\u00a0\u00bb] Le But de la Vie [\/et_pb_text][\/et_pb_column][\/et_pb_row][et_pb_row admin_label=\u00a0\u00bbrow\u00a0\u00bb][et_pb_column type=\u00a0\u00bb4_4&Prime;][et_pb_blog admin_label=\u00a0\u00bbBlog\u00a0\u00bb fullwidth=\u00a0\u00bboff\u00a0\u00bb show_thumbnail=\u00a0\u00bbon\u00a0\u00bb show_content=\u00a0\u00bboff\u00a0\u00bb show_more=\u00a0\u00bbon\u00a0\u00bb show_author=\u00a0\u00bboff\u00a0\u00bb show_date=\u00a0\u00bboff\u00a0\u00bb show_categories=\u00a0\u00bboff\u00a0\u00bb show_comments=\u00a0\u00bboff\u00a0\u00bb show_pagination=\u00a0\u00bbon\u00a0\u00bb offset_number=\u00a0\u00bb0&Prime; use_overlay=\u00a0\u00bbon\u00a0\u00bb background_layout=\u00a0\u00bblight\u00a0\u00bb use_dropshadow=\u00a0\u00bboff\u00a0\u00bb use_border_color=\u00a0\u00bboff\u00a0\u00bb border_color=\u00a0\u00bb#ffffff\u00a0\u00bb border_style=\u00a0\u00bbsolid\u00a0\u00bb overlay_icon_color=\u00a0\u00bb#eaeaea\u00a0\u00bb hover_overlay_color=\u00a0\u00bbrgba(51,191,32,0.69)\u00a0\u00bb hover_icon=\u00a0\u00bb%%254%%\u00a0\u00bb posts_number=\u00a0\u00bb12&Prime; body_font_size_last_edited=\u00a0\u00bboff|desktop\u00a0\u00bb body_font_size=\u00a0\u00bb12&Prime; meta_font_size=\u00a0\u00bb12&Prime; include_categories=\u00a0\u00bb116&Prime;] [\/et_pb_blog][\/et_pb_column][\/et_pb_row][\/et_pb_section]<\/p>\n","protected":false},"author":7,"featured_media":0,"parent":0,"menu_order":0,"comment_status":"closed","ping_status":"closed","template":"","meta":{"_uag_custom_page_level_css":"","_monsterinsights_skip_tracking":false,"_monsterinsights_sitenote_active":false,"_monsterinsights_sitenote_note":"","_monsterinsights_sitenote_category":0,"footnotes":""},"class_list":["post-6603","page","type-page","status-publish"],"uagb_featured_image_src":{"full":false,"thumbnail":false,"medium":false,"medium_large":false,"large":false,"1536x1536":false,"2048x2048":false,"gform-image-choice-sm":false,"gform-image-choice-md":false,"gform-image-choice-lg":false},"uagb_author_info":{"display_name":"Site Admin","author_link":"https:\/\/www.ask-a-muslim.com\/fr\/author\/admin2\/"},"uagb_comment_info":0,"uagb_excerpt":"[et_pb_section bb_built=\u00a0\u00bb1&Prime; admin_label=\u00a0\u00bbsection\u00a0\u00bb][et_pb_row admin_label=\u00a0\u00bbRow\u00a0\u00bb][et_pb_column type=\u00a0\u00bb4_4&Prime;][et_pb_text admin_label=\u00a0\u00bbText\u00a0\u00bb background_layout=\u00a0\u00bblight\u00a0\u00bb text_orientation=\u00a0\u00bbcenter\u00a0\u00bb use_border_color=\u00a0\u00bboff\u00a0\u00bb border_color=\u00a0\u00bb#ffffff\u00a0\u00bb border_style=\u00a0\u00bbsolid\u00a0\u00bb] Le But de la Vie [\/et_pb_text][\/et_pb_column][\/et_pb_row][et_pb_row admin_label=\u00a0\u00bbrow\u00a0\u00bb][et_pb_column type=\u00a0\u00bb4_4&Prime;][et_pb_blog admin_label=\u00a0\u00bbBlog\u00a0\u00bb fullwidth=\u00a0\u00bboff\u00a0\u00bb show_thumbnail=\u00a0\u00bbon\u00a0\u00bb show_content=\u00a0\u00bboff\u00a0\u00bb show_more=\u00a0\u00bbon\u00a0\u00bb show_author=\u00a0\u00bboff\u00a0\u00bb show_date=\u00a0\u00bboff\u00a0\u00bb show_categories=\u00a0\u00bboff\u00a0\u00bb show_comments=\u00a0\u00bboff\u00a0\u00bb show_pagination=\u00a0\u00bbon\u00a0\u00bb offset_number=\u00a0\u00bb0&Prime; use_overlay=\u00a0\u00bbon\u00a0\u00bb background_layout=\u00a0\u00bblight\u00a0\u00bb use_dropshadow=\u00a0\u00bboff\u00a0\u00bb use_border_color=\u00a0\u00bboff\u00a0\u00bb border_color=\u00a0\u00bb#ffffff\u00a0\u00bb border_style=\u00a0\u00bbsolid\u00a0\u00bb overlay_icon_color=\u00a0\u00bb#eaeaea\u00a0\u00bb hover_overlay_color=\u00a0\u00bbrgba(51,191,32,0.69)\u00a0\u00bb hover_icon=\u00a0\u00bb%%254%%\u00a0\u00bb posts_number=\u00a0\u00bb12&Prime; body_font_size_last_edited=\u00a0\u00bboff|desktop\u00a0\u00bb body_font_size=\u00a0\u00bb12&Prime; meta_font_size=\u00a0\u00bb12&Prime; include_categories=\u00a0\u00bb116&Prime;] [\/et_pb_blog][\/et_pb_column][\/et_pb_row][\/et_pb_section]","jetpack_sharing_enabled":true,"jetpack_shortlink":"https:\/\/wp.me\/PcT0IL-1Iv","jetpack-related-posts":[{"id":2600,"url":"https:\/\/www.ask-a-muslim.com\/en\/new-blog-post\/","url_meta":{"origin":6603,"position":0},"title":"New Blog Post","author":"Site Admin","date":"19 mars 2018","format":false,"excerpt":"[et_pb_section bb_built=\"1\" admin_label=\"section\"][et_pb_row admin_label=\"row\"][et_pb_column type=\"2_3\"][et_pb_blog admin_label=\"Blog\" fullwidth=\"off\" posts_number=\"12\" show_thumbnail=\"on\" show_content=\"off\" show_more=\"on\" show_author=\"on\" show_date=\"on\" show_categories=\"on\" show_comments=\"on\" show_pagination=\"on\" offset_number=\"3\" use_overlay=\"off\" background_layout=\"light\" use_dropshadow=\"on\" use_border_color=\"off\" border_color=\"#ffffff\" border_style=\"solid\" header_font=\"|on|||\" meta_font=\"||on||\" meta_font_size=\"10\" meta_line_height=\"1.5em\" body_font_size=\"12\" body_line_height=\"1.5em\"] [\/et_pb_blog][\/et_pb_column][et_pb_column type=\"1_3\"][et_pb_sidebar admin_label=\"Sidebar\" orientation=\"left\" area=\"sidebar-1\" background_layout=\"light\" remove_border=\"off\" \/][\/et_pb_column][\/et_pb_row][\/et_pb_section]","rel":"","context":"Article similaire","block_context":{"text":"Article similaire","link":""},"img":{"alt_text":"","src":"","width":0,"height":0},"classes":[]},{"id":5553,"url":"https:\/\/www.ask-a-muslim.com\/fr\/page-daccueil-1\/","url_meta":{"origin":6603,"position":1},"title":"Page d\u2019accueil 1","author":"Site Admin","date":"31 octobre 2019","format":false,"excerpt":"[et_pb_section bb_built=\"1\" admin_label=\"Section\" background_image=\"https:\/\/ask-a-muslim.com\/wp-content\/uploads\/2017\/05\/bg-slider.jpg\" inner_shadow=\"on\" fullwidth=\"on\"][et_pb_fullwidth_slider admin_label=\"Fullwidth Slider\" auto=\"on\" auto_speed=\"5000\" header_font=\"Comfortaa|||on|\" header_font_size=\"31px\" header_text_color=\"#ffffff\" header_line_height=\"1.1em\" body_font=\"Comfortaa||||\"] [et_pb_slide heading=\"\u00bfQU\u00c9 ES EL ISLAM?\" button_text=\"LEARN MORE\" button_link=\"https:\/\/ask-a-muslim.com\/what-is-islam\/\" background_image=\"https:\/\/ask-a-muslim.com\/wp-content\/uploads\/2017\/05\/bg-slider.jpg\" background_position=\"top_center\" background_size=\"cover\" image=\"https:\/\/ask-a-muslim.com\/wp-content\/uploads\/2017\/06\/five-pillars-of-Islam.jpg\" use_bg_overlay=\"on\" bg_overlay_color=\"rgba(0,81,17,0.82)\" use_text_overlay=\"off\" header_font=\"||||\" body_font=\"||||\" custom_button=\"on\" button_bg_color=\"#e09900\" button_font=\"||||\" button_use_icon=\"default\" button_icon_placement=\"right\" button_on_hover=\"on\" custom_css_slide_title=\"text-align:left;\" custom_css_slide_container=\"text-align:left;\" custom_css_slide_description=\"text-align:left;\" custom_css_slide_button=\"text-align:left;\"]Aprenda m\u00e1s sobre la religi\u00f3n de m\u00e1s r\u00e1pido crecimiento\u2026","rel":"","context":"Article similaire","block_context":{"text":"Article similaire","link":""},"img":{"alt_text":"","src":"","width":0,"height":0},"classes":[]},{"id":1086,"url":"https:\/\/www.ask-a-muslim.com\/en\/que-dice-la-biblia-sobre-muhammad\/","url_meta":{"origin":6603,"position":2},"title":"\u00bfQu\u00e9 dice la Biblia sobre Muhammad?","author":"ASKM","date":"6 octobre 2015","format":false,"excerpt":"Seg\u00fan la Biblia, Dios le dij\u00f3 a Mois\u00e9s, que la paz sea sobre \u00e9l: \u00a0 \"Un profeta como t\u00fa les levantar\u00e9 en medio de sus hermanos; pondr\u00e9 mis palabras en su boca y \u00e9l les dir\u00e1 todo lo que yo le mande.\", (Reina-Valera 1995, Deuteronomio 18:18). \u00a0 El profeta descrito\u2026","rel":"","context":"Article similaire","block_context":{"text":"Article similaire","link":""},"img":{"alt_text":"","src":"","width":0,"height":0},"classes":[]},{"id":1059,"url":"https:\/\/www.ask-a-muslim.com\/en\/el-verdadero-mensaje-de-jesus\/","url_meta":{"origin":6603,"position":3},"title":"El verdadero mensaje de Jes\u00fas","author":"ASKM","date":"6 octobre 2015","format":false,"excerpt":"EL MENSAJE \u00a0 El segundo asunto, 'El Mensaje de Jes\u00fas', es por quiz\u00e1 el punto m\u00e1s importante a considerar. As\u00ed, si Jes\u00fas no fue Dios encarnado, pero s\u00ed un profeta del Dios, el mensaje que \u00e9l trajo de Dios es la esencia de su misi\u00f3n. \u00a0 Sumisi\u00f3n \u00a0 La base\u2026","rel":"","context":"Article similaire","block_context":{"text":"Article similaire","link":""},"img":{"alt_text":"","src":"","width":0,"height":0},"classes":[]},{"id":5543,"url":"https:\/\/www.ask-a-muslim.com\/fr\/","url_meta":{"origin":6603,"position":4},"title":"Page d&rsquo;accueil","author":"ASKM","date":"31 octobre 2019","format":false,"excerpt":"ASAPPRENEZ L\u2019ISLAM DIRECTEMENT D\u2019UN MUSULMAN ARTICLE RECOMMAND\u00c9 PR\u00caT \u00c0 DEVENIR MUSULMAN?Devenir musulman est un processus simple et facile. Tout ce qu\u2019une personne doit faire est de prononcer une phrase appel\u00e9e le t\u00e9moignage de la foi (Shahada). Une fois qu\u2019une personne dit le t\u00e9moignage de la foi (Shahada) avec conviction et\u2026","rel":"","context":"Article similaire","block_context":{"text":"Article similaire","link":""},"img":{"alt_text":"","src":"","width":0,"height":0},"classes":[]},{"id":1063,"url":"https:\/\/www.ask-a-muslim.com\/en\/quien-es-al-lah\/","url_meta":{"origin":6603,"position":5},"title":"\u00bfQui\u00e9n es Al-l\u00e1h?","author":"ASKM","date":"6 octobre 2015","format":false,"excerpt":"LOS ATRIBUTOS DE DIOS Si el Creador es eterno y perpetuo, sus atributos deben serlo tambi\u00e9n. No debe perder ninguno de sus atributos ni adquirir otros. Por ello sus atributos son absolutos. \u00bfPuede existir m\u00e1s de un creador con tales atributos? \u00bfPuede haber por ejemplo dos creadores con una fuerza\u2026","rel":"","context":"Article similaire","block_context":{"text":"Article similaire","link":""},"img":{"alt_text":"","src":"","width":0,"height":0},"classes":[]}],"_links":{"self":[{"href":"https:\/\/www.ask-a-muslim.com\/fr\/wp-json\/wp\/v2\/pages\/6603","targetHints":{"allow":["GET"]}}],"collection":[{"href":"https:\/\/www.ask-a-muslim.com\/fr\/wp-json\/wp\/v2\/pages"}],"about":[{"href":"https:\/\/www.ask-a-muslim.com\/fr\/wp-json\/wp\/v2\/types\/page"}],"author":[{"embeddable":true,"href":"https:\/\/www.ask-a-muslim.com\/fr\/wp-json\/wp\/v2\/users\/7"}],"replies":[{"embeddable":true,"href":"https:\/\/www.ask-a-muslim.com\/fr\/wp-json\/wp\/v2\/comments?post=6603"}],"version-history":[{"count":1,"href":"https:\/\/www.ask-a-muslim.com\/fr\/wp-json\/wp\/v2\/pages\/6603\/revisions"}],"predecessor-version":[{"id":6604,"href":"https:\/\/www.ask-a-muslim.com\/fr\/wp-json\/wp\/v2\/pages\/6603\/revisions\/6604"}],"wp:attachment":[{"href":"https:\/\/www.ask-a-muslim.com\/fr\/wp-json\/wp\/v2\/media?parent=6603"}],"curies":[{"name":"wp","href":"https:\/\/api.w.org\/{rel}","templated":true}]}}